{"id":14315,"date":"2026-02-09T14:21:42","date_gmt":"2026-02-09T13:21:42","guid":{"rendered":"https:\/\/www.danosa.com\/es-es\/?page_id=14315"},"modified":"2026-02-09T14:49:51","modified_gmt":"2026-02-09T13:49:51","slug":"fundacion","status":"publish","type":"page","link":"https:\/\/www.danosa.com\/es-es\/fundacion\/","title":{"rendered":"Fundaci\u00f3n Manuel del R\u00edo Dom\u00ednguez"},"content":{"rendered":"\n<div class=\"wp-block-cover alignfull is-light\"><span aria-hidden=\"true\" class=\"wp-block-cover__gradient-background has-background-dim\"><\/span><img loading=\"lazy\" width=\"1255\" height=\"625\" class=\"wp-block-cover__image-background wp-image-13029\" alt=\"\" src=\"https:\/\/www.danosa.com\/es-es\/wp-content\/uploads\/sites\/2\/2024\/07\/Captura.png\" data-object-fit=\"cover\" srcset=\"https:\/\/www.danosa.com\/es-es\/wp-content\/uploads\/sites\/2\/2024\/07\/Captura.png 1255w, https:\/\/www.danosa.com\/es-es\/wp-content\/uploads\/sites\/2\/2024\/07\/Captura-300x149.png 300w, https:\/\/www.danosa.com\/es-es\/wp-content\/uploads\/sites\/2\/2024\/07\/Captura-1024x510.png 1024w, https:\/\/www.danosa.com\/es-es\/wp-content\/uploads\/sites\/2\/2024\/07\/Captura-768x382.png 768w\" sizes=\"(max-width: 1255px) 100vw, 1255px\" \/><div class=\"wp-block-cover__inner-container\">\n<div class=\"wp-container-1 wp-block-group\"><div class=\"wp-block-group__inner-container\"><\/div><\/div>\n\n\n\n<div class=\"wp-block-columns\">\n<div class=\"wp-block-column\" style=\"flex-basis:25%\"><\/div>\n\n\n\n<div class=\"wp-block-column\" style=\"flex-basis:50%\">\n<h2 class=\"has-text-align-center has-ast-global-color-5-color has-text-color has-large-font-size\"><strong>FUNDACI\u00d3N<\/strong><\/h2>\n\n\n\n<h2 class=\"has-text-align-center has-ast-global-color-5-color has-text-color has-x-large-font-size\"><strong>MANUEL DEL R\u00cdO DOM\u00cdNGUEZ<\/strong><\/h2>\n\n\n\n<p class=\"has-text-align-center has-ast-global-color-5-color has-text-color has-medium-font-size\">El objetivo de la Fundaci\u00f3n ser\u00e1 el apoyo a j\u00f3venes estudiantes destacados que deseen desarrollar su talento y emprendimiento, pero que cuenten con circunstancias econ\u00f3micas desfavorables o que impidan dicho desarrollo.<\/p>\n\n\n\n<div class=\"wp-container-2 wp-block-buttons\">\n<div class=\"wp-block-button\"><a class=\"wp-block-button__link\" href=\"https:\/\/www.fundacionmanueldelriodominguez.org\/\" target=\"_blank\" rel=\"noreferrer noopener\">Accede a la web de la Fundaci\u00f3n<\/a><\/div>\n<\/div>\n<\/div>\n\n\n\n<div class=\"wp-block-column\" style=\"flex-basis:25%\"><\/div>\n<\/div>\n<\/div><\/div>\n","protected":false},"excerpt":{"rendered":"","protected":false},"author":4,"featured_media":0,"parent":0,"menu_order":0,"comment_status":"closed","ping_status":"closed","template":"","meta":{"inline_featured_image":false,"site-sidebar-layout":"default","site-content-layout":"default","ast-main-header-display":"","ast-hfb-above-header-display":"","ast-hfb-below-header-display":"","ast-hfb-mobile-header-display":"","site-post-title":"","ast-breadcrumbs-content":"","ast-featured-img":"","footer-sml-layout":"","theme-transparent-header-meta":"","adv-header-id-meta":"","stick-header-meta":"","header-above-stick-meta":"","header-main-stick-meta":"","header-below-stick-meta":""},"acf":[],"yoast_head":"<!-- This site is optimized with the Yoast SEO plugin v18.1 - https:\/\/yoast.com\/wordpress\/plugins\/seo\/ -->\n<title>Fundaci\u00f3n Manuel del R\u00edo Dom\u00ednguez - Danosa | Soluciones para la construcci\u00f3n<\/title>\n<meta name=\"robots\" content=\"index, follow, max-snippet:-1, max-image-preview:large, max-video-preview:-1\" \/>\n<link rel=\"canonical\" href=\"https:\/\/www.danosa.com\/es-es\/fundacion\/\" \/>\n<meta property=\"og:locale\" content=\"es_ES\" \/>\n<meta property=\"og:type\" content=\"article\" \/>\n<meta property=\"og:title\" content=\"Fundaci\u00f3n Manuel del R\u00edo Dom\u00ednguez - Danosa | Soluciones para la construcci\u00f3n\" \/>\n<meta property=\"og:url\" content=\"https:\/\/www.danosa.com\/es-es\/fundacion\/\" \/>\n<meta property=\"og:site_name\" content=\"Danosa | Soluciones para la construcci\u00f3n\" \/>\n<meta property=\"article:publisher\" content=\"https:\/\/www.facebook.com\/aislamientoeimpermeabilizacion\/\" \/>\n<meta property=\"article:modified_time\" content=\"2026-02-09T13:49:51+00:00\" \/>\n<meta property=\"og:image\" content=\"https:\/\/www.danosa.com\/es-es\/wp-content\/uploads\/sites\/2\/2024\/07\/Captura.png\" \/>\n<meta name=\"twitter:card\" content=\"summary_large_image\" \/>\n<meta name=\"twitter:site\" content=\"@DANOSA_SPAIN\" \/>\n<meta name=\"twitter:label1\" content=\"Tiempo de lectura\" \/>\n\t<meta name=\"twitter:data1\" content=\"1 minuto\" \/>\n<script type=\"application\/ld+json\" class=\"yoast-schema-graph\">{\"@context\":\"https:\/\/schema.org\",\"@graph\":[{\"@type\":\"WebSite\",\"@id\":\"https:\/\/www.danosa.com\/es-es\/#website\",\"url\":\"https:\/\/www.danosa.com\/es-es\/\",\"name\":\"Danosa | Soluciones para la construcci\u00f3n\",\"description\":\"Impermeabilizaci\u00f3n, aislamiento ac\u00fastico y t\u00e9rmico\",\"potentialAction\":[{\"@type\":\"SearchAction\",\"target\":{\"@type\":\"EntryPoint\",\"urlTemplate\":\"https:\/\/www.danosa.com\/es-es\/?s={search_term_string}\"},\"query-input\":\"required name=search_term_string\"}],\"inLanguage\":\"es\"},{\"@type\":\"ImageObject\",\"@id\":\"https:\/\/www.danosa.com\/es-es\/fundacion\/#primaryimage\",\"inLanguage\":\"es\",\"url\":\"https:\/\/www.danosa.com\/es-es\/wp-content\/uploads\/sites\/2\/2024\/07\/Captura.png\",\"contentUrl\":\"https:\/\/www.danosa.com\/es-es\/wp-content\/uploads\/sites\/2\/2024\/07\/Captura.png\",\"width\":1255,\"height\":625},{\"@type\":\"WebPage\",\"@id\":\"https:\/\/www.danosa.com\/es-es\/fundacion\/#webpage\",\"url\":\"https:\/\/www.danosa.com\/es-es\/fundacion\/\",\"name\":\"Fundaci\u00f3n Manuel del R\u00edo Dom\u00ednguez - Danosa | Soluciones para la construcci\u00f3n\",\"isPartOf\":{\"@id\":\"https:\/\/www.danosa.com\/es-es\/#website\"},\"primaryImageOfPage\":{\"@id\":\"https:\/\/www.danosa.com\/es-es\/fundacion\/#primaryimage\"},\"datePublished\":\"2026-02-09T13:21:42+00:00\",\"dateModified\":\"2026-02-09T13:49:51+00:00\",\"breadcrumb\":{\"@id\":\"https:\/\/www.danosa.com\/es-es\/fundacion\/#breadcrumb\"},\"inLanguage\":\"es\",\"potentialAction\":[{\"@type\":\"ReadAction\",\"target\":[\"https:\/\/www.danosa.com\/es-es\/fundacion\/\"]}]},{\"@type\":\"BreadcrumbList\",\"@id\":\"https:\/\/www.danosa.com\/es-es\/fundacion\/#breadcrumb\",\"itemListElement\":[{\"@type\":\"ListItem\",\"position\":1,\"name\":\"Portada\",\"item\":\"https:\/\/www.danosa.com\/es-es\/\"},{\"@type\":\"ListItem\",\"position\":2,\"name\":\"Fundaci\u00f3n Manuel del R\u00edo Dom\u00ednguez\"}]}]}<\/script>\n<!-- \/ Yoast SEO plugin. -->","yoast_head_json":{"title":"Fundaci\u00f3n Manuel del R\u00edo Dom\u00ednguez - Danosa | Soluciones para la construcci\u00f3n","robots":{"index":"index","follow":"follow","max-snippet":"max-snippet:-1","max-image-preview":"max-image-preview:large","max-video-preview":"max-video-preview:-1"},"canonical":"https:\/\/www.danosa.com\/es-es\/fundacion\/","og_locale":"es_ES","og_type":"article","og_title":"Fundaci\u00f3n Manuel del R\u00edo Dom\u00ednguez - Danosa | Soluciones para la construcci\u00f3n","og_url":"https:\/\/www.danosa.com\/es-es\/fundacion\/","og_site_name":"Danosa | Soluciones para la construcci\u00f3n","article_publisher":"https:\/\/www.facebook.com\/aislamientoeimpermeabilizacion\/","article_modified_time":"2026-02-09T13:49:51+00:00","og_image":[{"url":"https:\/\/www.danosa.com\/es-es\/wp-content\/uploads\/sites\/2\/2024\/07\/Captura.png"}],"twitter_card":"summary_large_image","twitter_site":"@DANOSA_SPAIN","twitter_misc":{"Tiempo de lectura":"1 minuto"},"schema":{"@context":"https:\/\/schema.org","@graph":[{"@type":"WebSite","@id":"https:\/\/www.danosa.com\/es-es\/#website","url":"https:\/\/www.danosa.com\/es-es\/","name":"Danosa | Soluciones para la construcci\u00f3n","description":"Impermeabilizaci\u00f3n, aislamiento ac\u00fastico y t\u00e9rmico","potentialAction":[{"@type":"SearchAction","target":{"@type":"EntryPoint","urlTemplate":"https:\/\/www.danosa.com\/es-es\/?s={search_term_string}"},"query-input":"required name=search_term_string"}],"inLanguage":"es"},{"@type":"ImageObject","@id":"https:\/\/www.danosa.com\/es-es\/fundacion\/#primaryimage","inLanguage":"es","url":"https:\/\/www.danosa.com\/es-es\/wp-content\/uploads\/sites\/2\/2024\/07\/Captura.png","contentUrl":"https:\/\/www.danosa.com\/es-es\/wp-content\/uploads\/sites\/2\/2024\/07\/Captura.png","width":1255,"height":625},{"@type":"WebPage","@id":"https:\/\/www.danosa.com\/es-es\/fundacion\/#webpage","url":"https:\/\/www.danosa.com\/es-es\/fundacion\/","name":"Fundaci\u00f3n Manuel del R\u00edo Dom\u00ednguez - Danosa | Soluciones para la construcci\u00f3n","isPartOf":{"@id":"https:\/\/www.danosa.com\/es-es\/#website"},"primaryImageOfPage":{"@id":"https:\/\/www.danosa.com\/es-es\/fundacion\/#primaryimage"},"datePublished":"2026-02-09T13:21:42+00:00","dateModified":"2026-02-09T13:49:51+00:00","breadcrumb":{"@id":"https:\/\/www.danosa.com\/es-es\/fundacion\/#breadcrumb"},"inLanguage":"es","potentialAction":[{"@type":"ReadAction","target":["https:\/\/www.danosa.com\/es-es\/fundacion\/"]}]},{"@type":"BreadcrumbList","@id":"https:\/\/www.danosa.com\/es-es\/fundacion\/#breadcrumb","itemListElement":[{"@type":"ListItem","position":1,"name":"Portada","item":"https:\/\/www.danosa.com\/es-es\/"},{"@type":"ListItem","position":2,"name":"Fundaci\u00f3n Manuel del R\u00edo Dom\u00ednguez"}]}]}},"_links":{"self":[{"href":"https:\/\/www.danosa.com\/es-es\/wp-json\/wp\/v2\/pages\/14315"}],"collection":[{"href":"https:\/\/www.danosa.com\/es-es\/wp-json\/wp\/v2\/pages"}],"about":[{"href":"https:\/\/www.danosa.com\/es-es\/wp-json\/wp\/v2\/types\/page"}],"author":[{"embeddable":true,"href":"https:\/\/www.danosa.com\/es-es\/wp-json\/wp\/v2\/users\/4"}],"replies":[{"embeddable":true,"href":"https:\/\/www.danosa.com\/es-es\/wp-json\/wp\/v2\/comments?post=14315"}],"version-history":[{"count":7,"href":"https:\/\/www.danosa.com\/es-es\/wp-json\/wp\/v2\/pages\/14315\/revisions"}],"predecessor-version":[{"id":14330,"href":"https:\/\/www.danosa.com\/es-es\/wp-json\/wp\/v2\/pages\/14315\/revisions\/14330"}],"wp:attachment":[{"href":"https:\/\/www.danosa.com\/es-es\/wp-json\/wp\/v2\/media?parent=14315"}],"curies":[{"name":"wp","href":"https:\/\/api.w.org\/{rel}","templated":true}]}}