{"id":1496,"date":"2021-07-13T09:54:53","date_gmt":"2021-07-13T09:54:53","guid":{"rendered":"https:\/\/www.danosa.com\/es-es\/?page_id=1496"},"modified":"2024-04-03T10:16:16","modified_gmt":"2024-04-03T08:16:16","slug":"empleo","status":"publish","type":"page","link":"https:\/\/www.danosa.com\/es-es\/empleo\/","title":{"rendered":"Empleo"},"content":{"rendered":"\n<div class=\"wp-block-cover alignfull is-light page-header\" style=\"min-height:622px\" id=\"jobs-header\"><span aria-hidden=\"true\" class=\"has-background-dim-40 wp-block-cover__gradient-background has-background-dim\" style=\"background-color:#0069b4\"><\/span><img loading=\"lazy\" width=\"1920\" height=\"1080\" class=\"wp-block-cover__image-background wp-image-9899\" alt=\"\" src=\"https:\/\/www.danosa.com\/es-es\/wp-content\/uploads\/sites\/2\/2022\/09\/RRHH_1920x1080.jpg\" style=\"object-position:50% 0%\" data-object-fit=\"cover\" data-object-position=\"50% 0%\" srcset=\"https:\/\/www.danosa.com\/es-es\/wp-content\/uploads\/sites\/2\/2022\/09\/RRHH_1920x1080.jpg 1920w, https:\/\/www.danosa.com\/es-es\/wp-content\/uploads\/sites\/2\/2022\/09\/RRHH_1920x1080-300x169.jpg 300w, https:\/\/www.danosa.com\/es-es\/wp-content\/uploads\/sites\/2\/2022\/09\/RRHH_1920x1080-1024x576.jpg 1024w, https:\/\/www.danosa.com\/es-es\/wp-content\/uploads\/sites\/2\/2022\/09\/RRHH_1920x1080-768x432.jpg 768w, https:\/\/www.danosa.com\/es-es\/wp-content\/uploads\/sites\/2\/2022\/09\/RRHH_1920x1080-1536x864.jpg 1536w\" sizes=\"(max-width: 1920px) 100vw, 1920px\" \/><div class=\"wp-block-cover__inner-container\">\n<div style=\"height:196px\" aria-hidden=\"true\" class=\"wp-block-spacer\"><\/div>\n\n\n\n<h1 class=\"has-text-align-center has-ast-global-color-5-color has-text-color has-x-large-font-size\">\u00a1\u00a1 Queremos crecer contigo !!<\/h1>\n\n\n\n<p class=\"has-white-color has-text-color\"><\/p>\n<\/div><\/div>\n\n\n\n<div class=\"wp-block-columns\" id=\"jobs-subheader\">\n<div class=\"wp-block-column\"><\/div>\n\n\n\n<div class=\"wp-block-column\" style=\"flex-basis:40%\">\n<h2 class=\"has-text-align-left\"><strong>\u00danete a nosotros\/as\u2026<\/strong><\/h2>\n\n\n\n<p>Buscamos profesionales que quieran formar parte de nuestro gran proyecto empresarial.<\/p>\n\n\n\n<p>Somos una empresa espa\u00f1ola con gran presencia a nivel internacional y con 60 a\u00f1os de experiencia ofreciendo soluciones innovadoras y sostenibles para mejorar la envolvente del edificio y la calidad de vida de las personas.<\/p>\n<\/div>\n\n\n\n<div class=\"wp-block-column\"><\/div>\n<\/div>\n\n\n\n<div class=\"wp-block-columns\">\n<div class=\"wp-block-column\" style=\"flex-basis:15%\"><\/div>\n\n\n\n<div class=\"wp-block-column\" style=\"flex-basis:70%\">                <div class=\"jobs-list fade-top\">\r\n                    <div class=\"job-left\">\r\n                        Fontanar, Guadalajara (Espa\u00f1a)                        <h2><a href=\"https:\/\/www.danosa.com\/es-es\/trabajo\/tecnico-a-de-mantenimiento-electromecanico-industrial-2\/\">T\u00c9CNICO\/A DE MANTENIMIENTO ELECTROMEC\u00c1NICO INDUSTRIAL<\/a><\/h2>\r\n                    <\/div>\r\n                    <div class=\"wp-block-button\"><a href=\"https:\/\/www.danosa.com\/es-es\/trabajo\/tecnico-a-de-mantenimiento-electromecanico-industrial-2\/\" class=\"wp-block-button__link\">Ver trabajo<\/a><\/div>\r\n\r\n                <\/div>\r\n\r\n                        <div class=\"jobs-list fade-top\">\r\n                    <div class=\"job-left\">\r\n                        Madrid (Espa\u00f1a)                        <h2><a href=\"https:\/\/www.danosa.com\/es-es\/trabajo\/prescriptor-a-zona-centro\/\">PRESCRIPTOR\/A ZONA CENTRO<\/a><\/h2>\r\n                    <\/div>\r\n                    <div class=\"wp-block-button\"><a href=\"https:\/\/www.danosa.com\/es-es\/trabajo\/prescriptor-a-zona-centro\/\" class=\"wp-block-button__link\">Ver trabajo<\/a><\/div>\r\n\r\n                <\/div>\r\n\r\n        \r\n\r\n\r\n\r\n \n<\/div>\n\n\n\n<div class=\"wp-block-column\" style=\"flex-basis:15%\"><\/div>\n<\/div>\n\n\n\n<div class=\"wp-container-2 wp-block-group alignfull has-background\" id=\"jobs-work-with-us\" style=\"background-color:#f5f5f5\"><div class=\"wp-block-group__inner-container\">\n<div class=\"wp-block-columns\">\n<div class=\"wp-block-column\"><\/div>\n\n\n\n<div class=\"wp-block-column\" style=\"flex-basis:40%\">\n<p>DANOSA es una compa\u00f1\u00eda comprometida con la diversidad y la igualdad de oportunidades.<br>Entendemos que todas las personas somos \u00fanicas y ser diferentes es lo que nos enriquece como compa\u00f1\u00eda.<br>Nos enorgullece ser una empresa que abraza la diversidad.<\/p>\n\n\n\n<h2 class=\"has-text-align-left\">\u00bf Te unes ?<\/h2>\n\n\n\n<div class=\"wp-container-1 wp-block-buttons\">\n<div class=\"wp-block-button\"><a class=\"wp-block-button__link\" href=\"mailto:empleo@danosa.com\">Escr\u00edbenos a empleo@danosa.com<\/a><\/div>\n<\/div>\n\n\n\n<p><\/p>\n<\/div>\n\n\n\n<div class=\"wp-block-column\"><\/div>\n<\/div>\n<\/div><\/div>\n","protected":false},"excerpt":{"rendered":"<p>\u00danete a nosotros\/as\u2026 Buscamos profesionales que quieran formar parte de nuestro gran proyecto empresarial. Somos una empresa espa\u00f1ola con gran presencia a nivel internacional y con 60 a\u00f1os de experiencia ofreciendo soluciones innovadoras y sostenibles para mejorar la envolvente del edificio y la calidad de vida de las personas. DANOSA es una compa\u00f1\u00eda comprometida con&#8230;<\/p>\n","protected":false},"author":1,"featured_media":0,"parent":0,"menu_order":0,"comment_status":"closed","ping_status":"closed","template":"","meta":{"inline_featured_image":false,"site-sidebar-layout":"default","site-content-layout":"plain-container","ast-main-header-display":"","ast-hfb-above-header-display":"","ast-hfb-below-header-display":"","ast-hfb-mobile-header-display":"","site-post-title":"disabled","ast-breadcrumbs-content":"","ast-featured-img":"","footer-sml-layout":"","theme-transparent-header-meta":"default","adv-header-id-meta":"","stick-header-meta":"default","header-above-stick-meta":"","header-main-stick-meta":"","header-below-stick-meta":""},"acf":[],"yoast_head":"<!-- This site is optimized with the Yoast SEO plugin v18.1 - https:\/\/yoast.com\/wordpress\/plugins\/seo\/ -->\n<title>Ofertas de empleo vacantes Danosa | \u00a1Queremos crecer contigo!<\/title>\n<meta name=\"description\" content=\"Buscamos profesionales que quieran formar parte de nuestro gran proyecto empresarial. Consulta las ofertsas de empleo vacantes actualmente. Danosa.\" \/>\n<meta name=\"robots\" content=\"index, follow, max-snippet:-1, max-image-preview:large, max-video-preview:-1\" \/>\n<link rel=\"canonical\" href=\"https:\/\/www.danosa.com\/es-es\/empleo\/\" \/>\n<meta property=\"og:locale\" content=\"es_ES\" \/>\n<meta property=\"og:type\" content=\"article\" \/>\n<meta property=\"og:title\" content=\"Ofertas de empleo vacantes Danosa | \u00a1Queremos crecer contigo!\" \/>\n<meta property=\"og:description\" content=\"Buscamos profesionales que quieran formar parte de nuestro gran proyecto empresarial. Consulta las ofertsas de empleo vacantes actualmente. Danosa.\" \/>\n<meta property=\"og:url\" content=\"https:\/\/www.danosa.com\/es-es\/empleo\/\" \/>\n<meta property=\"og:site_name\" content=\"Danosa | Soluciones para la construcci\u00f3n\" \/>\n<meta property=\"article:publisher\" content=\"https:\/\/www.facebook.com\/aislamientoeimpermeabilizacion\/\" \/>\n<meta property=\"article:modified_time\" content=\"2024-04-03T08:16:16+00:00\" \/>\n<meta property=\"og:image\" content=\"https:\/\/www.danosa.com\/es-es\/wp-content\/uploads\/sites\/2\/2022\/09\/RRHH_1920x1080.jpg\" \/>\n<meta name=\"twitter:card\" content=\"summary_large_image\" \/>\n<meta name=\"twitter:site\" content=\"@DANOSA_SPAIN\" \/>\n<meta name=\"twitter:label1\" content=\"Tiempo de lectura\" \/>\n\t<meta name=\"twitter:data1\" content=\"1 minuto\" \/>\n<script type=\"application\/ld+json\" class=\"yoast-schema-graph\">{\"@context\":\"https:\/\/schema.org\",\"@graph\":[{\"@type\":\"WebSite\",\"@id\":\"https:\/\/www.danosa.com\/es-es\/#website\",\"url\":\"https:\/\/www.danosa.com\/es-es\/\",\"name\":\"Danosa | Soluciones para la construcci\u00f3n\",\"description\":\"Impermeabilizaci\u00f3n, aislamiento ac\u00fastico y t\u00e9rmico\",\"potentialAction\":[{\"@type\":\"SearchAction\",\"target\":{\"@type\":\"EntryPoint\",\"urlTemplate\":\"https:\/\/www.danosa.com\/es-es\/?s={search_term_string}\"},\"query-input\":\"required name=search_term_string\"}],\"inLanguage\":\"es\"},{\"@type\":\"ImageObject\",\"@id\":\"https:\/\/www.danosa.com\/es-es\/empleo\/#primaryimage\",\"inLanguage\":\"es\",\"url\":\"https:\/\/www.danosa.com\/es-es\/wp-content\/uploads\/sites\/2\/2022\/09\/RRHH_1920x1080.jpg\",\"contentUrl\":\"https:\/\/www.danosa.com\/es-es\/wp-content\/uploads\/sites\/2\/2022\/09\/RRHH_1920x1080.jpg\",\"width\":1920,\"height\":1080,\"caption\":\"Trabaja en Danosa\"},{\"@type\":\"WebPage\",\"@id\":\"https:\/\/www.danosa.com\/es-es\/empleo\/#webpage\",\"url\":\"https:\/\/www.danosa.com\/es-es\/empleo\/\",\"name\":\"Ofertas de empleo vacantes Danosa | \u00a1Queremos crecer contigo!\",\"isPartOf\":{\"@id\":\"https:\/\/www.danosa.com\/es-es\/#website\"},\"primaryImageOfPage\":{\"@id\":\"https:\/\/www.danosa.com\/es-es\/empleo\/#primaryimage\"},\"datePublished\":\"2021-07-13T09:54:53+00:00\",\"dateModified\":\"2024-04-03T08:16:16+00:00\",\"description\":\"Buscamos profesionales que quieran formar parte de nuestro gran proyecto empresarial. Consulta las ofertsas de empleo vacantes actualmente. Danosa.\",\"breadcrumb\":{\"@id\":\"https:\/\/www.danosa.com\/es-es\/empleo\/#breadcrumb\"},\"inLanguage\":\"es\",\"potentialAction\":[{\"@type\":\"ReadAction\",\"target\":[\"https:\/\/www.danosa.com\/es-es\/empleo\/\"]}]},{\"@type\":\"BreadcrumbList\",\"@id\":\"https:\/\/www.danosa.com\/es-es\/empleo\/#breadcrumb\",\"itemListElement\":[{\"@type\":\"ListItem\",\"position\":1,\"name\":\"Portada\",\"item\":\"https:\/\/www.danosa.com\/es-es\/\"},{\"@type\":\"ListItem\",\"position\":2,\"name\":\"Empleo\"}]}]}<\/script>\n<!-- \/ Yoast SEO plugin. -->","yoast_head_json":{"title":"Ofertas de empleo vacantes Danosa | \u00a1Queremos crecer contigo!","description":"Buscamos profesionales que quieran formar parte de nuestro gran proyecto empresarial. Consulta las ofertsas de empleo vacantes actualmente. Danosa.","robots":{"index":"index","follow":"follow","max-snippet":"max-snippet:-1","max-image-preview":"max-image-preview:large","max-video-preview":"max-video-preview:-1"},"canonical":"https:\/\/www.danosa.com\/es-es\/empleo\/","og_locale":"es_ES","og_type":"article","og_title":"Ofertas de empleo vacantes Danosa | \u00a1Queremos crecer contigo!","og_description":"Buscamos profesionales que quieran formar parte de nuestro gran proyecto empresarial. Consulta las ofertsas de empleo vacantes actualmente. Danosa.","og_url":"https:\/\/www.danosa.com\/es-es\/empleo\/","og_site_name":"Danosa | Soluciones para la construcci\u00f3n","article_publisher":"https:\/\/www.facebook.com\/aislamientoeimpermeabilizacion\/","article_modified_time":"2024-04-03T08:16:16+00:00","og_image":[{"url":"https:\/\/www.danosa.com\/es-es\/wp-content\/uploads\/sites\/2\/2022\/09\/RRHH_1920x1080.jpg"}],"twitter_card":"summary_large_image","twitter_site":"@DANOSA_SPAIN","twitter_misc":{"Tiempo de lectura":"1 minuto"},"schema":{"@context":"https:\/\/schema.org","@graph":[{"@type":"WebSite","@id":"https:\/\/www.danosa.com\/es-es\/#website","url":"https:\/\/www.danosa.com\/es-es\/","name":"Danosa | Soluciones para la construcci\u00f3n","description":"Impermeabilizaci\u00f3n, aislamiento ac\u00fastico y t\u00e9rmico","potentialAction":[{"@type":"SearchAction","target":{"@type":"EntryPoint","urlTemplate":"https:\/\/www.danosa.com\/es-es\/?s={search_term_string}"},"query-input":"required name=search_term_string"}],"inLanguage":"es"},{"@type":"ImageObject","@id":"https:\/\/www.danosa.com\/es-es\/empleo\/#primaryimage","inLanguage":"es","url":"https:\/\/www.danosa.com\/es-es\/wp-content\/uploads\/sites\/2\/2022\/09\/RRHH_1920x1080.jpg","contentUrl":"https:\/\/www.danosa.com\/es-es\/wp-content\/uploads\/sites\/2\/2022\/09\/RRHH_1920x1080.jpg","width":1920,"height":1080,"caption":"Trabaja en Danosa"},{"@type":"WebPage","@id":"https:\/\/www.danosa.com\/es-es\/empleo\/#webpage","url":"https:\/\/www.danosa.com\/es-es\/empleo\/","name":"Ofertas de empleo vacantes Danosa | \u00a1Queremos crecer contigo!","isPartOf":{"@id":"https:\/\/www.danosa.com\/es-es\/#website"},"primaryImageOfPage":{"@id":"https:\/\/www.danosa.com\/es-es\/empleo\/#primaryimage"},"datePublished":"2021-07-13T09:54:53+00:00","dateModified":"2024-04-03T08:16:16+00:00","description":"Buscamos profesionales que quieran formar parte de nuestro gran proyecto empresarial. Consulta las ofertsas de empleo vacantes actualmente. Danosa.","breadcrumb":{"@id":"https:\/\/www.danosa.com\/es-es\/empleo\/#breadcrumb"},"inLanguage":"es","potentialAction":[{"@type":"ReadAction","target":["https:\/\/www.danosa.com\/es-es\/empleo\/"]}]},{"@type":"BreadcrumbList","@id":"https:\/\/www.danosa.com\/es-es\/empleo\/#breadcrumb","itemListElement":[{"@type":"ListItem","position":1,"name":"Portada","item":"https:\/\/www.danosa.com\/es-es\/"},{"@type":"ListItem","position":2,"name":"Empleo"}]}]}},"_links":{"self":[{"href":"https:\/\/www.danosa.com\/es-es\/wp-json\/wp\/v2\/pages\/1496"}],"collection":[{"href":"https:\/\/www.danosa.com\/es-es\/wp-json\/wp\/v2\/pages"}],"about":[{"href":"https:\/\/www.danosa.com\/es-es\/wp-json\/wp\/v2\/types\/page"}],"author":[{"embeddable":true,"href":"https:\/\/www.danosa.com\/es-es\/wp-json\/wp\/v2\/users\/1"}],"replies":[{"embeddable":true,"href":"https:\/\/www.danosa.com\/es-es\/wp-json\/wp\/v2\/comments?post=1496"}],"version-history":[{"count":42,"href":"https:\/\/www.danosa.com\/es-es\/wp-json\/wp\/v2\/pages\/1496\/revisions"}],"predecessor-version":[{"id":12841,"href":"https:\/\/www.danosa.com\/es-es\/wp-json\/wp\/v2\/pages\/1496\/revisions\/12841"}],"wp:attachment":[{"href":"https:\/\/www.danosa.com\/es-es\/wp-json\/wp\/v2\/media?parent=1496"}],"curies":[{"name":"wp","href":"https:\/\/api.w.org\/{rel}","templated":true}]}}