{"id":1535,"date":"2025-11-18T12:26:24","date_gmt":"2025-11-18T11:26:24","guid":{"rendered":"https:\/\/www.danosa.com\/es-es\/?page_id=1535"},"modified":"2025-11-18T12:26:32","modified_gmt":"2025-11-18T11:26:32","slug":"sedes-y-direcciones","status":"publish","type":"page","link":"https:\/\/www.danosa.com\/es-es\/contacto\/sedes-y-direcciones\/","title":{"rendered":"Sedes y direcciones"},"content":{"rendered":"\n<div class=\"wp-block-cover alignfull page-header\" id=\"jobs-header\"><span aria-hidden=\"true\" class=\"wp-block-cover__gradient-background has-background-dim\"><\/span><img loading=\"lazy\" width=\"1920\" height=\"404\" class=\"wp-block-cover__image-background wp-image-6970\" alt=\"\" src=\"https:\/\/www.danosa.com\/es-es\/wp-content\/uploads\/sites\/2\/2021\/09\/Danosa-contacto-1.jpg\" data-object-fit=\"cover\" srcset=\"https:\/\/www.danosa.com\/es-es\/wp-content\/uploads\/sites\/2\/2021\/09\/Danosa-contacto-1.jpg 1920w, https:\/\/www.danosa.com\/es-es\/wp-content\/uploads\/sites\/2\/2021\/09\/Danosa-contacto-1-300x63.jpg 300w, https:\/\/www.danosa.com\/es-es\/wp-content\/uploads\/sites\/2\/2021\/09\/Danosa-contacto-1-1024x215.jpg 1024w, https:\/\/www.danosa.com\/es-es\/wp-content\/uploads\/sites\/2\/2021\/09\/Danosa-contacto-1-768x162.jpg 768w, https:\/\/www.danosa.com\/es-es\/wp-content\/uploads\/sites\/2\/2021\/09\/Danosa-contacto-1-1536x323.jpg 1536w\" sizes=\"(max-width: 1920px) 100vw, 1920px\" \/><div class=\"wp-block-cover__inner-container\">\n<h1 class=\"has-white-color has-text-color\">Sedes y direcciones<\/h1>\n\n\n\n<p class=\"has-white-color has-text-color\"><\/p>\n<\/div><\/div>\n\n\n<div class=\"menu-contact-container\"><ul id=\"menu-contact\" class=\"menu contact-menu\"><li id=\"menu-item-1534\" class=\"menu-item menu-item-type-post_type menu-item-object-page menu-item-1534\"><a href=\"https:\/\/www.danosa.com\/es-es\/contacto\/\" class=\"menu-link\">Formulario de contacto<\/a><\/li>\n<li id=\"menu-item-1539\" class=\"menu-item menu-item-type-post_type menu-item-object-page menu-item-1539\"><a href=\"https:\/\/www.danosa.com\/es-es\/contacto\/sedes-y-direcciones\/\" class=\"menu-link\">Sedes y direcciones<\/a><\/li>\n<li id=\"menu-item-1540\" class=\"menu-item menu-item-type-post_type menu-item-object-page menu-item-1540\"><a href=\"https:\/\/www.danosa.com\/es-es\/contacto\/red-comercial\/\" class=\"menu-link\">Red comercial<\/a><\/li>\n<li id=\"menu-item-7009\" class=\"menu-item menu-item-type-post_type menu-item-object-page menu-item-7009\"><a href=\"https:\/\/www.danosa.com\/es-es\/contacto\/soporte-tecnico\/\" class=\"menu-link\">Soporte T\u00e9cnico On Line<\/a><\/li>\n<\/ul><\/div>\n\n\n\n<div class=\"wp-container-2 wp-block-group alignfull has-ast-global-color-6-background-color has-background\"><div class=\"wp-block-group__inner-container\">\n<div class=\"wp-container-1 wp-block-group\"><div class=\"wp-block-group__inner-container\">\n<h2>Delegaciones<\/h2>\n<\/div><\/div>\n\n\n\n<div class=\"wp-block-columns delegaciones-cols\">\n<div class=\"wp-block-column\"><div id=\"delegation-block_284f4210c7f513aff9eb07b3982c6a88\" class=\"delegation fade-top\">\r\n\r\n\t\t<div>\r\n\t        <h4 class=\"delegation-city\">Madrid &#8211; Norte<p style=\"font-size:0.7em; padding-top:10px;\">Horario:<br> &#8211; Lunes a Jueves 8:00 a 14:00 y 15:30 a 17:30h<br> &#8211; Viernes 8:00 a 14:00h <\/p> <p style=\"font-size:0.7em\">Direcci\u00f3n:<\/p><\/h4>\r\n\t        <span class=\"delegation-address\">C\/ La Granja, 3 28108 ALCOBENDAS (Madrid)<\/span>\r\n\r\n\t        \t        <span class=\"delegation-phone\">Tel: <span>+34 91 658 68 50<\/span><\/span>\r\n\t    \t\t        \t        <span class=\"delegation-fax\">Fax: <span>+34 91 652 57 66<\/span><\/span>\r\n\t    \t\r\n\t        \t        <span class=\"delegation-email\">Email: <a href=\"mailto:info@danosa.com\">info@danosa.com<\/a><\/span>\r\n\t        \t    <\/div>\r\n\r\n\r\n        \t\t<div class=\"wp-block-button\"><a href=\"https:\/\/www.google.com\/maps\/search\/?api=1&#038;query=Danosa C\/ La Granja, 3 28108 ALCOBENDAS (Madrid)\" target=\"_blank\" class=\"wp-block-button__map\">Localizar en el mapa<\/a><\/div>\r\n        \r\n\r\n<\/div><\/div>\n\n\n\n<div class=\"wp-block-column\"><div id=\"delegation-block_dc57df451b9f46778a14cd3e705842f3\" class=\"delegation fade-top\">\r\n\r\n\t\t<div>\r\n\t        <h4 class=\"delegation-city\">Madrid &#8211; Sur<p style=\"font-size:0.7em; padding-top:10px;\">Horario:<br> &#8211; Lunes a Viernes 7:30 a 16:30<br> &#8211; Viernes 7:00 a 14:00h <\/p> <p style=\"font-size:0.7em\">Direcci\u00f3n:<\/p><\/h4>\r\n\t        <span class=\"delegation-address\">C\/ Berzosa de Lozoya, 1 Parque Empresarial Valle de Tobalina Nave 9 &#8211; 28021 Madrid<\/span>\r\n\r\n\t        \t        <span class=\"delegation-phone\">Tel: <span>+34 91 002 43 00<\/span><\/span>\r\n\t    \t\t        \r\n\t        \t        <span class=\"delegation-email\">Email: <a href=\"mailto:Info.madridsur@danosa.com\">Info.madridsur@danosa.com<\/a><\/span>\r\n\t        \t    <\/div>\r\n\r\n\r\n        \t\t<div class=\"wp-block-button\"><a href=\"https:\/\/www.google.com\/maps\/search\/?api=1&#038;query=Danosa C\/ Berzosa de Lozoya, 1 Parque Empresarial Valle de Tobalina Nave 9 - 28021 Madrid\" target=\"_blank\" class=\"wp-block-button__map\">Localizar en el mapa<\/a><\/div>\r\n        \r\n\r\n<\/div><\/div>\n\n\n\n<div class=\"wp-block-column\"><div id=\"delegation-block_eff49e09dc66edfb4ae0805b8db9502d\" class=\"delegation fade-top\">\r\n\r\n\t\t<div>\r\n\t        <h4 class=\"delegation-city\">Sevilla<p style=\"font-size:0.7em; padding-top:10px;\">Horario:<br> &#8211; Lunes a Jueves 8:00 a 14:00 y 15:30 a 17:30h<br> &#8211; Viernes 8:00 a 15:00h <\/p> <p style=\"font-size:0.7em\">Direcci\u00f3n:<\/p><\/h4>\r\n\t        <span class=\"delegation-address\">Pol\u00edgono La Chaparrilla &#8211; Nave 7 41016 Sevilla<\/span>\r\n\r\n\t        \t        <span class=\"delegation-phone\">Tel: <span>+34 95 440 40 11<\/span><\/span>\r\n\t    \t\t        \t        <span class=\"delegation-fax\">Fax: <span>+34 95 440 40 71<\/span><\/span>\r\n\t    \t\r\n\t        \t        <span class=\"delegation-email\">Email: <a href=\"mailto:info.sevilla@danosa.com\">info.sevilla@danosa.com<\/a><\/span>\r\n\t        \t    <\/div>\r\n\r\n\r\n        \t\t<div class=\"wp-block-button\"><a href=\"https:\/\/www.google.com\/maps\/search\/?api=1&#038;query=Danosa Pol\u00edgono La Chaparrilla - Nave 7 41016 Sevilla\" target=\"_blank\" class=\"wp-block-button__map\">Localizar en el mapa<\/a><\/div>\r\n        \r\n\r\n<\/div><\/div>\n\n\n\n<div class=\"wp-block-column\"><div id=\"delegation-block_630e85c9e246a477bd07111ba9271865\" class=\"delegation fade-top\">\r\n\r\n\t\t<div>\r\n\t        <h4 class=\"delegation-city\">Valencia<p style=\"font-size:0.7em; padding-top:10px;\">Horario:<br> &#8211; Lunes a Jueves 7:30 a 13:30 y 15:00 a 17:00h<br> &#8211; Viernes 7:30 a 14:30h <\/p> <p style=\"font-size:0.7em\">Direcci\u00f3n:<\/p><\/h4>\r\n\t        <span class=\"delegation-address\">C\/ La Pastora, 9 Pol\u00edgono Industrial Zamarra 46950 XIRIVELLA (Valencia)<\/span>\r\n\r\n\t        \t        <span class=\"delegation-phone\">Tel: <span>+34 96 120 09 34<\/span><\/span>\r\n\t    \t\t        \t        <span class=\"delegation-fax\">Fax: <span>+34 96 121 00 83<\/span><\/span>\r\n\t    \t\r\n\t        \t        <span class=\"delegation-email\">Email: <a href=\"mailto:info.valencia@danosa.com\">info.valencia@danosa.com<\/a><\/span>\r\n\t        \t    <\/div>\r\n\r\n\r\n        \t\t<div class=\"wp-block-button\"><a href=\"https:\/\/www.google.com\/maps\/search\/?api=1&#038;query=Danosa C\/ La Pastora, 9 Pol\u00edgono Industrial Zamarra 46950 XIRIVELLA (Valencia)\" target=\"_blank\" class=\"wp-block-button__map\">Localizar en el mapa<\/a><\/div>\r\n        \r\n\r\n<\/div><\/div>\n<\/div>\n<\/div><\/div>\n\n\n\n<div class=\"wp-container-3 wp-block-group alignfull has-ast-global-color-6-background-color has-background\"><div class=\"wp-block-group__inner-container\">\n<div class=\"wp-block-columns delegaciones-cols\">\n<div class=\"wp-block-column\"><div id=\"delegation-block_7a0613c7ecd14cd603fdd922c9173ef9\" class=\"delegation fade-top\">\r\n\r\n\t\t<div>\r\n\t        <h4 class=\"delegation-city\">Barcelona<p style=\"font-size:0.7em; padding-top:10px;\">Horario:<br> &#8211; Lunes a Jueves 7:45 a 13:00 y 15:00 a 17:30h<br> &#8211; Viernes 7:45 a 14:30h <\/p> <p style=\"font-size:0.7em\">Direcci\u00f3n:<\/p><\/h4>\r\n\t        <span class=\"delegation-address\">Av. de la Fama, 100 Sector Industrial Almeda 08940 CORNELL\u00c0 DE LLOBREGAT (Barcelona)<\/span>\r\n\r\n\t        \t        <span class=\"delegation-phone\">Tel: <span>+34 93 377 17 27<\/span><\/span>\r\n\t    \t\t        \t        <span class=\"delegation-fax\">Fax: <span>+34 93 377 57 55<\/span><\/span>\r\n\t    \t\r\n\t        \t        <span class=\"delegation-email\">Email: <a href=\"mailto:info.barcelona@danosa.com\">info.barcelona@danosa.com<\/a><\/span>\r\n\t        \t    <\/div>\r\n\r\n\r\n        \t\t<div class=\"wp-block-button\"><a href=\"https:\/\/www.google.com\/maps\/search\/?api=1&#038;query=Danosa Av. de la Fama, 100 Sector Industrial Almeda 08940 CORNELL\u00c0 DE LLOBREGAT (Barcelona)\" target=\"_blank\" class=\"wp-block-button__map\">Localizar en el mapa<\/a><\/div>\r\n        \r\n\r\n<\/div><\/div>\n\n\n\n<div class=\"wp-block-column\"><div id=\"delegation-block_21c54bc9753cbdd9e715c9c85a66b4b9\" class=\"delegation fade-top\">\r\n\r\n\t\t<div>\r\n\t        <h4 class=\"delegation-city\">Granada<p style=\"font-size:0.7em; padding-top:10px;\">Horario:<br> &#8211; Lunes a Jueves 8:00 a 13:45 y 14:45 a 17:00h<br> &#8211; Viernes 8:00 a 15:00h <\/p> <p style=\"font-size:0.7em\">Direcci\u00f3n:<\/p><\/h4>\r\n\t        <span class=\"delegation-address\">AUTOVIA A-44, SALIDA 144 18640 PADUL (Granada)<\/span>\r\n\r\n\t        \t        <span class=\"delegation-phone\">Tel: <span>+34 958 790 727<\/span><\/span>\r\n\t    \t\t        \t        <span class=\"delegation-fax\">Fax: <span>+34 91 652 57 66<\/span><\/span>\r\n\t    \t\r\n\t        \t        <span class=\"delegation-email\">Email: <a href=\"mailto:info.granada@danosa.com\">info.granada@danosa.com<\/a><\/span>\r\n\t        \t    <\/div>\r\n\r\n\r\n        \t\t<div class=\"wp-block-button\"><a href=\"https:\/\/www.google.com\/maps\/search\/?api=1&#038;query=Danosa AUTOVIA A-44, SALIDA 144 18640 PADUL (Granada)\" target=\"_blank\" class=\"wp-block-button__map\">Localizar en el mapa<\/a><\/div>\r\n        \r\n\r\n<\/div><\/div>\n\n\n\n<div class=\"wp-block-column\">\n<p><\/p>\n<\/div>\n\n\n\n<div class=\"wp-block-column\"><\/div>\n<\/div>\n<\/div><\/div>\n\n\n\n<h2 class=\"delegaciones-title\">Sedes<\/h2>\n\n\n\n<div class=\"wp-container-4 wp-block-group\"><div class=\"wp-block-group__inner-container\">\n<div class=\"wp-block-columns delegaciones-cols\">\n<div class=\"wp-block-column\"><div id=\"delegation-block_48c10769adefc7a2d4c0f829a751b177\" class=\"delegation fade-top\">\r\n\r\n\t\t<div>\r\n\t        <h4 class=\"delegation-city\">Danosa Espa\u00f1a<\/h4>\r\n\t        <span class=\"delegation-address\">Poligono Industrial Sector 9 19290 FONTANAR (Guadalajara) ESPA\u00d1A<\/span>\r\n\r\n\t        \t        <span class=\"delegation-phone\">Tel: <span> +34 949 88 82 10<\/span><\/span>\r\n\t    \t\t        \t        <span class=\"delegation-fax\">Fax: <span>+34 949 888 223<\/span><\/span>\r\n\t    \t\r\n\t        \t        <span class=\"delegation-email\">Email: <a href=\"mailto:info@danosa.com\">info@danosa.com<\/a><\/span>\r\n\t        \t    <\/div>\r\n\r\n\r\n        \t\t<div class=\"wp-block-button\"><a href=\"https:\/\/www.google.com\/maps\/search\/?api=1&#038;query=Danosa Poligono Industrial Sector 9 19290 FONTANAR (Guadalajara) ESPA\u00d1A\" target=\"_blank\" class=\"wp-block-button__map\">Localizar en el mapa<\/a><\/div>\r\n        \r\n\r\n<\/div><\/div>\n\n\n\n<div class=\"wp-block-column\"><div id=\"delegation-block_b88001eb259c65f649d7daa631b4a5f9\" class=\"delegation fade-top\">\r\n\r\n\t\t<div>\r\n\t        <h4 class=\"delegation-city\">Danosa France<\/h4>\r\n\t        <span class=\"delegation-address\">12, Avenue Arago 91420 MORANGIS, FRANCE<\/span>\r\n\r\n\t        \t        <span class=\"delegation-phone\">Tel: <span>+33 (0) 178 854 737<\/span><\/span>\r\n\t    \t\t        \t        <span class=\"delegation-fax\">Fax: <span>+33 (0) 141 941 899<\/span><\/span>\r\n\t    \t\r\n\t        \t        <span class=\"delegation-email\">Email: <a href=\"mailto:france@danosa.com\">france@danosa.com<\/a><\/span>\r\n\t        \t    <\/div>\r\n\r\n\r\n        \t\t<div class=\"wp-block-button\"><a href=\"https:\/\/www.google.com\/maps\/search\/?api=1&#038;query=Danosa 12, Avenue Arago 91420 MORANGIS, FRANCE\" target=\"_blank\" class=\"wp-block-button__map\">Localizar en el mapa<\/a><\/div>\r\n        \r\n\r\n<\/div><\/div>\n\n\n\n<div class=\"wp-block-column\"><div id=\"delegation-block_4bc5f0dca20290b5fc85a7deb851ef0a\" class=\"delegation fade-top\">\r\n\r\n\t\t<div>\r\n\t        <h4 class=\"delegation-city\">Danosa Maroc<\/h4>\r\n\t        <span class=\"delegation-address\">14, Bd de Paris, Premier \u00e9tage, bureau num\u00e9ro 9 &#8211; CASABLANCA, MAROC<\/span>\r\n\r\n\t        \t        <span class=\"delegation-phone\">Tel: <span>+212522482057<\/span><\/span>\r\n\t    \t\t        \r\n\t        \t        <span class=\"delegation-email\">Email: <a href=\"mailto:maroc@danosa.com\">maroc@danosa.com<\/a><\/span>\r\n\t        \t    <\/div>\r\n\r\n\r\n        \t\t<div class=\"wp-block-button\"><a href=\"https:\/\/www.google.com\/maps\/search\/?api=1&#038;query=Danosa 14, Bd de Paris, Premier \u00e9tage, bureau num\u00e9ro 9 - CASABLANCA, MAROC\" target=\"_blank\" class=\"wp-block-button__map\">Localizar en el mapa<\/a><\/div>\r\n        \r\n\r\n<\/div><\/div>\n\n\n\n<div class=\"wp-block-column\"><div id=\"delegation-block_c6a8c3adf0d099063cdbcbb9fc880c86\" class=\"delegation fade-top\">\r\n\r\n\t\t<div>\r\n\t        <h4 class=\"delegation-city\">Danosa Andina<\/h4>\r\n\t        <span class=\"delegation-address\">Calle 143 #46-75, BOGOT\u00c1, COLOMBIA<\/span>\r\n\r\n\t        \t        <span class=\"delegation-phone\">Tel: <span>+57 317 372 9559<\/span><\/span>\r\n\t    \t\t        \r\n\t        \t        <span class=\"delegation-email\">Email: <a href=\"mailto:andina@danosa.com\">andina@danosa.com<\/a><\/span>\r\n\t        \t    <\/div>\r\n\r\n\r\n        \t\t<div class=\"wp-block-button\"><a href=\"https:\/\/www.google.com\/maps\/search\/?api=1&#038;query=Danosa Calle 143 #46-75, BOGOT\u00c1, COLOMBIA\" target=\"_blank\" class=\"wp-block-button__map\">Localizar en el mapa<\/a><\/div>\r\n        \r\n\r\n<\/div><\/div>\n<\/div>\n<\/div><\/div>\n\n\n\n<div class=\"wp-container-5 wp-block-group alignfull\"><div class=\"wp-block-group__inner-container\">\n<div class=\"wp-block-columns alignwide delegaciones-cols\">\n<div class=\"wp-block-column\"><div id=\"delegation-block_f5486570499ca9d6bbf14680900d5eb1\" class=\"delegation fade-top\">\r\n\r\n\t\t<div>\r\n\t        <h4 class=\"delegation-city\">Danosa UK<\/h4>\r\n\t        <span class=\"delegation-address\">Unit 3 Independence Estate, Stanbridge Road, Havant PO9 2NS, HAMPSHIRE, UNITED KINGDOM<\/span>\r\n\r\n\t        \t        <span class=\"delegation-phone\">Tel: <span>+448 450 740 553 <\/span><\/span>\r\n\t    \t\t        \t        <span class=\"delegation-fax\">Fax: <span>+448 450 740 554<\/span><\/span>\r\n\t    \t\r\n\t        \t        <span class=\"delegation-email\">Email: <a href=\"mailto:uksales@danosa.com\">uksales@danosa.com<\/a><\/span>\r\n\t        \t    <\/div>\r\n\r\n\r\n        \t\t<div class=\"wp-block-button\"><a href=\"https:\/\/www.google.com\/maps\/search\/?api=1&#038;query=Danosa Unit 3 Independence Estate, Stanbridge Road, Havant PO9 2NS, HAMPSHIRE, UNITED KINGDOM\" target=\"_blank\" class=\"wp-block-button__map\">Localizar en el mapa<\/a><\/div>\r\n        \r\n\r\n<\/div><\/div>\n\n\n\n<div class=\"wp-block-column\"><div id=\"delegation-block_fbcbbd8258226cec8958f353249ea1fa\" class=\"delegation fade-top\">\r\n\r\n\t\t<div>\r\n\t        <h4 class=\"delegation-city\">Danosa Portugal<\/h4>\r\n\t        <span class=\"delegation-address\">Rua do Norte, Lugar da Quinta do Aduguete. 3100-342 POMBAL, PORTUGAL<\/span>\r\n\r\n\t        \t        <span class=\"delegation-phone\">Tel: <span>+351 236 029 465<\/span><\/span>\r\n\t    \t\t        \r\n\t        \t        <span class=\"delegation-email\">Email: <a href=\"mailto:portugal@danosa.com\">portugal@danosa.com<\/a><\/span>\r\n\t        \t    <\/div>\r\n\r\n\r\n        \t\t<div class=\"wp-block-button\"><a href=\"https:\/\/www.google.com\/maps\/search\/?api=1&#038;query=Danosa Rua do Norte, Lugar da Quinta do Aduguete. 3100-342 POMBAL, PORTUGAL\" target=\"_blank\" class=\"wp-block-button__map\">Localizar en el mapa<\/a><\/div>\r\n        \r\n\r\n<\/div><\/div>\n\n\n\n<div class=\"wp-block-column\"><\/div>\n\n\n\n<div class=\"wp-block-column\"><\/div>\n<\/div>\n<\/div><\/div>\n\n\n\n<div class=\"wp-container-6 wp-block-group\"><div class=\"wp-block-group__inner-container\">\n<div class=\"wp-block-columns delegaciones-cols\">\n<div class=\"wp-block-column\">\n<h2>Departamento t\u00e9cnico Espa\u00f1a<\/h2>\n\n\n\n<p>Tel:&nbsp;+34 91 658 68 50 (Ext. 2)<\/p>\n\n\n\n<p>Email: <a href=\"mailto:tecnico.es@danosa.com\">tecnico.es@danosa.com<\/a><\/p>\n<\/div>\n\n\n\n<div class=\"wp-block-column\"><\/div>\n<\/div>\n<\/div><\/div>\n\n\n\n<p><\/p>\n\n\n\n<p><\/p>\n","protected":false},"excerpt":{"rendered":"<p>Delegaciones Sedes Departamento t\u00e9cnico Espa\u00f1a Tel:&nbsp;+34 91 658 68 50 (Ext. 2) Email: tecnico.es@danosa.com<\/p>\n","protected":false},"author":1,"featured_media":0,"parent":90,"menu_order":0,"comment_status":"closed","ping_status":"closed","template":"","meta":{"inline_featured_image":false,"site-sidebar-layout":"default","site-content-layout":"plain-container","ast-main-header-display":"","ast-hfb-above-header-display":"","ast-hfb-below-header-display":"","ast-hfb-mobile-header-display":"","site-post-title":"disabled","ast-breadcrumbs-content":"","ast-featured-img":"","footer-sml-layout":"","theme-transparent-header-meta":"default","adv-header-id-meta":"","stick-header-meta":"default","header-above-stick-meta":"","header-main-stick-meta":"","header-below-stick-meta":""},"acf":[],"yoast_head":"<!-- This site is optimized with the Yoast SEO plugin v18.1 - https:\/\/yoast.com\/wordpress\/plugins\/seo\/ -->\n<title>Sedes y delegaciones Danosa | Nacional e Internacional. Datos contacto<\/title>\n<meta name=\"description\" content=\"Conoce todas las sedes y delegaciones que Danosa tiene en Espa\u00f1a, Francia, Portugal, Reino Unido, Marruecos... Tel\u00e9fono y e-mail de contacto,\" \/>\n<meta name=\"robots\" content=\"index, follow, max-snippet:-1, max-image-preview:large, max-video-preview:-1\" \/>\n<link rel=\"canonical\" href=\"https:\/\/www.danosa.com\/es-es\/contacto\/sedes-y-direcciones\/\" \/>\n<meta property=\"og:locale\" content=\"es_ES\" \/>\n<meta property=\"og:type\" content=\"article\" \/>\n<meta property=\"og:title\" content=\"Sedes y delegaciones Danosa | Nacional e Internacional. Datos contacto\" \/>\n<meta property=\"og:description\" content=\"Conoce todas las sedes y delegaciones que Danosa tiene en Espa\u00f1a, Francia, Portugal, Reino Unido, Marruecos... Tel\u00e9fono y e-mail de contacto,\" \/>\n<meta property=\"og:url\" content=\"https:\/\/www.danosa.com\/es-es\/contacto\/sedes-y-direcciones\/\" \/>\n<meta property=\"og:site_name\" content=\"Danosa | Soluciones para la construcci\u00f3n\" \/>\n<meta property=\"article:publisher\" content=\"https:\/\/www.facebook.com\/aislamientoeimpermeabilizacion\/\" \/>\n<meta property=\"article:modified_time\" content=\"2025-11-18T11:26:32+00:00\" \/>\n<meta property=\"og:image\" content=\"https:\/\/www.danosa.com\/es-es\/wp-content\/uploads\/sites\/2\/2021\/09\/Danosa-contacto-1.jpg\" \/>\n<meta name=\"twitter:card\" content=\"summary_large_image\" \/>\n<meta name=\"twitter:site\" content=\"@DANOSA_SPAIN\" \/>\n<meta name=\"twitter:label1\" content=\"Tiempo de lectura\" \/>\n\t<meta name=\"twitter:data1\" content=\"1 minuto\" \/>\n<script type=\"application\/ld+json\" class=\"yoast-schema-graph\">{\"@context\":\"https:\/\/schema.org\",\"@graph\":[{\"@type\":\"WebSite\",\"@id\":\"https:\/\/www.danosa.com\/es-es\/#website\",\"url\":\"https:\/\/www.danosa.com\/es-es\/\",\"name\":\"Danosa | Soluciones para la construcci\u00f3n\",\"description\":\"Impermeabilizaci\u00f3n, aislamiento ac\u00fastico y t\u00e9rmico\",\"potentialAction\":[{\"@type\":\"SearchAction\",\"target\":{\"@type\":\"EntryPoint\",\"urlTemplate\":\"https:\/\/www.danosa.com\/es-es\/?s={search_term_string}\"},\"query-input\":\"required name=search_term_string\"}],\"inLanguage\":\"es\"},{\"@type\":\"ImageObject\",\"@id\":\"https:\/\/www.danosa.com\/es-es\/contacto\/sedes-y-direcciones\/#primaryimage\",\"inLanguage\":\"es\",\"url\":\"https:\/\/www.danosa.com\/es-es\/wp-content\/uploads\/sites\/2\/2021\/09\/Danosa-contacto-1.jpg\",\"contentUrl\":\"https:\/\/www.danosa.com\/es-es\/wp-content\/uploads\/sites\/2\/2021\/09\/Danosa-contacto-1.jpg\",\"width\":1920,\"height\":404,\"caption\":\"red comercial Danosa Espa\u00f1a\"},{\"@type\":\"WebPage\",\"@id\":\"https:\/\/www.danosa.com\/es-es\/contacto\/sedes-y-direcciones\/#webpage\",\"url\":\"https:\/\/www.danosa.com\/es-es\/contacto\/sedes-y-direcciones\/\",\"name\":\"Sedes y delegaciones Danosa | Nacional e Internacional. Datos contacto\",\"isPartOf\":{\"@id\":\"https:\/\/www.danosa.com\/es-es\/#website\"},\"primaryImageOfPage\":{\"@id\":\"https:\/\/www.danosa.com\/es-es\/contacto\/sedes-y-direcciones\/#primaryimage\"},\"datePublished\":\"2025-11-18T11:26:24+00:00\",\"dateModified\":\"2025-11-18T11:26:32+00:00\",\"description\":\"Conoce todas las sedes y delegaciones que Danosa tiene en Espa\u00f1a, Francia, Portugal, Reino Unido, Marruecos... Tel\u00e9fono y e-mail de contacto,\",\"breadcrumb\":{\"@id\":\"https:\/\/www.danosa.com\/es-es\/contacto\/sedes-y-direcciones\/#breadcrumb\"},\"inLanguage\":\"es\",\"potentialAction\":[{\"@type\":\"ReadAction\",\"target\":[\"https:\/\/www.danosa.com\/es-es\/contacto\/sedes-y-direcciones\/\"]}]},{\"@type\":\"BreadcrumbList\",\"@id\":\"https:\/\/www.danosa.com\/es-es\/contacto\/sedes-y-direcciones\/#breadcrumb\",\"itemListElement\":[{\"@type\":\"ListItem\",\"position\":1,\"name\":\"Portada\",\"item\":\"https:\/\/www.danosa.com\/es-es\/\"},{\"@type\":\"ListItem\",\"position\":2,\"name\":\"Contacto\",\"item\":\"https:\/\/www.danosa.com\/es-es\/contacto\/\"},{\"@type\":\"ListItem\",\"position\":3,\"name\":\"Sedes y direcciones\"}]}]}<\/script>\n<!-- \/ Yoast SEO plugin. -->","yoast_head_json":{"title":"Sedes y delegaciones Danosa | Nacional e Internacional. Datos contacto","description":"Conoce todas las sedes y delegaciones que Danosa tiene en Espa\u00f1a, Francia, Portugal, Reino Unido, Marruecos... Tel\u00e9fono y e-mail de contacto,","robots":{"index":"index","follow":"follow","max-snippet":"max-snippet:-1","max-image-preview":"max-image-preview:large","max-video-preview":"max-video-preview:-1"},"canonical":"https:\/\/www.danosa.com\/es-es\/contacto\/sedes-y-direcciones\/","og_locale":"es_ES","og_type":"article","og_title":"Sedes y delegaciones Danosa | Nacional e Internacional. Datos contacto","og_description":"Conoce todas las sedes y delegaciones que Danosa tiene en Espa\u00f1a, Francia, Portugal, Reino Unido, Marruecos... Tel\u00e9fono y e-mail de contacto,","og_url":"https:\/\/www.danosa.com\/es-es\/contacto\/sedes-y-direcciones\/","og_site_name":"Danosa | Soluciones para la construcci\u00f3n","article_publisher":"https:\/\/www.facebook.com\/aislamientoeimpermeabilizacion\/","article_modified_time":"2025-11-18T11:26:32+00:00","og_image":[{"url":"https:\/\/www.danosa.com\/es-es\/wp-content\/uploads\/sites\/2\/2021\/09\/Danosa-contacto-1.jpg"}],"twitter_card":"summary_large_image","twitter_site":"@DANOSA_SPAIN","twitter_misc":{"Tiempo de lectura":"1 minuto"},"schema":{"@context":"https:\/\/schema.org","@graph":[{"@type":"WebSite","@id":"https:\/\/www.danosa.com\/es-es\/#website","url":"https:\/\/www.danosa.com\/es-es\/","name":"Danosa | Soluciones para la construcci\u00f3n","description":"Impermeabilizaci\u00f3n, aislamiento ac\u00fastico y t\u00e9rmico","potentialAction":[{"@type":"SearchAction","target":{"@type":"EntryPoint","urlTemplate":"https:\/\/www.danosa.com\/es-es\/?s={search_term_string}"},"query-input":"required name=search_term_string"}],"inLanguage":"es"},{"@type":"ImageObject","@id":"https:\/\/www.danosa.com\/es-es\/contacto\/sedes-y-direcciones\/#primaryimage","inLanguage":"es","url":"https:\/\/www.danosa.com\/es-es\/wp-content\/uploads\/sites\/2\/2021\/09\/Danosa-contacto-1.jpg","contentUrl":"https:\/\/www.danosa.com\/es-es\/wp-content\/uploads\/sites\/2\/2021\/09\/Danosa-contacto-1.jpg","width":1920,"height":404,"caption":"red comercial Danosa Espa\u00f1a"},{"@type":"WebPage","@id":"https:\/\/www.danosa.com\/es-es\/contacto\/sedes-y-direcciones\/#webpage","url":"https:\/\/www.danosa.com\/es-es\/contacto\/sedes-y-direcciones\/","name":"Sedes y delegaciones Danosa | Nacional e Internacional. Datos contacto","isPartOf":{"@id":"https:\/\/www.danosa.com\/es-es\/#website"},"primaryImageOfPage":{"@id":"https:\/\/www.danosa.com\/es-es\/contacto\/sedes-y-direcciones\/#primaryimage"},"datePublished":"2025-11-18T11:26:24+00:00","dateModified":"2025-11-18T11:26:32+00:00","description":"Conoce todas las sedes y delegaciones que Danosa tiene en Espa\u00f1a, Francia, Portugal, Reino Unido, Marruecos... Tel\u00e9fono y e-mail de contacto,","breadcrumb":{"@id":"https:\/\/www.danosa.com\/es-es\/contacto\/sedes-y-direcciones\/#breadcrumb"},"inLanguage":"es","potentialAction":[{"@type":"ReadAction","target":["https:\/\/www.danosa.com\/es-es\/contacto\/sedes-y-direcciones\/"]}]},{"@type":"BreadcrumbList","@id":"https:\/\/www.danosa.com\/es-es\/contacto\/sedes-y-direcciones\/#breadcrumb","itemListElement":[{"@type":"ListItem","position":1,"name":"Portada","item":"https:\/\/www.danosa.com\/es-es\/"},{"@type":"ListItem","position":2,"name":"Contacto","item":"https:\/\/www.danosa.com\/es-es\/contacto\/"},{"@type":"ListItem","position":3,"name":"Sedes y direcciones"}]}]}},"_links":{"self":[{"href":"https:\/\/www.danosa.com\/es-es\/wp-json\/wp\/v2\/pages\/1535"}],"collection":[{"href":"https:\/\/www.danosa.com\/es-es\/wp-json\/wp\/v2\/pages"}],"about":[{"href":"https:\/\/www.danosa.com\/es-es\/wp-json\/wp\/v2\/types\/page"}],"author":[{"embeddable":true,"href":"https:\/\/www.danosa.com\/es-es\/wp-json\/wp\/v2\/users\/1"}],"replies":[{"embeddable":true,"href":"https:\/\/www.danosa.com\/es-es\/wp-json\/wp\/v2\/comments?post=1535"}],"version-history":[{"count":97,"href":"https:\/\/www.danosa.com\/es-es\/wp-json\/wp\/v2\/pages\/1535\/revisions"}],"predecessor-version":[{"id":13981,"href":"https:\/\/www.danosa.com\/es-es\/wp-json\/wp\/v2\/pages\/1535\/revisions\/13981"}],"up":[{"embeddable":true,"href":"https:\/\/www.danosa.com\/es-es\/wp-json\/wp\/v2\/pages\/90"}],"wp:attachment":[{"href":"https:\/\/www.danosa.com\/es-es\/wp-json\/wp\/v2\/media?parent=1535"}],"curies":[{"name":"wp","href":"https:\/\/api.w.org\/{rel}","templated":true}]}}