{"id":7186,"date":"2021-10-04T16:29:28","date_gmt":"2021-10-04T16:29:28","guid":{"rendered":"https:\/\/www.danosa.com\/es-es\/?page_id=7186"},"modified":"2023-11-16T00:13:56","modified_gmt":"2023-11-15T23:13:56","slug":"rehabilitacion","status":"publish","type":"page","link":"https:\/\/www.danosa.com\/es-es\/sistemas\/rehabilitacion\/","title":{"rendered":"Rehabilitaci\u00f3n"},"content":{"rendered":"","protected":false},"excerpt":{"rendered":"","protected":false},"author":1,"featured_media":0,"parent":80,"menu_order":0,"comment_status":"closed","ping_status":"closed","template":"tp-systems.php","meta":{"inline_featured_image":false,"site-sidebar-layout":"default","site-content-layout":"plain-container","ast-main-header-display":"","ast-hfb-above-header-display":"","ast-hfb-below-header-display":"","ast-hfb-mobile-header-display":"","site-post-title":"","ast-breadcrumbs-content":"","ast-featured-img":"","footer-sml-layout":"","theme-transparent-header-meta":"default","adv-header-id-meta":"","stick-header-meta":"default","header-above-stick-meta":"","header-main-stick-meta":"","header-below-stick-meta":""},"acf":[],"yoast_head":"<!-- This site is optimized with the Yoast SEO plugin v18.1 - https:\/\/yoast.com\/wordpress\/plugins\/seo\/ -->\n<title>Soluciones para rehabilitaci\u00f3n de viviendas, fachadas y edificios<\/title>\n<meta name=\"description\" content=\"Soluciones DANOSA para impermeabilizaci\u00f3n, aislamiento t\u00e9rmico y ac\u00fastico de cubiertas, fachadas, edificios, interiores e instalaciones. Sistemas Danosa\" \/>\n<meta name=\"robots\" content=\"index, follow, max-snippet:-1, max-image-preview:large, max-video-preview:-1\" \/>\n<link rel=\"canonical\" href=\"https:\/\/www.danosa.com\/es-es\/sistemas\/rehabilitacion\/\" \/>\n<meta property=\"og:locale\" content=\"es_ES\" \/>\n<meta property=\"og:type\" content=\"article\" \/>\n<meta property=\"og:title\" content=\"Soluciones para rehabilitaci\u00f3n de viviendas, fachadas y edificios\" \/>\n<meta property=\"og:description\" content=\"Soluciones DANOSA para impermeabilizaci\u00f3n, aislamiento t\u00e9rmico y ac\u00fastico de cubiertas, fachadas, edificios, interiores e instalaciones. Sistemas Danosa\" \/>\n<meta property=\"og:url\" content=\"https:\/\/www.danosa.com\/es-es\/sistemas\/rehabilitacion\/\" \/>\n<meta property=\"og:site_name\" content=\"Danosa | Soluciones para la construcci\u00f3n\" \/>\n<meta property=\"article:publisher\" content=\"https:\/\/www.facebook.com\/aislamientoeimpermeabilizacion\/\" \/>\n<meta property=\"article:modified_time\" content=\"2023-11-15T23:13:56+00:00\" \/>\n<meta name=\"twitter:card\" content=\"summary_large_image\" \/>\n<meta name=\"twitter:site\" content=\"@DANOSA_SPAIN\" \/>\n<script type=\"application\/ld+json\" class=\"yoast-schema-graph\">{\"@context\":\"https:\/\/schema.org\",\"@graph\":[{\"@type\":\"WebSite\",\"@id\":\"https:\/\/www.danosa.com\/es-es\/#website\",\"url\":\"https:\/\/www.danosa.com\/es-es\/\",\"name\":\"Danosa | Soluciones para la construcci\u00f3n\",\"description\":\"Impermeabilizaci\u00f3n, aislamiento ac\u00fastico y t\u00e9rmico\",\"potentialAction\":[{\"@type\":\"SearchAction\",\"target\":{\"@type\":\"EntryPoint\",\"urlTemplate\":\"https:\/\/www.danosa.com\/es-es\/?s={search_term_string}\"},\"query-input\":\"required name=search_term_string\"}],\"inLanguage\":\"es\"},{\"@type\":\"WebPage\",\"@id\":\"https:\/\/www.danosa.com\/es-es\/sistemas\/rehabilitacion\/#webpage\",\"url\":\"https:\/\/www.danosa.com\/es-es\/sistemas\/rehabilitacion\/\",\"name\":\"Soluciones para rehabilitaci\u00f3n de viviendas, fachadas y edificios\",\"isPartOf\":{\"@id\":\"https:\/\/www.danosa.com\/es-es\/#website\"},\"datePublished\":\"2021-10-04T16:29:28+00:00\",\"dateModified\":\"2023-11-15T23:13:56+00:00\",\"description\":\"Soluciones DANOSA para impermeabilizaci\u00f3n, aislamiento t\u00e9rmico y ac\u00fastico de cubiertas, fachadas, edificios, interiores e instalaciones. Sistemas Danosa\",\"breadcrumb\":{\"@id\":\"https:\/\/www.danosa.com\/es-es\/sistemas\/rehabilitacion\/#breadcrumb\"},\"inLanguage\":\"es\",\"potentialAction\":[{\"@type\":\"ReadAction\",\"target\":[\"https:\/\/www.danosa.com\/es-es\/sistemas\/rehabilitacion\/\"]}]},{\"@type\":\"BreadcrumbList\",\"@id\":\"https:\/\/www.danosa.com\/es-es\/sistemas\/rehabilitacion\/#breadcrumb\",\"itemListElement\":[{\"@type\":\"ListItem\",\"position\":1,\"name\":\"Portada\",\"item\":\"https:\/\/www.danosa.com\/es-es\/\"},{\"@type\":\"ListItem\",\"position\":2,\"name\":\"Sistemas\",\"item\":\"https:\/\/www.danosa.com\/es-es\/sistemas\/\"},{\"@type\":\"ListItem\",\"position\":3,\"name\":\"Rehabilitaci\u00f3n\"}]}]}<\/script>\n<!-- \/ Yoast SEO plugin. -->","yoast_head_json":{"title":"Soluciones para rehabilitaci\u00f3n de viviendas, fachadas y edificios","description":"Soluciones DANOSA para impermeabilizaci\u00f3n, aislamiento t\u00e9rmico y ac\u00fastico de cubiertas, fachadas, edificios, interiores e instalaciones. Sistemas Danosa","robots":{"index":"index","follow":"follow","max-snippet":"max-snippet:-1","max-image-preview":"max-image-preview:large","max-video-preview":"max-video-preview:-1"},"canonical":"https:\/\/www.danosa.com\/es-es\/sistemas\/rehabilitacion\/","og_locale":"es_ES","og_type":"article","og_title":"Soluciones para rehabilitaci\u00f3n de viviendas, fachadas y edificios","og_description":"Soluciones DANOSA para impermeabilizaci\u00f3n, aislamiento t\u00e9rmico y ac\u00fastico de cubiertas, fachadas, edificios, interiores e instalaciones. Sistemas Danosa","og_url":"https:\/\/www.danosa.com\/es-es\/sistemas\/rehabilitacion\/","og_site_name":"Danosa | Soluciones para la construcci\u00f3n","article_publisher":"https:\/\/www.facebook.com\/aislamientoeimpermeabilizacion\/","article_modified_time":"2023-11-15T23:13:56+00:00","twitter_card":"summary_large_image","twitter_site":"@DANOSA_SPAIN","schema":{"@context":"https:\/\/schema.org","@graph":[{"@type":"WebSite","@id":"https:\/\/www.danosa.com\/es-es\/#website","url":"https:\/\/www.danosa.com\/es-es\/","name":"Danosa | Soluciones para la construcci\u00f3n","description":"Impermeabilizaci\u00f3n, aislamiento ac\u00fastico y t\u00e9rmico","potentialAction":[{"@type":"SearchAction","target":{"@type":"EntryPoint","urlTemplate":"https:\/\/www.danosa.com\/es-es\/?s={search_term_string}"},"query-input":"required name=search_term_string"}],"inLanguage":"es"},{"@type":"WebPage","@id":"https:\/\/www.danosa.com\/es-es\/sistemas\/rehabilitacion\/#webpage","url":"https:\/\/www.danosa.com\/es-es\/sistemas\/rehabilitacion\/","name":"Soluciones para rehabilitaci\u00f3n de viviendas, fachadas y edificios","isPartOf":{"@id":"https:\/\/www.danosa.com\/es-es\/#website"},"datePublished":"2021-10-04T16:29:28+00:00","dateModified":"2023-11-15T23:13:56+00:00","description":"Soluciones DANOSA para impermeabilizaci\u00f3n, aislamiento t\u00e9rmico y ac\u00fastico de cubiertas, fachadas, edificios, interiores e instalaciones. Sistemas Danosa","breadcrumb":{"@id":"https:\/\/www.danosa.com\/es-es\/sistemas\/rehabilitacion\/#breadcrumb"},"inLanguage":"es","potentialAction":[{"@type":"ReadAction","target":["https:\/\/www.danosa.com\/es-es\/sistemas\/rehabilitacion\/"]}]},{"@type":"BreadcrumbList","@id":"https:\/\/www.danosa.com\/es-es\/sistemas\/rehabilitacion\/#breadcrumb","itemListElement":[{"@type":"ListItem","position":1,"name":"Portada","item":"https:\/\/www.danosa.com\/es-es\/"},{"@type":"ListItem","position":2,"name":"Sistemas","item":"https:\/\/www.danosa.com\/es-es\/sistemas\/"},{"@type":"ListItem","position":3,"name":"Rehabilitaci\u00f3n"}]}]}},"_links":{"self":[{"href":"https:\/\/www.danosa.com\/es-es\/wp-json\/wp\/v2\/pages\/7186"}],"collection":[{"href":"https:\/\/www.danosa.com\/es-es\/wp-json\/wp\/v2\/pages"}],"about":[{"href":"https:\/\/www.danosa.com\/es-es\/wp-json\/wp\/v2\/types\/page"}],"author":[{"embeddable":true,"href":"https:\/\/www.danosa.com\/es-es\/wp-json\/wp\/v2\/users\/1"}],"replies":[{"embeddable":true,"href":"https:\/\/www.danosa.com\/es-es\/wp-json\/wp\/v2\/comments?post=7186"}],"version-history":[{"count":10,"href":"https:\/\/www.danosa.com\/es-es\/wp-json\/wp\/v2\/pages\/7186\/revisions"}],"predecessor-version":[{"id":7228,"href":"https:\/\/www.danosa.com\/es-es\/wp-json\/wp\/v2\/pages\/7186\/revisions\/7228"}],"up":[{"embeddable":true,"href":"https:\/\/www.danosa.com\/es-es\/wp-json\/wp\/v2\/pages\/80"}],"wp:attachment":[{"href":"https:\/\/www.danosa.com\/es-es\/wp-json\/wp\/v2\/media?parent=7186"}],"curies":[{"name":"wp","href":"https:\/\/api.w.org\/{rel}","templated":true}]}}