{"id":7187,"date":"2021-10-04T16:29:57","date_gmt":"2021-10-04T16:29:57","guid":{"rendered":"https:\/\/www.danosa.com\/es-es\/?page_id=7187"},"modified":"2023-11-13T22:57:46","modified_gmt":"2023-11-13T21:57:46","slug":"sostenibilidad","status":"publish","type":"page","link":"https:\/\/www.danosa.com\/es-es\/sistemas\/sostenibilidad\/","title":{"rendered":"Sostenibilidad"},"content":{"rendered":"","protected":false},"excerpt":{"rendered":"","protected":false},"author":1,"featured_media":0,"parent":80,"menu_order":0,"comment_status":"closed","ping_status":"closed","template":"tp-systems.php","meta":{"inline_featured_image":false,"site-sidebar-layout":"default","site-content-layout":"default","ast-main-header-display":"","ast-hfb-above-header-display":"","ast-hfb-below-header-display":"","ast-hfb-mobile-header-display":"","site-post-title":"","ast-breadcrumbs-content":"","ast-featured-img":"","footer-sml-layout":"","theme-transparent-header-meta":"default","adv-header-id-meta":"","stick-header-meta":"default","header-above-stick-meta":"","header-main-stick-meta":"","header-below-stick-meta":""},"acf":[],"yoast_head":"<!-- This site is optimized with the Yoast SEO plugin v18.1 - https:\/\/yoast.com\/wordpress\/plugins\/seo\/ -->\n<title>Las soluciones t\u00e9cnicas m\u00e1s sostenibles para obra y edificaci\u00f3n<\/title>\n<meta name=\"description\" content=\"Soluciones sostenibles para la impermeabilizaci\u00f3n, drenaje, aislamiento t\u00e9rmico y ac\u00fastico de cubiertas, fachadas, edificios, solera y forjado\" \/>\n<meta name=\"robots\" content=\"index, follow, max-snippet:-1, max-image-preview:large, max-video-preview:-1\" \/>\n<link rel=\"canonical\" href=\"https:\/\/www.danosa.com\/es-es\/sistemas\/sostenibilidad\/\" \/>\n<meta property=\"og:locale\" content=\"es_ES\" \/>\n<meta property=\"og:type\" content=\"article\" \/>\n<meta property=\"og:title\" content=\"Las soluciones t\u00e9cnicas m\u00e1s sostenibles para obra y edificaci\u00f3n\" \/>\n<meta property=\"og:description\" content=\"Soluciones sostenibles para la impermeabilizaci\u00f3n, drenaje, aislamiento t\u00e9rmico y ac\u00fastico de cubiertas, fachadas, edificios, solera y forjado\" \/>\n<meta property=\"og:url\" content=\"https:\/\/www.danosa.com\/es-es\/sistemas\/sostenibilidad\/\" \/>\n<meta property=\"og:site_name\" content=\"Danosa | Soluciones para la construcci\u00f3n\" \/>\n<meta property=\"article:publisher\" content=\"https:\/\/www.facebook.com\/aislamientoeimpermeabilizacion\/\" \/>\n<meta property=\"article:modified_time\" content=\"2023-11-13T21:57:46+00:00\" \/>\n<meta name=\"twitter:card\" content=\"summary_large_image\" \/>\n<meta name=\"twitter:site\" content=\"@DANOSA_SPAIN\" \/>\n<script type=\"application\/ld+json\" class=\"yoast-schema-graph\">{\"@context\":\"https:\/\/schema.org\",\"@graph\":[{\"@type\":\"WebSite\",\"@id\":\"https:\/\/www.danosa.com\/es-es\/#website\",\"url\":\"https:\/\/www.danosa.com\/es-es\/\",\"name\":\"Danosa | Soluciones para la construcci\u00f3n\",\"description\":\"Impermeabilizaci\u00f3n, aislamiento ac\u00fastico y t\u00e9rmico\",\"potentialAction\":[{\"@type\":\"SearchAction\",\"target\":{\"@type\":\"EntryPoint\",\"urlTemplate\":\"https:\/\/www.danosa.com\/es-es\/?s={search_term_string}\"},\"query-input\":\"required name=search_term_string\"}],\"inLanguage\":\"es\"},{\"@type\":\"WebPage\",\"@id\":\"https:\/\/www.danosa.com\/es-es\/sistemas\/sostenibilidad\/#webpage\",\"url\":\"https:\/\/www.danosa.com\/es-es\/sistemas\/sostenibilidad\/\",\"name\":\"Las soluciones t\u00e9cnicas m\u00e1s sostenibles para obra y edificaci\u00f3n\",\"isPartOf\":{\"@id\":\"https:\/\/www.danosa.com\/es-es\/#website\"},\"datePublished\":\"2021-10-04T16:29:57+00:00\",\"dateModified\":\"2023-11-13T21:57:46+00:00\",\"description\":\"Soluciones sostenibles para la impermeabilizaci\u00f3n, drenaje, aislamiento t\u00e9rmico y ac\u00fastico de cubiertas, fachadas, edificios, solera y forjado\",\"breadcrumb\":{\"@id\":\"https:\/\/www.danosa.com\/es-es\/sistemas\/sostenibilidad\/#breadcrumb\"},\"inLanguage\":\"es\",\"potentialAction\":[{\"@type\":\"ReadAction\",\"target\":[\"https:\/\/www.danosa.com\/es-es\/sistemas\/sostenibilidad\/\"]}]},{\"@type\":\"BreadcrumbList\",\"@id\":\"https:\/\/www.danosa.com\/es-es\/sistemas\/sostenibilidad\/#breadcrumb\",\"itemListElement\":[{\"@type\":\"ListItem\",\"position\":1,\"name\":\"Portada\",\"item\":\"https:\/\/www.danosa.com\/es-es\/\"},{\"@type\":\"ListItem\",\"position\":2,\"name\":\"Sistemas\",\"item\":\"https:\/\/www.danosa.com\/es-es\/sistemas\/\"},{\"@type\":\"ListItem\",\"position\":3,\"name\":\"Sostenibilidad\"}]}]}<\/script>\n<!-- \/ Yoast SEO plugin. -->","yoast_head_json":{"title":"Las soluciones t\u00e9cnicas m\u00e1s sostenibles para obra y edificaci\u00f3n","description":"Soluciones sostenibles para la impermeabilizaci\u00f3n, drenaje, aislamiento t\u00e9rmico y ac\u00fastico de cubiertas, fachadas, edificios, solera y forjado","robots":{"index":"index","follow":"follow","max-snippet":"max-snippet:-1","max-image-preview":"max-image-preview:large","max-video-preview":"max-video-preview:-1"},"canonical":"https:\/\/www.danosa.com\/es-es\/sistemas\/sostenibilidad\/","og_locale":"es_ES","og_type":"article","og_title":"Las soluciones t\u00e9cnicas m\u00e1s sostenibles para obra y edificaci\u00f3n","og_description":"Soluciones sostenibles para la impermeabilizaci\u00f3n, drenaje, aislamiento t\u00e9rmico y ac\u00fastico de cubiertas, fachadas, edificios, solera y forjado","og_url":"https:\/\/www.danosa.com\/es-es\/sistemas\/sostenibilidad\/","og_site_name":"Danosa | Soluciones para la construcci\u00f3n","article_publisher":"https:\/\/www.facebook.com\/aislamientoeimpermeabilizacion\/","article_modified_time":"2023-11-13T21:57:46+00:00","twitter_card":"summary_large_image","twitter_site":"@DANOSA_SPAIN","schema":{"@context":"https:\/\/schema.org","@graph":[{"@type":"WebSite","@id":"https:\/\/www.danosa.com\/es-es\/#website","url":"https:\/\/www.danosa.com\/es-es\/","name":"Danosa | Soluciones para la construcci\u00f3n","description":"Impermeabilizaci\u00f3n, aislamiento ac\u00fastico y t\u00e9rmico","potentialAction":[{"@type":"SearchAction","target":{"@type":"EntryPoint","urlTemplate":"https:\/\/www.danosa.com\/es-es\/?s={search_term_string}"},"query-input":"required name=search_term_string"}],"inLanguage":"es"},{"@type":"WebPage","@id":"https:\/\/www.danosa.com\/es-es\/sistemas\/sostenibilidad\/#webpage","url":"https:\/\/www.danosa.com\/es-es\/sistemas\/sostenibilidad\/","name":"Las soluciones t\u00e9cnicas m\u00e1s sostenibles para obra y edificaci\u00f3n","isPartOf":{"@id":"https:\/\/www.danosa.com\/es-es\/#website"},"datePublished":"2021-10-04T16:29:57+00:00","dateModified":"2023-11-13T21:57:46+00:00","description":"Soluciones sostenibles para la impermeabilizaci\u00f3n, drenaje, aislamiento t\u00e9rmico y ac\u00fastico de cubiertas, fachadas, edificios, solera y forjado","breadcrumb":{"@id":"https:\/\/www.danosa.com\/es-es\/sistemas\/sostenibilidad\/#breadcrumb"},"inLanguage":"es","potentialAction":[{"@type":"ReadAction","target":["https:\/\/www.danosa.com\/es-es\/sistemas\/sostenibilidad\/"]}]},{"@type":"BreadcrumbList","@id":"https:\/\/www.danosa.com\/es-es\/sistemas\/sostenibilidad\/#breadcrumb","itemListElement":[{"@type":"ListItem","position":1,"name":"Portada","item":"https:\/\/www.danosa.com\/es-es\/"},{"@type":"ListItem","position":2,"name":"Sistemas","item":"https:\/\/www.danosa.com\/es-es\/sistemas\/"},{"@type":"ListItem","position":3,"name":"Sostenibilidad"}]}]}},"_links":{"self":[{"href":"https:\/\/www.danosa.com\/es-es\/wp-json\/wp\/v2\/pages\/7187"}],"collection":[{"href":"https:\/\/www.danosa.com\/es-es\/wp-json\/wp\/v2\/pages"}],"about":[{"href":"https:\/\/www.danosa.com\/es-es\/wp-json\/wp\/v2\/types\/page"}],"author":[{"embeddable":true,"href":"https:\/\/www.danosa.com\/es-es\/wp-json\/wp\/v2\/users\/1"}],"replies":[{"embeddable":true,"href":"https:\/\/www.danosa.com\/es-es\/wp-json\/wp\/v2\/comments?post=7187"}],"version-history":[{"count":7,"href":"https:\/\/www.danosa.com\/es-es\/wp-json\/wp\/v2\/pages\/7187\/revisions"}],"predecessor-version":[{"id":7231,"href":"https:\/\/www.danosa.com\/es-es\/wp-json\/wp\/v2\/pages\/7187\/revisions\/7231"}],"up":[{"embeddable":true,"href":"https:\/\/www.danosa.com\/es-es\/wp-json\/wp\/v2\/pages\/80"}],"wp:attachment":[{"href":"https:\/\/www.danosa.com\/es-es\/wp-json\/wp\/v2\/media?parent=7187"}],"curies":[{"name":"wp","href":"https:\/\/api.w.org\/{rel}","templated":true}]}}