{"id":7882,"date":"2021-11-04T10:20:45","date_gmt":"2021-11-04T10:20:45","guid":{"rendered":"https:\/\/www.danosa.com\/es-es\/?page_id=7882"},"modified":"2023-11-09T13:44:13","modified_gmt":"2023-11-09T12:44:13","slug":"herramientas","status":"publish","type":"page","link":"https:\/\/www.danosa.com\/es-es\/prescripcion\/herramientas\/","title":{"rendered":"Herramientas"},"content":{"rendered":"","protected":false},"excerpt":{"rendered":"","protected":false},"author":1,"featured_media":0,"parent":82,"menu_order":0,"comment_status":"closed","ping_status":"closed","template":"tp-online-projects.php","meta":{"inline_featured_image":false,"site-sidebar-layout":"default","site-content-layout":"default","ast-main-header-display":"","ast-hfb-above-header-display":"","ast-hfb-below-header-display":"","ast-hfb-mobile-header-display":"","site-post-title":"","ast-breadcrumbs-content":"","ast-featured-img":"","footer-sml-layout":"","theme-transparent-header-meta":"default","adv-header-id-meta":"","stick-header-meta":"default","header-above-stick-meta":"","header-main-stick-meta":"","header-below-stick-meta":""},"acf":[],"yoast_head":"<!-- This site is optimized with the Yoast SEO plugin v18.1 - https:\/\/yoast.com\/wordpress\/plugins\/seo\/ -->\n<title>Herramientas: particulares, prescriptores y profesionales construcci\u00f3n<\/title>\n<meta name=\"description\" content=\"Herramienta para estimar el ahorro energ\u00e9tico en una vivienda, para encontrar la soluci\u00f3n ac\u00fastica m\u00e1s eficaz, para dise\u00f1ar tu proyecto, etc.\" \/>\n<meta name=\"robots\" content=\"index, follow, max-snippet:-1, max-image-preview:large, max-video-preview:-1\" \/>\n<link rel=\"canonical\" href=\"https:\/\/www.danosa.com\/es-es\/prescripcion\/herramientas\/\" \/>\n<meta property=\"og:locale\" content=\"es_ES\" \/>\n<meta property=\"og:type\" content=\"article\" \/>\n<meta property=\"og:title\" content=\"Herramientas: particulares, prescriptores y profesionales construcci\u00f3n\" \/>\n<meta property=\"og:description\" content=\"Herramienta para estimar el ahorro energ\u00e9tico en una vivienda, para encontrar la soluci\u00f3n ac\u00fastica m\u00e1s eficaz, para dise\u00f1ar tu proyecto, etc.\" \/>\n<meta property=\"og:url\" content=\"https:\/\/www.danosa.com\/es-es\/prescripcion\/herramientas\/\" \/>\n<meta property=\"og:site_name\" content=\"Danosa | Soluciones para la construcci\u00f3n\" \/>\n<meta property=\"article:publisher\" content=\"https:\/\/www.facebook.com\/aislamientoeimpermeabilizacion\/\" \/>\n<meta property=\"article:modified_time\" content=\"2023-11-09T12:44:13+00:00\" \/>\n<meta name=\"twitter:card\" content=\"summary_large_image\" \/>\n<meta name=\"twitter:site\" content=\"@DANOSA_SPAIN\" \/>\n<script type=\"application\/ld+json\" class=\"yoast-schema-graph\">{\"@context\":\"https:\/\/schema.org\",\"@graph\":[{\"@type\":\"WebSite\",\"@id\":\"https:\/\/www.danosa.com\/es-es\/#website\",\"url\":\"https:\/\/www.danosa.com\/es-es\/\",\"name\":\"Danosa | Soluciones para la construcci\u00f3n\",\"description\":\"Impermeabilizaci\u00f3n, aislamiento ac\u00fastico y t\u00e9rmico\",\"potentialAction\":[{\"@type\":\"SearchAction\",\"target\":{\"@type\":\"EntryPoint\",\"urlTemplate\":\"https:\/\/www.danosa.com\/es-es\/?s={search_term_string}\"},\"query-input\":\"required name=search_term_string\"}],\"inLanguage\":\"es\"},{\"@type\":\"WebPage\",\"@id\":\"https:\/\/www.danosa.com\/es-es\/prescripcion\/herramientas\/#webpage\",\"url\":\"https:\/\/www.danosa.com\/es-es\/prescripcion\/herramientas\/\",\"name\":\"Herramientas: particulares, prescriptores y profesionales construcci\u00f3n\",\"isPartOf\":{\"@id\":\"https:\/\/www.danosa.com\/es-es\/#website\"},\"datePublished\":\"2021-11-04T10:20:45+00:00\",\"dateModified\":\"2023-11-09T12:44:13+00:00\",\"description\":\"Herramienta para estimar el ahorro energ\u00e9tico en una vivienda, para encontrar la soluci\u00f3n ac\u00fastica m\u00e1s eficaz, para dise\u00f1ar tu proyecto, etc.\",\"breadcrumb\":{\"@id\":\"https:\/\/www.danosa.com\/es-es\/prescripcion\/herramientas\/#breadcrumb\"},\"inLanguage\":\"es\",\"potentialAction\":[{\"@type\":\"ReadAction\",\"target\":[\"https:\/\/www.danosa.com\/es-es\/prescripcion\/herramientas\/\"]}]},{\"@type\":\"BreadcrumbList\",\"@id\":\"https:\/\/www.danosa.com\/es-es\/prescripcion\/herramientas\/#breadcrumb\",\"itemListElement\":[{\"@type\":\"ListItem\",\"position\":1,\"name\":\"Portada\",\"item\":\"https:\/\/www.danosa.com\/es-es\/\"},{\"@type\":\"ListItem\",\"position\":2,\"name\":\"Prescripci\u00f3n\",\"item\":\"https:\/\/www.danosa.com\/es-es\/prescripcion\/\"},{\"@type\":\"ListItem\",\"position\":3,\"name\":\"Herramientas\"}]}]}<\/script>\n<!-- \/ Yoast SEO plugin. -->","yoast_head_json":{"title":"Herramientas: particulares, prescriptores y profesionales construcci\u00f3n","description":"Herramienta para estimar el ahorro energ\u00e9tico en una vivienda, para encontrar la soluci\u00f3n ac\u00fastica m\u00e1s eficaz, para dise\u00f1ar tu proyecto, etc.","robots":{"index":"index","follow":"follow","max-snippet":"max-snippet:-1","max-image-preview":"max-image-preview:large","max-video-preview":"max-video-preview:-1"},"canonical":"https:\/\/www.danosa.com\/es-es\/prescripcion\/herramientas\/","og_locale":"es_ES","og_type":"article","og_title":"Herramientas: particulares, prescriptores y profesionales construcci\u00f3n","og_description":"Herramienta para estimar el ahorro energ\u00e9tico en una vivienda, para encontrar la soluci\u00f3n ac\u00fastica m\u00e1s eficaz, para dise\u00f1ar tu proyecto, etc.","og_url":"https:\/\/www.danosa.com\/es-es\/prescripcion\/herramientas\/","og_site_name":"Danosa | Soluciones para la construcci\u00f3n","article_publisher":"https:\/\/www.facebook.com\/aislamientoeimpermeabilizacion\/","article_modified_time":"2023-11-09T12:44:13+00:00","twitter_card":"summary_large_image","twitter_site":"@DANOSA_SPAIN","schema":{"@context":"https:\/\/schema.org","@graph":[{"@type":"WebSite","@id":"https:\/\/www.danosa.com\/es-es\/#website","url":"https:\/\/www.danosa.com\/es-es\/","name":"Danosa | Soluciones para la construcci\u00f3n","description":"Impermeabilizaci\u00f3n, aislamiento ac\u00fastico y t\u00e9rmico","potentialAction":[{"@type":"SearchAction","target":{"@type":"EntryPoint","urlTemplate":"https:\/\/www.danosa.com\/es-es\/?s={search_term_string}"},"query-input":"required name=search_term_string"}],"inLanguage":"es"},{"@type":"WebPage","@id":"https:\/\/www.danosa.com\/es-es\/prescripcion\/herramientas\/#webpage","url":"https:\/\/www.danosa.com\/es-es\/prescripcion\/herramientas\/","name":"Herramientas: particulares, prescriptores y profesionales construcci\u00f3n","isPartOf":{"@id":"https:\/\/www.danosa.com\/es-es\/#website"},"datePublished":"2021-11-04T10:20:45+00:00","dateModified":"2023-11-09T12:44:13+00:00","description":"Herramienta para estimar el ahorro energ\u00e9tico en una vivienda, para encontrar la soluci\u00f3n ac\u00fastica m\u00e1s eficaz, para dise\u00f1ar tu proyecto, etc.","breadcrumb":{"@id":"https:\/\/www.danosa.com\/es-es\/prescripcion\/herramientas\/#breadcrumb"},"inLanguage":"es","potentialAction":[{"@type":"ReadAction","target":["https:\/\/www.danosa.com\/es-es\/prescripcion\/herramientas\/"]}]},{"@type":"BreadcrumbList","@id":"https:\/\/www.danosa.com\/es-es\/prescripcion\/herramientas\/#breadcrumb","itemListElement":[{"@type":"ListItem","position":1,"name":"Portada","item":"https:\/\/www.danosa.com\/es-es\/"},{"@type":"ListItem","position":2,"name":"Prescripci\u00f3n","item":"https:\/\/www.danosa.com\/es-es\/prescripcion\/"},{"@type":"ListItem","position":3,"name":"Herramientas"}]}]}},"_links":{"self":[{"href":"https:\/\/www.danosa.com\/es-es\/wp-json\/wp\/v2\/pages\/7882"}],"collection":[{"href":"https:\/\/www.danosa.com\/es-es\/wp-json\/wp\/v2\/pages"}],"about":[{"href":"https:\/\/www.danosa.com\/es-es\/wp-json\/wp\/v2\/types\/page"}],"author":[{"embeddable":true,"href":"https:\/\/www.danosa.com\/es-es\/wp-json\/wp\/v2\/users\/1"}],"replies":[{"embeddable":true,"href":"https:\/\/www.danosa.com\/es-es\/wp-json\/wp\/v2\/comments?post=7882"}],"version-history":[{"count":8,"href":"https:\/\/www.danosa.com\/es-es\/wp-json\/wp\/v2\/pages\/7882\/revisions"}],"predecessor-version":[{"id":8287,"href":"https:\/\/www.danosa.com\/es-es\/wp-json\/wp\/v2\/pages\/7882\/revisions\/8287"}],"up":[{"embeddable":true,"href":"https:\/\/www.danosa.com\/es-es\/wp-json\/wp\/v2\/pages\/82"}],"wp:attachment":[{"href":"https:\/\/www.danosa.com\/es-es\/wp-json\/wp\/v2\/media?parent=7882"}],"curies":[{"name":"wp","href":"https:\/\/api.w.org\/{rel}","templated":true}]}}