{"id":82,"date":"2021-06-22T11:26:00","date_gmt":"2021-06-22T11:26:00","guid":{"rendered":"https:\/\/www.danosa.com\/es-es\/?page_id=82"},"modified":"2026-02-09T15:22:29","modified_gmt":"2026-02-09T14:22:29","slug":"prescripcion","status":"publish","type":"page","link":"https:\/\/www.danosa.com\/es-es\/prescripcion\/","title":{"rendered":"Prescripci\u00f3n"},"content":{"rendered":"","protected":false},"excerpt":{"rendered":"","protected":false},"author":1,"featured_media":0,"parent":0,"menu_order":0,"comment_status":"closed","ping_status":"closed","template":"tp-online-projects.php","meta":{"inline_featured_image":false,"site-sidebar-layout":"default","site-content-layout":"plain-container","ast-main-header-display":"","ast-hfb-above-header-display":"","ast-hfb-below-header-display":"","ast-hfb-mobile-header-display":"","site-post-title":"","ast-breadcrumbs-content":"","ast-featured-img":"","footer-sml-layout":"","theme-transparent-header-meta":"default","adv-header-id-meta":"","stick-header-meta":"default","header-above-stick-meta":"","header-main-stick-meta":"","header-below-stick-meta":""},"acf":[],"yoast_head":"<!-- This site is optimized with the Yoast SEO plugin v18.1 - https:\/\/yoast.com\/wordpress\/plugins\/seo\/ -->\n<title>Prescripci\u00f3n | Documentaci\u00f3n, Precios, Herramientas, Soporte t\u00e9cnico<\/title>\n<meta name=\"description\" content=\"Informaci\u00f3n y herramientas para prescriptores de productos Danosa: BIM, CAD, tarifas precios, documentaci\u00f3n t\u00e9cnica y soporte t\u00e9cnico online.\" \/>\n<meta name=\"robots\" content=\"index, follow, max-snippet:-1, max-image-preview:large, max-video-preview:-1\" \/>\n<link rel=\"canonical\" href=\"https:\/\/www.danosa.com\/es-es\/prescripcion\/\" \/>\n<meta property=\"og:locale\" content=\"es_ES\" \/>\n<meta property=\"og:type\" content=\"article\" \/>\n<meta property=\"og:title\" content=\"Prescripci\u00f3n | Documentaci\u00f3n, Precios, Herramientas, Soporte t\u00e9cnico\" \/>\n<meta property=\"og:description\" content=\"Informaci\u00f3n y herramientas para prescriptores de productos Danosa: BIM, CAD, tarifas precios, documentaci\u00f3n t\u00e9cnica y soporte t\u00e9cnico online.\" \/>\n<meta property=\"og:url\" content=\"https:\/\/www.danosa.com\/es-es\/prescripcion\/\" \/>\n<meta property=\"og:site_name\" content=\"Danosa | Soluciones para la construcci\u00f3n\" \/>\n<meta property=\"article:publisher\" content=\"https:\/\/www.facebook.com\/aislamientoeimpermeabilizacion\/\" \/>\n<meta property=\"article:modified_time\" content=\"2026-02-09T14:22:29+00:00\" \/>\n<meta name=\"twitter:card\" content=\"summary_large_image\" \/>\n<meta name=\"twitter:site\" content=\"@DANOSA_SPAIN\" \/>\n<script type=\"application\/ld+json\" class=\"yoast-schema-graph\">{\"@context\":\"https:\/\/schema.org\",\"@graph\":[{\"@type\":\"WebSite\",\"@id\":\"https:\/\/www.danosa.com\/es-es\/#website\",\"url\":\"https:\/\/www.danosa.com\/es-es\/\",\"name\":\"Danosa | Soluciones para la construcci\u00f3n\",\"description\":\"Impermeabilizaci\u00f3n, aislamiento ac\u00fastico y t\u00e9rmico\",\"potentialAction\":[{\"@type\":\"SearchAction\",\"target\":{\"@type\":\"EntryPoint\",\"urlTemplate\":\"https:\/\/www.danosa.com\/es-es\/?s={search_term_string}\"},\"query-input\":\"required name=search_term_string\"}],\"inLanguage\":\"es\"},{\"@type\":\"WebPage\",\"@id\":\"https:\/\/www.danosa.com\/es-es\/prescripcion\/#webpage\",\"url\":\"https:\/\/www.danosa.com\/es-es\/prescripcion\/\",\"name\":\"Prescripci\u00f3n | Documentaci\u00f3n, Precios, Herramientas, Soporte t\u00e9cnico\",\"isPartOf\":{\"@id\":\"https:\/\/www.danosa.com\/es-es\/#website\"},\"datePublished\":\"2021-06-22T11:26:00+00:00\",\"dateModified\":\"2026-02-09T14:22:29+00:00\",\"description\":\"Informaci\u00f3n y herramientas para prescriptores de productos Danosa: BIM, CAD, tarifas precios, documentaci\u00f3n t\u00e9cnica y soporte t\u00e9cnico online.\",\"breadcrumb\":{\"@id\":\"https:\/\/www.danosa.com\/es-es\/prescripcion\/#breadcrumb\"},\"inLanguage\":\"es\",\"potentialAction\":[{\"@type\":\"ReadAction\",\"target\":[\"https:\/\/www.danosa.com\/es-es\/prescripcion\/\"]}]},{\"@type\":\"BreadcrumbList\",\"@id\":\"https:\/\/www.danosa.com\/es-es\/prescripcion\/#breadcrumb\",\"itemListElement\":[{\"@type\":\"ListItem\",\"position\":1,\"name\":\"Portada\",\"item\":\"https:\/\/www.danosa.com\/es-es\/\"},{\"@type\":\"ListItem\",\"position\":2,\"name\":\"Prescripci\u00f3n\"}]}]}<\/script>\n<!-- \/ Yoast SEO plugin. -->","yoast_head_json":{"title":"Prescripci\u00f3n | Documentaci\u00f3n, Precios, Herramientas, Soporte t\u00e9cnico","description":"Informaci\u00f3n y herramientas para prescriptores de productos Danosa: BIM, CAD, tarifas precios, documentaci\u00f3n t\u00e9cnica y soporte t\u00e9cnico online.","robots":{"index":"index","follow":"follow","max-snippet":"max-snippet:-1","max-image-preview":"max-image-preview:large","max-video-preview":"max-video-preview:-1"},"canonical":"https:\/\/www.danosa.com\/es-es\/prescripcion\/","og_locale":"es_ES","og_type":"article","og_title":"Prescripci\u00f3n | Documentaci\u00f3n, Precios, Herramientas, Soporte t\u00e9cnico","og_description":"Informaci\u00f3n y herramientas para prescriptores de productos Danosa: BIM, CAD, tarifas precios, documentaci\u00f3n t\u00e9cnica y soporte t\u00e9cnico online.","og_url":"https:\/\/www.danosa.com\/es-es\/prescripcion\/","og_site_name":"Danosa | Soluciones para la construcci\u00f3n","article_publisher":"https:\/\/www.facebook.com\/aislamientoeimpermeabilizacion\/","article_modified_time":"2026-02-09T14:22:29+00:00","twitter_card":"summary_large_image","twitter_site":"@DANOSA_SPAIN","schema":{"@context":"https:\/\/schema.org","@graph":[{"@type":"WebSite","@id":"https:\/\/www.danosa.com\/es-es\/#website","url":"https:\/\/www.danosa.com\/es-es\/","name":"Danosa | Soluciones para la construcci\u00f3n","description":"Impermeabilizaci\u00f3n, aislamiento ac\u00fastico y t\u00e9rmico","potentialAction":[{"@type":"SearchAction","target":{"@type":"EntryPoint","urlTemplate":"https:\/\/www.danosa.com\/es-es\/?s={search_term_string}"},"query-input":"required name=search_term_string"}],"inLanguage":"es"},{"@type":"WebPage","@id":"https:\/\/www.danosa.com\/es-es\/prescripcion\/#webpage","url":"https:\/\/www.danosa.com\/es-es\/prescripcion\/","name":"Prescripci\u00f3n | Documentaci\u00f3n, Precios, Herramientas, Soporte t\u00e9cnico","isPartOf":{"@id":"https:\/\/www.danosa.com\/es-es\/#website"},"datePublished":"2021-06-22T11:26:00+00:00","dateModified":"2026-02-09T14:22:29+00:00","description":"Informaci\u00f3n y herramientas para prescriptores de productos Danosa: BIM, CAD, tarifas precios, documentaci\u00f3n t\u00e9cnica y soporte t\u00e9cnico online.","breadcrumb":{"@id":"https:\/\/www.danosa.com\/es-es\/prescripcion\/#breadcrumb"},"inLanguage":"es","potentialAction":[{"@type":"ReadAction","target":["https:\/\/www.danosa.com\/es-es\/prescripcion\/"]}]},{"@type":"BreadcrumbList","@id":"https:\/\/www.danosa.com\/es-es\/prescripcion\/#breadcrumb","itemListElement":[{"@type":"ListItem","position":1,"name":"Portada","item":"https:\/\/www.danosa.com\/es-es\/"},{"@type":"ListItem","position":2,"name":"Prescripci\u00f3n"}]}]}},"_links":{"self":[{"href":"https:\/\/www.danosa.com\/es-es\/wp-json\/wp\/v2\/pages\/82"}],"collection":[{"href":"https:\/\/www.danosa.com\/es-es\/wp-json\/wp\/v2\/pages"}],"about":[{"href":"https:\/\/www.danosa.com\/es-es\/wp-json\/wp\/v2\/types\/page"}],"author":[{"embeddable":true,"href":"https:\/\/www.danosa.com\/es-es\/wp-json\/wp\/v2\/users\/1"}],"replies":[{"embeddable":true,"href":"https:\/\/www.danosa.com\/es-es\/wp-json\/wp\/v2\/comments?post=82"}],"version-history":[{"count":34,"href":"https:\/\/www.danosa.com\/es-es\/wp-json\/wp\/v2\/pages\/82\/revisions"}],"predecessor-version":[{"id":14341,"href":"https:\/\/www.danosa.com\/es-es\/wp-json\/wp\/v2\/pages\/82\/revisions\/14341"}],"wp:attachment":[{"href":"https:\/\/www.danosa.com\/es-es\/wp-json\/wp\/v2\/media?parent=82"}],"curies":[{"name":"wp","href":"https:\/\/api.w.org\/{rel}","templated":true}]}}