{"id":8215,"date":"2021-11-15T16:31:11","date_gmt":"2021-11-15T15:31:11","guid":{"rendered":"https:\/\/www.danosa.com\/es-es\/?page_id=8215"},"modified":"2023-11-14T12:49:51","modified_gmt":"2023-11-14T11:49:51","slug":"bases-de-precios","status":"publish","type":"page","link":"https:\/\/www.danosa.com\/es-es\/bases-de-precios\/","title":{"rendered":"Bases de precios"},"content":{"rendered":"\n<div style=\"height:49px\" aria-hidden=\"true\" class=\"wp-block-spacer\"><\/div>\n\n\n\n<h2 class=\"has-large-font-size\"><strong>Bases de precios<\/strong><\/h2>\n\n\n\n<div class=\"wp-container-1 wp-block-group\"><div class=\"wp-block-group__inner-container\">\n<div class=\"wp-block-columns\">\n<div class=\"wp-block-column\" style=\"flex-basis:33.33%\">\n<figure class=\"wp-block-image size-full\"><img loading=\"lazy\" width=\"400\" height=\"103\" src=\"https:\/\/www.danosa.com\/es-es\/wp-content\/uploads\/sites\/2\/2021\/11\/Danosa_precio_centro.jpg\" alt=\"\" class=\"wp-image-8217\" srcset=\"https:\/\/www.danosa.com\/es-es\/wp-content\/uploads\/sites\/2\/2021\/11\/Danosa_precio_centro.jpg 400w, https:\/\/www.danosa.com\/es-es\/wp-content\/uploads\/sites\/2\/2021\/11\/Danosa_precio_centro-300x77.jpg 300w\" sizes=\"(max-width: 400px) 100vw, 400px\" \/><\/figure>\n<\/div>\n\n\n\n<div class=\"wp-block-column\" style=\"flex-basis:66.66%\">\n<div style=\"height:91px\" aria-hidden=\"true\" class=\"wp-block-spacer\"><\/div>\n\n\n\n<p><a href=\"http:\/\/online.preciocentro.com\/ArktecGest\/CentroOnline?ID=danosa\" target=\"_blank\" rel=\"noreferrer noopener\">http:\/\/online.preciocentro.com\/ArktecGest\/CentroOnline?ID=danosa<\/a><\/p>\n<\/div>\n<\/div>\n<\/div><\/div>\n\n\n\n<div class=\"wp-container-2 wp-block-group\"><div class=\"wp-block-group__inner-container\">\n<div class=\"wp-block-columns\">\n<div class=\"wp-block-column\" style=\"flex-basis:33.33%\">\n<figure class=\"wp-block-image size-full\"><img loading=\"lazy\" width=\"192\" height=\"23\" src=\"https:\/\/www.danosa.com\/es-es\/wp-content\/uploads\/sites\/2\/2021\/11\/cype_ingenieros.gif\" alt=\"\" class=\"wp-image-8223\"\/><\/figure>\n<\/div>\n\n\n\n<div class=\"wp-block-column\" style=\"flex-basis:66.66%\">\n<div style=\"height:27px\" aria-hidden=\"true\" class=\"wp-block-spacer\"><\/div>\n\n\n\n<p><a href=\"http:\/\/danosa.generadordeprecios.info\/#gsc.tab=0\" target=\"_blank\" rel=\"noreferrer noopener\"><\/a><a href=\"http:\/\/danosa.generadordeprecios.info\/#gsc.tab=0\">http:\/\/danosa.generadordeprecios.info\/#gsc.tab=0<\/a><\/p>\n<\/div>\n<\/div>\n<\/div><\/div>\n","protected":false},"excerpt":{"rendered":"<p>Bases de precios http:\/\/online.preciocentro.com\/ArktecGest\/CentroOnline?ID=danosa http:\/\/danosa.generadordeprecios.info\/#gsc.tab=0<\/p>\n","protected":false},"author":2,"featured_media":0,"parent":0,"menu_order":0,"comment_status":"closed","ping_status":"closed","template":"","meta":{"inline_featured_image":false,"site-sidebar-layout":"default","site-content-layout":"default","ast-main-header-display":"","ast-hfb-above-header-display":"","ast-hfb-below-header-display":"","ast-hfb-mobile-header-display":"","site-post-title":"disabled","ast-breadcrumbs-content":"","ast-featured-img":"","footer-sml-layout":"","theme-transparent-header-meta":"default","adv-header-id-meta":"","stick-header-meta":"default","header-above-stick-meta":"","header-main-stick-meta":"","header-below-stick-meta":""},"acf":[],"yoast_head":"<!-- This site is optimized with the Yoast SEO plugin v18.1 - https:\/\/yoast.com\/wordpress\/plugins\/seo\/ -->\n<title>Generadores de precios para calcular coste real proyecto construcci\u00f3n<\/title>\n<meta name=\"description\" content=\"Generador de precios online para profesionales de productos de impermeabilizaci\u00f3n, aislamiento t\u00e9rmico y ac\u00fastico, drenajes, morteros y geotextiles Danosa\" \/>\n<meta name=\"robots\" content=\"index, follow, max-snippet:-1, max-image-preview:large, max-video-preview:-1\" \/>\n<link rel=\"canonical\" href=\"https:\/\/www.danosa.com\/es-es\/bases-de-precios\/\" \/>\n<meta property=\"og:locale\" content=\"es_ES\" \/>\n<meta property=\"og:type\" content=\"article\" \/>\n<meta property=\"og:title\" content=\"Generadores de precios para calcular coste real proyecto construcci\u00f3n\" \/>\n<meta property=\"og:description\" content=\"Generador de precios online para profesionales de productos de impermeabilizaci\u00f3n, aislamiento t\u00e9rmico y ac\u00fastico, drenajes, morteros y geotextiles Danosa\" \/>\n<meta property=\"og:url\" content=\"https:\/\/www.danosa.com\/es-es\/bases-de-precios\/\" \/>\n<meta property=\"og:site_name\" content=\"Danosa | Soluciones para la construcci\u00f3n\" \/>\n<meta property=\"article:publisher\" content=\"https:\/\/www.facebook.com\/aislamientoeimpermeabilizacion\/\" \/>\n<meta property=\"article:modified_time\" content=\"2023-11-14T11:49:51+00:00\" \/>\n<meta property=\"og:image\" content=\"https:\/\/www.danosa.com\/es-es\/wp-content\/uploads\/sites\/2\/2021\/11\/Danosa_precio_centro.jpg\" \/>\n<meta name=\"twitter:card\" content=\"summary_large_image\" \/>\n<meta name=\"twitter:site\" content=\"@DANOSA_SPAIN\" \/>\n<meta name=\"twitter:label1\" content=\"Tiempo de lectura\" \/>\n\t<meta name=\"twitter:data1\" content=\"1 minuto\" \/>\n<script type=\"application\/ld+json\" class=\"yoast-schema-graph\">{\"@context\":\"https:\/\/schema.org\",\"@graph\":[{\"@type\":\"WebSite\",\"@id\":\"https:\/\/www.danosa.com\/es-es\/#website\",\"url\":\"https:\/\/www.danosa.com\/es-es\/\",\"name\":\"Danosa | Soluciones para la construcci\u00f3n\",\"description\":\"Impermeabilizaci\u00f3n, aislamiento ac\u00fastico y t\u00e9rmico\",\"potentialAction\":[{\"@type\":\"SearchAction\",\"target\":{\"@type\":\"EntryPoint\",\"urlTemplate\":\"https:\/\/www.danosa.com\/es-es\/?s={search_term_string}\"},\"query-input\":\"required name=search_term_string\"}],\"inLanguage\":\"es\"},{\"@type\":\"ImageObject\",\"@id\":\"https:\/\/www.danosa.com\/es-es\/bases-de-precios\/#primaryimage\",\"inLanguage\":\"es\",\"url\":\"https:\/\/www.danosa.com\/es-es\/wp-content\/uploads\/sites\/2\/2021\/11\/Danosa_precio_centro.jpg\",\"contentUrl\":\"https:\/\/www.danosa.com\/es-es\/wp-content\/uploads\/sites\/2\/2021\/11\/Danosa_precio_centro.jpg\",\"width\":400,\"height\":103,\"caption\":\"Tarifas de precios Danosa\"},{\"@type\":\"WebPage\",\"@id\":\"https:\/\/www.danosa.com\/es-es\/bases-de-precios\/#webpage\",\"url\":\"https:\/\/www.danosa.com\/es-es\/bases-de-precios\/\",\"name\":\"Generadores de precios para calcular coste real proyecto construcci\u00f3n\",\"isPartOf\":{\"@id\":\"https:\/\/www.danosa.com\/es-es\/#website\"},\"primaryImageOfPage\":{\"@id\":\"https:\/\/www.danosa.com\/es-es\/bases-de-precios\/#primaryimage\"},\"datePublished\":\"2021-11-15T15:31:11+00:00\",\"dateModified\":\"2023-11-14T11:49:51+00:00\",\"description\":\"Generador de precios online para profesionales de productos de impermeabilizaci\u00f3n, aislamiento t\u00e9rmico y ac\u00fastico, drenajes, morteros y geotextiles Danosa\",\"breadcrumb\":{\"@id\":\"https:\/\/www.danosa.com\/es-es\/bases-de-precios\/#breadcrumb\"},\"inLanguage\":\"es\",\"potentialAction\":[{\"@type\":\"ReadAction\",\"target\":[\"https:\/\/www.danosa.com\/es-es\/bases-de-precios\/\"]}]},{\"@type\":\"BreadcrumbList\",\"@id\":\"https:\/\/www.danosa.com\/es-es\/bases-de-precios\/#breadcrumb\",\"itemListElement\":[{\"@type\":\"ListItem\",\"position\":1,\"name\":\"Portada\",\"item\":\"https:\/\/www.danosa.com\/es-es\/\"},{\"@type\":\"ListItem\",\"position\":2,\"name\":\"Bases de precios\"}]}]}<\/script>\n<!-- \/ Yoast SEO plugin. -->","yoast_head_json":{"title":"Generadores de precios para calcular coste real proyecto construcci\u00f3n","description":"Generador de precios online para profesionales de productos de impermeabilizaci\u00f3n, aislamiento t\u00e9rmico y ac\u00fastico, drenajes, morteros y geotextiles Danosa","robots":{"index":"index","follow":"follow","max-snippet":"max-snippet:-1","max-image-preview":"max-image-preview:large","max-video-preview":"max-video-preview:-1"},"canonical":"https:\/\/www.danosa.com\/es-es\/bases-de-precios\/","og_locale":"es_ES","og_type":"article","og_title":"Generadores de precios para calcular coste real proyecto construcci\u00f3n","og_description":"Generador de precios online para profesionales de productos de impermeabilizaci\u00f3n, aislamiento t\u00e9rmico y ac\u00fastico, drenajes, morteros y geotextiles Danosa","og_url":"https:\/\/www.danosa.com\/es-es\/bases-de-precios\/","og_site_name":"Danosa | Soluciones para la construcci\u00f3n","article_publisher":"https:\/\/www.facebook.com\/aislamientoeimpermeabilizacion\/","article_modified_time":"2023-11-14T11:49:51+00:00","og_image":[{"url":"https:\/\/www.danosa.com\/es-es\/wp-content\/uploads\/sites\/2\/2021\/11\/Danosa_precio_centro.jpg"}],"twitter_card":"summary_large_image","twitter_site":"@DANOSA_SPAIN","twitter_misc":{"Tiempo de lectura":"1 minuto"},"schema":{"@context":"https:\/\/schema.org","@graph":[{"@type":"WebSite","@id":"https:\/\/www.danosa.com\/es-es\/#website","url":"https:\/\/www.danosa.com\/es-es\/","name":"Danosa | Soluciones para la construcci\u00f3n","description":"Impermeabilizaci\u00f3n, aislamiento ac\u00fastico y t\u00e9rmico","potentialAction":[{"@type":"SearchAction","target":{"@type":"EntryPoint","urlTemplate":"https:\/\/www.danosa.com\/es-es\/?s={search_term_string}"},"query-input":"required name=search_term_string"}],"inLanguage":"es"},{"@type":"ImageObject","@id":"https:\/\/www.danosa.com\/es-es\/bases-de-precios\/#primaryimage","inLanguage":"es","url":"https:\/\/www.danosa.com\/es-es\/wp-content\/uploads\/sites\/2\/2021\/11\/Danosa_precio_centro.jpg","contentUrl":"https:\/\/www.danosa.com\/es-es\/wp-content\/uploads\/sites\/2\/2021\/11\/Danosa_precio_centro.jpg","width":400,"height":103,"caption":"Tarifas de precios Danosa"},{"@type":"WebPage","@id":"https:\/\/www.danosa.com\/es-es\/bases-de-precios\/#webpage","url":"https:\/\/www.danosa.com\/es-es\/bases-de-precios\/","name":"Generadores de precios para calcular coste real proyecto construcci\u00f3n","isPartOf":{"@id":"https:\/\/www.danosa.com\/es-es\/#website"},"primaryImageOfPage":{"@id":"https:\/\/www.danosa.com\/es-es\/bases-de-precios\/#primaryimage"},"datePublished":"2021-11-15T15:31:11+00:00","dateModified":"2023-11-14T11:49:51+00:00","description":"Generador de precios online para profesionales de productos de impermeabilizaci\u00f3n, aislamiento t\u00e9rmico y ac\u00fastico, drenajes, morteros y geotextiles Danosa","breadcrumb":{"@id":"https:\/\/www.danosa.com\/es-es\/bases-de-precios\/#breadcrumb"},"inLanguage":"es","potentialAction":[{"@type":"ReadAction","target":["https:\/\/www.danosa.com\/es-es\/bases-de-precios\/"]}]},{"@type":"BreadcrumbList","@id":"https:\/\/www.danosa.com\/es-es\/bases-de-precios\/#breadcrumb","itemListElement":[{"@type":"ListItem","position":1,"name":"Portada","item":"https:\/\/www.danosa.com\/es-es\/"},{"@type":"ListItem","position":2,"name":"Bases de precios"}]}]}},"_links":{"self":[{"href":"https:\/\/www.danosa.com\/es-es\/wp-json\/wp\/v2\/pages\/8215"}],"collection":[{"href":"https:\/\/www.danosa.com\/es-es\/wp-json\/wp\/v2\/pages"}],"about":[{"href":"https:\/\/www.danosa.com\/es-es\/wp-json\/wp\/v2\/types\/page"}],"author":[{"embeddable":true,"href":"https:\/\/www.danosa.com\/es-es\/wp-json\/wp\/v2\/users\/2"}],"replies":[{"embeddable":true,"href":"https:\/\/www.danosa.com\/es-es\/wp-json\/wp\/v2\/comments?post=8215"}],"version-history":[{"count":10,"href":"https:\/\/www.danosa.com\/es-es\/wp-json\/wp\/v2\/pages\/8215\/revisions"}],"predecessor-version":[{"id":10129,"href":"https:\/\/www.danosa.com\/es-es\/wp-json\/wp\/v2\/pages\/8215\/revisions\/10129"}],"wp:attachment":[{"href":"https:\/\/www.danosa.com\/es-es\/wp-json\/wp\/v2\/media?parent=8215"}],"curies":[{"name":"wp","href":"https:\/\/api.w.org\/{rel}","templated":true}]}}