{"id":8586,"date":"2021-11-25T09:11:28","date_gmt":"2021-11-25T08:11:28","guid":{"rendered":"https:\/\/www.danosa.com\/es-es\/?page_id=8586"},"modified":"2022-11-05T23:54:48","modified_gmt":"2022-11-05T22:54:48","slug":"manual-rehabilitacion","status":"publish","type":"page","link":"https:\/\/www.danosa.com\/es-es\/manual-rehabilitacion\/","title":{"rendered":"Soluciones para rehabilitaci\u00f3n"},"content":{"rendered":"\n<div class=\"wp-container-1 wp-block-group\"><div class=\"wp-block-group__inner-container\">\n<h1 class=\"has-huge-font-size\"><strong><span class=\"has-inline-color has-ast-global-color-0-color\">EL CONFORT INVISIBLE<\/span><\/strong><\/h1>\n\n\n\n<p class=\"has-large-font-size\">SOLUCIONES PARA OBRA NUEVA<br>Y REHABILITACI\u00d3N<\/p>\n<\/div><\/div>\n\n\n\n<div class=\"wp-container-12 wp-block-group\"><div class=\"wp-block-group__inner-container\">\n<div class=\"wp-block-columns\">\n<div class=\"wp-block-column\" style=\"flex-basis:66.66%\">\n<figure class=\"wp-block-image size-full is-resized\"><img loading=\"lazy\" src=\"https:\/\/www.danosa.com\/es-es\/wp-content\/uploads\/sites\/2\/2021\/11\/Danosa_edificio_rehabilitacion.jpg\" alt=\"\" class=\"wp-image-8593\" width=\"699\" height=\"755\" srcset=\"https:\/\/www.danosa.com\/es-es\/wp-content\/uploads\/sites\/2\/2021\/11\/Danosa_edificio_rehabilitacion.jpg 699w, https:\/\/www.danosa.com\/es-es\/wp-content\/uploads\/sites\/2\/2021\/11\/Danosa_edificio_rehabilitacion-278x300.jpg 278w\" sizes=\"(max-width: 699px) 100vw, 699px\" \/><\/figure>\n\n\n\n<div class=\"wp-container-3 wp-block-group\"><div class=\"wp-block-group__inner-container\">\n<div class=\"wp-block-columns\">\n<div class=\"wp-block-column\" style=\"flex-basis:20%\">\n<div class=\"wp-block-image\"><figure class=\"alignright size-full is-resized\"><img loading=\"lazy\" src=\"https:\/\/www.danosa.com\/es-es\/wp-content\/uploads\/sites\/2\/2021\/11\/Danosa_escala_energetica.png\" alt=\"\" class=\"wp-image-8632\" width=\"125\" height=\"147\"\/><\/figure><\/div>\n<\/div>\n\n\n\n<div class=\"wp-block-column\" style=\"flex-basis:66.66%\">\n<div style=\"height:40px\" aria-hidden=\"true\" class=\"wp-block-spacer\"><\/div>\n\n\n\n<p class=\"has-text-align-left has-ast-global-color-3-color has-text-color\">Identifica nuestras soluciones especialmente dise\u00f1adas para el ahorro energ\u00e9tico<\/p>\n<\/div>\n<\/div>\n\n\n\n<div class=\"wp-block-columns\">\n<div class=\"wp-block-column\">\n<figure class=\"wp-block-image size-full\"><img loading=\"lazy\" width=\"280\" height=\"400\" src=\"https:\/\/www.danosa.com\/es-es\/wp-content\/uploads\/sites\/2\/2021\/11\/Danosa_manual_rehabilitacion_2021.jpg\" alt=\"\" class=\"wp-image-8692\" srcset=\"https:\/\/www.danosa.com\/es-es\/wp-content\/uploads\/sites\/2\/2021\/11\/Danosa_manual_rehabilitacion_2021.jpg 280w, https:\/\/www.danosa.com\/es-es\/wp-content\/uploads\/sites\/2\/2021\/11\/Danosa_manual_rehabilitacion_2021-210x300.jpg 210w\" sizes=\"(max-width: 280px) 100vw, 280px\" \/><\/figure>\n<\/div>\n\n\n\n<div class=\"wp-block-column\">\n<div class=\"wp-container-2 wp-block-buttons\">\n<div class=\"wp-block-button\"><a class=\"wp-block-button__link\" href=\"\/es-es\/documentation_cat\/soluciones\/\">Manual de rehabilitaci\u00f3n<\/a><\/div>\n<\/div>\n<\/div>\n<\/div>\n<\/div><\/div>\n<\/div>\n\n\n\n<div class=\"wp-block-column\" style=\"flex-basis:33.33%\">\n<div class=\"wp-container-4 wp-block-group\"><div class=\"wp-block-group__inner-container\">\n<div class=\"wp-block-columns\">\n<div class=\"wp-block-column\" style=\"flex-basis:33.33%\">\n<div class=\"wp-block-image\"><figure class=\"aligncenter size-full is-resized\"><img loading=\"lazy\" src=\"https:\/\/www.danosa.com\/es-es\/wp-content\/uploads\/sites\/2\/2021\/11\/Danosa_icono_estanqueidad.png\" alt=\"\" class=\"wp-image-8594\" width=\"63\" height=\"63\"\/><\/figure><\/div>\n<\/div>\n\n\n\n<div class=\"wp-block-column\" style=\"flex-basis:66.66%\">\n<p class=\"has-normal-font-size\"><strong>IMPERMEABILIZACI\u00d3N<\/strong><\/p>\n<\/div>\n<\/div>\n<\/div><\/div>\n\n\n\n<div class=\"wp-container-5 wp-block-group\"><div class=\"wp-block-group__inner-container\">\n<div class=\"wp-block-columns\">\n<div class=\"wp-block-column\" style=\"flex-basis:33.33%\">\n<div class=\"wp-block-image\"><figure class=\"aligncenter size-full is-resized\"><img loading=\"lazy\" src=\"https:\/\/www.danosa.com\/es-es\/wp-content\/uploads\/sites\/2\/2021\/11\/Danosa_icono_ahorro_energia.png\" alt=\"\" class=\"wp-image-8603\" width=\"63\" height=\"63\"\/><\/figure><\/div>\n<\/div>\n\n\n\n<div class=\"wp-block-column\" style=\"flex-basis:66.66%\">\n<p class=\"has-normal-font-size\"><strong>AHORRO DE ENERG\u00cdA<\/strong><br>AISLAMIENTO T\u00c9RMICO<\/p>\n<\/div>\n<\/div>\n<\/div><\/div>\n\n\n\n<div class=\"wp-container-6 wp-block-group\"><div class=\"wp-block-group__inner-container\">\n<div class=\"wp-block-columns\">\n<div class=\"wp-block-column\" style=\"flex-basis:33.33%\">\n<div class=\"wp-block-image\"><figure class=\"aligncenter size-full is-resized\"><img loading=\"lazy\" src=\"https:\/\/www.danosa.com\/es-es\/wp-content\/uploads\/sites\/2\/2021\/11\/Danosa_icono_proteccion_ruido.png\" alt=\"\" class=\"wp-image-8610\" width=\"63\" height=\"63\"\/><\/figure><\/div>\n<\/div>\n\n\n\n<div class=\"wp-block-column\" style=\"flex-basis:66.66%\">\n<p><strong>PROTECCI\u00d3N FRENTE AL RUIDO<\/strong><br>AISLAMIENTO AC\u00daSTICO<\/p>\n<\/div>\n<\/div>\n<\/div><\/div>\n\n\n\n<div class=\"wp-container-7 wp-block-group\"><div class=\"wp-block-group__inner-container\">\n<div class=\"wp-block-columns\">\n<div class=\"wp-block-column\" style=\"flex-basis:33.33%\">\n<div class=\"wp-block-image\"><figure class=\"aligncenter size-full is-resized\"><img loading=\"lazy\" src=\"https:\/\/www.danosa.com\/es-es\/wp-content\/uploads\/sites\/2\/2021\/11\/Danosa_icono_morteros.png\" alt=\"\" class=\"wp-image-8613\" width=\"63\" height=\"63\"\/><\/figure><\/div>\n<\/div>\n\n\n\n<div class=\"wp-block-column\" style=\"flex-basis:66.66%\">\n<p><strong>MORTEROS<\/strong><\/p>\n<\/div>\n<\/div>\n<\/div><\/div>\n\n\n\n<div class=\"wp-container-8 wp-block-group\"><div class=\"wp-block-group__inner-container\">\n<div class=\"wp-block-columns\">\n<div class=\"wp-block-column\" style=\"flex-basis:33.33%\">\n<div class=\"wp-block-image\"><figure class=\"aligncenter size-full is-resized\"><img loading=\"lazy\" src=\"https:\/\/www.danosa.com\/es-es\/wp-content\/uploads\/sites\/2\/2021\/11\/Danosa_icono_iluminacion.png\" alt=\"\" class=\"wp-image-8615\" width=\"63\" height=\"63\"\/><\/figure><\/div>\n<\/div>\n\n\n\n<div class=\"wp-block-column\" style=\"flex-basis:66.66%\">\n<p><strong>ILUMINACI\u00d3N NATURAL<\/strong><\/p>\n<\/div>\n<\/div>\n<\/div><\/div>\n\n\n\n<div class=\"wp-container-9 wp-block-group\"><div class=\"wp-block-group__inner-container\">\n<div class=\"wp-block-columns\">\n<div class=\"wp-block-column\" style=\"flex-basis:33.33%\">\n<div class=\"wp-block-image\"><figure class=\"aligncenter size-full is-resized\"><img loading=\"lazy\" src=\"https:\/\/www.danosa.com\/es-es\/wp-content\/uploads\/sites\/2\/2021\/11\/Danosa_icono_asistencia.png\" alt=\"\" class=\"wp-image-8617\" width=\"63\" height=\"63\"\/><\/figure><\/div>\n<\/div>\n\n\n\n<div class=\"wp-block-column\" style=\"flex-basis:66.66%\">\n<p><strong>ASISTENCIA T\u00c9CNICA<\/strong><\/p>\n<\/div>\n<\/div>\n<\/div><\/div>\n\n\n\n<div class=\"wp-container-10 wp-block-group\"><div class=\"wp-block-group__inner-container\">\n<div class=\"wp-block-columns\">\n<div class=\"wp-block-column\" style=\"flex-basis:33.33%\">\n<div class=\"wp-block-image\"><figure class=\"aligncenter size-full is-resized\"><img loading=\"lazy\" src=\"https:\/\/www.danosa.com\/es-es\/wp-content\/uploads\/sites\/2\/2021\/11\/Danosa_icono_rehabilitacion-1.png\" alt=\"\" class=\"wp-image-8618\" width=\"63\" height=\"63\"\/><\/figure><\/div>\n<\/div>\n\n\n\n<div class=\"wp-block-column\" style=\"flex-basis:66.66%\">\n<p><strong>REHABILITACI\u00d3N<\/strong><\/p>\n<\/div>\n<\/div>\n<\/div><\/div>\n\n\n\n<div class=\"wp-container-11 wp-block-group\"><div class=\"wp-block-group__inner-container\">\n<div class=\"wp-block-columns\">\n<div class=\"wp-block-column\" style=\"flex-basis:33.33%\">\n<div class=\"wp-block-image\"><figure class=\"aligncenter size-full is-resized\"><img loading=\"lazy\" src=\"https:\/\/www.danosa.com\/es-es\/wp-content\/uploads\/sites\/2\/2021\/11\/Danosa_icono_sostenibilidad.png\" alt=\"\" class=\"wp-image-8622\" width=\"63\" height=\"63\"\/><\/figure><\/div>\n<\/div>\n\n\n\n<div class=\"wp-block-column\" style=\"flex-basis:66.66%\">\n<p><strong>SOSTENIBILIDAD<\/strong><\/p>\n<\/div>\n<\/div>\n<\/div><\/div>\n<\/div>\n<\/div>\n<\/div><\/div>\n\n\n\n<div class=\"wp-container-14 wp-block-group alignfull has-ast-global-color-5-background-color has-background\" id=\"rehabilitacion-system\"><div class=\"wp-block-group__inner-container\">\n<h2 class=\"has-text-align-center\">Soluciones de rehabilitaci\u00f3n<\/h2>\n\n\n\n<div class=\"wp-container-13 wp-block-group\"><div class=\"wp-block-group__inner-container\">\n<div class=\"wp-block-columns\">\n<div class=\"wp-block-column\" style=\"flex-basis:33.33%\">\n<div class=\"wp-block-image\"><figure class=\"alignright size-full is-resized\"><img loading=\"lazy\" src=\"https:\/\/www.danosa.com\/es-es\/wp-content\/uploads\/sites\/2\/2021\/11\/ciudades_comunidades_sostenibles.jpg\" alt=\"\" class=\"wp-image-8476\" width=\"130\" height=\"130\" srcset=\"https:\/\/www.danosa.com\/es-es\/wp-content\/uploads\/sites\/2\/2021\/11\/ciudades_comunidades_sostenibles.jpg 260w, https:\/\/www.danosa.com\/es-es\/wp-content\/uploads\/sites\/2\/2021\/11\/ciudades_comunidades_sostenibles-150x150.jpg 150w\" sizes=\"(max-width: 130px) 100vw, 130px\" \/><\/figure><\/div>\n<\/div>\n\n\n\n<div class=\"wp-block-column\" style=\"flex-basis:66.66%\">\n<h2>Trabajamos por la reducci\u00f3n del impacto<br>ambiental en ciudades y por la construcci\u00f3n<br>de edificios sostenibles<\/h2>\n<\/div>\n<\/div>\n<\/div><\/div>\n\n\n\r\n        <div id=\"rehabilitacion\" class=\"wp-block-column content-list fade-top\">\r\n                        <a href=\"https:\/\/www.danosa.com\/es-es\/sistemas\/rehabilitacion\/\">\r\n                <figure class=\"wp-block-image size-large content-list-image\">\r\n                    <img loading=\"lazy\" src=\"https:\/\/d7rh5s3nxmpy4.cloudfront.net\/CMP1814\/Rehabilitacion.jpg\" alt=\"Rehabilitaci\u00f3n\"><\/figure>\r\n                <\/figure>\r\n            <\/a>\r\n                        <div class=\"wp-block-group\">\r\n                <div class=\"wp-block-group__inner-container\">\r\n                        <h5>Soluciones<\/h5>\r\n                        <h2>Rehabilitaci\u00f3n<\/h2>\r\n                        <p>DANOSA como empresa comprometida con la sostenibilidad, apuesta por la rehabilitaci\u00f3n como palanca para un desarrollo sostenible y comprometido con el medio ambiente y el bienestar de las personas. Para ello ofrece un amplio cat\u00e1logo de Soluciones adaptadas para Rehabilitaci\u00f3n.<\/p>\r\n\r\n                        <ul class=\"subsystems\">\r\n\r\n                                                <\/ul>\r\n                <\/div>\r\n            <\/div>\r\n            <div class=\"wp-block-columns\">\r\n                <div class=\"wp-block-column\">\r\n                    <a href=\"https:\/\/www.danosa.com\/es-es\/sistemas\/rehabilitacion\/\">Ver soluciones <i class=\"danosa-arrow-go\"><\/i><\/a>\r\n                <\/div>\r\n            <\/div>\r\n        <\/div>\r\n\r\n\r\n\r\n\r\n\r\n\r\n \n<\/div><\/div>\n\n\n\n<div class=\"wp-container-15 wp-block-group\"><div class=\"wp-block-group__inner-container\">\n<div class=\"wp-block-columns\">\n<div class=\"wp-block-column\" style=\"flex-basis:66.66%\">\n<div style=\"height:40px\" aria-hidden=\"true\" class=\"wp-block-spacer\"><\/div>\n\n\n\n<h2 class=\"has-text-align-right has-ast-global-color-3-color has-text-color has-large-font-size\"><strong>#RehabilitaConDanosa<\/strong><\/h2>\n<\/div>\n\n\n\n<div class=\"wp-block-column\" style=\"flex-basis:33.33%\">\n<div class=\"wp-block-image\"><figure class=\"alignleft size-full is-resized\"><img loading=\"lazy\" src=\"https:\/\/www.danosa.com\/es-es\/wp-content\/uploads\/sites\/2\/2021\/11\/Danosa_icono_rehabilitacion.png\" alt=\"\" class=\"wp-image-8481\" width=\"80\" height=\"80\"\/><\/figure><\/div>\n<\/div>\n<\/div>\n<\/div><\/div>\n","protected":false},"excerpt":{"rendered":"<p>EL CONFORT INVISIBLE SOLUCIONES PARA OBRA NUEVAY REHABILITACI\u00d3N Identifica nuestras soluciones especialmente dise\u00f1adas para el ahorro energ\u00e9tico IMPERMEABILIZACI\u00d3N AHORRO DE ENERG\u00cdAAISLAMIENTO T\u00c9RMICO PROTECCI\u00d3N FRENTE AL RUIDOAISLAMIENTO AC\u00daSTICO MORTEROS ILUMINACI\u00d3N NATURAL ASISTENCIA T\u00c9CNICA REHABILITACI\u00d3N SOSTENIBILIDAD Soluciones de rehabilitaci\u00f3n Trabajamos por la reducci\u00f3n del impactoambiental en ciudades y por la construcci\u00f3nde edificios sostenibles #RehabilitaConDanosa<\/p>\n","protected":false},"author":2,"featured_media":0,"parent":0,"menu_order":0,"comment_status":"closed","ping_status":"closed","template":"","meta":{"inline_featured_image":false,"site-sidebar-layout":"default","site-content-layout":"default","ast-main-header-display":"","ast-hfb-above-header-display":"","ast-hfb-below-header-display":"","ast-hfb-mobile-header-display":"","site-post-title":"disabled","ast-breadcrumbs-content":"","ast-featured-img":"","footer-sml-layout":"","theme-transparent-header-meta":"default","adv-header-id-meta":"","stick-header-meta":"default","header-above-stick-meta":"","header-main-stick-meta":"","header-below-stick-meta":""},"acf":[],"yoast_head":"<!-- This site is optimized with the Yoast SEO plugin v18.1 - https:\/\/yoast.com\/wordpress\/plugins\/seo\/ -->\n<title>Soluciones para la rehabilitaci\u00f3n energ\u00e9tica de viviendas y edificios<\/title>\n<meta name=\"description\" content=\"Danosa apuesta por la rehabilitaci\u00f3n como palanca para un desarrollo sostenible y comprometido con el medio ambiente, Sistemas y soluciones.\" \/>\n<meta name=\"robots\" content=\"index, follow, max-snippet:-1, max-image-preview:large, max-video-preview:-1\" \/>\n<link rel=\"canonical\" href=\"https:\/\/www.danosa.com\/es-es\/manual-rehabilitacion\/\" \/>\n<meta property=\"og:locale\" content=\"es_ES\" \/>\n<meta property=\"og:type\" content=\"article\" \/>\n<meta property=\"og:title\" content=\"Soluciones para la rehabilitaci\u00f3n energ\u00e9tica de viviendas y edificios\" \/>\n<meta property=\"og:description\" content=\"Danosa apuesta por la rehabilitaci\u00f3n como palanca para un desarrollo sostenible y comprometido con el medio ambiente, Sistemas y soluciones.\" \/>\n<meta property=\"og:url\" content=\"https:\/\/www.danosa.com\/es-es\/manual-rehabilitacion\/\" \/>\n<meta property=\"og:site_name\" content=\"Danosa | Soluciones para la construcci\u00f3n\" \/>\n<meta property=\"article:publisher\" content=\"https:\/\/www.facebook.com\/aislamientoeimpermeabilizacion\/\" \/>\n<meta property=\"article:modified_time\" content=\"2022-11-05T22:54:48+00:00\" \/>\n<meta property=\"og:image\" content=\"https:\/\/www.danosa.com\/es-es\/wp-content\/uploads\/sites\/2\/2021\/11\/Danosa_edificio_rehabilitacion.jpg\" \/>\n<meta name=\"twitter:card\" content=\"summary_large_image\" \/>\n<meta name=\"twitter:site\" content=\"@DANOSA_SPAIN\" \/>\n<meta name=\"twitter:label1\" content=\"Tiempo de lectura\" \/>\n\t<meta name=\"twitter:data1\" content=\"3 minutos\" \/>\n<script type=\"application\/ld+json\" class=\"yoast-schema-graph\">{\"@context\":\"https:\/\/schema.org\",\"@graph\":[{\"@type\":\"WebSite\",\"@id\":\"https:\/\/www.danosa.com\/es-es\/#website\",\"url\":\"https:\/\/www.danosa.com\/es-es\/\",\"name\":\"Danosa | Soluciones para la construcci\u00f3n\",\"description\":\"Impermeabilizaci\u00f3n, aislamiento ac\u00fastico y t\u00e9rmico\",\"potentialAction\":[{\"@type\":\"SearchAction\",\"target\":{\"@type\":\"EntryPoint\",\"urlTemplate\":\"https:\/\/www.danosa.com\/es-es\/?s={search_term_string}\"},\"query-input\":\"required name=search_term_string\"}],\"inLanguage\":\"es\"},{\"@type\":\"ImageObject\",\"@id\":\"https:\/\/www.danosa.com\/es-es\/manual-rehabilitacion\/#primaryimage\",\"inLanguage\":\"es\",\"url\":\"https:\/\/www.danosa.com\/es-es\/wp-content\/uploads\/sites\/2\/2021\/11\/Danosa_edificio_rehabilitacion.jpg\",\"contentUrl\":\"https:\/\/www.danosa.com\/es-es\/wp-content\/uploads\/sites\/2\/2021\/11\/Danosa_edificio_rehabilitacion.jpg\",\"width\":699,\"height\":755,\"caption\":\"Rehabilitacion de efificios residenciales\"},{\"@type\":\"WebPage\",\"@id\":\"https:\/\/www.danosa.com\/es-es\/manual-rehabilitacion\/#webpage\",\"url\":\"https:\/\/www.danosa.com\/es-es\/manual-rehabilitacion\/\",\"name\":\"Soluciones para la rehabilitaci\u00f3n energ\u00e9tica de viviendas y edificios\",\"isPartOf\":{\"@id\":\"https:\/\/www.danosa.com\/es-es\/#website\"},\"primaryImageOfPage\":{\"@id\":\"https:\/\/www.danosa.com\/es-es\/manual-rehabilitacion\/#primaryimage\"},\"datePublished\":\"2021-11-25T08:11:28+00:00\",\"dateModified\":\"2022-11-05T22:54:48+00:00\",\"description\":\"Danosa apuesta por la rehabilitaci\u00f3n como palanca para un desarrollo sostenible y comprometido con el medio ambiente, Sistemas y soluciones.\",\"breadcrumb\":{\"@id\":\"https:\/\/www.danosa.com\/es-es\/manual-rehabilitacion\/#breadcrumb\"},\"inLanguage\":\"es\",\"potentialAction\":[{\"@type\":\"ReadAction\",\"target\":[\"https:\/\/www.danosa.com\/es-es\/manual-rehabilitacion\/\"]}]},{\"@type\":\"BreadcrumbList\",\"@id\":\"https:\/\/www.danosa.com\/es-es\/manual-rehabilitacion\/#breadcrumb\",\"itemListElement\":[{\"@type\":\"ListItem\",\"position\":1,\"name\":\"Portada\",\"item\":\"https:\/\/www.danosa.com\/es-es\/\"},{\"@type\":\"ListItem\",\"position\":2,\"name\":\"Soluciones para rehabilitaci\u00f3n\"}]}]}<\/script>\n<!-- \/ Yoast SEO plugin. -->","yoast_head_json":{"title":"Soluciones para la rehabilitaci\u00f3n energ\u00e9tica de viviendas y edificios","description":"Danosa apuesta por la rehabilitaci\u00f3n como palanca para un desarrollo sostenible y comprometido con el medio ambiente, Sistemas y soluciones.","robots":{"index":"index","follow":"follow","max-snippet":"max-snippet:-1","max-image-preview":"max-image-preview:large","max-video-preview":"max-video-preview:-1"},"canonical":"https:\/\/www.danosa.com\/es-es\/manual-rehabilitacion\/","og_locale":"es_ES","og_type":"article","og_title":"Soluciones para la rehabilitaci\u00f3n energ\u00e9tica de viviendas y edificios","og_description":"Danosa apuesta por la rehabilitaci\u00f3n como palanca para un desarrollo sostenible y comprometido con el medio ambiente, Sistemas y soluciones.","og_url":"https:\/\/www.danosa.com\/es-es\/manual-rehabilitacion\/","og_site_name":"Danosa | Soluciones para la construcci\u00f3n","article_publisher":"https:\/\/www.facebook.com\/aislamientoeimpermeabilizacion\/","article_modified_time":"2022-11-05T22:54:48+00:00","og_image":[{"url":"https:\/\/www.danosa.com\/es-es\/wp-content\/uploads\/sites\/2\/2021\/11\/Danosa_edificio_rehabilitacion.jpg"}],"twitter_card":"summary_large_image","twitter_site":"@DANOSA_SPAIN","twitter_misc":{"Tiempo de lectura":"3 minutos"},"schema":{"@context":"https:\/\/schema.org","@graph":[{"@type":"WebSite","@id":"https:\/\/www.danosa.com\/es-es\/#website","url":"https:\/\/www.danosa.com\/es-es\/","name":"Danosa | Soluciones para la construcci\u00f3n","description":"Impermeabilizaci\u00f3n, aislamiento ac\u00fastico y t\u00e9rmico","potentialAction":[{"@type":"SearchAction","target":{"@type":"EntryPoint","urlTemplate":"https:\/\/www.danosa.com\/es-es\/?s={search_term_string}"},"query-input":"required name=search_term_string"}],"inLanguage":"es"},{"@type":"ImageObject","@id":"https:\/\/www.danosa.com\/es-es\/manual-rehabilitacion\/#primaryimage","inLanguage":"es","url":"https:\/\/www.danosa.com\/es-es\/wp-content\/uploads\/sites\/2\/2021\/11\/Danosa_edificio_rehabilitacion.jpg","contentUrl":"https:\/\/www.danosa.com\/es-es\/wp-content\/uploads\/sites\/2\/2021\/11\/Danosa_edificio_rehabilitacion.jpg","width":699,"height":755,"caption":"Rehabilitacion de efificios residenciales"},{"@type":"WebPage","@id":"https:\/\/www.danosa.com\/es-es\/manual-rehabilitacion\/#webpage","url":"https:\/\/www.danosa.com\/es-es\/manual-rehabilitacion\/","name":"Soluciones para la rehabilitaci\u00f3n energ\u00e9tica de viviendas y edificios","isPartOf":{"@id":"https:\/\/www.danosa.com\/es-es\/#website"},"primaryImageOfPage":{"@id":"https:\/\/www.danosa.com\/es-es\/manual-rehabilitacion\/#primaryimage"},"datePublished":"2021-11-25T08:11:28+00:00","dateModified":"2022-11-05T22:54:48+00:00","description":"Danosa apuesta por la rehabilitaci\u00f3n como palanca para un desarrollo sostenible y comprometido con el medio ambiente, Sistemas y soluciones.","breadcrumb":{"@id":"https:\/\/www.danosa.com\/es-es\/manual-rehabilitacion\/#breadcrumb"},"inLanguage":"es","potentialAction":[{"@type":"ReadAction","target":["https:\/\/www.danosa.com\/es-es\/manual-rehabilitacion\/"]}]},{"@type":"BreadcrumbList","@id":"https:\/\/www.danosa.com\/es-es\/manual-rehabilitacion\/#breadcrumb","itemListElement":[{"@type":"ListItem","position":1,"name":"Portada","item":"https:\/\/www.danosa.com\/es-es\/"},{"@type":"ListItem","position":2,"name":"Soluciones para rehabilitaci\u00f3n"}]}]}},"_links":{"self":[{"href":"https:\/\/www.danosa.com\/es-es\/wp-json\/wp\/v2\/pages\/8586"}],"collection":[{"href":"https:\/\/www.danosa.com\/es-es\/wp-json\/wp\/v2\/pages"}],"about":[{"href":"https:\/\/www.danosa.com\/es-es\/wp-json\/wp\/v2\/types\/page"}],"author":[{"embeddable":true,"href":"https:\/\/www.danosa.com\/es-es\/wp-json\/wp\/v2\/users\/2"}],"replies":[{"embeddable":true,"href":"https:\/\/www.danosa.com\/es-es\/wp-json\/wp\/v2\/comments?post=8586"}],"version-history":[{"count":33,"href":"https:\/\/www.danosa.com\/es-es\/wp-json\/wp\/v2\/pages\/8586\/revisions"}],"predecessor-version":[{"id":10133,"href":"https:\/\/www.danosa.com\/es-es\/wp-json\/wp\/v2\/pages\/8586\/revisions\/10133"}],"wp:attachment":[{"href":"https:\/\/www.danosa.com\/es-es\/wp-json\/wp\/v2\/media?parent=8586"}],"curies":[{"name":"wp","href":"https:\/\/api.w.org\/{rel}","templated":true}]}}