{"id":8654,"date":"2021-11-25T14:01:11","date_gmt":"2021-11-25T13:01:11","guid":{"rendered":"https:\/\/www.danosa.com\/es-es\/?page_id=8654"},"modified":"2023-11-09T13:10:43","modified_gmt":"2023-11-09T12:10:43","slug":"ayudas","status":"publish","type":"page","link":"https:\/\/www.danosa.com\/es-es\/ayudas\/","title":{"rendered":"Programa de rehabilitaci\u00f3n energ\u00e9tica de edificios"},"content":{"rendered":"\n<div style=\"height:50px\" aria-hidden=\"true\" class=\"wp-block-spacer\"><\/div>\n\n\n\n<h1 class=\"has-huge-font-size\">PROGRAMA DE<br><strong>REHABILITACI\u00d3N<\/strong><br>ENERG\u00c9TICA DE EDIFICIOS<\/h1>\n\n\n\n<div id=\"sostenibilidad-intro-text\" class=\"wp-container-1 wp-block-group\"><div class=\"wp-block-group__inner-container\">\n<p>Actualmente el parque de edificios espa\u00f1ol consume m\u00e1s del 30% de la energ\u00eda final. Sin embargo, cuenta con un importante potencial de ahorro y de incorporaci\u00f3n de energ\u00edas renovables, y para aprovecharlo se ha creado el Programa de Rehabilitaci\u00f3n Energ\u00e9tica de Edificios (PREE), que regula un paquete de ayudas destinadas a la <strong>rehabilitaci\u00f3n energ\u00e9tica de los edificios existentes<\/strong>. Est\u00e1n incluidos edificios residenciales, viviendas unifamiliares, edificios del sector terciario y tambi\u00e9n del sector p\u00fablico, como centros administrativos, educativos, sanitarios o culturales.<\/p>\n\n\n\n<p>Dotado con un presupuesto inicial de 300 millones de euros, renovables autom\u00e1ticamente, y que se destinar\u00e1 para ayudas directas a actuaciones de mejora de la eficiencia energ\u00e9tica en edificios construidos antes de 2007. Podr\u00e1n beneficiarse de estas ayudas, propietarios de viviendas o locales, comunidades de propietarios, empresas o entidades locales.<\/p>\n\n\n\n<p>Las actuaciones subvencionables corresponden a tres tipolog\u00edas:<\/p>\n\n\n\n<ul><li>Mejora de la envolvente t\u00e9rmica, como la que se consigue con la instalaci\u00f3n de un Sistema de Aislamiento T\u00e9rmico por el Exterior (SATE).<\/li><li>Mejora de la eficiencia energ\u00e9tica de las instalaciones t\u00e9rmicas.<\/li><li>Mejora de las instalaciones de iluminaci\u00f3n.<\/li><\/ul>\n\n\n\n<p>En cualquiera de los casos, el proyecto de rehabilitaci\u00f3n deber\u00e1 disminuir el consumo de energ\u00eda por lo menos un 10%, para ser elegible. Esto tambi\u00e9n significa que<strong> la calificaci\u00f3n energ\u00e9tica de la edificaci\u00f3n deber\u00e1 mejorar al menos en una letr<\/strong>a. Se subvencionar\u00e1 entre un 25% y un 35% del coste de la rehabilitaci\u00f3n, salvo en el caso de las mejoras de eficiencia energ\u00e9tica en instalaciones de iluminaci\u00f3n, en los que la ayuda ser\u00e1 del 15%. Si se combinan distintas actuaciones o se logra una mejora sustancial de la eficiencia, la mejora adicional ser\u00e1 del 20%.<\/p>\n<\/div><\/div>\n\n\n\n<div class=\"wp-block-cover alignfull is-light\" style=\"min-height:974px\"><span aria-hidden=\"true\" class=\"has-background-dim-0 wp-block-cover__gradient-background has-background-dim\"><\/span><img loading=\"lazy\" width=\"1920\" height=\"962\" class=\"wp-block-cover__image-background wp-image-8658\" alt=\"\" src=\"https:\/\/www.danosa.com\/es-es\/wp-content\/uploads\/sites\/2\/2021\/11\/Danosa_confort_invisible_ayudas.png\" style=\"object-position:31% 38%\" data-object-fit=\"cover\" data-object-position=\"31% 38%\" srcset=\"https:\/\/www.danosa.com\/es-es\/wp-content\/uploads\/sites\/2\/2021\/11\/Danosa_confort_invisible_ayudas.png 1920w, https:\/\/www.danosa.com\/es-es\/wp-content\/uploads\/sites\/2\/2021\/11\/Danosa_confort_invisible_ayudas-300x150.png 300w, https:\/\/www.danosa.com\/es-es\/wp-content\/uploads\/sites\/2\/2021\/11\/Danosa_confort_invisible_ayudas-1024x513.png 1024w, https:\/\/www.danosa.com\/es-es\/wp-content\/uploads\/sites\/2\/2021\/11\/Danosa_confort_invisible_ayudas-768x385.png 768w, https:\/\/www.danosa.com\/es-es\/wp-content\/uploads\/sites\/2\/2021\/11\/Danosa_confort_invisible_ayudas-1536x770.png 1536w, https:\/\/www.danosa.com\/es-es\/wp-content\/uploads\/sites\/2\/2021\/11\/Danosa_confort_invisible_ayudas-928x464.png 928w\" sizes=\"(max-width: 1920px) 100vw, 1920px\" \/><div class=\"wp-block-cover__inner-container\">\n<div class=\"wp-block-columns\">\n<div class=\"wp-block-column\" style=\"flex-basis:50%\">\n<p><\/p>\n<\/div>\n\n\n\n<div class=\"wp-block-column\" style=\"flex-basis:50%\"><\/div>\n<\/div>\n<\/div><\/div>\n","protected":false},"excerpt":{"rendered":"<p>PROGRAMA DEREHABILITACI\u00d3NENERG\u00c9TICA DE EDIFICIOS Actualmente el parque de edificios espa\u00f1ol consume m\u00e1s del 30% de la energ\u00eda final. Sin embargo, cuenta con un importante potencial de ahorro y de incorporaci\u00f3n de energ\u00edas renovables, y para aprovecharlo se ha creado el Programa de Rehabilitaci\u00f3n Energ\u00e9tica de Edificios (PREE), que regula un paquete de ayudas destinadas a&#8230;<\/p>\n","protected":false},"author":2,"featured_media":0,"parent":0,"menu_order":0,"comment_status":"closed","ping_status":"closed","template":"","meta":{"inline_featured_image":false,"site-sidebar-layout":"default","site-content-layout":"plain-container","ast-main-header-display":"","ast-hfb-above-header-display":"","ast-hfb-below-header-display":"","ast-hfb-mobile-header-display":"","site-post-title":"disabled","ast-breadcrumbs-content":"","ast-featured-img":"","footer-sml-layout":"","theme-transparent-header-meta":"default","adv-header-id-meta":"","stick-header-meta":"default","header-above-stick-meta":"","header-main-stick-meta":"","header-below-stick-meta":""},"acf":[],"yoast_head":"<!-- This site is optimized with the Yoast SEO plugin v18.1 - https:\/\/yoast.com\/wordpress\/plugins\/seo\/ -->\n<title>Programa de ayudas para la rehabilitaci\u00f3n energ\u00e9tica de edificios<\/title>\n<meta name=\"description\" content=\"El Programa de Rehabilitaci\u00f3n Energ\u00e9tica de Edificios (PREE) regula ayudas destinadas a la rehabilitaci\u00f3n energ\u00e9tica de edificios existentes.\" \/>\n<meta name=\"robots\" content=\"index, follow, max-snippet:-1, max-image-preview:large, max-video-preview:-1\" \/>\n<link rel=\"canonical\" href=\"https:\/\/www.danosa.com\/es-es\/ayudas\/\" \/>\n<meta property=\"og:locale\" content=\"es_ES\" \/>\n<meta property=\"og:type\" content=\"article\" \/>\n<meta property=\"og:title\" content=\"Programa de ayudas para la rehabilitaci\u00f3n energ\u00e9tica de edificios\" \/>\n<meta property=\"og:description\" content=\"El Programa de Rehabilitaci\u00f3n Energ\u00e9tica de Edificios (PREE) regula ayudas destinadas a la rehabilitaci\u00f3n energ\u00e9tica de edificios existentes.\" \/>\n<meta property=\"og:url\" content=\"https:\/\/www.danosa.com\/es-es\/ayudas\/\" \/>\n<meta property=\"og:site_name\" content=\"Danosa | Soluciones para la construcci\u00f3n\" \/>\n<meta property=\"article:publisher\" content=\"https:\/\/www.facebook.com\/aislamientoeimpermeabilizacion\/\" \/>\n<meta property=\"article:modified_time\" content=\"2023-11-09T12:10:43+00:00\" \/>\n<meta property=\"og:image\" content=\"https:\/\/www.danosa.com\/es-es\/wp-content\/uploads\/sites\/2\/2021\/11\/Danosa_confort_invisible_ayudas.png\" \/>\n<meta name=\"twitter:card\" content=\"summary_large_image\" \/>\n<meta name=\"twitter:site\" content=\"@DANOSA_SPAIN\" \/>\n<meta name=\"twitter:label1\" content=\"Tiempo de lectura\" \/>\n\t<meta name=\"twitter:data1\" content=\"2 minutos\" \/>\n<script type=\"application\/ld+json\" class=\"yoast-schema-graph\">{\"@context\":\"https:\/\/schema.org\",\"@graph\":[{\"@type\":\"WebSite\",\"@id\":\"https:\/\/www.danosa.com\/es-es\/#website\",\"url\":\"https:\/\/www.danosa.com\/es-es\/\",\"name\":\"Danosa | Soluciones para la construcci\u00f3n\",\"description\":\"Impermeabilizaci\u00f3n, aislamiento ac\u00fastico y t\u00e9rmico\",\"potentialAction\":[{\"@type\":\"SearchAction\",\"target\":{\"@type\":\"EntryPoint\",\"urlTemplate\":\"https:\/\/www.danosa.com\/es-es\/?s={search_term_string}\"},\"query-input\":\"required name=search_term_string\"}],\"inLanguage\":\"es\"},{\"@type\":\"ImageObject\",\"@id\":\"https:\/\/www.danosa.com\/es-es\/ayudas\/#primaryimage\",\"inLanguage\":\"es\",\"url\":\"https:\/\/www.danosa.com\/es-es\/wp-content\/uploads\/sites\/2\/2021\/11\/Danosa_confort_invisible_ayudas.png\",\"contentUrl\":\"https:\/\/www.danosa.com\/es-es\/wp-content\/uploads\/sites\/2\/2021\/11\/Danosa_confort_invisible_ayudas.png\",\"width\":1920,\"height\":962,\"caption\":\"Programa de rehabilitacion energetica de edificios\"},{\"@type\":\"WebPage\",\"@id\":\"https:\/\/www.danosa.com\/es-es\/ayudas\/#webpage\",\"url\":\"https:\/\/www.danosa.com\/es-es\/ayudas\/\",\"name\":\"Programa de ayudas para la rehabilitaci\u00f3n energ\u00e9tica de edificios\",\"isPartOf\":{\"@id\":\"https:\/\/www.danosa.com\/es-es\/#website\"},\"primaryImageOfPage\":{\"@id\":\"https:\/\/www.danosa.com\/es-es\/ayudas\/#primaryimage\"},\"datePublished\":\"2021-11-25T13:01:11+00:00\",\"dateModified\":\"2023-11-09T12:10:43+00:00\",\"description\":\"El Programa de Rehabilitaci\u00f3n Energ\u00e9tica de Edificios (PREE) regula ayudas destinadas a la rehabilitaci\u00f3n energ\u00e9tica de edificios existentes.\",\"breadcrumb\":{\"@id\":\"https:\/\/www.danosa.com\/es-es\/ayudas\/#breadcrumb\"},\"inLanguage\":\"es\",\"potentialAction\":[{\"@type\":\"ReadAction\",\"target\":[\"https:\/\/www.danosa.com\/es-es\/ayudas\/\"]}]},{\"@type\":\"BreadcrumbList\",\"@id\":\"https:\/\/www.danosa.com\/es-es\/ayudas\/#breadcrumb\",\"itemListElement\":[{\"@type\":\"ListItem\",\"position\":1,\"name\":\"Portada\",\"item\":\"https:\/\/www.danosa.com\/es-es\/\"},{\"@type\":\"ListItem\",\"position\":2,\"name\":\"Programa de rehabilitaci\u00f3n energ\u00e9tica de edificios\"}]}]}<\/script>\n<!-- \/ Yoast SEO plugin. -->","yoast_head_json":{"title":"Programa de ayudas para la rehabilitaci\u00f3n energ\u00e9tica de edificios","description":"El Programa de Rehabilitaci\u00f3n Energ\u00e9tica de Edificios (PREE) regula ayudas destinadas a la rehabilitaci\u00f3n energ\u00e9tica de edificios existentes.","robots":{"index":"index","follow":"follow","max-snippet":"max-snippet:-1","max-image-preview":"max-image-preview:large","max-video-preview":"max-video-preview:-1"},"canonical":"https:\/\/www.danosa.com\/es-es\/ayudas\/","og_locale":"es_ES","og_type":"article","og_title":"Programa de ayudas para la rehabilitaci\u00f3n energ\u00e9tica de edificios","og_description":"El Programa de Rehabilitaci\u00f3n Energ\u00e9tica de Edificios (PREE) regula ayudas destinadas a la rehabilitaci\u00f3n energ\u00e9tica de edificios existentes.","og_url":"https:\/\/www.danosa.com\/es-es\/ayudas\/","og_site_name":"Danosa | Soluciones para la construcci\u00f3n","article_publisher":"https:\/\/www.facebook.com\/aislamientoeimpermeabilizacion\/","article_modified_time":"2023-11-09T12:10:43+00:00","og_image":[{"url":"https:\/\/www.danosa.com\/es-es\/wp-content\/uploads\/sites\/2\/2021\/11\/Danosa_confort_invisible_ayudas.png"}],"twitter_card":"summary_large_image","twitter_site":"@DANOSA_SPAIN","twitter_misc":{"Tiempo de lectura":"2 minutos"},"schema":{"@context":"https:\/\/schema.org","@graph":[{"@type":"WebSite","@id":"https:\/\/www.danosa.com\/es-es\/#website","url":"https:\/\/www.danosa.com\/es-es\/","name":"Danosa | Soluciones para la construcci\u00f3n","description":"Impermeabilizaci\u00f3n, aislamiento ac\u00fastico y t\u00e9rmico","potentialAction":[{"@type":"SearchAction","target":{"@type":"EntryPoint","urlTemplate":"https:\/\/www.danosa.com\/es-es\/?s={search_term_string}"},"query-input":"required name=search_term_string"}],"inLanguage":"es"},{"@type":"ImageObject","@id":"https:\/\/www.danosa.com\/es-es\/ayudas\/#primaryimage","inLanguage":"es","url":"https:\/\/www.danosa.com\/es-es\/wp-content\/uploads\/sites\/2\/2021\/11\/Danosa_confort_invisible_ayudas.png","contentUrl":"https:\/\/www.danosa.com\/es-es\/wp-content\/uploads\/sites\/2\/2021\/11\/Danosa_confort_invisible_ayudas.png","width":1920,"height":962,"caption":"Programa de rehabilitacion energetica de edificios"},{"@type":"WebPage","@id":"https:\/\/www.danosa.com\/es-es\/ayudas\/#webpage","url":"https:\/\/www.danosa.com\/es-es\/ayudas\/","name":"Programa de ayudas para la rehabilitaci\u00f3n energ\u00e9tica de edificios","isPartOf":{"@id":"https:\/\/www.danosa.com\/es-es\/#website"},"primaryImageOfPage":{"@id":"https:\/\/www.danosa.com\/es-es\/ayudas\/#primaryimage"},"datePublished":"2021-11-25T13:01:11+00:00","dateModified":"2023-11-09T12:10:43+00:00","description":"El Programa de Rehabilitaci\u00f3n Energ\u00e9tica de Edificios (PREE) regula ayudas destinadas a la rehabilitaci\u00f3n energ\u00e9tica de edificios existentes.","breadcrumb":{"@id":"https:\/\/www.danosa.com\/es-es\/ayudas\/#breadcrumb"},"inLanguage":"es","potentialAction":[{"@type":"ReadAction","target":["https:\/\/www.danosa.com\/es-es\/ayudas\/"]}]},{"@type":"BreadcrumbList","@id":"https:\/\/www.danosa.com\/es-es\/ayudas\/#breadcrumb","itemListElement":[{"@type":"ListItem","position":1,"name":"Portada","item":"https:\/\/www.danosa.com\/es-es\/"},{"@type":"ListItem","position":2,"name":"Programa de rehabilitaci\u00f3n energ\u00e9tica de edificios"}]}]}},"_links":{"self":[{"href":"https:\/\/www.danosa.com\/es-es\/wp-json\/wp\/v2\/pages\/8654"}],"collection":[{"href":"https:\/\/www.danosa.com\/es-es\/wp-json\/wp\/v2\/pages"}],"about":[{"href":"https:\/\/www.danosa.com\/es-es\/wp-json\/wp\/v2\/types\/page"}],"author":[{"embeddable":true,"href":"https:\/\/www.danosa.com\/es-es\/wp-json\/wp\/v2\/users\/2"}],"replies":[{"embeddable":true,"href":"https:\/\/www.danosa.com\/es-es\/wp-json\/wp\/v2\/comments?post=8654"}],"version-history":[{"count":8,"href":"https:\/\/www.danosa.com\/es-es\/wp-json\/wp\/v2\/pages\/8654\/revisions"}],"predecessor-version":[{"id":10132,"href":"https:\/\/www.danosa.com\/es-es\/wp-json\/wp\/v2\/pages\/8654\/revisions\/10132"}],"wp:attachment":[{"href":"https:\/\/www.danosa.com\/es-es\/wp-json\/wp\/v2\/media?parent=8654"}],"curies":[{"name":"wp","href":"https:\/\/api.w.org\/{rel}","templated":true}]}}