{"id":9012,"date":"2026-02-25T15:12:32","date_gmt":"2026-02-25T14:12:32","guid":{"rendered":"https:\/\/www.danosa.com\/es-es\/?page_id=9012"},"modified":"2026-03-06T11:03:37","modified_gmt":"2026-03-06T10:03:37","slug":"certificados-sostenibilidad","status":"publish","type":"page","link":"https:\/\/www.danosa.com\/es-es\/certificados-sostenibilidad\/","title":{"rendered":"Certificados Sostenibilidad"},"content":{"rendered":"\n<div class=\"wp-container-1 wp-block-group\"><div class=\"wp-block-group__inner-container\">\n<div style=\"height:49px\" aria-hidden=\"true\" class=\"wp-block-spacer\"><\/div>\n\n\n\n<h2 class=\"has-text-align-left has-x-large-font-size\"><strong>Sostenibilidad<\/strong><\/h2>\n\n\n\n<p>Danosa tiene plena conciencia de que la Sostenibilidad es una gran responsabilidad que comprende los riesgos, oportunidades y retos m\u00e1s relevantes para la Sociedad y, con ello, para las empresas, en los pr\u00f3ximos a\u00f1os.<\/p>\n\n\n\n<div class=\"wp-block-image\"><figure class=\"aligncenter size-full\"><img loading=\"lazy\" width=\"1300\" height=\"643\" src=\"https:\/\/www.danosa.com\/es-es\/wp-content\/uploads\/sites\/2\/2022\/01\/Danosa_fontanar_ods_11.jpg\" alt=\"\" class=\"wp-image-9039\" srcset=\"https:\/\/www.danosa.com\/es-es\/wp-content\/uploads\/sites\/2\/2022\/01\/Danosa_fontanar_ods_11.jpg 1300w, https:\/\/www.danosa.com\/es-es\/wp-content\/uploads\/sites\/2\/2022\/01\/Danosa_fontanar_ods_11-300x148.jpg 300w, https:\/\/www.danosa.com\/es-es\/wp-content\/uploads\/sites\/2\/2022\/01\/Danosa_fontanar_ods_11-1024x506.jpg 1024w, https:\/\/www.danosa.com\/es-es\/wp-content\/uploads\/sites\/2\/2022\/01\/Danosa_fontanar_ods_11-768x380.jpg 768w\" sizes=\"(max-width: 1300px) 100vw, 1300px\" \/><\/figure><\/div>\n\n\n\n<div style=\"height:50px\" aria-hidden=\"true\" class=\"wp-block-spacer\"><\/div>\n\n\n\n<hr class=\"wp-block-separator is-style-wide\"\/>\n\n\n\n<h2><strong>MEMORIAS DE SOSTENIBILIDAD<\/strong><\/h2>\n\n\n\n<div class=\"wp-block-columns\">\n<div class=\"wp-block-column\" style=\"flex-basis:320px\">\n<figure class=\"wp-block-image size-full\"><img loading=\"lazy\" width=\"280\" height=\"400\" src=\"https:\/\/www.danosa.com\/es-es\/wp-content\/uploads\/sites\/2\/2022\/01\/Danosa_declaracion_CEO.jpg\" alt=\"\" class=\"wp-image-9030\" srcset=\"https:\/\/www.danosa.com\/es-es\/wp-content\/uploads\/sites\/2\/2022\/01\/Danosa_declaracion_CEO.jpg 280w, https:\/\/www.danosa.com\/es-es\/wp-content\/uploads\/sites\/2\/2022\/01\/Danosa_declaracion_CEO-210x300.jpg 210w\" sizes=\"(max-width: 280px) 100vw, 280px\" \/><figcaption><a href=\"https:\/\/www.danosa.com\/es-es\/wp-content\/uploads\/sites\/2\/2022\/01\/Memoria_sostenibilidad_DANOSA_2021_CEO.pdf\" target=\"_blank\" rel=\"noreferrer noopener\">Declartaci\u00f3n CEO<\/a><\/figcaption><\/figure>\n<\/div>\n\n\n\n<div class=\"wp-block-column\" style=\"flex-basis:320px\">\n<figure class=\"wp-block-image size-full\"><img loading=\"lazy\" width=\"566\" height=\"800\" src=\"https:\/\/www.danosa.com\/es-es\/wp-content\/uploads\/sites\/2\/2026\/03\/Memoria-de-sostenibilidad-DANOSA-2025-1.jpg\" alt=\"\" class=\"wp-image-14417\" srcset=\"https:\/\/www.danosa.com\/es-es\/wp-content\/uploads\/sites\/2\/2026\/03\/Memoria-de-sostenibilidad-DANOSA-2025-1.jpg 566w, https:\/\/www.danosa.com\/es-es\/wp-content\/uploads\/sites\/2\/2026\/03\/Memoria-de-sostenibilidad-DANOSA-2025-1-212x300.jpg 212w\" sizes=\"(max-width: 566px) 100vw, 566px\" \/><figcaption><a href=\"https:\/\/www.danosa.com\/es-es\/wp-content\/uploads\/sites\/2\/2026\/03\/Memoria-de-sostenibilidad-DANOSA-2025.pdf\">Memoria de sostenibilidad 2025<\/a><\/figcaption><\/figure>\n<\/div>\n\n\n\n<div class=\"wp-block-column\" style=\"flex-basis:320px\">\n<figure class=\"wp-block-image size-full\"><img loading=\"lazy\" width=\"566\" height=\"800\" src=\"https:\/\/www.danosa.com\/es-es\/wp-content\/uploads\/sites\/2\/2026\/02\/Certificado-Sello-ANAIP-renovacion-2026.jpg\" alt=\"\" class=\"wp-image-14391\" srcset=\"https:\/\/www.danosa.com\/es-es\/wp-content\/uploads\/sites\/2\/2026\/02\/Certificado-Sello-ANAIP-renovacion-2026.jpg 566w, https:\/\/www.danosa.com\/es-es\/wp-content\/uploads\/sites\/2\/2026\/02\/Certificado-Sello-ANAIP-renovacion-2026-212x300.jpg 212w\" sizes=\"(max-width: 566px) 100vw, 566px\" \/><figcaption><a href=\"https:\/\/www.danosa.com\/es-es\/wp-content\/uploads\/sites\/2\/2026\/02\/Certificado-Sello-ANAIP-renovacion-2026.pdf\" target=\"_blank\" rel=\"noreferrer noopener\">Certificado Empresa pl\u00e1sticos Espa\u00f1ola SOSTENIBLE de ANAIP<\/a><\/figcaption><\/figure>\n<\/div>\n<\/div>\n\n\n\n<div class=\"wp-block-columns\">\n<div class=\"wp-block-column\" style=\"flex-basis:320px\">\n<figure class=\"wp-block-image size-full\"><img loading=\"lazy\" width=\"286\" height=\"404\" src=\"https:\/\/www.danosa.com\/es-es\/wp-content\/uploads\/sites\/2\/2023\/08\/INFORMACION_NO_FINANCIERA_2022.jpg\" alt=\"\" class=\"wp-image-12190\" srcset=\"https:\/\/www.danosa.com\/es-es\/wp-content\/uploads\/sites\/2\/2023\/08\/INFORMACION_NO_FINANCIERA_2022.jpg 286w, https:\/\/www.danosa.com\/es-es\/wp-content\/uploads\/sites\/2\/2023\/08\/INFORMACION_NO_FINANCIERA_2022-212x300.jpg 212w\" sizes=\"(max-width: 286px) 100vw, 286px\" \/><figcaption><a href=\"https:\/\/www.danosa.com\/es-es\/wp-content\/uploads\/sites\/2\/2021\/10\/Informe-No-Financiero-DANOSA-2022.pdf\">Informaci\u00f3n no financiera 2022 DANOSA<\/a><\/figcaption><\/figure>\n<\/div>\n\n\n\n<div class=\"wp-block-column\" style=\"flex-basis:320px\"><\/div>\n<\/div>\n\n\n\n<div style=\"height:30px\" aria-hidden=\"true\" class=\"wp-block-spacer\"><\/div>\n\n\n\n<hr class=\"wp-block-separator is-style-wide\"\/>\n\n\n\n<h2><strong><strong>RECICLADOS<\/strong><\/strong><\/h2>\n\n\n\n<div class=\"wp-block-columns\">\n<div class=\"wp-block-column\">\n<figure class=\"wp-block-image size-full\"><img loading=\"lazy\" width=\"500\" height=\"356\" src=\"https:\/\/www.danosa.com\/es-es\/wp-content\/uploads\/sites\/2\/2022\/01\/Certificado_MORE_2021_DANOSA.jpg\" alt=\"\" class=\"wp-image-9022\" srcset=\"https:\/\/www.danosa.com\/es-es\/wp-content\/uploads\/sites\/2\/2022\/01\/Certificado_MORE_2021_DANOSA.jpg 500w, https:\/\/www.danosa.com\/es-es\/wp-content\/uploads\/sites\/2\/2022\/01\/Certificado_MORE_2021_DANOSA-300x214.jpg 300w\" sizes=\"(max-width: 500px) 100vw, 500px\" \/><figcaption><a href=\"https:\/\/www.danosa.com\/es-es\/wp-content\/uploads\/sites\/2\/2022\/01\/Certificado-MORE-2021_DANOSA.pdf\" target=\"_blank\" rel=\"noreferrer noopener\">MORE 2021<\/a><\/figcaption><\/figure>\n<\/div>\n\n\n\n<div class=\"wp-block-column\">\n<figure class=\"wp-block-image size-full\"><img loading=\"lazy\" width=\"500\" height=\"356\" src=\"https:\/\/www.danosa.com\/es-es\/wp-content\/uploads\/sites\/2\/2022\/05\/Certificado_MORE_2022_Danosa.jpg\" alt=\"\" class=\"wp-image-9580\" srcset=\"https:\/\/www.danosa.com\/es-es\/wp-content\/uploads\/sites\/2\/2022\/05\/Certificado_MORE_2022_Danosa.jpg 500w, https:\/\/www.danosa.com\/es-es\/wp-content\/uploads\/sites\/2\/2022\/05\/Certificado_MORE_2022_Danosa-300x214.jpg 300w\" sizes=\"(max-width: 500px) 100vw, 500px\" \/><figcaption><a href=\"https:\/\/www.danosa.com\/es-es\/wp-content\/uploads\/sites\/2\/2022\/05\/Certificado_MORE_2022_Danosa.pdf\" target=\"_blank\" rel=\"noreferrer noopener\">MORE 2022<\/a><\/figcaption><\/figure>\n<\/div>\n<\/div>\n\n\n\n<div style=\"height:30px\" aria-hidden=\"true\" class=\"wp-block-spacer\"><\/div>\n\n\n\n<hr class=\"wp-block-separator is-style-wide\"\/>\n\n\n\n<h2><strong><strong><strong>ALIANZAS y COLABORACIONES<\/strong><\/strong><\/strong><\/h2>\n\n\n\n<div class=\"wp-block-columns\">\n<div class=\"wp-block-column\" style=\"flex-basis:320px\">\n<figure class=\"wp-block-image size-full\"><img loading=\"lazy\" width=\"284\" height=\"400\" src=\"https:\/\/www.danosa.com\/es-es\/wp-content\/uploads\/sites\/2\/2023\/02\/GBC_informe_2022_Digital.jpg\" alt=\"\" class=\"wp-image-10626\" srcset=\"https:\/\/www.danosa.com\/es-es\/wp-content\/uploads\/sites\/2\/2023\/02\/GBC_informe_2022_Digital.jpg 284w, https:\/\/www.danosa.com\/es-es\/wp-content\/uploads\/sites\/2\/2023\/02\/GBC_informe_2022_Digital-213x300.jpg 213w\" sizes=\"(max-width: 284px) 100vw, 284px\" \/><figcaption><a href=\"https:\/\/www.danosa.com\/es-es\/wp-content\/uploads\/sites\/2\/2023\/02\/GBC_informe_2022_Digital.pdf\" target=\"_blank\" rel=\"noreferrer noopener\">Informe Pa\u00eds GBCe 2022<\/a><\/figcaption><\/figure>\n<\/div>\n\n\n\n<div class=\"wp-block-column\">\n<figure class=\"wp-block-image size-full\"><img loading=\"lazy\" width=\"500\" height=\"358\" src=\"https:\/\/www.danosa.com\/es-es\/wp-content\/uploads\/sites\/2\/2022\/01\/Certificado_VYNIL_PLUS_DANOSA.jpg\" alt=\"\" class=\"wp-image-9026\" srcset=\"https:\/\/www.danosa.com\/es-es\/wp-content\/uploads\/sites\/2\/2022\/01\/Certificado_VYNIL_PLUS_DANOSA.jpg 500w, https:\/\/www.danosa.com\/es-es\/wp-content\/uploads\/sites\/2\/2022\/01\/Certificado_VYNIL_PLUS_DANOSA-300x215.jpg 300w\" sizes=\"(max-width: 500px) 100vw, 500px\" \/><figcaption><a href=\"https:\/\/www.danosa.com\/es-es\/wp-content\/uploads\/sites\/2\/2022\/01\/Certificado_VYNIL_PLUS_DANOSA.pdf\" target=\"_blank\" rel=\"noreferrer noopener\">VYNIL PLUS 2021<\/a><\/figcaption><\/figure>\n<\/div>\n<\/div>\n\n\n\n<div style=\"height:30px\" aria-hidden=\"true\" class=\"wp-block-spacer\"><\/div>\n\n\n\n<hr class=\"wp-block-separator is-style-wide\"\/>\n\n\n\n<h2><strong><strong><strong><strong>SOSTENIBILIDAD de PRODUCTOS<\/strong><\/strong><\/strong><\/strong><\/h2>\n\n\n\n<div class=\"wp-block-columns\">\n<div class=\"wp-block-column\" style=\"flex-basis:320px\">\n<figure class=\"wp-block-image size-full\"><img loading=\"lazy\" width=\"618\" height=\"800\" src=\"https:\/\/www.danosa.com\/es-es\/wp-content\/uploads\/sites\/2\/2022\/11\/SELLO_NS_XPS_CE020NS004046_ES_2026-01-19-1.jpg\" alt=\"\" class=\"wp-image-14351\" srcset=\"https:\/\/www.danosa.com\/es-es\/wp-content\/uploads\/sites\/2\/2022\/11\/SELLO_NS_XPS_CE020NS004046_ES_2026-01-19-1.jpg 618w, https:\/\/www.danosa.com\/es-es\/wp-content\/uploads\/sites\/2\/2022\/11\/SELLO_NS_XPS_CE020NS004046_ES_2026-01-19-1-232x300.jpg 232w\" sizes=\"(max-width: 618px) 100vw, 618px\" \/><figcaption><a href=\"https:\/\/www.danosa.com\/es-es\/wp-content\/uploads\/sites\/2\/2022\/01\/Danosa_CERTIFICADO-INSCRIPCION_2020_C.pdf\"><\/a><a href=\"https:\/\/www.danosa.com\/es-es\/wp-content\/uploads\/sites\/2\/2022\/11\/SELLO_NS_XPS_CE020NS004046_ES_2026-01-19.pdf\">Certificado de la Marca AENOR N Sostenible<\/a><\/figcaption><\/figure>\n<\/div>\n\n\n\n<div class=\"wp-block-column\" style=\"flex-basis:320px\"><\/div>\n<\/div>\n\n\n\n<div style=\"height:30px\" aria-hidden=\"true\" class=\"wp-block-spacer\"><\/div>\n\n\n\n<hr class=\"wp-block-separator is-style-wide\"\/>\n\n\n\n<h2><strong>HUELLA DE CARBONO<\/strong><\/h2>\n\n\n\n<div class=\"wp-block-columns\">\n<div class=\"wp-block-column\" style=\"flex-basis:320px\">\n<figure class=\"wp-block-image size-full\"><img loading=\"lazy\" width=\"280\" height=\"400\" src=\"https:\/\/www.danosa.com\/es-es\/wp-content\/uploads\/sites\/2\/2022\/01\/Danosa_CERTIFICADO-INSCRIPCION_2020_C.jpg\" alt=\"\" class=\"wp-image-9054\" srcset=\"https:\/\/www.danosa.com\/es-es\/wp-content\/uploads\/sites\/2\/2022\/01\/Danosa_CERTIFICADO-INSCRIPCION_2020_C.jpg 280w, https:\/\/www.danosa.com\/es-es\/wp-content\/uploads\/sites\/2\/2022\/01\/Danosa_CERTIFICADO-INSCRIPCION_2020_C-210x300.jpg 210w\" sizes=\"(max-width: 280px) 100vw, 280px\" \/><figcaption><a href=\"https:\/\/www.danosa.com\/es-es\/wp-content\/uploads\/sites\/2\/2022\/01\/Danosa_CERTIFICADO-INSCRIPCION_2020_C.pdf\">Registro de huella de carbono 2020<\/a><\/figcaption><\/figure>\n<\/div>\n\n\n\n<div class=\"wp-block-column\" style=\"flex-basis:320px\">\n<figure class=\"wp-block-image size-full\"><img loading=\"lazy\" width=\"280\" height=\"400\" src=\"https:\/\/www.danosa.com\/es-es\/wp-content\/uploads\/sites\/2\/2022\/11\/Danosda_HC_2021.jpg\" alt=\"\" class=\"wp-image-10159\" srcset=\"https:\/\/www.danosa.com\/es-es\/wp-content\/uploads\/sites\/2\/2022\/11\/Danosda_HC_2021.jpg 280w, https:\/\/www.danosa.com\/es-es\/wp-content\/uploads\/sites\/2\/2022\/11\/Danosda_HC_2021-210x300.jpg 210w\" sizes=\"(max-width: 280px) 100vw, 280px\" \/><figcaption><a href=\"https:\/\/www.danosa.com\/es-es\/wp-content\/uploads\/sites\/2\/2022\/11\/2022-a1837-CERTIFICADO-INSCRIPCION_2021_C.pdf\">Registro de huella de carbono 2021<\/a><\/figcaption><\/figure>\n<\/div>\n\n\n\n<div class=\"wp-block-column\" style=\"flex-basis:320px\">\n<figure class=\"wp-block-image size-full\"><img loading=\"lazy\" width=\"274\" height=\"400\" src=\"https:\/\/www.danosa.com\/es-es\/wp-content\/uploads\/sites\/2\/2023\/03\/Certificado-de-Verificacion-Huella-Carbono-DANOSA-1.png\" alt=\"\" class=\"wp-image-11492\" srcset=\"https:\/\/www.danosa.com\/es-es\/wp-content\/uploads\/sites\/2\/2023\/03\/Certificado-de-Verificacion-Huella-Carbono-DANOSA-1.png 274w, https:\/\/www.danosa.com\/es-es\/wp-content\/uploads\/sites\/2\/2023\/03\/Certificado-de-Verificacion-Huella-Carbono-DANOSA-1-206x300.png 206w\" sizes=\"(max-width: 274px) 100vw, 274px\" \/><figcaption><a href=\"https:\/\/www.danosa.com\/es-es\/wp-content\/uploads\/sites\/2\/2023\/03\/Certificado-de-Verificacion-Huella-Carbono-DANOSA.pdf\" target=\"_blank\" rel=\"noreferrer noopener\">Certificado de Verificaci\u00f3n Huella Carbono DANOSA<\/a><\/figcaption><\/figure>\n<\/div>\n\n\n\n<div class=\"wp-block-column\" style=\"flex-basis:320px\">\n<figure class=\"wp-block-image size-full\"><img loading=\"lazy\" width=\"267\" height=\"400\" src=\"https:\/\/www.danosa.com\/es-es\/wp-content\/uploads\/sites\/2\/2023\/03\/Informe-Calculo-Huella-Carbono-DANOSA-1.png\" alt=\"\" class=\"wp-image-11494\" srcset=\"https:\/\/www.danosa.com\/es-es\/wp-content\/uploads\/sites\/2\/2023\/03\/Informe-Calculo-Huella-Carbono-DANOSA-1.png 267w, https:\/\/www.danosa.com\/es-es\/wp-content\/uploads\/sites\/2\/2023\/03\/Informe-Calculo-Huella-Carbono-DANOSA-1-200x300.png 200w\" sizes=\"(max-width: 267px) 100vw, 267px\" \/><figcaption><a href=\"https:\/\/www.danosa.com\/es-es\/wp-content\/uploads\/sites\/2\/2023\/03\/Informe-Calculo-Huella-Carbono-DANOSA.pdf\" target=\"_blank\" rel=\"noreferrer noopener\">Informe C\u00e1lculo Huella Carbono DANOSA<\/a><\/figcaption><\/figure>\n<\/div>\n<\/div>\n<\/div><\/div>\n\n\n\n<div class=\"wp-container-2 wp-block-group\"><div class=\"wp-block-group__inner-container\"><\/div><\/div>\n\n\n\n<p><\/p>\n","protected":false},"excerpt":{"rendered":"<p>Sostenibilidad Danosa tiene plena conciencia de que la Sostenibilidad es una gran responsabilidad que comprende los riesgos, oportunidades y retos m\u00e1s relevantes para la Sociedad y, con ello, para las empresas, en los pr\u00f3ximos a\u00f1os. MEMORIAS DE SOSTENIBILIDAD RECICLADOS ALIANZAS y COLABORACIONES SOSTENIBILIDAD de PRODUCTOS HUELLA DE CARBONO<\/p>\n","protected":false},"author":2,"featured_media":0,"parent":0,"menu_order":0,"comment_status":"closed","ping_status":"closed","template":"","meta":{"inline_featured_image":false,"site-sidebar-layout":"","site-content-layout":"plain-container","ast-main-header-display":"","ast-hfb-above-header-display":"","ast-hfb-below-header-display":"","ast-hfb-mobile-header-display":"","site-post-title":"disabled","ast-breadcrumbs-content":"","ast-featured-img":"","footer-sml-layout":"","theme-transparent-header-meta":"","adv-header-id-meta":"","stick-header-meta":"","header-above-stick-meta":"","header-main-stick-meta":"","header-below-stick-meta":""},"acf":[],"yoast_head":"<!-- This site is optimized with the Yoast SEO plugin v18.1 - https:\/\/yoast.com\/wordpress\/plugins\/seo\/ -->\n<title>Certificados sostenibilidad | Construcci\u00f3n civil y residencial<\/title>\n<meta name=\"description\" content=\"Danosa entiende la sostenibilidad como el mayor reto al que se enfrenta la sociedad actualmente. Certificados de sostenibilidad y huella de carbono.\" \/>\n<meta name=\"robots\" content=\"index, follow, max-snippet:-1, max-image-preview:large, max-video-preview:-1\" \/>\n<link rel=\"canonical\" href=\"https:\/\/www.danosa.com\/es-es\/certificados-sostenibilidad\/\" \/>\n<meta property=\"og:locale\" content=\"es_ES\" \/>\n<meta property=\"og:type\" content=\"article\" \/>\n<meta property=\"og:title\" content=\"Certificados sostenibilidad | Construcci\u00f3n civil y residencial\" \/>\n<meta property=\"og:description\" content=\"Danosa entiende la sostenibilidad como el mayor reto al que se enfrenta la sociedad actualmente. Certificados de sostenibilidad y huella de carbono.\" \/>\n<meta property=\"og:url\" content=\"https:\/\/www.danosa.com\/es-es\/certificados-sostenibilidad\/\" \/>\n<meta property=\"og:site_name\" content=\"Danosa | Soluciones para la construcci\u00f3n\" \/>\n<meta property=\"article:publisher\" content=\"https:\/\/www.facebook.com\/aislamientoeimpermeabilizacion\/\" \/>\n<meta property=\"article:modified_time\" content=\"2026-03-06T10:03:37+00:00\" \/>\n<meta property=\"og:image\" content=\"https:\/\/www.danosa.com\/es-es\/wp-content\/uploads\/sites\/2\/2022\/01\/Danosa_fontanar_ods_11.jpg\" \/>\n<meta name=\"twitter:card\" content=\"summary_large_image\" \/>\n<meta name=\"twitter:site\" content=\"@DANOSA_SPAIN\" \/>\n<meta name=\"twitter:label1\" content=\"Tiempo de lectura\" \/>\n\t<meta name=\"twitter:data1\" content=\"4 minutos\" \/>\n<script type=\"application\/ld+json\" class=\"yoast-schema-graph\">{\"@context\":\"https:\/\/schema.org\",\"@graph\":[{\"@type\":\"WebSite\",\"@id\":\"https:\/\/www.danosa.com\/es-es\/#website\",\"url\":\"https:\/\/www.danosa.com\/es-es\/\",\"name\":\"Danosa | Soluciones para la construcci\u00f3n\",\"description\":\"Impermeabilizaci\u00f3n, aislamiento ac\u00fastico y t\u00e9rmico\",\"potentialAction\":[{\"@type\":\"SearchAction\",\"target\":{\"@type\":\"EntryPoint\",\"urlTemplate\":\"https:\/\/www.danosa.com\/es-es\/?s={search_term_string}\"},\"query-input\":\"required name=search_term_string\"}],\"inLanguage\":\"es\"},{\"@type\":\"ImageObject\",\"@id\":\"https:\/\/www.danosa.com\/es-es\/certificados-sostenibilidad\/#primaryimage\",\"inLanguage\":\"es\",\"url\":\"https:\/\/www.danosa.com\/es-es\/wp-content\/uploads\/sites\/2\/2022\/01\/Danosa_fontanar_ods_11.jpg\",\"contentUrl\":\"https:\/\/www.danosa.com\/es-es\/wp-content\/uploads\/sites\/2\/2022\/01\/Danosa_fontanar_ods_11.jpg\",\"width\":1300,\"height\":643,\"caption\":\"certificados sostenibilidad materiales impermeabilizacion y aislamiento\"},{\"@type\":\"WebPage\",\"@id\":\"https:\/\/www.danosa.com\/es-es\/certificados-sostenibilidad\/#webpage\",\"url\":\"https:\/\/www.danosa.com\/es-es\/certificados-sostenibilidad\/\",\"name\":\"Certificados sostenibilidad | Construcci\u00f3n civil y residencial\",\"isPartOf\":{\"@id\":\"https:\/\/www.danosa.com\/es-es\/#website\"},\"primaryImageOfPage\":{\"@id\":\"https:\/\/www.danosa.com\/es-es\/certificados-sostenibilidad\/#primaryimage\"},\"datePublished\":\"2026-02-25T14:12:32+00:00\",\"dateModified\":\"2026-03-06T10:03:37+00:00\",\"description\":\"Danosa entiende la sostenibilidad como el mayor reto al que se enfrenta la sociedad actualmente. Certificados de sostenibilidad y huella de carbono.\",\"breadcrumb\":{\"@id\":\"https:\/\/www.danosa.com\/es-es\/certificados-sostenibilidad\/#breadcrumb\"},\"inLanguage\":\"es\",\"potentialAction\":[{\"@type\":\"ReadAction\",\"target\":[\"https:\/\/www.danosa.com\/es-es\/certificados-sostenibilidad\/\"]}]},{\"@type\":\"BreadcrumbList\",\"@id\":\"https:\/\/www.danosa.com\/es-es\/certificados-sostenibilidad\/#breadcrumb\",\"itemListElement\":[{\"@type\":\"ListItem\",\"position\":1,\"name\":\"Portada\",\"item\":\"https:\/\/www.danosa.com\/es-es\/\"},{\"@type\":\"ListItem\",\"position\":2,\"name\":\"Certificados Sostenibilidad\"}]}]}<\/script>\n<!-- \/ Yoast SEO plugin. -->","yoast_head_json":{"title":"Certificados sostenibilidad | Construcci\u00f3n civil y residencial","description":"Danosa entiende la sostenibilidad como el mayor reto al que se enfrenta la sociedad actualmente. Certificados de sostenibilidad y huella de carbono.","robots":{"index":"index","follow":"follow","max-snippet":"max-snippet:-1","max-image-preview":"max-image-preview:large","max-video-preview":"max-video-preview:-1"},"canonical":"https:\/\/www.danosa.com\/es-es\/certificados-sostenibilidad\/","og_locale":"es_ES","og_type":"article","og_title":"Certificados sostenibilidad | Construcci\u00f3n civil y residencial","og_description":"Danosa entiende la sostenibilidad como el mayor reto al que se enfrenta la sociedad actualmente. Certificados de sostenibilidad y huella de carbono.","og_url":"https:\/\/www.danosa.com\/es-es\/certificados-sostenibilidad\/","og_site_name":"Danosa | Soluciones para la construcci\u00f3n","article_publisher":"https:\/\/www.facebook.com\/aislamientoeimpermeabilizacion\/","article_modified_time":"2026-03-06T10:03:37+00:00","og_image":[{"url":"https:\/\/www.danosa.com\/es-es\/wp-content\/uploads\/sites\/2\/2022\/01\/Danosa_fontanar_ods_11.jpg"}],"twitter_card":"summary_large_image","twitter_site":"@DANOSA_SPAIN","twitter_misc":{"Tiempo de lectura":"4 minutos"},"schema":{"@context":"https:\/\/schema.org","@graph":[{"@type":"WebSite","@id":"https:\/\/www.danosa.com\/es-es\/#website","url":"https:\/\/www.danosa.com\/es-es\/","name":"Danosa | Soluciones para la construcci\u00f3n","description":"Impermeabilizaci\u00f3n, aislamiento ac\u00fastico y t\u00e9rmico","potentialAction":[{"@type":"SearchAction","target":{"@type":"EntryPoint","urlTemplate":"https:\/\/www.danosa.com\/es-es\/?s={search_term_string}"},"query-input":"required name=search_term_string"}],"inLanguage":"es"},{"@type":"ImageObject","@id":"https:\/\/www.danosa.com\/es-es\/certificados-sostenibilidad\/#primaryimage","inLanguage":"es","url":"https:\/\/www.danosa.com\/es-es\/wp-content\/uploads\/sites\/2\/2022\/01\/Danosa_fontanar_ods_11.jpg","contentUrl":"https:\/\/www.danosa.com\/es-es\/wp-content\/uploads\/sites\/2\/2022\/01\/Danosa_fontanar_ods_11.jpg","width":1300,"height":643,"caption":"certificados sostenibilidad materiales impermeabilizacion y aislamiento"},{"@type":"WebPage","@id":"https:\/\/www.danosa.com\/es-es\/certificados-sostenibilidad\/#webpage","url":"https:\/\/www.danosa.com\/es-es\/certificados-sostenibilidad\/","name":"Certificados sostenibilidad | Construcci\u00f3n civil y residencial","isPartOf":{"@id":"https:\/\/www.danosa.com\/es-es\/#website"},"primaryImageOfPage":{"@id":"https:\/\/www.danosa.com\/es-es\/certificados-sostenibilidad\/#primaryimage"},"datePublished":"2026-02-25T14:12:32+00:00","dateModified":"2026-03-06T10:03:37+00:00","description":"Danosa entiende la sostenibilidad como el mayor reto al que se enfrenta la sociedad actualmente. Certificados de sostenibilidad y huella de carbono.","breadcrumb":{"@id":"https:\/\/www.danosa.com\/es-es\/certificados-sostenibilidad\/#breadcrumb"},"inLanguage":"es","potentialAction":[{"@type":"ReadAction","target":["https:\/\/www.danosa.com\/es-es\/certificados-sostenibilidad\/"]}]},{"@type":"BreadcrumbList","@id":"https:\/\/www.danosa.com\/es-es\/certificados-sostenibilidad\/#breadcrumb","itemListElement":[{"@type":"ListItem","position":1,"name":"Portada","item":"https:\/\/www.danosa.com\/es-es\/"},{"@type":"ListItem","position":2,"name":"Certificados Sostenibilidad"}]}]}},"_links":{"self":[{"href":"https:\/\/www.danosa.com\/es-es\/wp-json\/wp\/v2\/pages\/9012"}],"collection":[{"href":"https:\/\/www.danosa.com\/es-es\/wp-json\/wp\/v2\/pages"}],"about":[{"href":"https:\/\/www.danosa.com\/es-es\/wp-json\/wp\/v2\/types\/page"}],"author":[{"embeddable":true,"href":"https:\/\/www.danosa.com\/es-es\/wp-json\/wp\/v2\/users\/2"}],"replies":[{"embeddable":true,"href":"https:\/\/www.danosa.com\/es-es\/wp-json\/wp\/v2\/comments?post=9012"}],"version-history":[{"count":43,"href":"https:\/\/www.danosa.com\/es-es\/wp-json\/wp\/v2\/pages\/9012\/revisions"}],"predecessor-version":[{"id":14419,"href":"https:\/\/www.danosa.com\/es-es\/wp-json\/wp\/v2\/pages\/9012\/revisions\/14419"}],"wp:attachment":[{"href":"https:\/\/www.danosa.com\/es-es\/wp-json\/wp\/v2\/media?parent=9012"}],"curies":[{"name":"wp","href":"https:\/\/api.w.org\/{rel}","templated":true}]}}