{"id":9096,"date":"2022-02-09T09:40:42","date_gmt":"2022-02-09T08:40:42","guid":{"rendered":"https:\/\/www.danosa.com\/es-es\/?page_id=9096"},"modified":"2023-11-15T13:15:10","modified_gmt":"2023-11-15T12:15:10","slug":"danotherm-sate","status":"publish","type":"page","link":"https:\/\/www.danosa.com\/es-es\/danotherm-sate\/","title":{"rendered":"DANOTHERM SATE"},"content":{"rendered":"\n<div class=\"wp-container-3 wp-block-group\"><div class=\"wp-block-group__inner-container\">\n<div class=\"wp-block-columns\">\n<div class=\"wp-block-column\" style=\"flex-basis:33.33%\">\n<p class=\"has-ast-global-color-5-color has-ast-global-color-0-background-color has-text-color has-background has-large-font-size\"><strong>DANOTHERM<sup>\u00ae<\/sup> SATE<\/strong><\/p>\n\n\n\n<p class=\"has-ast-global-color-0-color has-text-color has-large-font-size\">SOLUCIONES CON SISTEMAS DE AISLAMIENTO T\u00c9RMICO POR EL EXTERIOR<\/p>\n\n\n\n<p>Reducir la demanda de calefacci\u00f3n y refrigeraci\u00f3n es una prioridad que depende directamente del aislamiento por el exterior en fachadas y la hermeticidad del edificio.<br>Acciones pasivas que han demostrado ser la mejor soluci\u00f3n para conseguir una parte muy importante de esa prioridad.<br>En <strong><mark style=\"background-color:rgba(0, 0, 0, 0)\" class=\"has-inline-color has-ast-global-color-0-color\">danosa<\/mark><\/strong>, como resultado de nuestra amplia experiencia, hemos desarrollado a lo largo de estos a\u00f1os un sistema integral de aislamiento propio, <strong><mark style=\"background-color:rgba(0, 0, 0, 0)\" class=\"has-inline-color has-ast-global-color-0-color\">DANOTHERM<sup>\u00ae<\/sup><\/mark><\/strong>, para dar soluciones al aislamiento en toda la envolvente, y una membrana herm\u00e9tica al aire, <strong><mark style=\"background-color:rgba(0, 0, 0, 0)\" class=\"has-inline-color has-ast-global-color-0-color\">ARGOTEC\u00ae HERMETIC<\/mark><\/strong> para resolver las infiltraciones en las edificaciones en la cara caliente y cara fr\u00eda.<br>De esta forma, ofrecemos soluciones cumpliendo todos los requisitos exigibles por los usuarios y t\u00e9cnicos responsables de desarrollar los proyectos en obra nueva y en rehabilitaci\u00f3n.<br><strong><mark style=\"background-color:rgba(0, 0, 0, 0)\" class=\"has-inline-color has-ast-global-color-0-color\">Danosa<\/mark><\/strong>, una soluci\u00f3n para cada necesidad.<\/p>\n<\/div>\n\n\n\n<div class=\"wp-block-column\" style=\"flex-basis:66.66%\">\n<div class=\"wp-block-cover is-light\"><span aria-hidden=\"true\" class=\"has-background-dim-0 wp-block-cover__gradient-background has-background-dim\"><\/span><img loading=\"lazy\" width=\"1024\" height=\"569\" class=\"wp-block-cover__image-background wp-image-9118\" alt=\"\" src=\"https:\/\/www.danosa.com\/es-es\/wp-content\/uploads\/sites\/2\/2022\/02\/Danosa_danotherm_sate-1024x569.jpg\" data-object-fit=\"cover\" srcset=\"https:\/\/www.danosa.com\/es-es\/wp-content\/uploads\/sites\/2\/2022\/02\/Danosa_danotherm_sate-1024x569.jpg 1024w, https:\/\/www.danosa.com\/es-es\/wp-content\/uploads\/sites\/2\/2022\/02\/Danosa_danotherm_sate-300x167.jpg 300w, https:\/\/www.danosa.com\/es-es\/wp-content\/uploads\/sites\/2\/2022\/02\/Danosa_danotherm_sate-768x427.jpg 768w, https:\/\/www.danosa.com\/es-es\/wp-content\/uploads\/sites\/2\/2022\/02\/Danosa_danotherm_sate-1536x854.jpg 1536w, https:\/\/www.danosa.com\/es-es\/wp-content\/uploads\/sites\/2\/2022\/02\/Danosa_danotherm_sate.jpg 1943w\" sizes=\"(max-width: 1024px) 100vw, 1024px\" \/><div class=\"wp-block-cover__inner-container\">\n<div style=\"height:271px\" aria-hidden=\"true\" class=\"wp-block-spacer\"><\/div>\n\n\n\n<div class=\"wp-container-1 wp-block-buttons\">\n<div class=\"wp-block-button has-custom-font-size has-medium-font-size\"><a class=\"wp-block-button__link\" href=\"https:\/\/www.danothermsate.com\/\" target=\"_blank\" rel=\"noreferrer noopener\">Saber m\u00e1s<\/a><\/div>\n<\/div>\n<\/div><\/div>\n\n\n\n<div class=\"wp-block-image\"><figure class=\"aligncenter size-full is-resized\"><img loading=\"lazy\" src=\"https:\/\/www.danosa.com\/es-es\/wp-content\/uploads\/sites\/2\/2022\/02\/DANOSA_certificados_sate.jpg\" alt=\"\" class=\"wp-image-9133\" width=\"570\" height=\"142\" srcset=\"https:\/\/www.danosa.com\/es-es\/wp-content\/uploads\/sites\/2\/2022\/02\/DANOSA_certificados_sate.jpg 760w, https:\/\/www.danosa.com\/es-es\/wp-content\/uploads\/sites\/2\/2022\/02\/DANOSA_certificados_sate-300x75.jpg 300w\" sizes=\"(max-width: 570px) 100vw, 570px\" \/><\/figure><\/div>\n\n\n\n<div class=\"wp-block-image\"><figure class=\"aligncenter size-full is-resized\"><img loading=\"lazy\" src=\"https:\/\/www.danosa.com\/es-es\/wp-content\/uploads\/sites\/2\/2022\/02\/DANOSA_asociaciones_sate.jpg\" alt=\"\" class=\"wp-image-9134\" width=\"570\" height=\"197\" srcset=\"https:\/\/www.danosa.com\/es-es\/wp-content\/uploads\/sites\/2\/2022\/02\/DANOSA_asociaciones_sate.jpg 760w, https:\/\/www.danosa.com\/es-es\/wp-content\/uploads\/sites\/2\/2022\/02\/DANOSA_asociaciones_sate-300x103.jpg 300w\" sizes=\"(max-width: 570px) 100vw, 570px\" \/><\/figure><\/div>\n\n\n\n<div style=\"height:60px\" aria-hidden=\"true\" class=\"wp-block-spacer\"><\/div>\n\n\n\n<div class=\"wp-container-2 wp-block-buttons\">\n<div class=\"wp-block-button has-custom-width wp-block-button__width-50 has-custom-font-size has-medium-font-size\"><a class=\"wp-block-button__link\" href=\"https:\/\/www.danothermsate.com\/\"><strong>www.danothermsate.com<\/strong><\/a><\/div>\n<\/div>\n<\/div>\n<\/div>\n\n\n\n<div class=\"wp-block-image\"><figure class=\"alignleft size-full\"><a href=\"https:\/\/www.danothermsate.com\/detalles-constructivos\/\"><img loading=\"lazy\" width=\"1080\" height=\"608\" src=\"https:\/\/www.danosa.com\/es-es\/wp-content\/uploads\/sites\/2\/2022\/04\/Banner_Detalles_SATE_web.jpg\" alt=\"\" class=\"wp-image-9500\" srcset=\"https:\/\/www.danosa.com\/es-es\/wp-content\/uploads\/sites\/2\/2022\/04\/Banner_Detalles_SATE_web.jpg 1080w, https:\/\/www.danosa.com\/es-es\/wp-content\/uploads\/sites\/2\/2022\/04\/Banner_Detalles_SATE_web-300x169.jpg 300w, https:\/\/www.danosa.com\/es-es\/wp-content\/uploads\/sites\/2\/2022\/04\/Banner_Detalles_SATE_web-1024x576.jpg 1024w, https:\/\/www.danosa.com\/es-es\/wp-content\/uploads\/sites\/2\/2022\/04\/Banner_Detalles_SATE_web-768x432.jpg 768w\" sizes=\"(max-width: 1080px) 100vw, 1080px\" \/><\/a><\/figure><\/div>\n\n\n\n<div class=\"wp-block-image\"><figure class=\"aligncenter size-large\"><img loading=\"lazy\" width=\"1024\" height=\"510\" src=\"https:\/\/www.danosa.com\/es-es\/wp-content\/uploads\/sites\/2\/2022\/02\/Danosa_Bodegon_SATE-1024x510.jpg\" alt=\"\" class=\"wp-image-9150\" srcset=\"https:\/\/www.danosa.com\/es-es\/wp-content\/uploads\/sites\/2\/2022\/02\/Danosa_Bodegon_SATE-1024x510.jpg 1024w, https:\/\/www.danosa.com\/es-es\/wp-content\/uploads\/sites\/2\/2022\/02\/Danosa_Bodegon_SATE-300x149.jpg 300w, https:\/\/www.danosa.com\/es-es\/wp-content\/uploads\/sites\/2\/2022\/02\/Danosa_Bodegon_SATE-768x382.jpg 768w, https:\/\/www.danosa.com\/es-es\/wp-content\/uploads\/sites\/2\/2022\/02\/Danosa_Bodegon_SATE.jpg 1300w\" sizes=\"(max-width: 1024px) 100vw, 1024px\" \/><\/figure><\/div>\n<\/div><\/div>\n\n\n\n<p><\/p>\n","protected":false},"excerpt":{"rendered":"<p>DANOTHERM\u00ae SATE SOLUCIONES CON SISTEMAS DE AISLAMIENTO T\u00c9RMICO POR EL EXTERIOR Reducir la demanda de calefacci\u00f3n y refrigeraci\u00f3n es una prioridad que depende directamente del aislamiento por el exterior en fachadas y la hermeticidad del edificio.Acciones pasivas que han demostrado ser la mejor soluci\u00f3n para conseguir una parte muy importante de esa prioridad.En danosa, como&#8230;<\/p>\n","protected":false},"author":2,"featured_media":0,"parent":0,"menu_order":0,"comment_status":"closed","ping_status":"closed","template":"","meta":{"inline_featured_image":false,"site-sidebar-layout":"","site-content-layout":"plain-container","ast-main-header-display":"","ast-hfb-above-header-display":"","ast-hfb-below-header-display":"","ast-hfb-mobile-header-display":"","site-post-title":"disabled","ast-breadcrumbs-content":"","ast-featured-img":"","footer-sml-layout":"","theme-transparent-header-meta":"","adv-header-id-meta":"","stick-header-meta":"","header-above-stick-meta":"","header-main-stick-meta":"","header-below-stick-meta":""},"acf":[],"yoast_head":"<!-- This site is optimized with the Yoast SEO plugin v18.1 - https:\/\/yoast.com\/wordpress\/plugins\/seo\/ -->\n<title>Danotherm SATE. Sistemas de aislamiento t\u00e9rmico exterior Premium<\/title>\n<meta name=\"description\" content=\"Reducir la demanda de calefacci\u00f3n y refrigeraci\u00f3n es una prioridad que depende directamente de un correcto aislamiento por el exterior en las fachadas.\" \/>\n<meta name=\"robots\" content=\"index, follow, max-snippet:-1, max-image-preview:large, max-video-preview:-1\" \/>\n<link rel=\"canonical\" href=\"https:\/\/www.danosa.com\/es-es\/danotherm-sate\/\" \/>\n<meta property=\"og:locale\" content=\"es_ES\" \/>\n<meta property=\"og:type\" content=\"article\" \/>\n<meta property=\"og:title\" content=\"Danotherm SATE. Sistemas de aislamiento t\u00e9rmico exterior Premium\" \/>\n<meta property=\"og:description\" content=\"Reducir la demanda de calefacci\u00f3n y refrigeraci\u00f3n es una prioridad que depende directamente de un correcto aislamiento por el exterior en las fachadas.\" \/>\n<meta property=\"og:url\" content=\"https:\/\/www.danosa.com\/es-es\/danotherm-sate\/\" \/>\n<meta property=\"og:site_name\" content=\"Danosa | Soluciones para la construcci\u00f3n\" \/>\n<meta property=\"article:publisher\" content=\"https:\/\/www.facebook.com\/aislamientoeimpermeabilizacion\/\" \/>\n<meta property=\"article:modified_time\" content=\"2023-11-15T12:15:10+00:00\" \/>\n<meta property=\"og:image\" content=\"https:\/\/www.danosa.com\/es-es\/wp-content\/uploads\/sites\/2\/2022\/02\/Danosa_danotherm_sate-1024x569.jpg\" \/>\n<meta name=\"twitter:card\" content=\"summary_large_image\" \/>\n<meta name=\"twitter:site\" content=\"@DANOSA_SPAIN\" \/>\n<meta name=\"twitter:label1\" content=\"Tiempo de lectura\" \/>\n\t<meta name=\"twitter:data1\" content=\"2 minutos\" \/>\n<script type=\"application\/ld+json\" class=\"yoast-schema-graph\">{\"@context\":\"https:\/\/schema.org\",\"@graph\":[{\"@type\":\"WebSite\",\"@id\":\"https:\/\/www.danosa.com\/es-es\/#website\",\"url\":\"https:\/\/www.danosa.com\/es-es\/\",\"name\":\"Danosa | Soluciones para la construcci\u00f3n\",\"description\":\"Impermeabilizaci\u00f3n, aislamiento ac\u00fastico y t\u00e9rmico\",\"potentialAction\":[{\"@type\":\"SearchAction\",\"target\":{\"@type\":\"EntryPoint\",\"urlTemplate\":\"https:\/\/www.danosa.com\/es-es\/?s={search_term_string}\"},\"query-input\":\"required name=search_term_string\"}],\"inLanguage\":\"es\"},{\"@type\":\"ImageObject\",\"@id\":\"https:\/\/www.danosa.com\/es-es\/danotherm-sate\/#primaryimage\",\"inLanguage\":\"es\",\"url\":\"https:\/\/www.danosa.com\/es-es\/wp-content\/uploads\/sites\/2\/2022\/02\/Danosa_danotherm_sate.jpg\",\"contentUrl\":\"https:\/\/www.danosa.com\/es-es\/wp-content\/uploads\/sites\/2\/2022\/02\/Danosa_danotherm_sate.jpg\",\"width\":1943,\"height\":1080,\"caption\":\"Aislamiento termico exterior fachadas SATE\"},{\"@type\":\"WebPage\",\"@id\":\"https:\/\/www.danosa.com\/es-es\/danotherm-sate\/#webpage\",\"url\":\"https:\/\/www.danosa.com\/es-es\/danotherm-sate\/\",\"name\":\"Danotherm SATE. Sistemas de aislamiento t\u00e9rmico exterior Premium\",\"isPartOf\":{\"@id\":\"https:\/\/www.danosa.com\/es-es\/#website\"},\"primaryImageOfPage\":{\"@id\":\"https:\/\/www.danosa.com\/es-es\/danotherm-sate\/#primaryimage\"},\"datePublished\":\"2022-02-09T08:40:42+00:00\",\"dateModified\":\"2023-11-15T12:15:10+00:00\",\"description\":\"Reducir la demanda de calefacci\u00f3n y refrigeraci\u00f3n es una prioridad que depende directamente de un correcto aislamiento por el exterior en las fachadas.\",\"breadcrumb\":{\"@id\":\"https:\/\/www.danosa.com\/es-es\/danotherm-sate\/#breadcrumb\"},\"inLanguage\":\"es\",\"potentialAction\":[{\"@type\":\"ReadAction\",\"target\":[\"https:\/\/www.danosa.com\/es-es\/danotherm-sate\/\"]}]},{\"@type\":\"BreadcrumbList\",\"@id\":\"https:\/\/www.danosa.com\/es-es\/danotherm-sate\/#breadcrumb\",\"itemListElement\":[{\"@type\":\"ListItem\",\"position\":1,\"name\":\"Portada\",\"item\":\"https:\/\/www.danosa.com\/es-es\/\"},{\"@type\":\"ListItem\",\"position\":2,\"name\":\"DANOTHERM SATE\"}]}]}<\/script>\n<!-- \/ Yoast SEO plugin. -->","yoast_head_json":{"title":"Danotherm SATE. Sistemas de aislamiento t\u00e9rmico exterior Premium","description":"Reducir la demanda de calefacci\u00f3n y refrigeraci\u00f3n es una prioridad que depende directamente de un correcto aislamiento por el exterior en las fachadas.","robots":{"index":"index","follow":"follow","max-snippet":"max-snippet:-1","max-image-preview":"max-image-preview:large","max-video-preview":"max-video-preview:-1"},"canonical":"https:\/\/www.danosa.com\/es-es\/danotherm-sate\/","og_locale":"es_ES","og_type":"article","og_title":"Danotherm SATE. Sistemas de aislamiento t\u00e9rmico exterior Premium","og_description":"Reducir la demanda de calefacci\u00f3n y refrigeraci\u00f3n es una prioridad que depende directamente de un correcto aislamiento por el exterior en las fachadas.","og_url":"https:\/\/www.danosa.com\/es-es\/danotherm-sate\/","og_site_name":"Danosa | Soluciones para la construcci\u00f3n","article_publisher":"https:\/\/www.facebook.com\/aislamientoeimpermeabilizacion\/","article_modified_time":"2023-11-15T12:15:10+00:00","og_image":[{"url":"https:\/\/www.danosa.com\/es-es\/wp-content\/uploads\/sites\/2\/2022\/02\/Danosa_danotherm_sate-1024x569.jpg"}],"twitter_card":"summary_large_image","twitter_site":"@DANOSA_SPAIN","twitter_misc":{"Tiempo de lectura":"2 minutos"},"schema":{"@context":"https:\/\/schema.org","@graph":[{"@type":"WebSite","@id":"https:\/\/www.danosa.com\/es-es\/#website","url":"https:\/\/www.danosa.com\/es-es\/","name":"Danosa | Soluciones para la construcci\u00f3n","description":"Impermeabilizaci\u00f3n, aislamiento ac\u00fastico y t\u00e9rmico","potentialAction":[{"@type":"SearchAction","target":{"@type":"EntryPoint","urlTemplate":"https:\/\/www.danosa.com\/es-es\/?s={search_term_string}"},"query-input":"required name=search_term_string"}],"inLanguage":"es"},{"@type":"ImageObject","@id":"https:\/\/www.danosa.com\/es-es\/danotherm-sate\/#primaryimage","inLanguage":"es","url":"https:\/\/www.danosa.com\/es-es\/wp-content\/uploads\/sites\/2\/2022\/02\/Danosa_danotherm_sate.jpg","contentUrl":"https:\/\/www.danosa.com\/es-es\/wp-content\/uploads\/sites\/2\/2022\/02\/Danosa_danotherm_sate.jpg","width":1943,"height":1080,"caption":"Aislamiento termico exterior fachadas SATE"},{"@type":"WebPage","@id":"https:\/\/www.danosa.com\/es-es\/danotherm-sate\/#webpage","url":"https:\/\/www.danosa.com\/es-es\/danotherm-sate\/","name":"Danotherm SATE. Sistemas de aislamiento t\u00e9rmico exterior Premium","isPartOf":{"@id":"https:\/\/www.danosa.com\/es-es\/#website"},"primaryImageOfPage":{"@id":"https:\/\/www.danosa.com\/es-es\/danotherm-sate\/#primaryimage"},"datePublished":"2022-02-09T08:40:42+00:00","dateModified":"2023-11-15T12:15:10+00:00","description":"Reducir la demanda de calefacci\u00f3n y refrigeraci\u00f3n es una prioridad que depende directamente de un correcto aislamiento por el exterior en las fachadas.","breadcrumb":{"@id":"https:\/\/www.danosa.com\/es-es\/danotherm-sate\/#breadcrumb"},"inLanguage":"es","potentialAction":[{"@type":"ReadAction","target":["https:\/\/www.danosa.com\/es-es\/danotherm-sate\/"]}]},{"@type":"BreadcrumbList","@id":"https:\/\/www.danosa.com\/es-es\/danotherm-sate\/#breadcrumb","itemListElement":[{"@type":"ListItem","position":1,"name":"Portada","item":"https:\/\/www.danosa.com\/es-es\/"},{"@type":"ListItem","position":2,"name":"DANOTHERM SATE"}]}]}},"_links":{"self":[{"href":"https:\/\/www.danosa.com\/es-es\/wp-json\/wp\/v2\/pages\/9096"}],"collection":[{"href":"https:\/\/www.danosa.com\/es-es\/wp-json\/wp\/v2\/pages"}],"about":[{"href":"https:\/\/www.danosa.com\/es-es\/wp-json\/wp\/v2\/types\/page"}],"author":[{"embeddable":true,"href":"https:\/\/www.danosa.com\/es-es\/wp-json\/wp\/v2\/users\/2"}],"replies":[{"embeddable":true,"href":"https:\/\/www.danosa.com\/es-es\/wp-json\/wp\/v2\/comments?post=9096"}],"version-history":[{"count":40,"href":"https:\/\/www.danosa.com\/es-es\/wp-json\/wp\/v2\/pages\/9096\/revisions"}],"predecessor-version":[{"id":9985,"href":"https:\/\/www.danosa.com\/es-es\/wp-json\/wp\/v2\/pages\/9096\/revisions\/9985"}],"wp:attachment":[{"href":"https:\/\/www.danosa.com\/es-es\/wp-json\/wp\/v2\/media?parent=9096"}],"curies":[{"name":"wp","href":"https:\/\/api.w.org\/{rel}","templated":true}]}}