{"id":11064,"date":"2026-04-05T02:40:27","date_gmt":"2026-04-05T00:40:27","guid":{"rendered":"https:\/\/www.danosa.com\/es-es\/producto\/impactodan\/impactodan-10-2-x-25-m\/"},"modified":"2026-04-05T02:40:30","modified_gmt":"2026-04-05T00:40:30","slug":"impactodan-10-25-x-2-m","status":"publish","type":"product","link":"https:\/\/www.danosa.com\/es-es\/producto\/impactodan\/impactodan-10-25-x-2-m\/","title":{"rendered":"IMPACTODAN 10 | 25 x 2 m"},"content":{"rendered":"","protected":false},"excerpt":{"rendered":"","protected":false},"featured_media":0,"parent":4071,"menu_order":0,"template":"","meta":{"inline_featured_image":false,"site-sidebar-layout":"default","site-content-layout":"default","ast-main-header-display":"","ast-hfb-above-header-display":"","ast-hfb-below-header-display":"","ast-hfb-mobile-header-display":"","site-post-title":"","ast-breadcrumbs-content":"","ast-featured-img":"","footer-sml-layout":"","theme-transparent-header-meta":"","adv-header-id-meta":"","stick-header-meta":"","header-above-stick-meta":"","header-main-stick-meta":"","header-below-stick-meta":""},"family":[],"product_notice":[],"product_icon":[],"product_application":[],"product_standards_certification":[],"product_benefits":[],"product_support":[],"product_substrate_preparation":[],"product_important_indications":[],"product_conservation":[],"product_warning":[],"product_safety_hygiene":[],"system_certification":[],"product_maintenance":[],"product_safety_datasheet":[],"filter_special_uses":[],"acf":[],"yoast_head":"<!-- This site is optimized with the Yoast SEO plugin v18.1 - https:\/\/yoast.com\/wordpress\/plugins\/seo\/ -->\n<title>Aislamiento ac\u00fastico en suelos de viviendas | IMPACTODAN - 10 (2x25 M)<\/title>\n<meta name=\"description\" content=\"L\u00e1mina anti impacto para aislamiento ac\u00fastico en rehabilitaci\u00f3n de suelos flotantes de viviendas y suelos de locales comerciales. Gama profesional Danosa.\" \/>\n<meta name=\"robots\" content=\"index, follow, max-snippet:-1, max-image-preview:large, max-video-preview:-1\" \/>\n<link rel=\"canonical\" href=\"https:\/\/www.danosa.com\/es-es\/producto\/impactodan\/impactodan-10-25-x-2-m\/\" \/>\n<meta property=\"og:locale\" content=\"es_ES\" \/>\n<meta property=\"og:type\" content=\"article\" \/>\n<meta property=\"og:title\" content=\"Aislamiento ac\u00fastico en suelos de viviendas | IMPACTODAN - 10 (2x25 M)\" \/>\n<meta property=\"og:description\" content=\"L\u00e1mina anti impacto para aislamiento ac\u00fastico en rehabilitaci\u00f3n de suelos flotantes de viviendas y suelos de locales comerciales. Gama profesional Danosa.\" \/>\n<meta property=\"og:url\" content=\"https:\/\/www.danosa.com\/es-es\/producto\/impactodan\/impactodan-10-25-x-2-m\/\" \/>\n<meta property=\"og:site_name\" content=\"Danosa | Soluciones para la construcci\u00f3n\" \/>\n<meta property=\"article:publisher\" content=\"https:\/\/www.facebook.com\/aislamientoeimpermeabilizacion\/\" \/>\n<meta property=\"article:modified_time\" content=\"2026-04-05T00:40:30+00:00\" \/>\n<meta name=\"twitter:card\" content=\"summary_large_image\" \/>\n<meta name=\"twitter:site\" content=\"@DANOSA_SPAIN\" \/>\n<script type=\"application\/ld+json\" class=\"yoast-schema-graph\">{\"@context\":\"https:\/\/schema.org\",\"@graph\":[{\"@type\":\"WebSite\",\"@id\":\"https:\/\/www.danosa.com\/es-es\/#website\",\"url\":\"https:\/\/www.danosa.com\/es-es\/\",\"name\":\"Danosa | Soluciones para la construcci\u00f3n\",\"description\":\"Impermeabilizaci\u00f3n, aislamiento ac\u00fastico y t\u00e9rmico\",\"potentialAction\":[{\"@type\":\"SearchAction\",\"target\":{\"@type\":\"EntryPoint\",\"urlTemplate\":\"https:\/\/www.danosa.com\/es-es\/?s={search_term_string}\"},\"query-input\":\"required name=search_term_string\"}],\"inLanguage\":\"es\"},{\"@type\":\"WebPage\",\"@id\":\"https:\/\/www.danosa.com\/es-es\/producto\/impactodan\/impactodan-10-25-x-2-m\/#webpage\",\"url\":\"https:\/\/www.danosa.com\/es-es\/producto\/impactodan\/impactodan-10-25-x-2-m\/\",\"name\":\"Aislamiento ac\u00fastico en suelos de viviendas | IMPACTODAN - 10 (2x25 M)\",\"isPartOf\":{\"@id\":\"https:\/\/www.danosa.com\/es-es\/#website\"},\"datePublished\":\"2026-04-05T00:40:27+00:00\",\"dateModified\":\"2026-04-05T00:40:30+00:00\",\"description\":\"L\u00e1mina anti impacto para aislamiento ac\u00fastico en rehabilitaci\u00f3n de suelos flotantes de viviendas y suelos de locales comerciales. Gama profesional Danosa.\",\"breadcrumb\":{\"@id\":\"https:\/\/www.danosa.com\/es-es\/producto\/impactodan\/impactodan-10-25-x-2-m\/#breadcrumb\"},\"inLanguage\":\"es\",\"potentialAction\":[{\"@type\":\"ReadAction\",\"target\":[\"https:\/\/www.danosa.com\/es-es\/producto\/impactodan\/impactodan-10-25-x-2-m\/\"]}]},{\"@type\":\"BreadcrumbList\",\"@id\":\"https:\/\/www.danosa.com\/es-es\/producto\/impactodan\/impactodan-10-25-x-2-m\/#breadcrumb\",\"itemListElement\":[{\"@type\":\"ListItem\",\"position\":1,\"name\":\"Portada\",\"item\":\"https:\/\/www.danosa.com\/es-es\/\"},{\"@type\":\"ListItem\",\"position\":2,\"name\":\"IMPACTODAN\",\"item\":\"https:\/\/www.danosa.com\/es-es\/producto\/impactodan\/\"},{\"@type\":\"ListItem\",\"position\":3,\"name\":\"IMPACTODAN 10 | 25 x 2 m\"}]}]}<\/script>\n<!-- \/ Yoast SEO plugin. -->","yoast_head_json":{"title":"Aislamiento ac\u00fastico en suelos de viviendas | IMPACTODAN - 10 (2x25 M)","description":"L\u00e1mina anti impacto para aislamiento ac\u00fastico en rehabilitaci\u00f3n de suelos flotantes de viviendas y suelos de locales comerciales. Gama profesional Danosa.","robots":{"index":"index","follow":"follow","max-snippet":"max-snippet:-1","max-image-preview":"max-image-preview:large","max-video-preview":"max-video-preview:-1"},"canonical":"https:\/\/www.danosa.com\/es-es\/producto\/impactodan\/impactodan-10-25-x-2-m\/","og_locale":"es_ES","og_type":"article","og_title":"Aislamiento ac\u00fastico en suelos de viviendas | IMPACTODAN - 10 (2x25 M)","og_description":"L\u00e1mina anti impacto para aislamiento ac\u00fastico en rehabilitaci\u00f3n de suelos flotantes de viviendas y suelos de locales comerciales. Gama profesional Danosa.","og_url":"https:\/\/www.danosa.com\/es-es\/producto\/impactodan\/impactodan-10-25-x-2-m\/","og_site_name":"Danosa | Soluciones para la construcci\u00f3n","article_publisher":"https:\/\/www.facebook.com\/aislamientoeimpermeabilizacion\/","article_modified_time":"2026-04-05T00:40:30+00:00","twitter_card":"summary_large_image","twitter_site":"@DANOSA_SPAIN","schema":{"@context":"https:\/\/schema.org","@graph":[{"@type":"WebSite","@id":"https:\/\/www.danosa.com\/es-es\/#website","url":"https:\/\/www.danosa.com\/es-es\/","name":"Danosa | Soluciones para la construcci\u00f3n","description":"Impermeabilizaci\u00f3n, aislamiento ac\u00fastico y t\u00e9rmico","potentialAction":[{"@type":"SearchAction","target":{"@type":"EntryPoint","urlTemplate":"https:\/\/www.danosa.com\/es-es\/?s={search_term_string}"},"query-input":"required name=search_term_string"}],"inLanguage":"es"},{"@type":"WebPage","@id":"https:\/\/www.danosa.com\/es-es\/producto\/impactodan\/impactodan-10-25-x-2-m\/#webpage","url":"https:\/\/www.danosa.com\/es-es\/producto\/impactodan\/impactodan-10-25-x-2-m\/","name":"Aislamiento ac\u00fastico en suelos de viviendas | IMPACTODAN - 10 (2x25 M)","isPartOf":{"@id":"https:\/\/www.danosa.com\/es-es\/#website"},"datePublished":"2026-04-05T00:40:27+00:00","dateModified":"2026-04-05T00:40:30+00:00","description":"L\u00e1mina anti impacto para aislamiento ac\u00fastico en rehabilitaci\u00f3n de suelos flotantes de viviendas y suelos de locales comerciales. Gama profesional Danosa.","breadcrumb":{"@id":"https:\/\/www.danosa.com\/es-es\/producto\/impactodan\/impactodan-10-25-x-2-m\/#breadcrumb"},"inLanguage":"es","potentialAction":[{"@type":"ReadAction","target":["https:\/\/www.danosa.com\/es-es\/producto\/impactodan\/impactodan-10-25-x-2-m\/"]}]},{"@type":"BreadcrumbList","@id":"https:\/\/www.danosa.com\/es-es\/producto\/impactodan\/impactodan-10-25-x-2-m\/#breadcrumb","itemListElement":[{"@type":"ListItem","position":1,"name":"Portada","item":"https:\/\/www.danosa.com\/es-es\/"},{"@type":"ListItem","position":2,"name":"IMPACTODAN","item":"https:\/\/www.danosa.com\/es-es\/producto\/impactodan\/"},{"@type":"ListItem","position":3,"name":"IMPACTODAN 10 | 25 x 2 m"}]}]}},"_links":{"self":[{"href":"https:\/\/www.danosa.com\/es-es\/wp-json\/wp\/v2\/product\/11064"}],"collection":[{"href":"https:\/\/www.danosa.com\/es-es\/wp-json\/wp\/v2\/product"}],"about":[{"href":"https:\/\/www.danosa.com\/es-es\/wp-json\/wp\/v2\/types\/product"}],"up":[{"embeddable":true,"href":"https:\/\/www.danosa.com\/es-es\/wp-json\/wp\/v2\/product\/4071"}],"wp:attachment":[{"href":"https:\/\/www.danosa.com\/es-es\/wp-json\/wp\/v2\/media?parent=11064"}],"wp:term":[{"taxonomy":"family","embeddable":true,"href":"https:\/\/www.danosa.com\/es-es\/wp-json\/wp\/v2\/family?post=11064"},{"taxonomy":"product_notice","embeddable":true,"href":"https:\/\/www.danosa.com\/es-es\/wp-json\/wp\/v2\/product_notice?post=11064"},{"taxonomy":"product_icon","embeddable":true,"href":"https:\/\/www.danosa.com\/es-es\/wp-json\/wp\/v2\/product_icon?post=11064"},{"taxonomy":"product_application","embeddable":true,"href":"https:\/\/www.danosa.com\/es-es\/wp-json\/wp\/v2\/product_application?post=11064"},{"taxonomy":"product_standards_certification","embeddable":true,"href":"https:\/\/www.danosa.com\/es-es\/wp-json\/wp\/v2\/product_standards_certification?post=11064"},{"taxonomy":"product_benefits","embeddable":true,"href":"https:\/\/www.danosa.com\/es-es\/wp-json\/wp\/v2\/product_benefits?post=11064"},{"taxonomy":"product_support","embeddable":true,"href":"https:\/\/www.danosa.com\/es-es\/wp-json\/wp\/v2\/product_support?post=11064"},{"taxonomy":"product_substrate_preparation","embeddable":true,"href":"https:\/\/www.danosa.com\/es-es\/wp-json\/wp\/v2\/product_substrate_preparation?post=11064"},{"taxonomy":"product_important_indications","embeddable":true,"href":"https:\/\/www.danosa.com\/es-es\/wp-json\/wp\/v2\/product_important_indications?post=11064"},{"taxonomy":"product_conservation","embeddable":true,"href":"https:\/\/www.danosa.com\/es-es\/wp-json\/wp\/v2\/product_conservation?post=11064"},{"taxonomy":"product_warning","embeddable":true,"href":"https:\/\/www.danosa.com\/es-es\/wp-json\/wp\/v2\/product_warning?post=11064"},{"taxonomy":"product_safety_hygiene","embeddable":true,"href":"https:\/\/www.danosa.com\/es-es\/wp-json\/wp\/v2\/product_safety_hygiene?post=11064"},{"taxonomy":"system_certification","embeddable":true,"href":"https:\/\/www.danosa.com\/es-es\/wp-json\/wp\/v2\/system_certification?post=11064"},{"taxonomy":"product_maintenance","embeddable":true,"href":"https:\/\/www.danosa.com\/es-es\/wp-json\/wp\/v2\/product_maintenance?post=11064"},{"taxonomy":"product_safety_datasheet","embeddable":true,"href":"https:\/\/www.danosa.com\/es-es\/wp-json\/wp\/v2\/product_safety_datasheet?post=11064"},{"taxonomy":"filter_special_uses","embeddable":true,"href":"https:\/\/www.danosa.com\/es-es\/wp-json\/wp\/v2\/filter_special_uses?post=11064"}],"curies":[{"name":"wp","href":"https:\/\/api.w.org\/{rel}","templated":true}]}}