{"id":11117,"date":"2026-04-05T14:40:44","date_gmt":"2026-04-05T12:40:44","guid":{"rendered":"https:\/\/www.danosa.com\/es-es\/producto\/cazoleta-sifonica\/cazoleta-sifonica-de-100-m-m\/"},"modified":"2026-04-05T14:40:45","modified_gmt":"2026-04-05T12:40:45","slug":"cazoleta-sifonica-de-100-m-m","status":"publish","type":"product","link":"https:\/\/www.danosa.com\/es-es\/producto\/cazoleta-sifonica\/cazoleta-sifonica-de-100-m-m\/","title":{"rendered":"CAZOLETA SIFONICA DE 100 M\/M"},"content":{"rendered":"","protected":false},"excerpt":{"rendered":"","protected":false},"featured_media":0,"parent":8825,"menu_order":0,"template":"","meta":{"inline_featured_image":false,"site-sidebar-layout":"default","site-content-layout":"default","ast-main-header-display":"","ast-hfb-above-header-display":"","ast-hfb-below-header-display":"","ast-hfb-mobile-header-display":"","site-post-title":"","ast-breadcrumbs-content":"","ast-featured-img":"","footer-sml-layout":"","theme-transparent-header-meta":"","adv-header-id-meta":"","stick-header-meta":"","header-above-stick-meta":"","header-main-stick-meta":"","header-below-stick-meta":""},"family":[],"product_notice":[],"product_icon":[],"product_application":[],"product_standards_certification":[],"product_benefits":[],"product_support":[],"product_substrate_preparation":[],"product_important_indications":[],"product_conservation":[],"product_warning":[],"product_safety_hygiene":[],"system_certification":[],"product_maintenance":[],"product_safety_datasheet":[],"filter_special_uses":[],"acf":[],"yoast_head":"<!-- This site is optimized with the Yoast SEO plugin v18.1 - https:\/\/yoast.com\/wordpress\/plugins\/seo\/ -->\n<title>Cazoleta EPDM de salida vertical | CAZOLETA SIFONICA DE 100 M\/M<\/title>\n<meta name=\"description\" content=\"Cazoleta sif\u00f3nica 100 M\/M de EPDM de salida vertical para bajantes. D\u00factil y perfectamente resistente a la llama, corrosi\u00f3n e intemperie. Gama Profesional\" \/>\n<meta name=\"robots\" content=\"index, follow, max-snippet:-1, max-image-preview:large, max-video-preview:-1\" \/>\n<link rel=\"canonical\" href=\"https:\/\/www.danosa.com\/es-es\/producto\/cazoleta-sifonica\/cazoleta-sifonica-de-100-m-m\/\" \/>\n<meta property=\"og:locale\" content=\"es_ES\" \/>\n<meta property=\"og:type\" content=\"article\" \/>\n<meta property=\"og:title\" content=\"Cazoleta EPDM de salida vertical | CAZOLETA SIFONICA DE 100 M\/M\" \/>\n<meta property=\"og:description\" content=\"Cazoleta sif\u00f3nica 100 M\/M de EPDM de salida vertical para bajantes. D\u00factil y perfectamente resistente a la llama, corrosi\u00f3n e intemperie. Gama Profesional\" \/>\n<meta property=\"og:url\" content=\"https:\/\/www.danosa.com\/es-es\/producto\/cazoleta-sifonica\/cazoleta-sifonica-de-100-m-m\/\" \/>\n<meta property=\"og:site_name\" content=\"Danosa | Soluciones para la construcci\u00f3n\" \/>\n<meta property=\"article:publisher\" content=\"https:\/\/www.facebook.com\/aislamientoeimpermeabilizacion\/\" \/>\n<meta property=\"article:modified_time\" content=\"2026-04-05T12:40:45+00:00\" \/>\n<meta name=\"twitter:card\" content=\"summary_large_image\" \/>\n<meta name=\"twitter:site\" content=\"@DANOSA_SPAIN\" \/>\n<script type=\"application\/ld+json\" class=\"yoast-schema-graph\">{\"@context\":\"https:\/\/schema.org\",\"@graph\":[{\"@type\":\"WebSite\",\"@id\":\"https:\/\/www.danosa.com\/es-es\/#website\",\"url\":\"https:\/\/www.danosa.com\/es-es\/\",\"name\":\"Danosa | Soluciones para la construcci\u00f3n\",\"description\":\"Impermeabilizaci\u00f3n, aislamiento ac\u00fastico y t\u00e9rmico\",\"potentialAction\":[{\"@type\":\"SearchAction\",\"target\":{\"@type\":\"EntryPoint\",\"urlTemplate\":\"https:\/\/www.danosa.com\/es-es\/?s={search_term_string}\"},\"query-input\":\"required name=search_term_string\"}],\"inLanguage\":\"es\"},{\"@type\":\"WebPage\",\"@id\":\"https:\/\/www.danosa.com\/es-es\/producto\/cazoleta-sifonica\/cazoleta-sifonica-de-100-m-m\/#webpage\",\"url\":\"https:\/\/www.danosa.com\/es-es\/producto\/cazoleta-sifonica\/cazoleta-sifonica-de-100-m-m\/\",\"name\":\"Cazoleta EPDM de salida vertical | CAZOLETA SIFONICA DE 100 M\/M\",\"isPartOf\":{\"@id\":\"https:\/\/www.danosa.com\/es-es\/#website\"},\"datePublished\":\"2026-04-05T12:40:44+00:00\",\"dateModified\":\"2026-04-05T12:40:45+00:00\",\"description\":\"Cazoleta sif\u00f3nica 100 M\/M de EPDM de salida vertical para bajantes. D\u00factil y perfectamente resistente a la llama, corrosi\u00f3n e intemperie. Gama Profesional\",\"breadcrumb\":{\"@id\":\"https:\/\/www.danosa.com\/es-es\/producto\/cazoleta-sifonica\/cazoleta-sifonica-de-100-m-m\/#breadcrumb\"},\"inLanguage\":\"es\",\"potentialAction\":[{\"@type\":\"ReadAction\",\"target\":[\"https:\/\/www.danosa.com\/es-es\/producto\/cazoleta-sifonica\/cazoleta-sifonica-de-100-m-m\/\"]}]},{\"@type\":\"BreadcrumbList\",\"@id\":\"https:\/\/www.danosa.com\/es-es\/producto\/cazoleta-sifonica\/cazoleta-sifonica-de-100-m-m\/#breadcrumb\",\"itemListElement\":[{\"@type\":\"ListItem\",\"position\":1,\"name\":\"Portada\",\"item\":\"https:\/\/www.danosa.com\/es-es\/\"},{\"@type\":\"ListItem\",\"position\":2,\"name\":\"CAZOLETA SIFONICA\",\"item\":\"https:\/\/www.danosa.com\/es-es\/producto\/cazoleta-sifonica\/\"},{\"@type\":\"ListItem\",\"position\":3,\"name\":\"CAZOLETA SIFONICA DE 100 M\/M\"}]}]}<\/script>\n<!-- \/ Yoast SEO plugin. -->","yoast_head_json":{"title":"Cazoleta EPDM de salida vertical | CAZOLETA SIFONICA DE 100 M\/M","description":"Cazoleta sif\u00f3nica 100 M\/M de EPDM de salida vertical para bajantes. D\u00factil y perfectamente resistente a la llama, corrosi\u00f3n e intemperie. Gama Profesional","robots":{"index":"index","follow":"follow","max-snippet":"max-snippet:-1","max-image-preview":"max-image-preview:large","max-video-preview":"max-video-preview:-1"},"canonical":"https:\/\/www.danosa.com\/es-es\/producto\/cazoleta-sifonica\/cazoleta-sifonica-de-100-m-m\/","og_locale":"es_ES","og_type":"article","og_title":"Cazoleta EPDM de salida vertical | CAZOLETA SIFONICA DE 100 M\/M","og_description":"Cazoleta sif\u00f3nica 100 M\/M de EPDM de salida vertical para bajantes. D\u00factil y perfectamente resistente a la llama, corrosi\u00f3n e intemperie. Gama Profesional","og_url":"https:\/\/www.danosa.com\/es-es\/producto\/cazoleta-sifonica\/cazoleta-sifonica-de-100-m-m\/","og_site_name":"Danosa | Soluciones para la construcci\u00f3n","article_publisher":"https:\/\/www.facebook.com\/aislamientoeimpermeabilizacion\/","article_modified_time":"2026-04-05T12:40:45+00:00","twitter_card":"summary_large_image","twitter_site":"@DANOSA_SPAIN","schema":{"@context":"https:\/\/schema.org","@graph":[{"@type":"WebSite","@id":"https:\/\/www.danosa.com\/es-es\/#website","url":"https:\/\/www.danosa.com\/es-es\/","name":"Danosa | Soluciones para la construcci\u00f3n","description":"Impermeabilizaci\u00f3n, aislamiento ac\u00fastico y t\u00e9rmico","potentialAction":[{"@type":"SearchAction","target":{"@type":"EntryPoint","urlTemplate":"https:\/\/www.danosa.com\/es-es\/?s={search_term_string}"},"query-input":"required name=search_term_string"}],"inLanguage":"es"},{"@type":"WebPage","@id":"https:\/\/www.danosa.com\/es-es\/producto\/cazoleta-sifonica\/cazoleta-sifonica-de-100-m-m\/#webpage","url":"https:\/\/www.danosa.com\/es-es\/producto\/cazoleta-sifonica\/cazoleta-sifonica-de-100-m-m\/","name":"Cazoleta EPDM de salida vertical | CAZOLETA SIFONICA DE 100 M\/M","isPartOf":{"@id":"https:\/\/www.danosa.com\/es-es\/#website"},"datePublished":"2026-04-05T12:40:44+00:00","dateModified":"2026-04-05T12:40:45+00:00","description":"Cazoleta sif\u00f3nica 100 M\/M de EPDM de salida vertical para bajantes. D\u00factil y perfectamente resistente a la llama, corrosi\u00f3n e intemperie. Gama Profesional","breadcrumb":{"@id":"https:\/\/www.danosa.com\/es-es\/producto\/cazoleta-sifonica\/cazoleta-sifonica-de-100-m-m\/#breadcrumb"},"inLanguage":"es","potentialAction":[{"@type":"ReadAction","target":["https:\/\/www.danosa.com\/es-es\/producto\/cazoleta-sifonica\/cazoleta-sifonica-de-100-m-m\/"]}]},{"@type":"BreadcrumbList","@id":"https:\/\/www.danosa.com\/es-es\/producto\/cazoleta-sifonica\/cazoleta-sifonica-de-100-m-m\/#breadcrumb","itemListElement":[{"@type":"ListItem","position":1,"name":"Portada","item":"https:\/\/www.danosa.com\/es-es\/"},{"@type":"ListItem","position":2,"name":"CAZOLETA SIFONICA","item":"https:\/\/www.danosa.com\/es-es\/producto\/cazoleta-sifonica\/"},{"@type":"ListItem","position":3,"name":"CAZOLETA SIFONICA DE 100 M\/M"}]}]}},"_links":{"self":[{"href":"https:\/\/www.danosa.com\/es-es\/wp-json\/wp\/v2\/product\/11117"}],"collection":[{"href":"https:\/\/www.danosa.com\/es-es\/wp-json\/wp\/v2\/product"}],"about":[{"href":"https:\/\/www.danosa.com\/es-es\/wp-json\/wp\/v2\/types\/product"}],"up":[{"embeddable":true,"href":"https:\/\/www.danosa.com\/es-es\/wp-json\/wp\/v2\/product\/8825"}],"wp:attachment":[{"href":"https:\/\/www.danosa.com\/es-es\/wp-json\/wp\/v2\/media?parent=11117"}],"wp:term":[{"taxonomy":"family","embeddable":true,"href":"https:\/\/www.danosa.com\/es-es\/wp-json\/wp\/v2\/family?post=11117"},{"taxonomy":"product_notice","embeddable":true,"href":"https:\/\/www.danosa.com\/es-es\/wp-json\/wp\/v2\/product_notice?post=11117"},{"taxonomy":"product_icon","embeddable":true,"href":"https:\/\/www.danosa.com\/es-es\/wp-json\/wp\/v2\/product_icon?post=11117"},{"taxonomy":"product_application","embeddable":true,"href":"https:\/\/www.danosa.com\/es-es\/wp-json\/wp\/v2\/product_application?post=11117"},{"taxonomy":"product_standards_certification","embeddable":true,"href":"https:\/\/www.danosa.com\/es-es\/wp-json\/wp\/v2\/product_standards_certification?post=11117"},{"taxonomy":"product_benefits","embeddable":true,"href":"https:\/\/www.danosa.com\/es-es\/wp-json\/wp\/v2\/product_benefits?post=11117"},{"taxonomy":"product_support","embeddable":true,"href":"https:\/\/www.danosa.com\/es-es\/wp-json\/wp\/v2\/product_support?post=11117"},{"taxonomy":"product_substrate_preparation","embeddable":true,"href":"https:\/\/www.danosa.com\/es-es\/wp-json\/wp\/v2\/product_substrate_preparation?post=11117"},{"taxonomy":"product_important_indications","embeddable":true,"href":"https:\/\/www.danosa.com\/es-es\/wp-json\/wp\/v2\/product_important_indications?post=11117"},{"taxonomy":"product_conservation","embeddable":true,"href":"https:\/\/www.danosa.com\/es-es\/wp-json\/wp\/v2\/product_conservation?post=11117"},{"taxonomy":"product_warning","embeddable":true,"href":"https:\/\/www.danosa.com\/es-es\/wp-json\/wp\/v2\/product_warning?post=11117"},{"taxonomy":"product_safety_hygiene","embeddable":true,"href":"https:\/\/www.danosa.com\/es-es\/wp-json\/wp\/v2\/product_safety_hygiene?post=11117"},{"taxonomy":"system_certification","embeddable":true,"href":"https:\/\/www.danosa.com\/es-es\/wp-json\/wp\/v2\/system_certification?post=11117"},{"taxonomy":"product_maintenance","embeddable":true,"href":"https:\/\/www.danosa.com\/es-es\/wp-json\/wp\/v2\/product_maintenance?post=11117"},{"taxonomy":"product_safety_datasheet","embeddable":true,"href":"https:\/\/www.danosa.com\/es-es\/wp-json\/wp\/v2\/product_safety_datasheet?post=11117"},{"taxonomy":"filter_special_uses","embeddable":true,"href":"https:\/\/www.danosa.com\/es-es\/wp-json\/wp\/v2\/filter_special_uses?post=11117"}],"curies":[{"name":"wp","href":"https:\/\/api.w.org\/{rel}","templated":true}]}}