{"id":11466,"date":"2026-04-09T02:21:08","date_gmt":"2026-04-09T00:21:08","guid":{"rendered":"https:\/\/www.danosa.com\/es-es\/producto\/danocret-protect-300-flex\/"},"modified":"2026-04-09T02:21:11","modified_gmt":"2026-04-09T00:21:11","slug":"danocret-protect-300-flex","status":"publish","type":"product","link":"https:\/\/www.danosa.com\/es-es\/producto\/danocret-protect-300-flex\/","title":{"rendered":"DANOCRET PROTECT 300 FLEX"},"content":{"rendered":"<p>DANOCRET PROTECT 300 FLEX es un membrana cementosa PCC flexible e impermeable monocomponente para la protecci\u00f3n superficial e impermeabilizaci\u00f3n del hormig\u00f3n y el mortero. Formulado a base de conglomerantes hidr\u00e1ulicos, \u00e1ridos seleccionados y pol\u00edmeros que le proporcionan una excelente elasticidad, adherencia y capacidad impermeabilizante.<\/p>\n","protected":false},"excerpt":{"rendered":"<p>Membrana cementosa flexible monocomponente para impermeabilizaci\u00f3n de dep\u00f3sitos de agua potable, fosos de ascensor, piscinas, terrazas, puntos singulares y protecci\u00f3n superficial de hormig\u00f3n.<\/p>\n","protected":false},"featured_media":0,"parent":0,"menu_order":0,"template":"","meta":{"inline_featured_image":false,"site-sidebar-layout":"default","site-content-layout":"default","ast-main-header-display":"","ast-hfb-above-header-display":"","ast-hfb-below-header-display":"","ast-hfb-mobile-header-display":"","site-post-title":"","ast-breadcrumbs-content":"","ast-featured-img":"","footer-sml-layout":"","theme-transparent-header-meta":"","adv-header-id-meta":"","stick-header-meta":"","header-above-stick-meta":"","header-main-stick-meta":"","header-below-stick-meta":""},"family":[5714,3087],"product_notice":[12157],"product_icon":[],"product_application":[10715,10822,10869,10896,11007],"product_standards_certification":[],"product_benefits":[10104,10140,10162,10214,10251,10294,10295,10347,10356,10379,10450,10536,10576,10661],"product_support":[11927,11936,11958,11960],"product_substrate_preparation":[],"product_important_indications":[],"product_conservation":[11622,11668],"product_warning":[11746,11759,11767,11789,11809,11837,11844,11850,11851],"product_safety_hygiene":[],"system_certification":[3357,3339,4114,3359,6081,6082],"product_maintenance":[],"product_safety_datasheet":[4480,3810],"filter_special_uses":[],"acf":[],"yoast_head":"<!-- This site is optimized with the Yoast SEO plugin v18.1 - https:\/\/yoast.com\/wordpress\/plugins\/seo\/ -->\n<title>Mortero flexible impermeabilizante monocomponente | Danocret Protect<\/title>\n<meta name=\"description\" content=\"DANOCRET PROTECT FLEX 1C es un mortero flexible para impermeabilizaci\u00f3n de estructuras de hormig\u00f3n, balcones, terrazas, alf\u00e9izares y piscinas. Gama profesional\" \/>\n<meta name=\"robots\" content=\"index, follow, max-snippet:-1, max-image-preview:large, max-video-preview:-1\" \/>\n<link rel=\"canonical\" href=\"https:\/\/www.danosa.com\/es-es\/producto\/danocret-protect-300-flex\/\" \/>\n<meta property=\"og:locale\" content=\"es_ES\" \/>\n<meta property=\"og:type\" content=\"article\" \/>\n<meta property=\"og:title\" content=\"Mortero flexible impermeabilizante monocomponente | Danocret Protect\" \/>\n<meta property=\"og:description\" content=\"DANOCRET PROTECT FLEX 1C es un mortero flexible para impermeabilizaci\u00f3n de estructuras de hormig\u00f3n, balcones, terrazas, alf\u00e9izares y piscinas. Gama profesional\" \/>\n<meta property=\"og:url\" content=\"https:\/\/www.danosa.com\/es-es\/producto\/danocret-protect-300-flex\/\" \/>\n<meta property=\"og:site_name\" content=\"Danosa | Soluciones para la construcci\u00f3n\" \/>\n<meta property=\"article:publisher\" content=\"https:\/\/www.facebook.com\/aislamientoeimpermeabilizacion\/\" \/>\n<meta property=\"article:modified_time\" content=\"2026-04-09T00:21:11+00:00\" \/>\n<meta name=\"twitter:card\" content=\"summary_large_image\" \/>\n<meta name=\"twitter:site\" content=\"@DANOSA_SPAIN\" \/>\n<script type=\"application\/ld+json\" class=\"yoast-schema-graph\">{\"@context\":\"https:\/\/schema.org\",\"@graph\":[{\"@type\":\"WebSite\",\"@id\":\"https:\/\/www.danosa.com\/es-es\/#website\",\"url\":\"https:\/\/www.danosa.com\/es-es\/\",\"name\":\"Danosa | Soluciones para la construcci\u00f3n\",\"description\":\"Impermeabilizaci\u00f3n, aislamiento ac\u00fastico y t\u00e9rmico\",\"potentialAction\":[{\"@type\":\"SearchAction\",\"target\":{\"@type\":\"EntryPoint\",\"urlTemplate\":\"https:\/\/www.danosa.com\/es-es\/?s={search_term_string}\"},\"query-input\":\"required name=search_term_string\"}],\"inLanguage\":\"es\"},{\"@type\":\"WebPage\",\"@id\":\"https:\/\/www.danosa.com\/es-es\/producto\/danocret-protect-300-flex\/#webpage\",\"url\":\"https:\/\/www.danosa.com\/es-es\/producto\/danocret-protect-300-flex\/\",\"name\":\"Mortero flexible impermeabilizante monocomponente | Danocret Protect\",\"isPartOf\":{\"@id\":\"https:\/\/www.danosa.com\/es-es\/#website\"},\"datePublished\":\"2026-04-09T00:21:08+00:00\",\"dateModified\":\"2026-04-09T00:21:11+00:00\",\"description\":\"DANOCRET PROTECT FLEX 1C es un mortero flexible para impermeabilizaci\u00f3n de estructuras de hormig\u00f3n, balcones, terrazas, alf\u00e9izares y piscinas. Gama profesional\",\"breadcrumb\":{\"@id\":\"https:\/\/www.danosa.com\/es-es\/producto\/danocret-protect-300-flex\/#breadcrumb\"},\"inLanguage\":\"es\",\"potentialAction\":[{\"@type\":\"ReadAction\",\"target\":[\"https:\/\/www.danosa.com\/es-es\/producto\/danocret-protect-300-flex\/\"]}]},{\"@type\":\"BreadcrumbList\",\"@id\":\"https:\/\/www.danosa.com\/es-es\/producto\/danocret-protect-300-flex\/#breadcrumb\",\"itemListElement\":[{\"@type\":\"ListItem\",\"position\":1,\"name\":\"Portada\",\"item\":\"https:\/\/www.danosa.com\/es-es\/\"},{\"@type\":\"ListItem\",\"position\":2,\"name\":\"DANOCRET PROTECT 300 FLEX\"}]}]}<\/script>\n<!-- \/ Yoast SEO plugin. -->","yoast_head_json":{"title":"Mortero flexible impermeabilizante monocomponente | Danocret Protect","description":"DANOCRET PROTECT FLEX 1C es un mortero flexible para impermeabilizaci\u00f3n de estructuras de hormig\u00f3n, balcones, terrazas, alf\u00e9izares y piscinas. Gama profesional","robots":{"index":"index","follow":"follow","max-snippet":"max-snippet:-1","max-image-preview":"max-image-preview:large","max-video-preview":"max-video-preview:-1"},"canonical":"https:\/\/www.danosa.com\/es-es\/producto\/danocret-protect-300-flex\/","og_locale":"es_ES","og_type":"article","og_title":"Mortero flexible impermeabilizante monocomponente | Danocret Protect","og_description":"DANOCRET PROTECT FLEX 1C es un mortero flexible para impermeabilizaci\u00f3n de estructuras de hormig\u00f3n, balcones, terrazas, alf\u00e9izares y piscinas. Gama profesional","og_url":"https:\/\/www.danosa.com\/es-es\/producto\/danocret-protect-300-flex\/","og_site_name":"Danosa | Soluciones para la construcci\u00f3n","article_publisher":"https:\/\/www.facebook.com\/aislamientoeimpermeabilizacion\/","article_modified_time":"2026-04-09T00:21:11+00:00","twitter_card":"summary_large_image","twitter_site":"@DANOSA_SPAIN","schema":{"@context":"https:\/\/schema.org","@graph":[{"@type":"WebSite","@id":"https:\/\/www.danosa.com\/es-es\/#website","url":"https:\/\/www.danosa.com\/es-es\/","name":"Danosa | Soluciones para la construcci\u00f3n","description":"Impermeabilizaci\u00f3n, aislamiento ac\u00fastico y t\u00e9rmico","potentialAction":[{"@type":"SearchAction","target":{"@type":"EntryPoint","urlTemplate":"https:\/\/www.danosa.com\/es-es\/?s={search_term_string}"},"query-input":"required name=search_term_string"}],"inLanguage":"es"},{"@type":"WebPage","@id":"https:\/\/www.danosa.com\/es-es\/producto\/danocret-protect-300-flex\/#webpage","url":"https:\/\/www.danosa.com\/es-es\/producto\/danocret-protect-300-flex\/","name":"Mortero flexible impermeabilizante monocomponente | Danocret Protect","isPartOf":{"@id":"https:\/\/www.danosa.com\/es-es\/#website"},"datePublished":"2026-04-09T00:21:08+00:00","dateModified":"2026-04-09T00:21:11+00:00","description":"DANOCRET PROTECT FLEX 1C es un mortero flexible para impermeabilizaci\u00f3n de estructuras de hormig\u00f3n, balcones, terrazas, alf\u00e9izares y piscinas. Gama profesional","breadcrumb":{"@id":"https:\/\/www.danosa.com\/es-es\/producto\/danocret-protect-300-flex\/#breadcrumb"},"inLanguage":"es","potentialAction":[{"@type":"ReadAction","target":["https:\/\/www.danosa.com\/es-es\/producto\/danocret-protect-300-flex\/"]}]},{"@type":"BreadcrumbList","@id":"https:\/\/www.danosa.com\/es-es\/producto\/danocret-protect-300-flex\/#breadcrumb","itemListElement":[{"@type":"ListItem","position":1,"name":"Portada","item":"https:\/\/www.danosa.com\/es-es\/"},{"@type":"ListItem","position":2,"name":"DANOCRET PROTECT 300 FLEX"}]}]}},"_links":{"self":[{"href":"https:\/\/www.danosa.com\/es-es\/wp-json\/wp\/v2\/product\/11466"}],"collection":[{"href":"https:\/\/www.danosa.com\/es-es\/wp-json\/wp\/v2\/product"}],"about":[{"href":"https:\/\/www.danosa.com\/es-es\/wp-json\/wp\/v2\/types\/product"}],"wp:attachment":[{"href":"https:\/\/www.danosa.com\/es-es\/wp-json\/wp\/v2\/media?parent=11466"}],"wp:term":[{"taxonomy":"family","embeddable":true,"href":"https:\/\/www.danosa.com\/es-es\/wp-json\/wp\/v2\/family?post=11466"},{"taxonomy":"product_notice","embeddable":true,"href":"https:\/\/www.danosa.com\/es-es\/wp-json\/wp\/v2\/product_notice?post=11466"},{"taxonomy":"product_icon","embeddable":true,"href":"https:\/\/www.danosa.com\/es-es\/wp-json\/wp\/v2\/product_icon?post=11466"},{"taxonomy":"product_application","embeddable":true,"href":"https:\/\/www.danosa.com\/es-es\/wp-json\/wp\/v2\/product_application?post=11466"},{"taxonomy":"product_standards_certification","embeddable":true,"href":"https:\/\/www.danosa.com\/es-es\/wp-json\/wp\/v2\/product_standards_certification?post=11466"},{"taxonomy":"product_benefits","embeddable":true,"href":"https:\/\/www.danosa.com\/es-es\/wp-json\/wp\/v2\/product_benefits?post=11466"},{"taxonomy":"product_support","embeddable":true,"href":"https:\/\/www.danosa.com\/es-es\/wp-json\/wp\/v2\/product_support?post=11466"},{"taxonomy":"product_substrate_preparation","embeddable":true,"href":"https:\/\/www.danosa.com\/es-es\/wp-json\/wp\/v2\/product_substrate_preparation?post=11466"},{"taxonomy":"product_important_indications","embeddable":true,"href":"https:\/\/www.danosa.com\/es-es\/wp-json\/wp\/v2\/product_important_indications?post=11466"},{"taxonomy":"product_conservation","embeddable":true,"href":"https:\/\/www.danosa.com\/es-es\/wp-json\/wp\/v2\/product_conservation?post=11466"},{"taxonomy":"product_warning","embeddable":true,"href":"https:\/\/www.danosa.com\/es-es\/wp-json\/wp\/v2\/product_warning?post=11466"},{"taxonomy":"product_safety_hygiene","embeddable":true,"href":"https:\/\/www.danosa.com\/es-es\/wp-json\/wp\/v2\/product_safety_hygiene?post=11466"},{"taxonomy":"system_certification","embeddable":true,"href":"https:\/\/www.danosa.com\/es-es\/wp-json\/wp\/v2\/system_certification?post=11466"},{"taxonomy":"product_maintenance","embeddable":true,"href":"https:\/\/www.danosa.com\/es-es\/wp-json\/wp\/v2\/product_maintenance?post=11466"},{"taxonomy":"product_safety_datasheet","embeddable":true,"href":"https:\/\/www.danosa.com\/es-es\/wp-json\/wp\/v2\/product_safety_datasheet?post=11466"},{"taxonomy":"filter_special_uses","embeddable":true,"href":"https:\/\/www.danosa.com\/es-es\/wp-json\/wp\/v2\/filter_special_uses?post=11466"}],"curies":[{"name":"wp","href":"https:\/\/api.w.org\/{rel}","templated":true}]}}