{"id":12260,"date":"2026-04-09T02:25:40","date_gmt":"2026-04-09T00:25:40","guid":{"rendered":"https:\/\/www.danosa.com\/es-es\/producto\/mad6-autoadhesiva\/"},"modified":"2026-04-09T02:25:43","modified_gmt":"2026-04-09T00:25:43","slug":"mad6-autoadhesiva","status":"publish","type":"product","link":"https:\/\/www.danosa.com\/es-es\/producto\/mad6-autoadhesiva\/","title":{"rendered":"MAD6 AUTOADHESIVA"},"content":{"rendered":"<p>L\u00e1mina bituminosa armada con cargas minerales, revestida en una cara por un m\u00e1stico autoadhesivo acabado por film anti-adherente y por la otra, por un film de polietileno de alta densidad. Ac\u00fasticamente funciona como elemento pl\u00e1stico entre elementos r\u00edgidos, siendo un eficaz sustituto del plomo; entre elementos resorte funciona como resonador membrana (absorbente t\u00edpico a bajas frecuencias).<\/p>\n","protected":false},"excerpt":{"rendered":"<p>L\u00e1mina bituminosa autoadhesiva para aislamiento ac\u00fastico de bajas frecuencias.<\/p>\n","protected":false},"featured_media":0,"parent":0,"menu_order":0,"template":"","meta":{"inline_featured_image":false,"site-sidebar-layout":"default","site-content-layout":"default","ast-main-header-display":"","ast-hfb-above-header-display":"","ast-hfb-below-header-display":"","ast-hfb-mobile-header-display":"","site-post-title":"","ast-breadcrumbs-content":"","ast-featured-img":"","footer-sml-layout":"","theme-transparent-header-meta":"","adv-header-id-meta":"","stick-header-meta":"","header-above-stick-meta":"","header-main-stick-meta":"","header-below-stick-meta":""},"family":[3101],"product_notice":[12157],"product_icon":[],"product_application":[11064,11077,11118],"product_standards_certification":[12069,12081,12092],"product_benefits":[10116,10117,10124,10229,10270,10338],"product_support":[],"product_substrate_preparation":[],"product_important_indications":[11241,11271,11277,11298,11337,11346,11367,11371,11422,11444,11453],"product_conservation":[11540,11544,11553,11565,11569,11572,11605,11608,11617,11659,11719,11721],"product_warning":[],"product_safety_hygiene":[],"system_certification":[2459],"product_maintenance":[],"product_safety_datasheet":[],"filter_special_uses":[],"acf":[],"yoast_head":"<!-- This site is optimized with the Yoast SEO plugin v18.1 - https:\/\/yoast.com\/wordpress\/plugins\/seo\/ -->\n<title>Aislante ac\u00fastico autoadhesivo bajas frecuencias. L\u00e1mina asf\u00e1ltica MAD<\/title>\n<meta name=\"description\" content=\"Aislante ac\u00fastico autoadhesivo para bajas frecuencias. Anti-resonante. Mejora notablemente la resonancia de las chapas de acero galvanizado. Alto rendimiento\" \/>\n<meta name=\"robots\" content=\"index, follow, max-snippet:-1, max-image-preview:large, max-video-preview:-1\" \/>\n<link rel=\"canonical\" href=\"https:\/\/www.danosa.com\/es-es\/producto\/mad6-autoadhesiva\/\" \/>\n<meta property=\"og:locale\" content=\"es_ES\" \/>\n<meta property=\"og:type\" content=\"article\" \/>\n<meta property=\"og:title\" content=\"Aislante ac\u00fastico autoadhesivo bajas frecuencias. L\u00e1mina asf\u00e1ltica MAD\" \/>\n<meta property=\"og:description\" content=\"Aislante ac\u00fastico autoadhesivo para bajas frecuencias. Anti-resonante. Mejora notablemente la resonancia de las chapas de acero galvanizado. Alto rendimiento\" \/>\n<meta property=\"og:url\" content=\"https:\/\/www.danosa.com\/es-es\/producto\/mad6-autoadhesiva\/\" \/>\n<meta property=\"og:site_name\" content=\"Danosa | Soluciones para la construcci\u00f3n\" \/>\n<meta property=\"article:publisher\" content=\"https:\/\/www.facebook.com\/aislamientoeimpermeabilizacion\/\" \/>\n<meta property=\"article:modified_time\" content=\"2026-04-09T00:25:43+00:00\" \/>\n<meta name=\"twitter:card\" content=\"summary_large_image\" \/>\n<meta name=\"twitter:site\" content=\"@DANOSA_SPAIN\" \/>\n<script type=\"application\/ld+json\" class=\"yoast-schema-graph\">{\"@context\":\"https:\/\/schema.org\",\"@graph\":[{\"@type\":\"WebSite\",\"@id\":\"https:\/\/www.danosa.com\/es-es\/#website\",\"url\":\"https:\/\/www.danosa.com\/es-es\/\",\"name\":\"Danosa | Soluciones para la construcci\u00f3n\",\"description\":\"Impermeabilizaci\u00f3n, aislamiento ac\u00fastico y t\u00e9rmico\",\"potentialAction\":[{\"@type\":\"SearchAction\",\"target\":{\"@type\":\"EntryPoint\",\"urlTemplate\":\"https:\/\/www.danosa.com\/es-es\/?s={search_term_string}\"},\"query-input\":\"required name=search_term_string\"}],\"inLanguage\":\"es\"},{\"@type\":\"WebPage\",\"@id\":\"https:\/\/www.danosa.com\/es-es\/producto\/mad6-autoadhesiva\/#webpage\",\"url\":\"https:\/\/www.danosa.com\/es-es\/producto\/mad6-autoadhesiva\/\",\"name\":\"Aislante ac\u00fastico autoadhesivo bajas frecuencias. L\u00e1mina asf\u00e1ltica MAD\",\"isPartOf\":{\"@id\":\"https:\/\/www.danosa.com\/es-es\/#website\"},\"datePublished\":\"2026-04-09T00:25:40+00:00\",\"dateModified\":\"2026-04-09T00:25:43+00:00\",\"description\":\"Aislante ac\u00fastico autoadhesivo para bajas frecuencias. Anti-resonante. Mejora notablemente la resonancia de las chapas de acero galvanizado. Alto rendimiento\",\"breadcrumb\":{\"@id\":\"https:\/\/www.danosa.com\/es-es\/producto\/mad6-autoadhesiva\/#breadcrumb\"},\"inLanguage\":\"es\",\"potentialAction\":[{\"@type\":\"ReadAction\",\"target\":[\"https:\/\/www.danosa.com\/es-es\/producto\/mad6-autoadhesiva\/\"]}]},{\"@type\":\"BreadcrumbList\",\"@id\":\"https:\/\/www.danosa.com\/es-es\/producto\/mad6-autoadhesiva\/#breadcrumb\",\"itemListElement\":[{\"@type\":\"ListItem\",\"position\":1,\"name\":\"Portada\",\"item\":\"https:\/\/www.danosa.com\/es-es\/\"},{\"@type\":\"ListItem\",\"position\":2,\"name\":\"MAD6 AUTOADHESIVA\"}]}]}<\/script>\n<!-- \/ Yoast SEO plugin. -->","yoast_head_json":{"title":"Aislante ac\u00fastico autoadhesivo bajas frecuencias. L\u00e1mina asf\u00e1ltica MAD","description":"Aislante ac\u00fastico autoadhesivo para bajas frecuencias. Anti-resonante. Mejora notablemente la resonancia de las chapas de acero galvanizado. Alto rendimiento","robots":{"index":"index","follow":"follow","max-snippet":"max-snippet:-1","max-image-preview":"max-image-preview:large","max-video-preview":"max-video-preview:-1"},"canonical":"https:\/\/www.danosa.com\/es-es\/producto\/mad6-autoadhesiva\/","og_locale":"es_ES","og_type":"article","og_title":"Aislante ac\u00fastico autoadhesivo bajas frecuencias. L\u00e1mina asf\u00e1ltica MAD","og_description":"Aislante ac\u00fastico autoadhesivo para bajas frecuencias. Anti-resonante. Mejora notablemente la resonancia de las chapas de acero galvanizado. Alto rendimiento","og_url":"https:\/\/www.danosa.com\/es-es\/producto\/mad6-autoadhesiva\/","og_site_name":"Danosa | Soluciones para la construcci\u00f3n","article_publisher":"https:\/\/www.facebook.com\/aislamientoeimpermeabilizacion\/","article_modified_time":"2026-04-09T00:25:43+00:00","twitter_card":"summary_large_image","twitter_site":"@DANOSA_SPAIN","schema":{"@context":"https:\/\/schema.org","@graph":[{"@type":"WebSite","@id":"https:\/\/www.danosa.com\/es-es\/#website","url":"https:\/\/www.danosa.com\/es-es\/","name":"Danosa | Soluciones para la construcci\u00f3n","description":"Impermeabilizaci\u00f3n, aislamiento ac\u00fastico y t\u00e9rmico","potentialAction":[{"@type":"SearchAction","target":{"@type":"EntryPoint","urlTemplate":"https:\/\/www.danosa.com\/es-es\/?s={search_term_string}"},"query-input":"required name=search_term_string"}],"inLanguage":"es"},{"@type":"WebPage","@id":"https:\/\/www.danosa.com\/es-es\/producto\/mad6-autoadhesiva\/#webpage","url":"https:\/\/www.danosa.com\/es-es\/producto\/mad6-autoadhesiva\/","name":"Aislante ac\u00fastico autoadhesivo bajas frecuencias. L\u00e1mina asf\u00e1ltica MAD","isPartOf":{"@id":"https:\/\/www.danosa.com\/es-es\/#website"},"datePublished":"2026-04-09T00:25:40+00:00","dateModified":"2026-04-09T00:25:43+00:00","description":"Aislante ac\u00fastico autoadhesivo para bajas frecuencias. Anti-resonante. Mejora notablemente la resonancia de las chapas de acero galvanizado. Alto rendimiento","breadcrumb":{"@id":"https:\/\/www.danosa.com\/es-es\/producto\/mad6-autoadhesiva\/#breadcrumb"},"inLanguage":"es","potentialAction":[{"@type":"ReadAction","target":["https:\/\/www.danosa.com\/es-es\/producto\/mad6-autoadhesiva\/"]}]},{"@type":"BreadcrumbList","@id":"https:\/\/www.danosa.com\/es-es\/producto\/mad6-autoadhesiva\/#breadcrumb","itemListElement":[{"@type":"ListItem","position":1,"name":"Portada","item":"https:\/\/www.danosa.com\/es-es\/"},{"@type":"ListItem","position":2,"name":"MAD6 AUTOADHESIVA"}]}]}},"_links":{"self":[{"href":"https:\/\/www.danosa.com\/es-es\/wp-json\/wp\/v2\/product\/12260"}],"collection":[{"href":"https:\/\/www.danosa.com\/es-es\/wp-json\/wp\/v2\/product"}],"about":[{"href":"https:\/\/www.danosa.com\/es-es\/wp-json\/wp\/v2\/types\/product"}],"wp:attachment":[{"href":"https:\/\/www.danosa.com\/es-es\/wp-json\/wp\/v2\/media?parent=12260"}],"wp:term":[{"taxonomy":"family","embeddable":true,"href":"https:\/\/www.danosa.com\/es-es\/wp-json\/wp\/v2\/family?post=12260"},{"taxonomy":"product_notice","embeddable":true,"href":"https:\/\/www.danosa.com\/es-es\/wp-json\/wp\/v2\/product_notice?post=12260"},{"taxonomy":"product_icon","embeddable":true,"href":"https:\/\/www.danosa.com\/es-es\/wp-json\/wp\/v2\/product_icon?post=12260"},{"taxonomy":"product_application","embeddable":true,"href":"https:\/\/www.danosa.com\/es-es\/wp-json\/wp\/v2\/product_application?post=12260"},{"taxonomy":"product_standards_certification","embeddable":true,"href":"https:\/\/www.danosa.com\/es-es\/wp-json\/wp\/v2\/product_standards_certification?post=12260"},{"taxonomy":"product_benefits","embeddable":true,"href":"https:\/\/www.danosa.com\/es-es\/wp-json\/wp\/v2\/product_benefits?post=12260"},{"taxonomy":"product_support","embeddable":true,"href":"https:\/\/www.danosa.com\/es-es\/wp-json\/wp\/v2\/product_support?post=12260"},{"taxonomy":"product_substrate_preparation","embeddable":true,"href":"https:\/\/www.danosa.com\/es-es\/wp-json\/wp\/v2\/product_substrate_preparation?post=12260"},{"taxonomy":"product_important_indications","embeddable":true,"href":"https:\/\/www.danosa.com\/es-es\/wp-json\/wp\/v2\/product_important_indications?post=12260"},{"taxonomy":"product_conservation","embeddable":true,"href":"https:\/\/www.danosa.com\/es-es\/wp-json\/wp\/v2\/product_conservation?post=12260"},{"taxonomy":"product_warning","embeddable":true,"href":"https:\/\/www.danosa.com\/es-es\/wp-json\/wp\/v2\/product_warning?post=12260"},{"taxonomy":"product_safety_hygiene","embeddable":true,"href":"https:\/\/www.danosa.com\/es-es\/wp-json\/wp\/v2\/product_safety_hygiene?post=12260"},{"taxonomy":"system_certification","embeddable":true,"href":"https:\/\/www.danosa.com\/es-es\/wp-json\/wp\/v2\/system_certification?post=12260"},{"taxonomy":"product_maintenance","embeddable":true,"href":"https:\/\/www.danosa.com\/es-es\/wp-json\/wp\/v2\/product_maintenance?post=12260"},{"taxonomy":"product_safety_datasheet","embeddable":true,"href":"https:\/\/www.danosa.com\/es-es\/wp-json\/wp\/v2\/product_safety_datasheet?post=12260"},{"taxonomy":"filter_special_uses","embeddable":true,"href":"https:\/\/www.danosa.com\/es-es\/wp-json\/wp\/v2\/filter_special_uses?post=12260"}],"curies":[{"name":"wp","href":"https:\/\/api.w.org\/{rel}","templated":true}]}}