{"id":12261,"date":"2026-04-09T02:25:40","date_gmt":"2026-04-09T00:25:40","guid":{"rendered":"https:\/\/www.danosa.com\/es-es\/producto\/danopur-lt-transparente\/"},"modified":"2026-04-09T02:25:43","modified_gmt":"2026-04-09T00:25:43","slug":"danopur-lt-transparente","status":"publish","type":"product","link":"https:\/\/www.danosa.com\/es-es\/producto\/danopur-lt-transparente\/","title":{"rendered":"DANOPUR LT TRANSPARENTE"},"content":{"rendered":"<p>Membrana l\u00edquida de poliuretano alif\u00e1tico transparente, monocomponente, impermeable, de aplicaci\u00f3n en fr\u00edo, sin juntas y transitable.<\/p>\n","protected":false},"excerpt":{"rendered":"<p>Membrana l\u00edquida monocomponente de poliuretano alif\u00e1tico transparente.<\/p>\n","protected":false},"featured_media":0,"parent":0,"menu_order":0,"template":"","meta":{"inline_featured_image":false,"site-sidebar-layout":"default","site-content-layout":"default","ast-main-header-display":"","ast-hfb-above-header-display":"","ast-hfb-below-header-display":"","ast-hfb-mobile-header-display":"","site-post-title":"","ast-breadcrumbs-content":"","ast-featured-img":"","footer-sml-layout":"","theme-transparent-header-meta":"","adv-header-id-meta":"","stick-header-meta":"","header-above-stick-meta":"","header-main-stick-meta":"","header-below-stick-meta":""},"family":[5704],"product_notice":[12157],"product_icon":[],"product_application":[10868,10884,10890,10891,10893,11211],"product_standards_certification":[],"product_benefits":[10297,10303,10365,10447,10540,10544,10610,10611],"product_support":[11904,11913,11943,11945,11959,11974,11985,12001],"product_substrate_preparation":[],"product_important_indications":[],"product_conservation":[12685,11696],"product_warning":[11728,11736,11740,11753,11813,11900],"product_safety_hygiene":[],"system_certification":[],"product_maintenance":[],"product_safety_datasheet":[2967],"filter_special_uses":[],"acf":[],"yoast_head":"<!-- This site is optimized with the Yoast SEO plugin v18.1 - https:\/\/yoast.com\/wordpress\/plugins\/seo\/ -->\n<title>Membrana l\u00edquida de poliuretano transparente impermeabilizante Danopur<\/title>\n<meta name=\"description\" content=\"Membrana l\u00edquida de poliuretano transparente alif\u00e1tico. Impermeabilizante monocomponente de aplicaci\u00f3n en fr\u00edo. DANOPUR LT Transparente. Alto rendimiento.\" \/>\n<meta name=\"robots\" content=\"index, follow, max-snippet:-1, max-image-preview:large, max-video-preview:-1\" \/>\n<link rel=\"canonical\" href=\"https:\/\/www.danosa.com\/es-es\/producto\/danopur-lt-transparente\/\" \/>\n<meta property=\"og:locale\" content=\"es_ES\" \/>\n<meta property=\"og:type\" content=\"article\" \/>\n<meta property=\"og:title\" content=\"Membrana l\u00edquida de poliuretano transparente impermeabilizante Danopur\" \/>\n<meta property=\"og:description\" content=\"Membrana l\u00edquida de poliuretano transparente alif\u00e1tico. Impermeabilizante monocomponente de aplicaci\u00f3n en fr\u00edo. DANOPUR LT Transparente. Alto rendimiento.\" \/>\n<meta property=\"og:url\" content=\"https:\/\/www.danosa.com\/es-es\/producto\/danopur-lt-transparente\/\" \/>\n<meta property=\"og:site_name\" content=\"Danosa | Soluciones para la construcci\u00f3n\" \/>\n<meta property=\"article:publisher\" content=\"https:\/\/www.facebook.com\/aislamientoeimpermeabilizacion\/\" \/>\n<meta property=\"article:modified_time\" content=\"2026-04-09T00:25:43+00:00\" \/>\n<meta name=\"twitter:card\" content=\"summary_large_image\" \/>\n<meta name=\"twitter:site\" content=\"@DANOSA_SPAIN\" \/>\n<script type=\"application\/ld+json\" class=\"yoast-schema-graph\">{\"@context\":\"https:\/\/schema.org\",\"@graph\":[{\"@type\":\"WebSite\",\"@id\":\"https:\/\/www.danosa.com\/es-es\/#website\",\"url\":\"https:\/\/www.danosa.com\/es-es\/\",\"name\":\"Danosa | Soluciones para la construcci\u00f3n\",\"description\":\"Impermeabilizaci\u00f3n, aislamiento ac\u00fastico y t\u00e9rmico\",\"potentialAction\":[{\"@type\":\"SearchAction\",\"target\":{\"@type\":\"EntryPoint\",\"urlTemplate\":\"https:\/\/www.danosa.com\/es-es\/?s={search_term_string}\"},\"query-input\":\"required name=search_term_string\"}],\"inLanguage\":\"es\"},{\"@type\":\"WebPage\",\"@id\":\"https:\/\/www.danosa.com\/es-es\/producto\/danopur-lt-transparente\/#webpage\",\"url\":\"https:\/\/www.danosa.com\/es-es\/producto\/danopur-lt-transparente\/\",\"name\":\"Membrana l\u00edquida de poliuretano transparente impermeabilizante Danopur\",\"isPartOf\":{\"@id\":\"https:\/\/www.danosa.com\/es-es\/#website\"},\"datePublished\":\"2026-04-09T00:25:40+00:00\",\"dateModified\":\"2026-04-09T00:25:43+00:00\",\"description\":\"Membrana l\u00edquida de poliuretano transparente alif\u00e1tico. Impermeabilizante monocomponente de aplicaci\u00f3n en fr\u00edo. DANOPUR LT Transparente. Alto rendimiento.\",\"breadcrumb\":{\"@id\":\"https:\/\/www.danosa.com\/es-es\/producto\/danopur-lt-transparente\/#breadcrumb\"},\"inLanguage\":\"es\",\"potentialAction\":[{\"@type\":\"ReadAction\",\"target\":[\"https:\/\/www.danosa.com\/es-es\/producto\/danopur-lt-transparente\/\"]}]},{\"@type\":\"BreadcrumbList\",\"@id\":\"https:\/\/www.danosa.com\/es-es\/producto\/danopur-lt-transparente\/#breadcrumb\",\"itemListElement\":[{\"@type\":\"ListItem\",\"position\":1,\"name\":\"Portada\",\"item\":\"https:\/\/www.danosa.com\/es-es\/\"},{\"@type\":\"ListItem\",\"position\":2,\"name\":\"DANOPUR LT TRANSPARENTE\"}]}]}<\/script>\n<!-- \/ Yoast SEO plugin. -->","yoast_head_json":{"title":"Membrana l\u00edquida de poliuretano transparente impermeabilizante Danopur","description":"Membrana l\u00edquida de poliuretano transparente alif\u00e1tico. Impermeabilizante monocomponente de aplicaci\u00f3n en fr\u00edo. DANOPUR LT Transparente. Alto rendimiento.","robots":{"index":"index","follow":"follow","max-snippet":"max-snippet:-1","max-image-preview":"max-image-preview:large","max-video-preview":"max-video-preview:-1"},"canonical":"https:\/\/www.danosa.com\/es-es\/producto\/danopur-lt-transparente\/","og_locale":"es_ES","og_type":"article","og_title":"Membrana l\u00edquida de poliuretano transparente impermeabilizante Danopur","og_description":"Membrana l\u00edquida de poliuretano transparente alif\u00e1tico. Impermeabilizante monocomponente de aplicaci\u00f3n en fr\u00edo. DANOPUR LT Transparente. Alto rendimiento.","og_url":"https:\/\/www.danosa.com\/es-es\/producto\/danopur-lt-transparente\/","og_site_name":"Danosa | Soluciones para la construcci\u00f3n","article_publisher":"https:\/\/www.facebook.com\/aislamientoeimpermeabilizacion\/","article_modified_time":"2026-04-09T00:25:43+00:00","twitter_card":"summary_large_image","twitter_site":"@DANOSA_SPAIN","schema":{"@context":"https:\/\/schema.org","@graph":[{"@type":"WebSite","@id":"https:\/\/www.danosa.com\/es-es\/#website","url":"https:\/\/www.danosa.com\/es-es\/","name":"Danosa | Soluciones para la construcci\u00f3n","description":"Impermeabilizaci\u00f3n, aislamiento ac\u00fastico y t\u00e9rmico","potentialAction":[{"@type":"SearchAction","target":{"@type":"EntryPoint","urlTemplate":"https:\/\/www.danosa.com\/es-es\/?s={search_term_string}"},"query-input":"required name=search_term_string"}],"inLanguage":"es"},{"@type":"WebPage","@id":"https:\/\/www.danosa.com\/es-es\/producto\/danopur-lt-transparente\/#webpage","url":"https:\/\/www.danosa.com\/es-es\/producto\/danopur-lt-transparente\/","name":"Membrana l\u00edquida de poliuretano transparente impermeabilizante Danopur","isPartOf":{"@id":"https:\/\/www.danosa.com\/es-es\/#website"},"datePublished":"2026-04-09T00:25:40+00:00","dateModified":"2026-04-09T00:25:43+00:00","description":"Membrana l\u00edquida de poliuretano transparente alif\u00e1tico. Impermeabilizante monocomponente de aplicaci\u00f3n en fr\u00edo. DANOPUR LT Transparente. Alto rendimiento.","breadcrumb":{"@id":"https:\/\/www.danosa.com\/es-es\/producto\/danopur-lt-transparente\/#breadcrumb"},"inLanguage":"es","potentialAction":[{"@type":"ReadAction","target":["https:\/\/www.danosa.com\/es-es\/producto\/danopur-lt-transparente\/"]}]},{"@type":"BreadcrumbList","@id":"https:\/\/www.danosa.com\/es-es\/producto\/danopur-lt-transparente\/#breadcrumb","itemListElement":[{"@type":"ListItem","position":1,"name":"Portada","item":"https:\/\/www.danosa.com\/es-es\/"},{"@type":"ListItem","position":2,"name":"DANOPUR LT TRANSPARENTE"}]}]}},"_links":{"self":[{"href":"https:\/\/www.danosa.com\/es-es\/wp-json\/wp\/v2\/product\/12261"}],"collection":[{"href":"https:\/\/www.danosa.com\/es-es\/wp-json\/wp\/v2\/product"}],"about":[{"href":"https:\/\/www.danosa.com\/es-es\/wp-json\/wp\/v2\/types\/product"}],"wp:attachment":[{"href":"https:\/\/www.danosa.com\/es-es\/wp-json\/wp\/v2\/media?parent=12261"}],"wp:term":[{"taxonomy":"family","embeddable":true,"href":"https:\/\/www.danosa.com\/es-es\/wp-json\/wp\/v2\/family?post=12261"},{"taxonomy":"product_notice","embeddable":true,"href":"https:\/\/www.danosa.com\/es-es\/wp-json\/wp\/v2\/product_notice?post=12261"},{"taxonomy":"product_icon","embeddable":true,"href":"https:\/\/www.danosa.com\/es-es\/wp-json\/wp\/v2\/product_icon?post=12261"},{"taxonomy":"product_application","embeddable":true,"href":"https:\/\/www.danosa.com\/es-es\/wp-json\/wp\/v2\/product_application?post=12261"},{"taxonomy":"product_standards_certification","embeddable":true,"href":"https:\/\/www.danosa.com\/es-es\/wp-json\/wp\/v2\/product_standards_certification?post=12261"},{"taxonomy":"product_benefits","embeddable":true,"href":"https:\/\/www.danosa.com\/es-es\/wp-json\/wp\/v2\/product_benefits?post=12261"},{"taxonomy":"product_support","embeddable":true,"href":"https:\/\/www.danosa.com\/es-es\/wp-json\/wp\/v2\/product_support?post=12261"},{"taxonomy":"product_substrate_preparation","embeddable":true,"href":"https:\/\/www.danosa.com\/es-es\/wp-json\/wp\/v2\/product_substrate_preparation?post=12261"},{"taxonomy":"product_important_indications","embeddable":true,"href":"https:\/\/www.danosa.com\/es-es\/wp-json\/wp\/v2\/product_important_indications?post=12261"},{"taxonomy":"product_conservation","embeddable":true,"href":"https:\/\/www.danosa.com\/es-es\/wp-json\/wp\/v2\/product_conservation?post=12261"},{"taxonomy":"product_warning","embeddable":true,"href":"https:\/\/www.danosa.com\/es-es\/wp-json\/wp\/v2\/product_warning?post=12261"},{"taxonomy":"product_safety_hygiene","embeddable":true,"href":"https:\/\/www.danosa.com\/es-es\/wp-json\/wp\/v2\/product_safety_hygiene?post=12261"},{"taxonomy":"system_certification","embeddable":true,"href":"https:\/\/www.danosa.com\/es-es\/wp-json\/wp\/v2\/system_certification?post=12261"},{"taxonomy":"product_maintenance","embeddable":true,"href":"https:\/\/www.danosa.com\/es-es\/wp-json\/wp\/v2\/product_maintenance?post=12261"},{"taxonomy":"product_safety_datasheet","embeddable":true,"href":"https:\/\/www.danosa.com\/es-es\/wp-json\/wp\/v2\/product_safety_datasheet?post=12261"},{"taxonomy":"filter_special_uses","embeddable":true,"href":"https:\/\/www.danosa.com\/es-es\/wp-json\/wp\/v2\/filter_special_uses?post=12261"}],"curies":[{"name":"wp","href":"https:\/\/api.w.org\/{rel}","templated":true}]}}