{"id":12262,"date":"2026-04-08T14:25:45","date_gmt":"2026-04-08T12:25:45","guid":{"rendered":"https:\/\/www.danosa.com\/es-es\/producto\/danolosa-nox\/"},"modified":"2026-04-08T14:25:45","modified_gmt":"2026-04-08T12:25:45","slug":"danolosa-nox","status":"publish","type":"product","link":"https:\/\/www.danosa.com\/es-es\/producto\/danolosa-nox\/","title":{"rendered":"DANOLOSA NOx"},"content":{"rendered":"<p>DANOLOSA NOx es una baldosa aislante constituida por un pavimento de hormig\u00f3n poroso con tratamiento de efecto fotocatal\u00edtico reductor de NOx, que act\u00faa como protecci\u00f3n mec\u00e1nica de una base aislante de poliestireno extruido, resultando una superficie practicable resistente y aislada t\u00e9rmicamente.<\/p>\n","protected":false},"excerpt":{"rendered":"<p>Losa de hormig\u00f3n poroso fotocatal\u00edtica con base de poliestireno extruido mecanizado<\/p>\n","protected":false},"featured_media":0,"parent":0,"menu_order":0,"template":"","meta":{"inline_featured_image":false,"site-sidebar-layout":"default","site-content-layout":"default","ast-main-header-display":"","ast-hfb-above-header-display":"","ast-hfb-below-header-display":"","ast-hfb-mobile-header-display":"","site-post-title":"","ast-breadcrumbs-content":"","ast-featured-img":"","footer-sml-layout":"","theme-transparent-header-meta":"","adv-header-id-meta":"","stick-header-meta":"","header-above-stick-meta":"","header-main-stick-meta":"","header-below-stick-meta":""},"family":[3094],"product_notice":[12157],"product_icon":[],"product_application":[10813,10921,10989,11040,11102,11232,11233],"product_standards_certification":[12047,12048,12070,12090],"product_benefits":[10131,10141,10174,10352,10462,10480,10518,10531,10562,10566],"product_support":[],"product_substrate_preparation":[],"product_important_indications":[11302,11355,11376,11463,11495,11496,11497],"product_conservation":[11603,11617,11620,11633,11664],"product_warning":[],"product_safety_hygiene":[],"system_certification":[2467],"product_maintenance":[],"product_safety_datasheet":[3155],"filter_special_uses":[],"acf":[],"yoast_head":"<!-- This site is optimized with the Yoast SEO plugin v18.1 - https:\/\/yoast.com\/wordpress\/plugins\/seo\/ -->\n<title>Losa filtrante, aislante y drenante para cubiertas | DANOLOSA NOx<\/title>\n<meta name=\"description\" content=\"Losa filtrante, aislante y drenante para cubiertas. Baldosa filtrante y aislante de hormig\u00f3n poroso con tratamiento efecto fotocatal\u00edtico. Dansoa.\" \/>\n<meta name=\"robots\" content=\"index, follow, max-snippet:-1, max-image-preview:large, max-video-preview:-1\" \/>\n<link rel=\"canonical\" href=\"https:\/\/www.danosa.com\/es-es\/producto\/danolosa-nox\/\" \/>\n<meta property=\"og:locale\" content=\"es_ES\" \/>\n<meta property=\"og:type\" content=\"article\" \/>\n<meta property=\"og:title\" content=\"Losa filtrante, aislante y drenante para cubiertas | DANOLOSA NOx\" \/>\n<meta property=\"og:description\" content=\"Losa filtrante, aislante y drenante para cubiertas. Baldosa filtrante y aislante de hormig\u00f3n poroso con tratamiento efecto fotocatal\u00edtico. Dansoa.\" \/>\n<meta property=\"og:url\" content=\"https:\/\/www.danosa.com\/es-es\/producto\/danolosa-nox\/\" \/>\n<meta property=\"og:site_name\" content=\"Danosa | Soluciones para la construcci\u00f3n\" \/>\n<meta property=\"article:publisher\" content=\"https:\/\/www.facebook.com\/aislamientoeimpermeabilizacion\/\" \/>\n<meta name=\"twitter:card\" content=\"summary_large_image\" \/>\n<meta name=\"twitter:site\" content=\"@DANOSA_SPAIN\" \/>\n<script type=\"application\/ld+json\" class=\"yoast-schema-graph\">{\"@context\":\"https:\/\/schema.org\",\"@graph\":[{\"@type\":\"WebSite\",\"@id\":\"https:\/\/www.danosa.com\/es-es\/#website\",\"url\":\"https:\/\/www.danosa.com\/es-es\/\",\"name\":\"Danosa | Soluciones para la construcci\u00f3n\",\"description\":\"Impermeabilizaci\u00f3n, aislamiento ac\u00fastico y t\u00e9rmico\",\"potentialAction\":[{\"@type\":\"SearchAction\",\"target\":{\"@type\":\"EntryPoint\",\"urlTemplate\":\"https:\/\/www.danosa.com\/es-es\/?s={search_term_string}\"},\"query-input\":\"required name=search_term_string\"}],\"inLanguage\":\"es\"},{\"@type\":\"WebPage\",\"@id\":\"https:\/\/www.danosa.com\/es-es\/producto\/danolosa-nox\/#webpage\",\"url\":\"https:\/\/www.danosa.com\/es-es\/producto\/danolosa-nox\/\",\"name\":\"Losa filtrante, aislante y drenante para cubiertas | DANOLOSA NOx\",\"isPartOf\":{\"@id\":\"https:\/\/www.danosa.com\/es-es\/#website\"},\"datePublished\":\"2026-04-08T12:25:45+00:00\",\"dateModified\":\"2026-04-08T12:25:45+00:00\",\"description\":\"Losa filtrante, aislante y drenante para cubiertas. Baldosa filtrante y aislante de hormig\u00f3n poroso con tratamiento efecto fotocatal\u00edtico. Dansoa.\",\"breadcrumb\":{\"@id\":\"https:\/\/www.danosa.com\/es-es\/producto\/danolosa-nox\/#breadcrumb\"},\"inLanguage\":\"es\",\"potentialAction\":[{\"@type\":\"ReadAction\",\"target\":[\"https:\/\/www.danosa.com\/es-es\/producto\/danolosa-nox\/\"]}]},{\"@type\":\"BreadcrumbList\",\"@id\":\"https:\/\/www.danosa.com\/es-es\/producto\/danolosa-nox\/#breadcrumb\",\"itemListElement\":[{\"@type\":\"ListItem\",\"position\":1,\"name\":\"Portada\",\"item\":\"https:\/\/www.danosa.com\/es-es\/\"},{\"@type\":\"ListItem\",\"position\":2,\"name\":\"DANOLOSA NOx\"}]}]}<\/script>\n<!-- \/ Yoast SEO plugin. -->","yoast_head_json":{"title":"Losa filtrante, aislante y drenante para cubiertas | DANOLOSA NOx","description":"Losa filtrante, aislante y drenante para cubiertas. Baldosa filtrante y aislante de hormig\u00f3n poroso con tratamiento efecto fotocatal\u00edtico. Dansoa.","robots":{"index":"index","follow":"follow","max-snippet":"max-snippet:-1","max-image-preview":"max-image-preview:large","max-video-preview":"max-video-preview:-1"},"canonical":"https:\/\/www.danosa.com\/es-es\/producto\/danolosa-nox\/","og_locale":"es_ES","og_type":"article","og_title":"Losa filtrante, aislante y drenante para cubiertas | DANOLOSA NOx","og_description":"Losa filtrante, aislante y drenante para cubiertas. Baldosa filtrante y aislante de hormig\u00f3n poroso con tratamiento efecto fotocatal\u00edtico. Dansoa.","og_url":"https:\/\/www.danosa.com\/es-es\/producto\/danolosa-nox\/","og_site_name":"Danosa | Soluciones para la construcci\u00f3n","article_publisher":"https:\/\/www.facebook.com\/aislamientoeimpermeabilizacion\/","twitter_card":"summary_large_image","twitter_site":"@DANOSA_SPAIN","schema":{"@context":"https:\/\/schema.org","@graph":[{"@type":"WebSite","@id":"https:\/\/www.danosa.com\/es-es\/#website","url":"https:\/\/www.danosa.com\/es-es\/","name":"Danosa | Soluciones para la construcci\u00f3n","description":"Impermeabilizaci\u00f3n, aislamiento ac\u00fastico y t\u00e9rmico","potentialAction":[{"@type":"SearchAction","target":{"@type":"EntryPoint","urlTemplate":"https:\/\/www.danosa.com\/es-es\/?s={search_term_string}"},"query-input":"required name=search_term_string"}],"inLanguage":"es"},{"@type":"WebPage","@id":"https:\/\/www.danosa.com\/es-es\/producto\/danolosa-nox\/#webpage","url":"https:\/\/www.danosa.com\/es-es\/producto\/danolosa-nox\/","name":"Losa filtrante, aislante y drenante para cubiertas | DANOLOSA NOx","isPartOf":{"@id":"https:\/\/www.danosa.com\/es-es\/#website"},"datePublished":"2026-04-08T12:25:45+00:00","dateModified":"2026-04-08T12:25:45+00:00","description":"Losa filtrante, aislante y drenante para cubiertas. Baldosa filtrante y aislante de hormig\u00f3n poroso con tratamiento efecto fotocatal\u00edtico. Dansoa.","breadcrumb":{"@id":"https:\/\/www.danosa.com\/es-es\/producto\/danolosa-nox\/#breadcrumb"},"inLanguage":"es","potentialAction":[{"@type":"ReadAction","target":["https:\/\/www.danosa.com\/es-es\/producto\/danolosa-nox\/"]}]},{"@type":"BreadcrumbList","@id":"https:\/\/www.danosa.com\/es-es\/producto\/danolosa-nox\/#breadcrumb","itemListElement":[{"@type":"ListItem","position":1,"name":"Portada","item":"https:\/\/www.danosa.com\/es-es\/"},{"@type":"ListItem","position":2,"name":"DANOLOSA NOx"}]}]}},"_links":{"self":[{"href":"https:\/\/www.danosa.com\/es-es\/wp-json\/wp\/v2\/product\/12262"}],"collection":[{"href":"https:\/\/www.danosa.com\/es-es\/wp-json\/wp\/v2\/product"}],"about":[{"href":"https:\/\/www.danosa.com\/es-es\/wp-json\/wp\/v2\/types\/product"}],"wp:attachment":[{"href":"https:\/\/www.danosa.com\/es-es\/wp-json\/wp\/v2\/media?parent=12262"}],"wp:term":[{"taxonomy":"family","embeddable":true,"href":"https:\/\/www.danosa.com\/es-es\/wp-json\/wp\/v2\/family?post=12262"},{"taxonomy":"product_notice","embeddable":true,"href":"https:\/\/www.danosa.com\/es-es\/wp-json\/wp\/v2\/product_notice?post=12262"},{"taxonomy":"product_icon","embeddable":true,"href":"https:\/\/www.danosa.com\/es-es\/wp-json\/wp\/v2\/product_icon?post=12262"},{"taxonomy":"product_application","embeddable":true,"href":"https:\/\/www.danosa.com\/es-es\/wp-json\/wp\/v2\/product_application?post=12262"},{"taxonomy":"product_standards_certification","embeddable":true,"href":"https:\/\/www.danosa.com\/es-es\/wp-json\/wp\/v2\/product_standards_certification?post=12262"},{"taxonomy":"product_benefits","embeddable":true,"href":"https:\/\/www.danosa.com\/es-es\/wp-json\/wp\/v2\/product_benefits?post=12262"},{"taxonomy":"product_support","embeddable":true,"href":"https:\/\/www.danosa.com\/es-es\/wp-json\/wp\/v2\/product_support?post=12262"},{"taxonomy":"product_substrate_preparation","embeddable":true,"href":"https:\/\/www.danosa.com\/es-es\/wp-json\/wp\/v2\/product_substrate_preparation?post=12262"},{"taxonomy":"product_important_indications","embeddable":true,"href":"https:\/\/www.danosa.com\/es-es\/wp-json\/wp\/v2\/product_important_indications?post=12262"},{"taxonomy":"product_conservation","embeddable":true,"href":"https:\/\/www.danosa.com\/es-es\/wp-json\/wp\/v2\/product_conservation?post=12262"},{"taxonomy":"product_warning","embeddable":true,"href":"https:\/\/www.danosa.com\/es-es\/wp-json\/wp\/v2\/product_warning?post=12262"},{"taxonomy":"product_safety_hygiene","embeddable":true,"href":"https:\/\/www.danosa.com\/es-es\/wp-json\/wp\/v2\/product_safety_hygiene?post=12262"},{"taxonomy":"system_certification","embeddable":true,"href":"https:\/\/www.danosa.com\/es-es\/wp-json\/wp\/v2\/system_certification?post=12262"},{"taxonomy":"product_maintenance","embeddable":true,"href":"https:\/\/www.danosa.com\/es-es\/wp-json\/wp\/v2\/product_maintenance?post=12262"},{"taxonomy":"product_safety_datasheet","embeddable":true,"href":"https:\/\/www.danosa.com\/es-es\/wp-json\/wp\/v2\/product_safety_datasheet?post=12262"},{"taxonomy":"filter_special_uses","embeddable":true,"href":"https:\/\/www.danosa.com\/es-es\/wp-json\/wp\/v2\/filter_special_uses?post=12262"}],"curies":[{"name":"wp","href":"https:\/\/api.w.org\/{rel}","templated":true}]}}