{"id":12264,"date":"2026-04-09T14:25:44","date_gmt":"2026-04-09T12:25:44","guid":{"rendered":"https:\/\/www.danosa.com\/es-es\/producto\/polydan-radon-180-48-p-elast\/"},"modified":"2026-04-09T14:25:46","modified_gmt":"2026-04-09T12:25:46","slug":"polydan-radon-180-48-p-elast","status":"publish","type":"product","link":"https:\/\/www.danosa.com\/es-es\/producto\/polydan-radon-180-48-p-elast\/","title":{"rendered":"POLYDAN RADON 180-48 P ELAST."},"content":{"rendered":"<p>L\u00e1mina impermeabilizante bituminosa de superficie no protegida tipo LBM(SBS)-48-FP.<br \/>\nCompuesta por una armadura de fieltro de poli\u00e9ster no tejido de gran gramaje, recubierta por ambas caras con un m\u00e1stico de bet\u00fan modificado con elast\u00f3meros (SBS), usando como material antiadherente un film pl\u00e1stico por ambas caras.<br \/>\nBarrera rad\u00f3n tipo l\u00e1mina seg\u00fan art\u00edculo 3.1.1.2 del CTE HS6<\/p>\n","protected":false},"excerpt":{"rendered":"<p>Membrana impermeable de bet\u00fan elastom\u00e9rico SBS  tipo LBM-48-FP R. Barrera de gas rad\u00f3n.<\/p>\n","protected":false},"featured_media":0,"parent":0,"menu_order":0,"template":"","meta":{"inline_featured_image":false,"site-sidebar-layout":"default","site-content-layout":"default","ast-main-header-display":"","ast-hfb-above-header-display":"","ast-hfb-below-header-display":"","ast-hfb-mobile-header-display":"","site-post-title":"","ast-breadcrumbs-content":"","ast-featured-img":"","footer-sml-layout":"","theme-transparent-header-meta":"","adv-header-id-meta":"","stick-header-meta":"","header-above-stick-meta":"","header-main-stick-meta":"","header-below-stick-meta":""},"family":[3053],"product_notice":[12157],"product_icon":[],"product_application":[10937,11133],"product_standards_certification":[12030,12044],"product_benefits":[10101,10208,10210,10220,10233,10237,10247,10279,10367,10370,10372,10383,10401,10455,10502],"product_support":[],"product_substrate_preparation":[],"product_important_indications":[11279,11281,11283,11311,11377,11416,11429,11432,11456,11516],"product_conservation":[11529,11555,11562,11563,11590,11591,11640,11647,11651,11652,11718,11719,11721],"product_warning":[11794],"product_safety_hygiene":[],"system_certification":[8244],"product_maintenance":[4203],"product_safety_datasheet":[2693],"filter_special_uses":[2876,2871],"acf":[],"yoast_head":"<!-- This site is optimized with the Yoast SEO plugin v18.1 - https:\/\/yoast.com\/wordpress\/plugins\/seo\/ -->\n<title>L\u00e1mina asf\u00e1ltica anti-rad\u00f3n | Polydan Rad\u00f3n 180-48 P ELAST. | Danosa<\/title>\n<meta name=\"description\" content=\"L\u00e1mina asf\u00e1ltica anti-rad\u00f3n con membrana impermeabilizante de superficie no protegida, con m\u00e1stico de bet\u00fan modificado con elast\u00f3meros (SBS). Garant\u00eda Danosa\" \/>\n<meta name=\"robots\" content=\"index, follow, max-snippet:-1, max-image-preview:large, max-video-preview:-1\" \/>\n<link rel=\"canonical\" href=\"https:\/\/www.danosa.com\/es-es\/producto\/polydan-radon-180-48-p-elast\/\" \/>\n<meta property=\"og:locale\" content=\"es_ES\" \/>\n<meta property=\"og:type\" content=\"article\" \/>\n<meta property=\"og:title\" content=\"L\u00e1mina asf\u00e1ltica anti-rad\u00f3n | Polydan Rad\u00f3n 180-48 P ELAST. | Danosa\" \/>\n<meta property=\"og:description\" content=\"L\u00e1mina asf\u00e1ltica anti-rad\u00f3n con membrana impermeabilizante de superficie no protegida, con m\u00e1stico de bet\u00fan modificado con elast\u00f3meros (SBS). Garant\u00eda Danosa\" \/>\n<meta property=\"og:url\" content=\"https:\/\/www.danosa.com\/es-es\/producto\/polydan-radon-180-48-p-elast\/\" \/>\n<meta property=\"og:site_name\" content=\"Danosa | Soluciones para la construcci\u00f3n\" \/>\n<meta property=\"article:publisher\" content=\"https:\/\/www.facebook.com\/aislamientoeimpermeabilizacion\/\" \/>\n<meta property=\"article:modified_time\" content=\"2026-04-09T12:25:46+00:00\" \/>\n<meta name=\"twitter:card\" content=\"summary_large_image\" \/>\n<meta name=\"twitter:site\" content=\"@DANOSA_SPAIN\" \/>\n<script type=\"application\/ld+json\" class=\"yoast-schema-graph\">{\"@context\":\"https:\/\/schema.org\",\"@graph\":[{\"@type\":\"WebSite\",\"@id\":\"https:\/\/www.danosa.com\/es-es\/#website\",\"url\":\"https:\/\/www.danosa.com\/es-es\/\",\"name\":\"Danosa | Soluciones para la construcci\u00f3n\",\"description\":\"Impermeabilizaci\u00f3n, aislamiento ac\u00fastico y t\u00e9rmico\",\"potentialAction\":[{\"@type\":\"SearchAction\",\"target\":{\"@type\":\"EntryPoint\",\"urlTemplate\":\"https:\/\/www.danosa.com\/es-es\/?s={search_term_string}\"},\"query-input\":\"required name=search_term_string\"}],\"inLanguage\":\"es\"},{\"@type\":\"WebPage\",\"@id\":\"https:\/\/www.danosa.com\/es-es\/producto\/polydan-radon-180-48-p-elast\/#webpage\",\"url\":\"https:\/\/www.danosa.com\/es-es\/producto\/polydan-radon-180-48-p-elast\/\",\"name\":\"L\u00e1mina asf\u00e1ltica anti-rad\u00f3n | Polydan Rad\u00f3n 180-48 P ELAST. | Danosa\",\"isPartOf\":{\"@id\":\"https:\/\/www.danosa.com\/es-es\/#website\"},\"datePublished\":\"2026-04-09T12:25:44+00:00\",\"dateModified\":\"2026-04-09T12:25:46+00:00\",\"description\":\"L\u00e1mina asf\u00e1ltica anti-rad\u00f3n con membrana impermeabilizante de superficie no protegida, con m\u00e1stico de bet\u00fan modificado con elast\u00f3meros (SBS). Garant\u00eda Danosa\",\"breadcrumb\":{\"@id\":\"https:\/\/www.danosa.com\/es-es\/producto\/polydan-radon-180-48-p-elast\/#breadcrumb\"},\"inLanguage\":\"es\",\"potentialAction\":[{\"@type\":\"ReadAction\",\"target\":[\"https:\/\/www.danosa.com\/es-es\/producto\/polydan-radon-180-48-p-elast\/\"]}]},{\"@type\":\"BreadcrumbList\",\"@id\":\"https:\/\/www.danosa.com\/es-es\/producto\/polydan-radon-180-48-p-elast\/#breadcrumb\",\"itemListElement\":[{\"@type\":\"ListItem\",\"position\":1,\"name\":\"Portada\",\"item\":\"https:\/\/www.danosa.com\/es-es\/\"},{\"@type\":\"ListItem\",\"position\":2,\"name\":\"POLYDAN RADON 180-48 P ELAST.\"}]}]}<\/script>\n<!-- \/ Yoast SEO plugin. -->","yoast_head_json":{"title":"L\u00e1mina asf\u00e1ltica anti-rad\u00f3n | Polydan Rad\u00f3n 180-48 P ELAST. | Danosa","description":"L\u00e1mina asf\u00e1ltica anti-rad\u00f3n con membrana impermeabilizante de superficie no protegida, con m\u00e1stico de bet\u00fan modificado con elast\u00f3meros (SBS). Garant\u00eda Danosa","robots":{"index":"index","follow":"follow","max-snippet":"max-snippet:-1","max-image-preview":"max-image-preview:large","max-video-preview":"max-video-preview:-1"},"canonical":"https:\/\/www.danosa.com\/es-es\/producto\/polydan-radon-180-48-p-elast\/","og_locale":"es_ES","og_type":"article","og_title":"L\u00e1mina asf\u00e1ltica anti-rad\u00f3n | Polydan Rad\u00f3n 180-48 P ELAST. | Danosa","og_description":"L\u00e1mina asf\u00e1ltica anti-rad\u00f3n con membrana impermeabilizante de superficie no protegida, con m\u00e1stico de bet\u00fan modificado con elast\u00f3meros (SBS). Garant\u00eda Danosa","og_url":"https:\/\/www.danosa.com\/es-es\/producto\/polydan-radon-180-48-p-elast\/","og_site_name":"Danosa | Soluciones para la construcci\u00f3n","article_publisher":"https:\/\/www.facebook.com\/aislamientoeimpermeabilizacion\/","article_modified_time":"2026-04-09T12:25:46+00:00","twitter_card":"summary_large_image","twitter_site":"@DANOSA_SPAIN","schema":{"@context":"https:\/\/schema.org","@graph":[{"@type":"WebSite","@id":"https:\/\/www.danosa.com\/es-es\/#website","url":"https:\/\/www.danosa.com\/es-es\/","name":"Danosa | Soluciones para la construcci\u00f3n","description":"Impermeabilizaci\u00f3n, aislamiento ac\u00fastico y t\u00e9rmico","potentialAction":[{"@type":"SearchAction","target":{"@type":"EntryPoint","urlTemplate":"https:\/\/www.danosa.com\/es-es\/?s={search_term_string}"},"query-input":"required name=search_term_string"}],"inLanguage":"es"},{"@type":"WebPage","@id":"https:\/\/www.danosa.com\/es-es\/producto\/polydan-radon-180-48-p-elast\/#webpage","url":"https:\/\/www.danosa.com\/es-es\/producto\/polydan-radon-180-48-p-elast\/","name":"L\u00e1mina asf\u00e1ltica anti-rad\u00f3n | Polydan Rad\u00f3n 180-48 P ELAST. | Danosa","isPartOf":{"@id":"https:\/\/www.danosa.com\/es-es\/#website"},"datePublished":"2026-04-09T12:25:44+00:00","dateModified":"2026-04-09T12:25:46+00:00","description":"L\u00e1mina asf\u00e1ltica anti-rad\u00f3n con membrana impermeabilizante de superficie no protegida, con m\u00e1stico de bet\u00fan modificado con elast\u00f3meros (SBS). Garant\u00eda Danosa","breadcrumb":{"@id":"https:\/\/www.danosa.com\/es-es\/producto\/polydan-radon-180-48-p-elast\/#breadcrumb"},"inLanguage":"es","potentialAction":[{"@type":"ReadAction","target":["https:\/\/www.danosa.com\/es-es\/producto\/polydan-radon-180-48-p-elast\/"]}]},{"@type":"BreadcrumbList","@id":"https:\/\/www.danosa.com\/es-es\/producto\/polydan-radon-180-48-p-elast\/#breadcrumb","itemListElement":[{"@type":"ListItem","position":1,"name":"Portada","item":"https:\/\/www.danosa.com\/es-es\/"},{"@type":"ListItem","position":2,"name":"POLYDAN RADON 180-48 P ELAST."}]}]}},"_links":{"self":[{"href":"https:\/\/www.danosa.com\/es-es\/wp-json\/wp\/v2\/product\/12264"}],"collection":[{"href":"https:\/\/www.danosa.com\/es-es\/wp-json\/wp\/v2\/product"}],"about":[{"href":"https:\/\/www.danosa.com\/es-es\/wp-json\/wp\/v2\/types\/product"}],"wp:attachment":[{"href":"https:\/\/www.danosa.com\/es-es\/wp-json\/wp\/v2\/media?parent=12264"}],"wp:term":[{"taxonomy":"family","embeddable":true,"href":"https:\/\/www.danosa.com\/es-es\/wp-json\/wp\/v2\/family?post=12264"},{"taxonomy":"product_notice","embeddable":true,"href":"https:\/\/www.danosa.com\/es-es\/wp-json\/wp\/v2\/product_notice?post=12264"},{"taxonomy":"product_icon","embeddable":true,"href":"https:\/\/www.danosa.com\/es-es\/wp-json\/wp\/v2\/product_icon?post=12264"},{"taxonomy":"product_application","embeddable":true,"href":"https:\/\/www.danosa.com\/es-es\/wp-json\/wp\/v2\/product_application?post=12264"},{"taxonomy":"product_standards_certification","embeddable":true,"href":"https:\/\/www.danosa.com\/es-es\/wp-json\/wp\/v2\/product_standards_certification?post=12264"},{"taxonomy":"product_benefits","embeddable":true,"href":"https:\/\/www.danosa.com\/es-es\/wp-json\/wp\/v2\/product_benefits?post=12264"},{"taxonomy":"product_support","embeddable":true,"href":"https:\/\/www.danosa.com\/es-es\/wp-json\/wp\/v2\/product_support?post=12264"},{"taxonomy":"product_substrate_preparation","embeddable":true,"href":"https:\/\/www.danosa.com\/es-es\/wp-json\/wp\/v2\/product_substrate_preparation?post=12264"},{"taxonomy":"product_important_indications","embeddable":true,"href":"https:\/\/www.danosa.com\/es-es\/wp-json\/wp\/v2\/product_important_indications?post=12264"},{"taxonomy":"product_conservation","embeddable":true,"href":"https:\/\/www.danosa.com\/es-es\/wp-json\/wp\/v2\/product_conservation?post=12264"},{"taxonomy":"product_warning","embeddable":true,"href":"https:\/\/www.danosa.com\/es-es\/wp-json\/wp\/v2\/product_warning?post=12264"},{"taxonomy":"product_safety_hygiene","embeddable":true,"href":"https:\/\/www.danosa.com\/es-es\/wp-json\/wp\/v2\/product_safety_hygiene?post=12264"},{"taxonomy":"system_certification","embeddable":true,"href":"https:\/\/www.danosa.com\/es-es\/wp-json\/wp\/v2\/system_certification?post=12264"},{"taxonomy":"product_maintenance","embeddable":true,"href":"https:\/\/www.danosa.com\/es-es\/wp-json\/wp\/v2\/product_maintenance?post=12264"},{"taxonomy":"product_safety_datasheet","embeddable":true,"href":"https:\/\/www.danosa.com\/es-es\/wp-json\/wp\/v2\/product_safety_datasheet?post=12264"},{"taxonomy":"filter_special_uses","embeddable":true,"href":"https:\/\/www.danosa.com\/es-es\/wp-json\/wp\/v2\/filter_special_uses?post=12264"}],"curies":[{"name":"wp","href":"https:\/\/api.w.org\/{rel}","templated":true}]}}