{"id":12631,"date":"2026-04-09T02:25:35","date_gmt":"2026-04-09T00:25:35","guid":{"rendered":"https:\/\/www.danosa.com\/es-es\/producto\/revestidan-blue-tech\/"},"modified":"2026-04-09T02:25:35","modified_gmt":"2026-04-09T00:25:35","slug":"revestidan-blue-tech","status":"publish","type":"product","link":"https:\/\/www.danosa.com\/es-es\/producto\/revestidan-blue-tech\/","title":{"rendered":"REVESTIDAN BLUE TECH"},"content":{"rendered":"<p>Membrana l\u00edquida el\u00e1stica monocomponente, para proteger e impermeabilizar paramentos verticales y horizontales, previamente a la colocaci\u00f3n de un revestimiento final.<\/p>\n","protected":false},"excerpt":{"rendered":"<p>Membrana el\u00e1stica para impermeabilizaci\u00f3n de alf\u00e9izares, balcones, petos, ba\u00f1os, cocinas y zonas h\u00famedas interiores<\/p>\n","protected":false},"featured_media":0,"parent":0,"menu_order":0,"template":"","meta":{"inline_featured_image":false,"site-sidebar-layout":"default","site-content-layout":"default","ast-main-header-display":"","ast-hfb-above-header-display":"","ast-hfb-below-header-display":"","ast-hfb-mobile-header-display":"","site-post-title":"","ast-breadcrumbs-content":"","ast-featured-img":"","footer-sml-layout":"","theme-transparent-header-meta":"","adv-header-id-meta":"","stick-header-meta":"","header-above-stick-meta":"","header-main-stick-meta":"","header-below-stick-meta":""},"family":[5706],"product_notice":[12157],"product_icon":[],"product_application":[10888],"product_standards_certification":[],"product_benefits":[10190,10191,10201,10299,10333,10446,10669],"product_support":[11917,11958,11961,11976,11979],"product_substrate_preparation":[],"product_important_indications":[],"product_conservation":[11538],"product_warning":[11767,11822,11834,11868],"product_safety_hygiene":[],"system_certification":[],"product_maintenance":[],"product_safety_datasheet":[4749],"filter_special_uses":[],"acf":[],"yoast_head":"<!-- This site is optimized with the Yoast SEO plugin v18.1 - https:\/\/yoast.com\/wordpress\/plugins\/seo\/ -->\n<title>Impermeabilizaci\u00f3n l\u00edquida | Cocinas, ba\u00f1os, balcones | Revestidan<\/title>\n<meta name=\"description\" content=\"Impermeabilizaci\u00f3n l\u00edquida de cocinas, ba\u00f1os, balcones, alf\u00e9izares y zonas h\u00famedas interiores de la vivienda. Impermeabilizante monocomponente. Danosa.\" \/>\n<meta name=\"robots\" content=\"index, follow, max-snippet:-1, max-image-preview:large, max-video-preview:-1\" \/>\n<link rel=\"canonical\" href=\"https:\/\/www.danosa.com\/es-es\/producto\/revestidan-blue-tech\/\" \/>\n<meta property=\"og:locale\" content=\"es_ES\" \/>\n<meta property=\"og:type\" content=\"article\" \/>\n<meta property=\"og:title\" content=\"Impermeabilizaci\u00f3n l\u00edquida | Cocinas, ba\u00f1os, balcones | Revestidan\" \/>\n<meta property=\"og:description\" content=\"Impermeabilizaci\u00f3n l\u00edquida de cocinas, ba\u00f1os, balcones, alf\u00e9izares y zonas h\u00famedas interiores de la vivienda. Impermeabilizante monocomponente. Danosa.\" \/>\n<meta property=\"og:url\" content=\"https:\/\/www.danosa.com\/es-es\/producto\/revestidan-blue-tech\/\" \/>\n<meta property=\"og:site_name\" content=\"Danosa | Soluciones para la construcci\u00f3n\" \/>\n<meta property=\"article:publisher\" content=\"https:\/\/www.facebook.com\/aislamientoeimpermeabilizacion\/\" \/>\n<meta name=\"twitter:card\" content=\"summary_large_image\" \/>\n<meta name=\"twitter:site\" content=\"@DANOSA_SPAIN\" \/>\n<script type=\"application\/ld+json\" class=\"yoast-schema-graph\">{\"@context\":\"https:\/\/schema.org\",\"@graph\":[{\"@type\":\"WebSite\",\"@id\":\"https:\/\/www.danosa.com\/es-es\/#website\",\"url\":\"https:\/\/www.danosa.com\/es-es\/\",\"name\":\"Danosa | Soluciones para la construcci\u00f3n\",\"description\":\"Impermeabilizaci\u00f3n, aislamiento ac\u00fastico y t\u00e9rmico\",\"potentialAction\":[{\"@type\":\"SearchAction\",\"target\":{\"@type\":\"EntryPoint\",\"urlTemplate\":\"https:\/\/www.danosa.com\/es-es\/?s={search_term_string}\"},\"query-input\":\"required name=search_term_string\"}],\"inLanguage\":\"es\"},{\"@type\":\"WebPage\",\"@id\":\"https:\/\/www.danosa.com\/es-es\/producto\/revestidan-blue-tech\/#webpage\",\"url\":\"https:\/\/www.danosa.com\/es-es\/producto\/revestidan-blue-tech\/\",\"name\":\"Impermeabilizaci\u00f3n l\u00edquida | Cocinas, ba\u00f1os, balcones | Revestidan\",\"isPartOf\":{\"@id\":\"https:\/\/www.danosa.com\/es-es\/#website\"},\"datePublished\":\"2026-04-09T00:25:35+00:00\",\"dateModified\":\"2026-04-09T00:25:35+00:00\",\"description\":\"Impermeabilizaci\u00f3n l\u00edquida de cocinas, ba\u00f1os, balcones, alf\u00e9izares y zonas h\u00famedas interiores de la vivienda. Impermeabilizante monocomponente. Danosa.\",\"breadcrumb\":{\"@id\":\"https:\/\/www.danosa.com\/es-es\/producto\/revestidan-blue-tech\/#breadcrumb\"},\"inLanguage\":\"es\",\"potentialAction\":[{\"@type\":\"ReadAction\",\"target\":[\"https:\/\/www.danosa.com\/es-es\/producto\/revestidan-blue-tech\/\"]}]},{\"@type\":\"BreadcrumbList\",\"@id\":\"https:\/\/www.danosa.com\/es-es\/producto\/revestidan-blue-tech\/#breadcrumb\",\"itemListElement\":[{\"@type\":\"ListItem\",\"position\":1,\"name\":\"Portada\",\"item\":\"https:\/\/www.danosa.com\/es-es\/\"},{\"@type\":\"ListItem\",\"position\":2,\"name\":\"REVESTIDAN BLUE TECH\"}]}]}<\/script>\n<!-- \/ Yoast SEO plugin. -->","yoast_head_json":{"title":"Impermeabilizaci\u00f3n l\u00edquida | Cocinas, ba\u00f1os, balcones | Revestidan","description":"Impermeabilizaci\u00f3n l\u00edquida de cocinas, ba\u00f1os, balcones, alf\u00e9izares y zonas h\u00famedas interiores de la vivienda. Impermeabilizante monocomponente. Danosa.","robots":{"index":"index","follow":"follow","max-snippet":"max-snippet:-1","max-image-preview":"max-image-preview:large","max-video-preview":"max-video-preview:-1"},"canonical":"https:\/\/www.danosa.com\/es-es\/producto\/revestidan-blue-tech\/","og_locale":"es_ES","og_type":"article","og_title":"Impermeabilizaci\u00f3n l\u00edquida | Cocinas, ba\u00f1os, balcones | Revestidan","og_description":"Impermeabilizaci\u00f3n l\u00edquida de cocinas, ba\u00f1os, balcones, alf\u00e9izares y zonas h\u00famedas interiores de la vivienda. Impermeabilizante monocomponente. Danosa.","og_url":"https:\/\/www.danosa.com\/es-es\/producto\/revestidan-blue-tech\/","og_site_name":"Danosa | Soluciones para la construcci\u00f3n","article_publisher":"https:\/\/www.facebook.com\/aislamientoeimpermeabilizacion\/","twitter_card":"summary_large_image","twitter_site":"@DANOSA_SPAIN","schema":{"@context":"https:\/\/schema.org","@graph":[{"@type":"WebSite","@id":"https:\/\/www.danosa.com\/es-es\/#website","url":"https:\/\/www.danosa.com\/es-es\/","name":"Danosa | Soluciones para la construcci\u00f3n","description":"Impermeabilizaci\u00f3n, aislamiento ac\u00fastico y t\u00e9rmico","potentialAction":[{"@type":"SearchAction","target":{"@type":"EntryPoint","urlTemplate":"https:\/\/www.danosa.com\/es-es\/?s={search_term_string}"},"query-input":"required name=search_term_string"}],"inLanguage":"es"},{"@type":"WebPage","@id":"https:\/\/www.danosa.com\/es-es\/producto\/revestidan-blue-tech\/#webpage","url":"https:\/\/www.danosa.com\/es-es\/producto\/revestidan-blue-tech\/","name":"Impermeabilizaci\u00f3n l\u00edquida | Cocinas, ba\u00f1os, balcones | Revestidan","isPartOf":{"@id":"https:\/\/www.danosa.com\/es-es\/#website"},"datePublished":"2026-04-09T00:25:35+00:00","dateModified":"2026-04-09T00:25:35+00:00","description":"Impermeabilizaci\u00f3n l\u00edquida de cocinas, ba\u00f1os, balcones, alf\u00e9izares y zonas h\u00famedas interiores de la vivienda. Impermeabilizante monocomponente. Danosa.","breadcrumb":{"@id":"https:\/\/www.danosa.com\/es-es\/producto\/revestidan-blue-tech\/#breadcrumb"},"inLanguage":"es","potentialAction":[{"@type":"ReadAction","target":["https:\/\/www.danosa.com\/es-es\/producto\/revestidan-blue-tech\/"]}]},{"@type":"BreadcrumbList","@id":"https:\/\/www.danosa.com\/es-es\/producto\/revestidan-blue-tech\/#breadcrumb","itemListElement":[{"@type":"ListItem","position":1,"name":"Portada","item":"https:\/\/www.danosa.com\/es-es\/"},{"@type":"ListItem","position":2,"name":"REVESTIDAN BLUE TECH"}]}]}},"_links":{"self":[{"href":"https:\/\/www.danosa.com\/es-es\/wp-json\/wp\/v2\/product\/12631"}],"collection":[{"href":"https:\/\/www.danosa.com\/es-es\/wp-json\/wp\/v2\/product"}],"about":[{"href":"https:\/\/www.danosa.com\/es-es\/wp-json\/wp\/v2\/types\/product"}],"wp:attachment":[{"href":"https:\/\/www.danosa.com\/es-es\/wp-json\/wp\/v2\/media?parent=12631"}],"wp:term":[{"taxonomy":"family","embeddable":true,"href":"https:\/\/www.danosa.com\/es-es\/wp-json\/wp\/v2\/family?post=12631"},{"taxonomy":"product_notice","embeddable":true,"href":"https:\/\/www.danosa.com\/es-es\/wp-json\/wp\/v2\/product_notice?post=12631"},{"taxonomy":"product_icon","embeddable":true,"href":"https:\/\/www.danosa.com\/es-es\/wp-json\/wp\/v2\/product_icon?post=12631"},{"taxonomy":"product_application","embeddable":true,"href":"https:\/\/www.danosa.com\/es-es\/wp-json\/wp\/v2\/product_application?post=12631"},{"taxonomy":"product_standards_certification","embeddable":true,"href":"https:\/\/www.danosa.com\/es-es\/wp-json\/wp\/v2\/product_standards_certification?post=12631"},{"taxonomy":"product_benefits","embeddable":true,"href":"https:\/\/www.danosa.com\/es-es\/wp-json\/wp\/v2\/product_benefits?post=12631"},{"taxonomy":"product_support","embeddable":true,"href":"https:\/\/www.danosa.com\/es-es\/wp-json\/wp\/v2\/product_support?post=12631"},{"taxonomy":"product_substrate_preparation","embeddable":true,"href":"https:\/\/www.danosa.com\/es-es\/wp-json\/wp\/v2\/product_substrate_preparation?post=12631"},{"taxonomy":"product_important_indications","embeddable":true,"href":"https:\/\/www.danosa.com\/es-es\/wp-json\/wp\/v2\/product_important_indications?post=12631"},{"taxonomy":"product_conservation","embeddable":true,"href":"https:\/\/www.danosa.com\/es-es\/wp-json\/wp\/v2\/product_conservation?post=12631"},{"taxonomy":"product_warning","embeddable":true,"href":"https:\/\/www.danosa.com\/es-es\/wp-json\/wp\/v2\/product_warning?post=12631"},{"taxonomy":"product_safety_hygiene","embeddable":true,"href":"https:\/\/www.danosa.com\/es-es\/wp-json\/wp\/v2\/product_safety_hygiene?post=12631"},{"taxonomy":"system_certification","embeddable":true,"href":"https:\/\/www.danosa.com\/es-es\/wp-json\/wp\/v2\/system_certification?post=12631"},{"taxonomy":"product_maintenance","embeddable":true,"href":"https:\/\/www.danosa.com\/es-es\/wp-json\/wp\/v2\/product_maintenance?post=12631"},{"taxonomy":"product_safety_datasheet","embeddable":true,"href":"https:\/\/www.danosa.com\/es-es\/wp-json\/wp\/v2\/product_safety_datasheet?post=12631"},{"taxonomy":"filter_special_uses","embeddable":true,"href":"https:\/\/www.danosa.com\/es-es\/wp-json\/wp\/v2\/filter_special_uses?post=12631"}],"curies":[{"name":"wp","href":"https:\/\/api.w.org\/{rel}","templated":true}]}}