{"id":12854,"date":"2026-04-09T02:25:09","date_gmt":"2026-04-09T00:25:09","guid":{"rendered":"https:\/\/www.danosa.com\/es-es\/producto\/confordan-bt\/"},"modified":"2026-04-09T02:25:12","modified_gmt":"2026-04-09T00:25:12","slug":"confordan-bt","status":"publish","type":"product","link":"https:\/\/www.danosa.com\/es-es\/producto\/confordan-bt\/","title":{"rendered":"CONFORDAN BT."},"content":{"rendered":"<p>El CONFORDAN BT es una l\u00e1mina flexible de polietileno qu\u00edmicamente reticulado de celda cerrada que proporciona al producto una estructuraci\u00f3n interna el\u00e1stica.<br \/>\nAc\u00fasticamente, CONFORDAN BT funciona como amortiguador aplicado en un sistema masa-resorte-masa.<\/p>\n","protected":false},"excerpt":{"rendered":"<p>Aislamiento a ruido de impacto de altas prestaciones ac\u00fasticas en suelos de madera<\/p>\n","protected":false},"featured_media":0,"parent":0,"menu_order":0,"template":"","meta":{"inline_featured_image":false,"site-sidebar-layout":"default","site-content-layout":"default","ast-main-header-display":"","ast-hfb-above-header-display":"","ast-hfb-below-header-display":"","ast-hfb-mobile-header-display":"","site-post-title":"","ast-breadcrumbs-content":"","ast-featured-img":"","footer-sml-layout":"","theme-transparent-header-meta":"","adv-header-id-meta":"","stick-header-meta":"","header-above-stick-meta":"","header-main-stick-meta":"","header-below-stick-meta":""},"family":[3103],"product_notice":[12157],"product_icon":[],"product_application":[10769,10799,11034,11098],"product_standards_certification":[12068,12092],"product_benefits":[10179,10202,10216,10349,10354,10387,10392,10436,10534,10567],"product_support":[],"product_substrate_preparation":[],"product_important_indications":[11275,11345,11347,11447],"product_conservation":[11527,11540,11544,11558,11617,11646,11719,11721],"product_warning":[],"product_safety_hygiene":[],"system_certification":[2460],"product_maintenance":[],"product_safety_datasheet":[],"filter_special_uses":[],"acf":[],"yoast_head":"<!-- This site is optimized with the Yoast SEO plugin v18.1 - https:\/\/yoast.com\/wordpress\/plugins\/seo\/ -->\n<title>Aislamiento ac\u00fastico para suelos de madera | CONFORDAN BT. | Danosa<\/title>\n<meta name=\"description\" content=\"Aislamiento ac\u00fastico para suelos de tarima de madera mediante l\u00e1mina de polietileno reticulado. Insonorizaci\u00f3n ruido impacto en viviendas. Danosa.\" \/>\n<meta name=\"robots\" content=\"index, follow, max-snippet:-1, max-image-preview:large, max-video-preview:-1\" \/>\n<link rel=\"canonical\" href=\"https:\/\/www.danosa.com\/es-es\/producto\/confordan-bt\/\" \/>\n<meta property=\"og:locale\" content=\"es_ES\" \/>\n<meta property=\"og:type\" content=\"article\" \/>\n<meta property=\"og:title\" content=\"Aislamiento ac\u00fastico para suelos de madera | CONFORDAN BT. | Danosa\" \/>\n<meta property=\"og:description\" content=\"Aislamiento ac\u00fastico para suelos de tarima de madera mediante l\u00e1mina de polietileno reticulado. Insonorizaci\u00f3n ruido impacto en viviendas. Danosa.\" \/>\n<meta property=\"og:url\" content=\"https:\/\/www.danosa.com\/es-es\/producto\/confordan-bt\/\" \/>\n<meta property=\"og:site_name\" content=\"Danosa | Soluciones para la construcci\u00f3n\" \/>\n<meta property=\"article:publisher\" content=\"https:\/\/www.facebook.com\/aislamientoeimpermeabilizacion\/\" \/>\n<meta property=\"article:modified_time\" content=\"2026-04-09T00:25:12+00:00\" \/>\n<meta name=\"twitter:card\" content=\"summary_large_image\" \/>\n<meta name=\"twitter:site\" content=\"@DANOSA_SPAIN\" \/>\n<script type=\"application\/ld+json\" class=\"yoast-schema-graph\">{\"@context\":\"https:\/\/schema.org\",\"@graph\":[{\"@type\":\"WebSite\",\"@id\":\"https:\/\/www.danosa.com\/es-es\/#website\",\"url\":\"https:\/\/www.danosa.com\/es-es\/\",\"name\":\"Danosa | Soluciones para la construcci\u00f3n\",\"description\":\"Impermeabilizaci\u00f3n, aislamiento ac\u00fastico y t\u00e9rmico\",\"potentialAction\":[{\"@type\":\"SearchAction\",\"target\":{\"@type\":\"EntryPoint\",\"urlTemplate\":\"https:\/\/www.danosa.com\/es-es\/?s={search_term_string}\"},\"query-input\":\"required name=search_term_string\"}],\"inLanguage\":\"es\"},{\"@type\":\"WebPage\",\"@id\":\"https:\/\/www.danosa.com\/es-es\/producto\/confordan-bt\/#webpage\",\"url\":\"https:\/\/www.danosa.com\/es-es\/producto\/confordan-bt\/\",\"name\":\"Aislamiento ac\u00fastico para suelos de madera | CONFORDAN BT. | Danosa\",\"isPartOf\":{\"@id\":\"https:\/\/www.danosa.com\/es-es\/#website\"},\"datePublished\":\"2026-04-09T00:25:09+00:00\",\"dateModified\":\"2026-04-09T00:25:12+00:00\",\"description\":\"Aislamiento ac\u00fastico para suelos de tarima de madera mediante l\u00e1mina de polietileno reticulado. Insonorizaci\u00f3n ruido impacto en viviendas. Danosa.\",\"breadcrumb\":{\"@id\":\"https:\/\/www.danosa.com\/es-es\/producto\/confordan-bt\/#breadcrumb\"},\"inLanguage\":\"es\",\"potentialAction\":[{\"@type\":\"ReadAction\",\"target\":[\"https:\/\/www.danosa.com\/es-es\/producto\/confordan-bt\/\"]}]},{\"@type\":\"BreadcrumbList\",\"@id\":\"https:\/\/www.danosa.com\/es-es\/producto\/confordan-bt\/#breadcrumb\",\"itemListElement\":[{\"@type\":\"ListItem\",\"position\":1,\"name\":\"Portada\",\"item\":\"https:\/\/www.danosa.com\/es-es\/\"},{\"@type\":\"ListItem\",\"position\":2,\"name\":\"CONFORDAN BT.\"}]}]}<\/script>\n<!-- \/ Yoast SEO plugin. -->","yoast_head_json":{"title":"Aislamiento ac\u00fastico para suelos de madera | CONFORDAN BT. | Danosa","description":"Aislamiento ac\u00fastico para suelos de tarima de madera mediante l\u00e1mina de polietileno reticulado. Insonorizaci\u00f3n ruido impacto en viviendas. Danosa.","robots":{"index":"index","follow":"follow","max-snippet":"max-snippet:-1","max-image-preview":"max-image-preview:large","max-video-preview":"max-video-preview:-1"},"canonical":"https:\/\/www.danosa.com\/es-es\/producto\/confordan-bt\/","og_locale":"es_ES","og_type":"article","og_title":"Aislamiento ac\u00fastico para suelos de madera | CONFORDAN BT. | Danosa","og_description":"Aislamiento ac\u00fastico para suelos de tarima de madera mediante l\u00e1mina de polietileno reticulado. Insonorizaci\u00f3n ruido impacto en viviendas. Danosa.","og_url":"https:\/\/www.danosa.com\/es-es\/producto\/confordan-bt\/","og_site_name":"Danosa | Soluciones para la construcci\u00f3n","article_publisher":"https:\/\/www.facebook.com\/aislamientoeimpermeabilizacion\/","article_modified_time":"2026-04-09T00:25:12+00:00","twitter_card":"summary_large_image","twitter_site":"@DANOSA_SPAIN","schema":{"@context":"https:\/\/schema.org","@graph":[{"@type":"WebSite","@id":"https:\/\/www.danosa.com\/es-es\/#website","url":"https:\/\/www.danosa.com\/es-es\/","name":"Danosa | Soluciones para la construcci\u00f3n","description":"Impermeabilizaci\u00f3n, aislamiento ac\u00fastico y t\u00e9rmico","potentialAction":[{"@type":"SearchAction","target":{"@type":"EntryPoint","urlTemplate":"https:\/\/www.danosa.com\/es-es\/?s={search_term_string}"},"query-input":"required name=search_term_string"}],"inLanguage":"es"},{"@type":"WebPage","@id":"https:\/\/www.danosa.com\/es-es\/producto\/confordan-bt\/#webpage","url":"https:\/\/www.danosa.com\/es-es\/producto\/confordan-bt\/","name":"Aislamiento ac\u00fastico para suelos de madera | CONFORDAN BT. | Danosa","isPartOf":{"@id":"https:\/\/www.danosa.com\/es-es\/#website"},"datePublished":"2026-04-09T00:25:09+00:00","dateModified":"2026-04-09T00:25:12+00:00","description":"Aislamiento ac\u00fastico para suelos de tarima de madera mediante l\u00e1mina de polietileno reticulado. Insonorizaci\u00f3n ruido impacto en viviendas. Danosa.","breadcrumb":{"@id":"https:\/\/www.danosa.com\/es-es\/producto\/confordan-bt\/#breadcrumb"},"inLanguage":"es","potentialAction":[{"@type":"ReadAction","target":["https:\/\/www.danosa.com\/es-es\/producto\/confordan-bt\/"]}]},{"@type":"BreadcrumbList","@id":"https:\/\/www.danosa.com\/es-es\/producto\/confordan-bt\/#breadcrumb","itemListElement":[{"@type":"ListItem","position":1,"name":"Portada","item":"https:\/\/www.danosa.com\/es-es\/"},{"@type":"ListItem","position":2,"name":"CONFORDAN BT."}]}]}},"_links":{"self":[{"href":"https:\/\/www.danosa.com\/es-es\/wp-json\/wp\/v2\/product\/12854"}],"collection":[{"href":"https:\/\/www.danosa.com\/es-es\/wp-json\/wp\/v2\/product"}],"about":[{"href":"https:\/\/www.danosa.com\/es-es\/wp-json\/wp\/v2\/types\/product"}],"wp:attachment":[{"href":"https:\/\/www.danosa.com\/es-es\/wp-json\/wp\/v2\/media?parent=12854"}],"wp:term":[{"taxonomy":"family","embeddable":true,"href":"https:\/\/www.danosa.com\/es-es\/wp-json\/wp\/v2\/family?post=12854"},{"taxonomy":"product_notice","embeddable":true,"href":"https:\/\/www.danosa.com\/es-es\/wp-json\/wp\/v2\/product_notice?post=12854"},{"taxonomy":"product_icon","embeddable":true,"href":"https:\/\/www.danosa.com\/es-es\/wp-json\/wp\/v2\/product_icon?post=12854"},{"taxonomy":"product_application","embeddable":true,"href":"https:\/\/www.danosa.com\/es-es\/wp-json\/wp\/v2\/product_application?post=12854"},{"taxonomy":"product_standards_certification","embeddable":true,"href":"https:\/\/www.danosa.com\/es-es\/wp-json\/wp\/v2\/product_standards_certification?post=12854"},{"taxonomy":"product_benefits","embeddable":true,"href":"https:\/\/www.danosa.com\/es-es\/wp-json\/wp\/v2\/product_benefits?post=12854"},{"taxonomy":"product_support","embeddable":true,"href":"https:\/\/www.danosa.com\/es-es\/wp-json\/wp\/v2\/product_support?post=12854"},{"taxonomy":"product_substrate_preparation","embeddable":true,"href":"https:\/\/www.danosa.com\/es-es\/wp-json\/wp\/v2\/product_substrate_preparation?post=12854"},{"taxonomy":"product_important_indications","embeddable":true,"href":"https:\/\/www.danosa.com\/es-es\/wp-json\/wp\/v2\/product_important_indications?post=12854"},{"taxonomy":"product_conservation","embeddable":true,"href":"https:\/\/www.danosa.com\/es-es\/wp-json\/wp\/v2\/product_conservation?post=12854"},{"taxonomy":"product_warning","embeddable":true,"href":"https:\/\/www.danosa.com\/es-es\/wp-json\/wp\/v2\/product_warning?post=12854"},{"taxonomy":"product_safety_hygiene","embeddable":true,"href":"https:\/\/www.danosa.com\/es-es\/wp-json\/wp\/v2\/product_safety_hygiene?post=12854"},{"taxonomy":"system_certification","embeddable":true,"href":"https:\/\/www.danosa.com\/es-es\/wp-json\/wp\/v2\/system_certification?post=12854"},{"taxonomy":"product_maintenance","embeddable":true,"href":"https:\/\/www.danosa.com\/es-es\/wp-json\/wp\/v2\/product_maintenance?post=12854"},{"taxonomy":"product_safety_datasheet","embeddable":true,"href":"https:\/\/www.danosa.com\/es-es\/wp-json\/wp\/v2\/product_safety_datasheet?post=12854"},{"taxonomy":"filter_special_uses","embeddable":true,"href":"https:\/\/www.danosa.com\/es-es\/wp-json\/wp\/v2\/filter_special_uses?post=12854"}],"curies":[{"name":"wp","href":"https:\/\/api.w.org\/{rel}","templated":true}]}}