{"id":13695,"date":"2026-04-04T02:40:48","date_gmt":"2026-04-04T00:40:48","guid":{"rendered":"https:\/\/www.danosa.com\/es-es\/producto\/danofelt-py-200\/danofelt-py-200-4-4x140\/"},"modified":"2026-04-04T02:40:51","modified_gmt":"2026-04-04T00:40:51","slug":"danofelt-py-200-4-4x140","status":"publish","type":"product","link":"https:\/\/www.danosa.com\/es-es\/producto\/danofelt-py-200\/danofelt-py-200-4-4x140\/","title":{"rendered":"DANOFELT PY 200 (4.4&#215;140)"},"content":{"rendered":"","protected":false},"excerpt":{"rendered":"","protected":false},"featured_media":0,"parent":13822,"menu_order":0,"template":"","meta":{"inline_featured_image":false,"site-sidebar-layout":"default","site-content-layout":"default","ast-main-header-display":"","ast-hfb-above-header-display":"","ast-hfb-below-header-display":"","ast-hfb-mobile-header-display":"","site-post-title":"","ast-breadcrumbs-content":"","ast-featured-img":"","footer-sml-layout":"","theme-transparent-header-meta":"","adv-header-id-meta":"","stick-header-meta":"","header-above-stick-meta":"","header-main-stick-meta":"","header-below-stick-meta":""},"family":[],"product_notice":[],"product_icon":[],"product_application":[],"product_standards_certification":[],"product_benefits":[],"product_support":[],"product_substrate_preparation":[],"product_important_indications":[],"product_conservation":[],"product_warning":[],"product_safety_hygiene":[],"system_certification":[],"product_maintenance":[],"product_safety_datasheet":[],"filter_special_uses":[],"acf":[],"yoast_head":"<!-- This site is optimized with the Yoast SEO plugin v18.1 - https:\/\/yoast.com\/wordpress\/plugins\/seo\/ -->\n<title>DANOFELT PY 200 (4,4x140) | Manta geotextil para drenaje | Danosa<\/title>\n<meta name=\"description\" content=\"Manta geotextil no tejido de poli\u00e9ster que act\u00faa como capa drenante, capa filtrante, capa protectora y capa separadora. Gran durabilidad.\" \/>\n<meta name=\"robots\" content=\"index, follow, max-snippet:-1, max-image-preview:large, max-video-preview:-1\" \/>\n<link rel=\"canonical\" href=\"https:\/\/www.danosa.com\/es-es\/producto\/danofelt-py-200\/danofelt-py-200-4-4x140\/\" \/>\n<meta property=\"og:locale\" content=\"es_ES\" \/>\n<meta property=\"og:type\" content=\"article\" \/>\n<meta property=\"og:title\" content=\"DANOFELT PY 200 (4,4x140) | Manta geotextil para drenaje | Danosa\" \/>\n<meta property=\"og:description\" content=\"Manta geotextil no tejido de poli\u00e9ster que act\u00faa como capa drenante, capa filtrante, capa protectora y capa separadora. Gran durabilidad.\" \/>\n<meta property=\"og:url\" content=\"https:\/\/www.danosa.com\/es-es\/producto\/danofelt-py-200\/danofelt-py-200-4-4x140\/\" \/>\n<meta property=\"og:site_name\" content=\"Danosa | Soluciones para la construcci\u00f3n\" \/>\n<meta property=\"article:publisher\" content=\"https:\/\/www.facebook.com\/aislamientoeimpermeabilizacion\/\" \/>\n<meta property=\"article:modified_time\" content=\"2026-04-04T00:40:51+00:00\" \/>\n<meta name=\"twitter:card\" content=\"summary_large_image\" \/>\n<meta name=\"twitter:site\" content=\"@DANOSA_SPAIN\" \/>\n<script type=\"application\/ld+json\" class=\"yoast-schema-graph\">{\"@context\":\"https:\/\/schema.org\",\"@graph\":[{\"@type\":\"WebSite\",\"@id\":\"https:\/\/www.danosa.com\/es-es\/#website\",\"url\":\"https:\/\/www.danosa.com\/es-es\/\",\"name\":\"Danosa | Soluciones para la construcci\u00f3n\",\"description\":\"Impermeabilizaci\u00f3n, aislamiento ac\u00fastico y t\u00e9rmico\",\"potentialAction\":[{\"@type\":\"SearchAction\",\"target\":{\"@type\":\"EntryPoint\",\"urlTemplate\":\"https:\/\/www.danosa.com\/es-es\/?s={search_term_string}\"},\"query-input\":\"required name=search_term_string\"}],\"inLanguage\":\"es\"},{\"@type\":\"WebPage\",\"@id\":\"https:\/\/www.danosa.com\/es-es\/producto\/danofelt-py-200\/danofelt-py-200-4-4x140\/#webpage\",\"url\":\"https:\/\/www.danosa.com\/es-es\/producto\/danofelt-py-200\/danofelt-py-200-4-4x140\/\",\"name\":\"DANOFELT PY 200 (4,4x140) | Manta geotextil para drenaje | Danosa\",\"isPartOf\":{\"@id\":\"https:\/\/www.danosa.com\/es-es\/#website\"},\"datePublished\":\"2026-04-04T00:40:48+00:00\",\"dateModified\":\"2026-04-04T00:40:51+00:00\",\"description\":\"Manta geotextil no tejido de poli\u00e9ster que act\u00faa como capa drenante, capa filtrante, capa protectora y capa separadora. Gran durabilidad.\",\"breadcrumb\":{\"@id\":\"https:\/\/www.danosa.com\/es-es\/producto\/danofelt-py-200\/danofelt-py-200-4-4x140\/#breadcrumb\"},\"inLanguage\":\"es\",\"potentialAction\":[{\"@type\":\"ReadAction\",\"target\":[\"https:\/\/www.danosa.com\/es-es\/producto\/danofelt-py-200\/danofelt-py-200-4-4x140\/\"]}]},{\"@type\":\"BreadcrumbList\",\"@id\":\"https:\/\/www.danosa.com\/es-es\/producto\/danofelt-py-200\/danofelt-py-200-4-4x140\/#breadcrumb\",\"itemListElement\":[{\"@type\":\"ListItem\",\"position\":1,\"name\":\"Portada\",\"item\":\"https:\/\/www.danosa.com\/es-es\/\"},{\"@type\":\"ListItem\",\"position\":2,\"name\":\"DANOFELT PY 200\",\"item\":\"https:\/\/www.danosa.com\/es-es\/producto\/danofelt-py-200\/\"},{\"@type\":\"ListItem\",\"position\":3,\"name\":\"DANOFELT PY 200 (4.4&#215;140)\"}]}]}<\/script>\n<!-- \/ Yoast SEO plugin. -->","yoast_head_json":{"title":"DANOFELT PY 200 (4,4x140) | Manta geotextil para drenaje | Danosa","description":"Manta geotextil no tejido de poli\u00e9ster que act\u00faa como capa drenante, capa filtrante, capa protectora y capa separadora. Gran durabilidad.","robots":{"index":"index","follow":"follow","max-snippet":"max-snippet:-1","max-image-preview":"max-image-preview:large","max-video-preview":"max-video-preview:-1"},"canonical":"https:\/\/www.danosa.com\/es-es\/producto\/danofelt-py-200\/danofelt-py-200-4-4x140\/","og_locale":"es_ES","og_type":"article","og_title":"DANOFELT PY 200 (4,4x140) | Manta geotextil para drenaje | Danosa","og_description":"Manta geotextil no tejido de poli\u00e9ster que act\u00faa como capa drenante, capa filtrante, capa protectora y capa separadora. Gran durabilidad.","og_url":"https:\/\/www.danosa.com\/es-es\/producto\/danofelt-py-200\/danofelt-py-200-4-4x140\/","og_site_name":"Danosa | Soluciones para la construcci\u00f3n","article_publisher":"https:\/\/www.facebook.com\/aislamientoeimpermeabilizacion\/","article_modified_time":"2026-04-04T00:40:51+00:00","twitter_card":"summary_large_image","twitter_site":"@DANOSA_SPAIN","schema":{"@context":"https:\/\/schema.org","@graph":[{"@type":"WebSite","@id":"https:\/\/www.danosa.com\/es-es\/#website","url":"https:\/\/www.danosa.com\/es-es\/","name":"Danosa | Soluciones para la construcci\u00f3n","description":"Impermeabilizaci\u00f3n, aislamiento ac\u00fastico y t\u00e9rmico","potentialAction":[{"@type":"SearchAction","target":{"@type":"EntryPoint","urlTemplate":"https:\/\/www.danosa.com\/es-es\/?s={search_term_string}"},"query-input":"required name=search_term_string"}],"inLanguage":"es"},{"@type":"WebPage","@id":"https:\/\/www.danosa.com\/es-es\/producto\/danofelt-py-200\/danofelt-py-200-4-4x140\/#webpage","url":"https:\/\/www.danosa.com\/es-es\/producto\/danofelt-py-200\/danofelt-py-200-4-4x140\/","name":"DANOFELT PY 200 (4,4x140) | Manta geotextil para drenaje | Danosa","isPartOf":{"@id":"https:\/\/www.danosa.com\/es-es\/#website"},"datePublished":"2026-04-04T00:40:48+00:00","dateModified":"2026-04-04T00:40:51+00:00","description":"Manta geotextil no tejido de poli\u00e9ster que act\u00faa como capa drenante, capa filtrante, capa protectora y capa separadora. Gran durabilidad.","breadcrumb":{"@id":"https:\/\/www.danosa.com\/es-es\/producto\/danofelt-py-200\/danofelt-py-200-4-4x140\/#breadcrumb"},"inLanguage":"es","potentialAction":[{"@type":"ReadAction","target":["https:\/\/www.danosa.com\/es-es\/producto\/danofelt-py-200\/danofelt-py-200-4-4x140\/"]}]},{"@type":"BreadcrumbList","@id":"https:\/\/www.danosa.com\/es-es\/producto\/danofelt-py-200\/danofelt-py-200-4-4x140\/#breadcrumb","itemListElement":[{"@type":"ListItem","position":1,"name":"Portada","item":"https:\/\/www.danosa.com\/es-es\/"},{"@type":"ListItem","position":2,"name":"DANOFELT PY 200","item":"https:\/\/www.danosa.com\/es-es\/producto\/danofelt-py-200\/"},{"@type":"ListItem","position":3,"name":"DANOFELT PY 200 (4.4&#215;140)"}]}]}},"_links":{"self":[{"href":"https:\/\/www.danosa.com\/es-es\/wp-json\/wp\/v2\/product\/13695"}],"collection":[{"href":"https:\/\/www.danosa.com\/es-es\/wp-json\/wp\/v2\/product"}],"about":[{"href":"https:\/\/www.danosa.com\/es-es\/wp-json\/wp\/v2\/types\/product"}],"up":[{"embeddable":true,"href":"https:\/\/www.danosa.com\/es-es\/wp-json\/wp\/v2\/product\/13822"}],"wp:attachment":[{"href":"https:\/\/www.danosa.com\/es-es\/wp-json\/wp\/v2\/media?parent=13695"}],"wp:term":[{"taxonomy":"family","embeddable":true,"href":"https:\/\/www.danosa.com\/es-es\/wp-json\/wp\/v2\/family?post=13695"},{"taxonomy":"product_notice","embeddable":true,"href":"https:\/\/www.danosa.com\/es-es\/wp-json\/wp\/v2\/product_notice?post=13695"},{"taxonomy":"product_icon","embeddable":true,"href":"https:\/\/www.danosa.com\/es-es\/wp-json\/wp\/v2\/product_icon?post=13695"},{"taxonomy":"product_application","embeddable":true,"href":"https:\/\/www.danosa.com\/es-es\/wp-json\/wp\/v2\/product_application?post=13695"},{"taxonomy":"product_standards_certification","embeddable":true,"href":"https:\/\/www.danosa.com\/es-es\/wp-json\/wp\/v2\/product_standards_certification?post=13695"},{"taxonomy":"product_benefits","embeddable":true,"href":"https:\/\/www.danosa.com\/es-es\/wp-json\/wp\/v2\/product_benefits?post=13695"},{"taxonomy":"product_support","embeddable":true,"href":"https:\/\/www.danosa.com\/es-es\/wp-json\/wp\/v2\/product_support?post=13695"},{"taxonomy":"product_substrate_preparation","embeddable":true,"href":"https:\/\/www.danosa.com\/es-es\/wp-json\/wp\/v2\/product_substrate_preparation?post=13695"},{"taxonomy":"product_important_indications","embeddable":true,"href":"https:\/\/www.danosa.com\/es-es\/wp-json\/wp\/v2\/product_important_indications?post=13695"},{"taxonomy":"product_conservation","embeddable":true,"href":"https:\/\/www.danosa.com\/es-es\/wp-json\/wp\/v2\/product_conservation?post=13695"},{"taxonomy":"product_warning","embeddable":true,"href":"https:\/\/www.danosa.com\/es-es\/wp-json\/wp\/v2\/product_warning?post=13695"},{"taxonomy":"product_safety_hygiene","embeddable":true,"href":"https:\/\/www.danosa.com\/es-es\/wp-json\/wp\/v2\/product_safety_hygiene?post=13695"},{"taxonomy":"system_certification","embeddable":true,"href":"https:\/\/www.danosa.com\/es-es\/wp-json\/wp\/v2\/system_certification?post=13695"},{"taxonomy":"product_maintenance","embeddable":true,"href":"https:\/\/www.danosa.com\/es-es\/wp-json\/wp\/v2\/product_maintenance?post=13695"},{"taxonomy":"product_safety_datasheet","embeddable":true,"href":"https:\/\/www.danosa.com\/es-es\/wp-json\/wp\/v2\/product_safety_datasheet?post=13695"},{"taxonomy":"filter_special_uses","embeddable":true,"href":"https:\/\/www.danosa.com\/es-es\/wp-json\/wp\/v2\/filter_special_uses?post=13695"}],"curies":[{"name":"wp","href":"https:\/\/api.w.org\/{rel}","templated":true}]}}