{"id":13717,"date":"2026-04-09T14:25:35","date_gmt":"2026-04-09T12:25:35","guid":{"rendered":"https:\/\/www.danosa.com\/es-es\/producto\/self-dan-al-100\/"},"modified":"2026-04-09T14:25:37","modified_gmt":"2026-04-09T12:25:37","slug":"self-dan-al-100","status":"publish","type":"product","link":"https:\/\/www.danosa.com\/es-es\/producto\/self-dan-al-100\/","title":{"rendered":"SELF-DAN AL 100"},"content":{"rendered":"<p>La l\u00e1mina SELF-DAN es un producto impermeabilizante autoadhesivo con autoprotecci\u00f3n met\u00e1lica compuesto por un m\u00e1stico de bet\u00fan modificado con pol\u00edmeros elast\u00f3meros SBS.<br \/>\nComo material de protecci\u00f3n de la cara externa  lleva una hoja de aluminio de 60\/1000 mm  y como material de terminaci\u00f3n en su cara interna, un film pl\u00e1stico antiadherente.<br \/>\nSe recomienda su uso para sellados en zonas complicadas de barreas de gas rad\u00f3n por su excelente trabajabilidad y adherencia.<\/p>\n","protected":false},"excerpt":{"rendered":"<p>L\u00e1mina autoadhesiva con autoprotecci\u00f3n met\u00e1lica para sellado de chimeneas, tubos, claraboyas, grietas, etc.<\/p>\n","protected":false},"featured_media":0,"parent":0,"menu_order":0,"template":"","meta":{"inline_featured_image":false,"site-sidebar-layout":"default","site-content-layout":"default","ast-main-header-display":"","ast-hfb-above-header-display":"","ast-hfb-below-header-display":"","ast-hfb-mobile-header-display":"","site-post-title":"","ast-breadcrumbs-content":"","ast-featured-img":"","footer-sml-layout":"","theme-transparent-header-meta":"","adv-header-id-meta":"","stick-header-meta":"","header-above-stick-meta":"","header-main-stick-meta":"","header-below-stick-meta":""},"family":[3053,3057],"product_notice":[12157],"product_icon":[],"product_application":[10768,10772,10774,10830,10833,10843,11039],"product_standards_certification":[12030,12034],"product_benefits":[10123,10271,10297,10339,10365,10377,10477,10540,10597],"product_support":[],"product_substrate_preparation":[],"product_important_indications":[11265,11279,11281,11282,11286,11297,11311,11321,11352,11357,11377,11379,11380,11391,11416,11432,11435,11439,11461,11516],"product_conservation":[11529,11550,11555,11561,11563,11575,11588,11591,11598,11640,11647,11651,11652,11718,11719,11721],"product_warning":[],"product_safety_hygiene":[],"system_certification":[8244,2473],"product_maintenance":[4203],"product_safety_datasheet":[2693],"filter_special_uses":[2876],"acf":[],"yoast_head":"<!-- This site is optimized with the Yoast SEO plugin v18.1 - https:\/\/yoast.com\/wordpress\/plugins\/seo\/ -->\n<title>L\u00e1mina autoadhesiva con autoprotecci\u00f3n met\u00e1lica | SELF-DAN AL Danosa<\/title>\n<meta name=\"description\" content=\"L\u00e1mina autoadhesiva con autoprotecci\u00f3n met\u00e1lica para impermeabilizaci\u00f3n y sellado de chimeneas, tubos, claraboyas, grietas, ranuras, etc. Gama profesional\" \/>\n<meta name=\"robots\" content=\"index, follow, max-snippet:-1, max-image-preview:large, max-video-preview:-1\" \/>\n<link rel=\"canonical\" href=\"https:\/\/www.danosa.com\/es-es\/producto\/self-dan-al-100\/\" \/>\n<meta property=\"og:locale\" content=\"es_ES\" \/>\n<meta property=\"og:type\" content=\"article\" \/>\n<meta property=\"og:title\" content=\"L\u00e1mina autoadhesiva con autoprotecci\u00f3n met\u00e1lica | SELF-DAN AL Danosa\" \/>\n<meta property=\"og:description\" content=\"L\u00e1mina autoadhesiva con autoprotecci\u00f3n met\u00e1lica para impermeabilizaci\u00f3n y sellado de chimeneas, tubos, claraboyas, grietas, ranuras, etc. Gama profesional\" \/>\n<meta property=\"og:url\" content=\"https:\/\/www.danosa.com\/es-es\/producto\/self-dan-al-100\/\" \/>\n<meta property=\"og:site_name\" content=\"Danosa | Soluciones para la construcci\u00f3n\" \/>\n<meta property=\"article:publisher\" content=\"https:\/\/www.facebook.com\/aislamientoeimpermeabilizacion\/\" \/>\n<meta property=\"article:modified_time\" content=\"2026-04-09T12:25:37+00:00\" \/>\n<meta name=\"twitter:card\" content=\"summary_large_image\" \/>\n<meta name=\"twitter:site\" content=\"@DANOSA_SPAIN\" \/>\n<script type=\"application\/ld+json\" class=\"yoast-schema-graph\">{\"@context\":\"https:\/\/schema.org\",\"@graph\":[{\"@type\":\"WebSite\",\"@id\":\"https:\/\/www.danosa.com\/es-es\/#website\",\"url\":\"https:\/\/www.danosa.com\/es-es\/\",\"name\":\"Danosa | Soluciones para la construcci\u00f3n\",\"description\":\"Impermeabilizaci\u00f3n, aislamiento ac\u00fastico y t\u00e9rmico\",\"potentialAction\":[{\"@type\":\"SearchAction\",\"target\":{\"@type\":\"EntryPoint\",\"urlTemplate\":\"https:\/\/www.danosa.com\/es-es\/?s={search_term_string}\"},\"query-input\":\"required name=search_term_string\"}],\"inLanguage\":\"es\"},{\"@type\":\"WebPage\",\"@id\":\"https:\/\/www.danosa.com\/es-es\/producto\/self-dan-al-100\/#webpage\",\"url\":\"https:\/\/www.danosa.com\/es-es\/producto\/self-dan-al-100\/\",\"name\":\"L\u00e1mina autoadhesiva con autoprotecci\u00f3n met\u00e1lica | SELF-DAN AL Danosa\",\"isPartOf\":{\"@id\":\"https:\/\/www.danosa.com\/es-es\/#website\"},\"datePublished\":\"2026-04-09T12:25:35+00:00\",\"dateModified\":\"2026-04-09T12:25:37+00:00\",\"description\":\"L\u00e1mina autoadhesiva con autoprotecci\u00f3n met\u00e1lica para impermeabilizaci\u00f3n y sellado de chimeneas, tubos, claraboyas, grietas, ranuras, etc. Gama profesional\",\"breadcrumb\":{\"@id\":\"https:\/\/www.danosa.com\/es-es\/producto\/self-dan-al-100\/#breadcrumb\"},\"inLanguage\":\"es\",\"potentialAction\":[{\"@type\":\"ReadAction\",\"target\":[\"https:\/\/www.danosa.com\/es-es\/producto\/self-dan-al-100\/\"]}]},{\"@type\":\"BreadcrumbList\",\"@id\":\"https:\/\/www.danosa.com\/es-es\/producto\/self-dan-al-100\/#breadcrumb\",\"itemListElement\":[{\"@type\":\"ListItem\",\"position\":1,\"name\":\"Portada\",\"item\":\"https:\/\/www.danosa.com\/es-es\/\"},{\"@type\":\"ListItem\",\"position\":2,\"name\":\"SELF-DAN AL 100\"}]}]}<\/script>\n<!-- \/ Yoast SEO plugin. -->","yoast_head_json":{"title":"L\u00e1mina autoadhesiva con autoprotecci\u00f3n met\u00e1lica | SELF-DAN AL Danosa","description":"L\u00e1mina autoadhesiva con autoprotecci\u00f3n met\u00e1lica para impermeabilizaci\u00f3n y sellado de chimeneas, tubos, claraboyas, grietas, ranuras, etc. Gama profesional","robots":{"index":"index","follow":"follow","max-snippet":"max-snippet:-1","max-image-preview":"max-image-preview:large","max-video-preview":"max-video-preview:-1"},"canonical":"https:\/\/www.danosa.com\/es-es\/producto\/self-dan-al-100\/","og_locale":"es_ES","og_type":"article","og_title":"L\u00e1mina autoadhesiva con autoprotecci\u00f3n met\u00e1lica | SELF-DAN AL Danosa","og_description":"L\u00e1mina autoadhesiva con autoprotecci\u00f3n met\u00e1lica para impermeabilizaci\u00f3n y sellado de chimeneas, tubos, claraboyas, grietas, ranuras, etc. Gama profesional","og_url":"https:\/\/www.danosa.com\/es-es\/producto\/self-dan-al-100\/","og_site_name":"Danosa | Soluciones para la construcci\u00f3n","article_publisher":"https:\/\/www.facebook.com\/aislamientoeimpermeabilizacion\/","article_modified_time":"2026-04-09T12:25:37+00:00","twitter_card":"summary_large_image","twitter_site":"@DANOSA_SPAIN","schema":{"@context":"https:\/\/schema.org","@graph":[{"@type":"WebSite","@id":"https:\/\/www.danosa.com\/es-es\/#website","url":"https:\/\/www.danosa.com\/es-es\/","name":"Danosa | Soluciones para la construcci\u00f3n","description":"Impermeabilizaci\u00f3n, aislamiento ac\u00fastico y t\u00e9rmico","potentialAction":[{"@type":"SearchAction","target":{"@type":"EntryPoint","urlTemplate":"https:\/\/www.danosa.com\/es-es\/?s={search_term_string}"},"query-input":"required name=search_term_string"}],"inLanguage":"es"},{"@type":"WebPage","@id":"https:\/\/www.danosa.com\/es-es\/producto\/self-dan-al-100\/#webpage","url":"https:\/\/www.danosa.com\/es-es\/producto\/self-dan-al-100\/","name":"L\u00e1mina autoadhesiva con autoprotecci\u00f3n met\u00e1lica | SELF-DAN AL Danosa","isPartOf":{"@id":"https:\/\/www.danosa.com\/es-es\/#website"},"datePublished":"2026-04-09T12:25:35+00:00","dateModified":"2026-04-09T12:25:37+00:00","description":"L\u00e1mina autoadhesiva con autoprotecci\u00f3n met\u00e1lica para impermeabilizaci\u00f3n y sellado de chimeneas, tubos, claraboyas, grietas, ranuras, etc. Gama profesional","breadcrumb":{"@id":"https:\/\/www.danosa.com\/es-es\/producto\/self-dan-al-100\/#breadcrumb"},"inLanguage":"es","potentialAction":[{"@type":"ReadAction","target":["https:\/\/www.danosa.com\/es-es\/producto\/self-dan-al-100\/"]}]},{"@type":"BreadcrumbList","@id":"https:\/\/www.danosa.com\/es-es\/producto\/self-dan-al-100\/#breadcrumb","itemListElement":[{"@type":"ListItem","position":1,"name":"Portada","item":"https:\/\/www.danosa.com\/es-es\/"},{"@type":"ListItem","position":2,"name":"SELF-DAN AL 100"}]}]}},"_links":{"self":[{"href":"https:\/\/www.danosa.com\/es-es\/wp-json\/wp\/v2\/product\/13717"}],"collection":[{"href":"https:\/\/www.danosa.com\/es-es\/wp-json\/wp\/v2\/product"}],"about":[{"href":"https:\/\/www.danosa.com\/es-es\/wp-json\/wp\/v2\/types\/product"}],"wp:attachment":[{"href":"https:\/\/www.danosa.com\/es-es\/wp-json\/wp\/v2\/media?parent=13717"}],"wp:term":[{"taxonomy":"family","embeddable":true,"href":"https:\/\/www.danosa.com\/es-es\/wp-json\/wp\/v2\/family?post=13717"},{"taxonomy":"product_notice","embeddable":true,"href":"https:\/\/www.danosa.com\/es-es\/wp-json\/wp\/v2\/product_notice?post=13717"},{"taxonomy":"product_icon","embeddable":true,"href":"https:\/\/www.danosa.com\/es-es\/wp-json\/wp\/v2\/product_icon?post=13717"},{"taxonomy":"product_application","embeddable":true,"href":"https:\/\/www.danosa.com\/es-es\/wp-json\/wp\/v2\/product_application?post=13717"},{"taxonomy":"product_standards_certification","embeddable":true,"href":"https:\/\/www.danosa.com\/es-es\/wp-json\/wp\/v2\/product_standards_certification?post=13717"},{"taxonomy":"product_benefits","embeddable":true,"href":"https:\/\/www.danosa.com\/es-es\/wp-json\/wp\/v2\/product_benefits?post=13717"},{"taxonomy":"product_support","embeddable":true,"href":"https:\/\/www.danosa.com\/es-es\/wp-json\/wp\/v2\/product_support?post=13717"},{"taxonomy":"product_substrate_preparation","embeddable":true,"href":"https:\/\/www.danosa.com\/es-es\/wp-json\/wp\/v2\/product_substrate_preparation?post=13717"},{"taxonomy":"product_important_indications","embeddable":true,"href":"https:\/\/www.danosa.com\/es-es\/wp-json\/wp\/v2\/product_important_indications?post=13717"},{"taxonomy":"product_conservation","embeddable":true,"href":"https:\/\/www.danosa.com\/es-es\/wp-json\/wp\/v2\/product_conservation?post=13717"},{"taxonomy":"product_warning","embeddable":true,"href":"https:\/\/www.danosa.com\/es-es\/wp-json\/wp\/v2\/product_warning?post=13717"},{"taxonomy":"product_safety_hygiene","embeddable":true,"href":"https:\/\/www.danosa.com\/es-es\/wp-json\/wp\/v2\/product_safety_hygiene?post=13717"},{"taxonomy":"system_certification","embeddable":true,"href":"https:\/\/www.danosa.com\/es-es\/wp-json\/wp\/v2\/system_certification?post=13717"},{"taxonomy":"product_maintenance","embeddable":true,"href":"https:\/\/www.danosa.com\/es-es\/wp-json\/wp\/v2\/product_maintenance?post=13717"},{"taxonomy":"product_safety_datasheet","embeddable":true,"href":"https:\/\/www.danosa.com\/es-es\/wp-json\/wp\/v2\/product_safety_datasheet?post=13717"},{"taxonomy":"filter_special_uses","embeddable":true,"href":"https:\/\/www.danosa.com\/es-es\/wp-json\/wp\/v2\/filter_special_uses?post=13717"}],"curies":[{"name":"wp","href":"https:\/\/api.w.org\/{rel}","templated":true}]}}