{"id":13824,"date":"2026-04-08T14:25:55","date_gmt":"2026-04-08T12:25:55","guid":{"rendered":"https:\/\/www.danosa.com\/es-es\/producto\/danofelt-py-500\/"},"modified":"2026-04-08T14:25:55","modified_gmt":"2026-04-08T12:25:55","slug":"danofelt-py-500","status":"publish","type":"product","link":"https:\/\/www.danosa.com\/es-es\/producto\/danofelt-py-500\/","title":{"rendered":"DANOFELT PY 500"},"content":{"rendered":"<p>Geotextil no tejido, fabricado a base de fibra corta de poli\u00e9ster de 500 (+10%;-15%) g\/m\u00b2, ligado mec\u00e1nicamente mediante agujeteado sin aplicaci\u00f3n de ligantes qu\u00edmicos, presiones o calor.<\/p>\n","protected":false},"excerpt":{"rendered":"<p>Geotextil no tejido de poli\u00e9ster para protecci\u00f3n, separaci\u00f3n, filtraci\u00f3n y drenaje de sistemas de impermeabilizaci\u00f3n<\/p>\n","protected":false},"featured_media":0,"parent":0,"menu_order":0,"template":"","meta":{"inline_featured_image":false,"site-sidebar-layout":"default","site-content-layout":"default","ast-main-header-display":"","ast-hfb-above-header-display":"","ast-hfb-below-header-display":"","ast-hfb-mobile-header-display":"","site-post-title":"","ast-breadcrumbs-content":"","ast-featured-img":"","footer-sml-layout":"","theme-transparent-header-meta":"","adv-header-id-meta":"","stick-header-meta":"","header-above-stick-meta":"","header-main-stick-meta":"","header-below-stick-meta":""},"family":[3107],"product_notice":[12157],"product_icon":[],"product_application":[10787,10788,10789,10790],"product_standards_certification":[12044],"product_benefits":[10158,10171,10259,10260,10354,10426,10477,10538],"product_support":[],"product_substrate_preparation":[],"product_important_indications":[11261,11305,11311,11319,11358,11402,11429,11438,11451,11516],"product_conservation":[11555,11561],"product_warning":[11805],"product_safety_hygiene":[],"system_certification":[3271,3272,4020],"product_maintenance":[],"product_safety_datasheet":[3458],"filter_special_uses":[],"acf":[],"yoast_head":"<!-- This site is optimized with the Yoast SEO plugin v18.1 - https:\/\/yoast.com\/wordpress\/plugins\/seo\/ -->\n<title>L\u00e1mina geotextil no tejido de poli\u00e9ster | DANOFELT PY 500 | Drenaje<\/title>\n<meta name=\"description\" content=\"L\u00e1mina geotextil no tejido de poli\u00e9ster para drenaje de sistemas de impermeabilizaci\u00f3n. Elevada resistencia a la tracci\u00f3n y al punzamiento. Danosa.\" \/>\n<meta name=\"robots\" content=\"index, follow, max-snippet:-1, max-image-preview:large, max-video-preview:-1\" \/>\n<link rel=\"canonical\" href=\"https:\/\/www.danosa.com\/es-es\/producto\/danofelt-py-500\/\" \/>\n<meta property=\"og:locale\" content=\"es_ES\" \/>\n<meta property=\"og:type\" content=\"article\" \/>\n<meta property=\"og:title\" content=\"L\u00e1mina geotextil no tejido de poli\u00e9ster | DANOFELT PY 500 | Drenaje\" \/>\n<meta property=\"og:description\" content=\"L\u00e1mina geotextil no tejido de poli\u00e9ster para drenaje de sistemas de impermeabilizaci\u00f3n. Elevada resistencia a la tracci\u00f3n y al punzamiento. Danosa.\" \/>\n<meta property=\"og:url\" content=\"https:\/\/www.danosa.com\/es-es\/producto\/danofelt-py-500\/\" \/>\n<meta property=\"og:site_name\" content=\"Danosa | Soluciones para la construcci\u00f3n\" \/>\n<meta property=\"article:publisher\" content=\"https:\/\/www.facebook.com\/aislamientoeimpermeabilizacion\/\" \/>\n<meta name=\"twitter:card\" content=\"summary_large_image\" \/>\n<meta name=\"twitter:site\" content=\"@DANOSA_SPAIN\" \/>\n<script type=\"application\/ld+json\" class=\"yoast-schema-graph\">{\"@context\":\"https:\/\/schema.org\",\"@graph\":[{\"@type\":\"WebSite\",\"@id\":\"https:\/\/www.danosa.com\/es-es\/#website\",\"url\":\"https:\/\/www.danosa.com\/es-es\/\",\"name\":\"Danosa | Soluciones para la construcci\u00f3n\",\"description\":\"Impermeabilizaci\u00f3n, aislamiento ac\u00fastico y t\u00e9rmico\",\"potentialAction\":[{\"@type\":\"SearchAction\",\"target\":{\"@type\":\"EntryPoint\",\"urlTemplate\":\"https:\/\/www.danosa.com\/es-es\/?s={search_term_string}\"},\"query-input\":\"required name=search_term_string\"}],\"inLanguage\":\"es\"},{\"@type\":\"WebPage\",\"@id\":\"https:\/\/www.danosa.com\/es-es\/producto\/danofelt-py-500\/#webpage\",\"url\":\"https:\/\/www.danosa.com\/es-es\/producto\/danofelt-py-500\/\",\"name\":\"L\u00e1mina geotextil no tejido de poli\u00e9ster | DANOFELT PY 500 | Drenaje\",\"isPartOf\":{\"@id\":\"https:\/\/www.danosa.com\/es-es\/#website\"},\"datePublished\":\"2026-04-08T12:25:55+00:00\",\"dateModified\":\"2026-04-08T12:25:55+00:00\",\"description\":\"L\u00e1mina geotextil no tejido de poli\u00e9ster para drenaje de sistemas de impermeabilizaci\u00f3n. Elevada resistencia a la tracci\u00f3n y al punzamiento. Danosa.\",\"breadcrumb\":{\"@id\":\"https:\/\/www.danosa.com\/es-es\/producto\/danofelt-py-500\/#breadcrumb\"},\"inLanguage\":\"es\",\"potentialAction\":[{\"@type\":\"ReadAction\",\"target\":[\"https:\/\/www.danosa.com\/es-es\/producto\/danofelt-py-500\/\"]}]},{\"@type\":\"BreadcrumbList\",\"@id\":\"https:\/\/www.danosa.com\/es-es\/producto\/danofelt-py-500\/#breadcrumb\",\"itemListElement\":[{\"@type\":\"ListItem\",\"position\":1,\"name\":\"Portada\",\"item\":\"https:\/\/www.danosa.com\/es-es\/\"},{\"@type\":\"ListItem\",\"position\":2,\"name\":\"DANOFELT PY 500\"}]}]}<\/script>\n<!-- \/ Yoast SEO plugin. -->","yoast_head_json":{"title":"L\u00e1mina geotextil no tejido de poli\u00e9ster | DANOFELT PY 500 | Drenaje","description":"L\u00e1mina geotextil no tejido de poli\u00e9ster para drenaje de sistemas de impermeabilizaci\u00f3n. Elevada resistencia a la tracci\u00f3n y al punzamiento. Danosa.","robots":{"index":"index","follow":"follow","max-snippet":"max-snippet:-1","max-image-preview":"max-image-preview:large","max-video-preview":"max-video-preview:-1"},"canonical":"https:\/\/www.danosa.com\/es-es\/producto\/danofelt-py-500\/","og_locale":"es_ES","og_type":"article","og_title":"L\u00e1mina geotextil no tejido de poli\u00e9ster | DANOFELT PY 500 | Drenaje","og_description":"L\u00e1mina geotextil no tejido de poli\u00e9ster para drenaje de sistemas de impermeabilizaci\u00f3n. Elevada resistencia a la tracci\u00f3n y al punzamiento. Danosa.","og_url":"https:\/\/www.danosa.com\/es-es\/producto\/danofelt-py-500\/","og_site_name":"Danosa | Soluciones para la construcci\u00f3n","article_publisher":"https:\/\/www.facebook.com\/aislamientoeimpermeabilizacion\/","twitter_card":"summary_large_image","twitter_site":"@DANOSA_SPAIN","schema":{"@context":"https:\/\/schema.org","@graph":[{"@type":"WebSite","@id":"https:\/\/www.danosa.com\/es-es\/#website","url":"https:\/\/www.danosa.com\/es-es\/","name":"Danosa | Soluciones para la construcci\u00f3n","description":"Impermeabilizaci\u00f3n, aislamiento ac\u00fastico y t\u00e9rmico","potentialAction":[{"@type":"SearchAction","target":{"@type":"EntryPoint","urlTemplate":"https:\/\/www.danosa.com\/es-es\/?s={search_term_string}"},"query-input":"required name=search_term_string"}],"inLanguage":"es"},{"@type":"WebPage","@id":"https:\/\/www.danosa.com\/es-es\/producto\/danofelt-py-500\/#webpage","url":"https:\/\/www.danosa.com\/es-es\/producto\/danofelt-py-500\/","name":"L\u00e1mina geotextil no tejido de poli\u00e9ster | DANOFELT PY 500 | Drenaje","isPartOf":{"@id":"https:\/\/www.danosa.com\/es-es\/#website"},"datePublished":"2026-04-08T12:25:55+00:00","dateModified":"2026-04-08T12:25:55+00:00","description":"L\u00e1mina geotextil no tejido de poli\u00e9ster para drenaje de sistemas de impermeabilizaci\u00f3n. Elevada resistencia a la tracci\u00f3n y al punzamiento. Danosa.","breadcrumb":{"@id":"https:\/\/www.danosa.com\/es-es\/producto\/danofelt-py-500\/#breadcrumb"},"inLanguage":"es","potentialAction":[{"@type":"ReadAction","target":["https:\/\/www.danosa.com\/es-es\/producto\/danofelt-py-500\/"]}]},{"@type":"BreadcrumbList","@id":"https:\/\/www.danosa.com\/es-es\/producto\/danofelt-py-500\/#breadcrumb","itemListElement":[{"@type":"ListItem","position":1,"name":"Portada","item":"https:\/\/www.danosa.com\/es-es\/"},{"@type":"ListItem","position":2,"name":"DANOFELT PY 500"}]}]}},"_links":{"self":[{"href":"https:\/\/www.danosa.com\/es-es\/wp-json\/wp\/v2\/product\/13824"}],"collection":[{"href":"https:\/\/www.danosa.com\/es-es\/wp-json\/wp\/v2\/product"}],"about":[{"href":"https:\/\/www.danosa.com\/es-es\/wp-json\/wp\/v2\/types\/product"}],"wp:attachment":[{"href":"https:\/\/www.danosa.com\/es-es\/wp-json\/wp\/v2\/media?parent=13824"}],"wp:term":[{"taxonomy":"family","embeddable":true,"href":"https:\/\/www.danosa.com\/es-es\/wp-json\/wp\/v2\/family?post=13824"},{"taxonomy":"product_notice","embeddable":true,"href":"https:\/\/www.danosa.com\/es-es\/wp-json\/wp\/v2\/product_notice?post=13824"},{"taxonomy":"product_icon","embeddable":true,"href":"https:\/\/www.danosa.com\/es-es\/wp-json\/wp\/v2\/product_icon?post=13824"},{"taxonomy":"product_application","embeddable":true,"href":"https:\/\/www.danosa.com\/es-es\/wp-json\/wp\/v2\/product_application?post=13824"},{"taxonomy":"product_standards_certification","embeddable":true,"href":"https:\/\/www.danosa.com\/es-es\/wp-json\/wp\/v2\/product_standards_certification?post=13824"},{"taxonomy":"product_benefits","embeddable":true,"href":"https:\/\/www.danosa.com\/es-es\/wp-json\/wp\/v2\/product_benefits?post=13824"},{"taxonomy":"product_support","embeddable":true,"href":"https:\/\/www.danosa.com\/es-es\/wp-json\/wp\/v2\/product_support?post=13824"},{"taxonomy":"product_substrate_preparation","embeddable":true,"href":"https:\/\/www.danosa.com\/es-es\/wp-json\/wp\/v2\/product_substrate_preparation?post=13824"},{"taxonomy":"product_important_indications","embeddable":true,"href":"https:\/\/www.danosa.com\/es-es\/wp-json\/wp\/v2\/product_important_indications?post=13824"},{"taxonomy":"product_conservation","embeddable":true,"href":"https:\/\/www.danosa.com\/es-es\/wp-json\/wp\/v2\/product_conservation?post=13824"},{"taxonomy":"product_warning","embeddable":true,"href":"https:\/\/www.danosa.com\/es-es\/wp-json\/wp\/v2\/product_warning?post=13824"},{"taxonomy":"product_safety_hygiene","embeddable":true,"href":"https:\/\/www.danosa.com\/es-es\/wp-json\/wp\/v2\/product_safety_hygiene?post=13824"},{"taxonomy":"system_certification","embeddable":true,"href":"https:\/\/www.danosa.com\/es-es\/wp-json\/wp\/v2\/system_certification?post=13824"},{"taxonomy":"product_maintenance","embeddable":true,"href":"https:\/\/www.danosa.com\/es-es\/wp-json\/wp\/v2\/product_maintenance?post=13824"},{"taxonomy":"product_safety_datasheet","embeddable":true,"href":"https:\/\/www.danosa.com\/es-es\/wp-json\/wp\/v2\/product_safety_datasheet?post=13824"},{"taxonomy":"filter_special_uses","embeddable":true,"href":"https:\/\/www.danosa.com\/es-es\/wp-json\/wp\/v2\/filter_special_uses?post=13824"}],"curies":[{"name":"wp","href":"https:\/\/api.w.org\/{rel}","templated":true}]}}