{"id":14146,"date":"2026-04-09T14:26:05","date_gmt":"2026-04-09T12:26:05","guid":{"rendered":"https:\/\/www.danosa.com\/es-es\/producto\/polydan-pro-40-gp-2\/"},"modified":"2026-04-09T14:26:08","modified_gmt":"2026-04-09T12:26:08","slug":"polydan-pro-40-gp","status":"publish","type":"product","link":"https:\/\/www.danosa.com\/es-es\/producto\/polydan-pro-40-gp\/","title":{"rendered":"POLYDAN PRO 40\/GP."},"content":{"rendered":"<p>L\u00e1mina bituminosa de superficie autoprotegida tipo LBM(SBS)-40\/G-FP.<br \/>\nEst\u00e1 compuesta por una armadura de fieltro de poli\u00e9ster no tejido de gran gramaje, recubierta por ambas caras con un m\u00e1stico de bet\u00fan modificado con elast\u00f3meros (SBS) de alta durabilidad, acabada en su cara externa en gr\u00e1nulos de pizarra de color negro. En su cara interna, como material antiadherente, incorpora un film pl\u00e1stico de terminaci\u00f3n.<\/p>\n","protected":false},"excerpt":{"rendered":"<p>Membrana impermeable de bet\u00fan elastom\u00e9rico SBS de altas prestaciones autoprotegida tipo LBM-40\/G-FP R.<\/p>\n","protected":false},"featured_media":0,"parent":0,"menu_order":0,"template":"","meta":{"inline_featured_image":false,"site-sidebar-layout":"default","site-content-layout":"default","ast-main-header-display":"","ast-hfb-above-header-display":"","ast-hfb-below-header-display":"","ast-hfb-mobile-header-display":"","site-post-title":"","ast-breadcrumbs-content":"","ast-featured-img":"","footer-sml-layout":"","theme-transparent-header-meta":"","adv-header-id-meta":"","stick-header-meta":"","header-above-stick-meta":"","header-main-stick-meta":"","header-below-stick-meta":""},"family":[3053],"product_notice":[12157],"product_icon":[],"product_application":[10950,10953,10971],"product_standards_certification":[12015,12017,12030,12044,12051,12052,12063,12067],"product_benefits":[10354,10360,10367,10370,10372,10376,10383,10455],"product_support":[11922,11966,11973,11975],"product_substrate_preparation":[],"product_important_indications":[11279,11281,11283,11285,11311,11332,11333,11377,11416,11429,11432,11456,11516],"product_conservation":[11529,11555,11562,11615,11647],"product_warning":[11794],"product_safety_hygiene":[],"system_certification":[2441,2473],"product_maintenance":[4203],"product_safety_datasheet":[2693],"filter_special_uses":[2875],"acf":[],"yoast_head":"<!-- This site is optimized with the Yoast SEO plugin v18.1 - https:\/\/yoast.com\/wordpress\/plugins\/seo\/ -->\n<title>L\u00e1mina asfaltica autoprotegida de altas prestaciones | POLYDAN PRO<\/title>\n<meta name=\"description\" content=\"L\u00e1mina asf\u00e1ltica autoprotegida con armadura de fieltro de poli\u00e9ster no tejido gran gramaje y m\u00e1stico de bet\u00fan modificado con elast\u00f3meros. Polydan Pro 40 GP\" \/>\n<meta name=\"robots\" content=\"index, follow, max-snippet:-1, max-image-preview:large, max-video-preview:-1\" \/>\n<link rel=\"canonical\" href=\"https:\/\/www.danosa.com\/es-es\/producto\/polydan-pro-40-gp\/\" \/>\n<meta property=\"og:locale\" content=\"es_ES\" \/>\n<meta property=\"og:type\" content=\"article\" \/>\n<meta property=\"og:title\" content=\"L\u00e1mina asfaltica autoprotegida de altas prestaciones | POLYDAN PRO\" \/>\n<meta property=\"og:description\" content=\"L\u00e1mina asf\u00e1ltica autoprotegida con armadura de fieltro de poli\u00e9ster no tejido gran gramaje y m\u00e1stico de bet\u00fan modificado con elast\u00f3meros. Polydan Pro 40 GP\" \/>\n<meta property=\"og:url\" content=\"https:\/\/www.danosa.com\/es-es\/producto\/polydan-pro-40-gp\/\" \/>\n<meta property=\"og:site_name\" content=\"Danosa | Soluciones para la construcci\u00f3n\" \/>\n<meta property=\"article:publisher\" content=\"https:\/\/www.facebook.com\/aislamientoeimpermeabilizacion\/\" \/>\n<meta property=\"article:modified_time\" content=\"2026-04-09T12:26:08+00:00\" \/>\n<meta name=\"twitter:card\" content=\"summary_large_image\" \/>\n<meta name=\"twitter:site\" content=\"@DANOSA_SPAIN\" \/>\n<script type=\"application\/ld+json\" class=\"yoast-schema-graph\">{\"@context\":\"https:\/\/schema.org\",\"@graph\":[{\"@type\":\"WebSite\",\"@id\":\"https:\/\/www.danosa.com\/es-es\/#website\",\"url\":\"https:\/\/www.danosa.com\/es-es\/\",\"name\":\"Danosa | Soluciones para la construcci\u00f3n\",\"description\":\"Impermeabilizaci\u00f3n, aislamiento ac\u00fastico y t\u00e9rmico\",\"potentialAction\":[{\"@type\":\"SearchAction\",\"target\":{\"@type\":\"EntryPoint\",\"urlTemplate\":\"https:\/\/www.danosa.com\/es-es\/?s={search_term_string}\"},\"query-input\":\"required name=search_term_string\"}],\"inLanguage\":\"es\"},{\"@type\":\"WebPage\",\"@id\":\"https:\/\/www.danosa.com\/es-es\/producto\/polydan-pro-40-gp\/#webpage\",\"url\":\"https:\/\/www.danosa.com\/es-es\/producto\/polydan-pro-40-gp\/\",\"name\":\"L\u00e1mina asfaltica autoprotegida de altas prestaciones | POLYDAN PRO\",\"isPartOf\":{\"@id\":\"https:\/\/www.danosa.com\/es-es\/#website\"},\"datePublished\":\"2026-04-09T12:26:05+00:00\",\"dateModified\":\"2026-04-09T12:26:08+00:00\",\"description\":\"L\u00e1mina asf\u00e1ltica autoprotegida con armadura de fieltro de poli\u00e9ster no tejido gran gramaje y m\u00e1stico de bet\u00fan modificado con elast\u00f3meros. Polydan Pro 40 GP\",\"breadcrumb\":{\"@id\":\"https:\/\/www.danosa.com\/es-es\/producto\/polydan-pro-40-gp\/#breadcrumb\"},\"inLanguage\":\"es\",\"potentialAction\":[{\"@type\":\"ReadAction\",\"target\":[\"https:\/\/www.danosa.com\/es-es\/producto\/polydan-pro-40-gp\/\"]}]},{\"@type\":\"BreadcrumbList\",\"@id\":\"https:\/\/www.danosa.com\/es-es\/producto\/polydan-pro-40-gp\/#breadcrumb\",\"itemListElement\":[{\"@type\":\"ListItem\",\"position\":1,\"name\":\"Portada\",\"item\":\"https:\/\/www.danosa.com\/es-es\/\"},{\"@type\":\"ListItem\",\"position\":2,\"name\":\"POLYDAN PRO 40\/GP.\"}]}]}<\/script>\n<!-- \/ Yoast SEO plugin. -->","yoast_head_json":{"title":"L\u00e1mina asfaltica autoprotegida de altas prestaciones | POLYDAN PRO","description":"L\u00e1mina asf\u00e1ltica autoprotegida con armadura de fieltro de poli\u00e9ster no tejido gran gramaje y m\u00e1stico de bet\u00fan modificado con elast\u00f3meros. Polydan Pro 40 GP","robots":{"index":"index","follow":"follow","max-snippet":"max-snippet:-1","max-image-preview":"max-image-preview:large","max-video-preview":"max-video-preview:-1"},"canonical":"https:\/\/www.danosa.com\/es-es\/producto\/polydan-pro-40-gp\/","og_locale":"es_ES","og_type":"article","og_title":"L\u00e1mina asfaltica autoprotegida de altas prestaciones | POLYDAN PRO","og_description":"L\u00e1mina asf\u00e1ltica autoprotegida con armadura de fieltro de poli\u00e9ster no tejido gran gramaje y m\u00e1stico de bet\u00fan modificado con elast\u00f3meros. Polydan Pro 40 GP","og_url":"https:\/\/www.danosa.com\/es-es\/producto\/polydan-pro-40-gp\/","og_site_name":"Danosa | Soluciones para la construcci\u00f3n","article_publisher":"https:\/\/www.facebook.com\/aislamientoeimpermeabilizacion\/","article_modified_time":"2026-04-09T12:26:08+00:00","twitter_card":"summary_large_image","twitter_site":"@DANOSA_SPAIN","schema":{"@context":"https:\/\/schema.org","@graph":[{"@type":"WebSite","@id":"https:\/\/www.danosa.com\/es-es\/#website","url":"https:\/\/www.danosa.com\/es-es\/","name":"Danosa | Soluciones para la construcci\u00f3n","description":"Impermeabilizaci\u00f3n, aislamiento ac\u00fastico y t\u00e9rmico","potentialAction":[{"@type":"SearchAction","target":{"@type":"EntryPoint","urlTemplate":"https:\/\/www.danosa.com\/es-es\/?s={search_term_string}"},"query-input":"required name=search_term_string"}],"inLanguage":"es"},{"@type":"WebPage","@id":"https:\/\/www.danosa.com\/es-es\/producto\/polydan-pro-40-gp\/#webpage","url":"https:\/\/www.danosa.com\/es-es\/producto\/polydan-pro-40-gp\/","name":"L\u00e1mina asfaltica autoprotegida de altas prestaciones | POLYDAN PRO","isPartOf":{"@id":"https:\/\/www.danosa.com\/es-es\/#website"},"datePublished":"2026-04-09T12:26:05+00:00","dateModified":"2026-04-09T12:26:08+00:00","description":"L\u00e1mina asf\u00e1ltica autoprotegida con armadura de fieltro de poli\u00e9ster no tejido gran gramaje y m\u00e1stico de bet\u00fan modificado con elast\u00f3meros. Polydan Pro 40 GP","breadcrumb":{"@id":"https:\/\/www.danosa.com\/es-es\/producto\/polydan-pro-40-gp\/#breadcrumb"},"inLanguage":"es","potentialAction":[{"@type":"ReadAction","target":["https:\/\/www.danosa.com\/es-es\/producto\/polydan-pro-40-gp\/"]}]},{"@type":"BreadcrumbList","@id":"https:\/\/www.danosa.com\/es-es\/producto\/polydan-pro-40-gp\/#breadcrumb","itemListElement":[{"@type":"ListItem","position":1,"name":"Portada","item":"https:\/\/www.danosa.com\/es-es\/"},{"@type":"ListItem","position":2,"name":"POLYDAN PRO 40\/GP."}]}]}},"_links":{"self":[{"href":"https:\/\/www.danosa.com\/es-es\/wp-json\/wp\/v2\/product\/14146"}],"collection":[{"href":"https:\/\/www.danosa.com\/es-es\/wp-json\/wp\/v2\/product"}],"about":[{"href":"https:\/\/www.danosa.com\/es-es\/wp-json\/wp\/v2\/types\/product"}],"wp:attachment":[{"href":"https:\/\/www.danosa.com\/es-es\/wp-json\/wp\/v2\/media?parent=14146"}],"wp:term":[{"taxonomy":"family","embeddable":true,"href":"https:\/\/www.danosa.com\/es-es\/wp-json\/wp\/v2\/family?post=14146"},{"taxonomy":"product_notice","embeddable":true,"href":"https:\/\/www.danosa.com\/es-es\/wp-json\/wp\/v2\/product_notice?post=14146"},{"taxonomy":"product_icon","embeddable":true,"href":"https:\/\/www.danosa.com\/es-es\/wp-json\/wp\/v2\/product_icon?post=14146"},{"taxonomy":"product_application","embeddable":true,"href":"https:\/\/www.danosa.com\/es-es\/wp-json\/wp\/v2\/product_application?post=14146"},{"taxonomy":"product_standards_certification","embeddable":true,"href":"https:\/\/www.danosa.com\/es-es\/wp-json\/wp\/v2\/product_standards_certification?post=14146"},{"taxonomy":"product_benefits","embeddable":true,"href":"https:\/\/www.danosa.com\/es-es\/wp-json\/wp\/v2\/product_benefits?post=14146"},{"taxonomy":"product_support","embeddable":true,"href":"https:\/\/www.danosa.com\/es-es\/wp-json\/wp\/v2\/product_support?post=14146"},{"taxonomy":"product_substrate_preparation","embeddable":true,"href":"https:\/\/www.danosa.com\/es-es\/wp-json\/wp\/v2\/product_substrate_preparation?post=14146"},{"taxonomy":"product_important_indications","embeddable":true,"href":"https:\/\/www.danosa.com\/es-es\/wp-json\/wp\/v2\/product_important_indications?post=14146"},{"taxonomy":"product_conservation","embeddable":true,"href":"https:\/\/www.danosa.com\/es-es\/wp-json\/wp\/v2\/product_conservation?post=14146"},{"taxonomy":"product_warning","embeddable":true,"href":"https:\/\/www.danosa.com\/es-es\/wp-json\/wp\/v2\/product_warning?post=14146"},{"taxonomy":"product_safety_hygiene","embeddable":true,"href":"https:\/\/www.danosa.com\/es-es\/wp-json\/wp\/v2\/product_safety_hygiene?post=14146"},{"taxonomy":"system_certification","embeddable":true,"href":"https:\/\/www.danosa.com\/es-es\/wp-json\/wp\/v2\/system_certification?post=14146"},{"taxonomy":"product_maintenance","embeddable":true,"href":"https:\/\/www.danosa.com\/es-es\/wp-json\/wp\/v2\/product_maintenance?post=14146"},{"taxonomy":"product_safety_datasheet","embeddable":true,"href":"https:\/\/www.danosa.com\/es-es\/wp-json\/wp\/v2\/product_safety_datasheet?post=14146"},{"taxonomy":"filter_special_uses","embeddable":true,"href":"https:\/\/www.danosa.com\/es-es\/wp-json\/wp\/v2\/filter_special_uses?post=14146"}],"curies":[{"name":"wp","href":"https:\/\/api.w.org\/{rel}","templated":true}]}}