{"id":14367,"date":"2026-04-09T14:26:05","date_gmt":"2026-04-09T12:26:05","guid":{"rendered":"https:\/\/www.danosa.com\/es-es\/producto\/self-dan-al-pro\/"},"modified":"2026-04-09T14:26:09","modified_gmt":"2026-04-09T12:26:09","slug":"self-dan-al-pro","status":"publish","type":"product","link":"https:\/\/www.danosa.com\/es-es\/producto\/self-dan-al-pro\/","title":{"rendered":"SELF-DAN AL PRO"},"content":{"rendered":"<p>L\u00e1mina autoadhesiva de control de aire y vapor con m\u00e1stico SBS reforzada con aluminio  (AVCL). Est\u00e1 equipada con un revestimiento de l\u00e1mina de aluminio para garantizar la impermeabilidad al vapor. A diferencia de otras capas de control permeabilidad al vapor es m\u00e1s delgada y liviana. Cuando se utiliza en un sistema completamente adherido, podr\u00eda requerirse una imprimaci\u00f3n. Adem\u00e1s, este producto ofrece ventajas como una instalaci\u00f3n m\u00e1s limpia, segura y r\u00e1pida en comparaci\u00f3n con las membranas tradicionales aplicadas con soplete. Se puede aplicar directamente sobre cubiertas deck.<br \/>\nDisponible en 1,00 mm y 1,50 mm de espesor.<\/p>\n","protected":false},"excerpt":{"rendered":"<p>L\u00e1mina autoadhesiva de barrera de aire y vapor (AVCL)<\/p>\n","protected":false},"featured_media":0,"parent":0,"menu_order":0,"template":"","meta":{"inline_featured_image":false,"site-sidebar-layout":"default","site-content-layout":"default","ast-main-header-display":"","ast-hfb-above-header-display":"","ast-hfb-below-header-display":"","ast-hfb-mobile-header-display":"","site-post-title":"","ast-breadcrumbs-content":"","ast-featured-img":"","footer-sml-layout":"","theme-transparent-header-meta":"","adv-header-id-meta":"","stick-header-meta":"","header-above-stick-meta":"","header-main-stick-meta":"","header-below-stick-meta":""},"family":[3053,3057],"product_notice":[12157],"product_icon":[],"product_application":[10772,10774],"product_standards_certification":[12030,12034],"product_benefits":[10123,10271,10297,10339,10477,10597],"product_support":[11919,11974,11997],"product_substrate_preparation":[],"product_important_indications":[11281,11282,11286,11297,11311,11321,11391,11432,11435,11439,11461,11516],"product_conservation":[11550,11555,11561,11563,11575,11588,11591,11640,11647,11651,11652,11718,11719,11721],"product_warning":[],"product_safety_hygiene":[],"system_certification":[],"product_maintenance":[4203],"product_safety_datasheet":[2693],"filter_special_uses":[2876,2875],"acf":[],"yoast_head":"<!-- This site is optimized with the Yoast SEO plugin v18.1 - https:\/\/yoast.com\/wordpress\/plugins\/seo\/ -->\n<title>L\u00e1mina autoadhesiva con autoprotecci\u00f3n met\u00e1lica | SELF-DAN AL PRO Danosa<\/title>\n<meta name=\"description\" content=\"L\u00e1mina autoadhesiva con autoprotecci\u00f3n met\u00e1lica para la impermeabilizaci\u00f3n y sellado de chimeneas, tubos, claraboyas, grietas, etc.\" \/>\n<meta name=\"robots\" content=\"index, follow, max-snippet:-1, max-image-preview:large, max-video-preview:-1\" \/>\n<link rel=\"canonical\" href=\"https:\/\/www.danosa.com\/es-es\/producto\/self-dan-al-pro\/\" \/>\n<meta property=\"og:locale\" content=\"es_ES\" \/>\n<meta property=\"og:type\" content=\"article\" \/>\n<meta property=\"og:title\" content=\"L\u00e1mina autoadhesiva con autoprotecci\u00f3n met\u00e1lica | SELF-DAN AL PRO Danosa\" \/>\n<meta property=\"og:description\" content=\"L\u00e1mina autoadhesiva con autoprotecci\u00f3n met\u00e1lica para la impermeabilizaci\u00f3n y sellado de chimeneas, tubos, claraboyas, grietas, etc.\" \/>\n<meta property=\"og:url\" content=\"https:\/\/www.danosa.com\/es-es\/producto\/self-dan-al-pro\/\" \/>\n<meta property=\"og:site_name\" content=\"Danosa | Soluciones para la construcci\u00f3n\" \/>\n<meta property=\"article:publisher\" content=\"https:\/\/www.facebook.com\/aislamientoeimpermeabilizacion\/\" \/>\n<meta property=\"article:modified_time\" content=\"2026-04-09T12:26:09+00:00\" \/>\n<meta name=\"twitter:card\" content=\"summary_large_image\" \/>\n<meta name=\"twitter:site\" content=\"@DANOSA_SPAIN\" \/>\n<meta name=\"twitter:label1\" content=\"Tiempo de lectura\" \/>\n\t<meta name=\"twitter:data1\" content=\"1 minuto\" \/>\n<script type=\"application\/ld+json\" class=\"yoast-schema-graph\">{\"@context\":\"https:\/\/schema.org\",\"@graph\":[{\"@type\":\"WebSite\",\"@id\":\"https:\/\/www.danosa.com\/es-es\/#website\",\"url\":\"https:\/\/www.danosa.com\/es-es\/\",\"name\":\"Danosa | Soluciones para la construcci\u00f3n\",\"description\":\"Impermeabilizaci\u00f3n, aislamiento ac\u00fastico y t\u00e9rmico\",\"potentialAction\":[{\"@type\":\"SearchAction\",\"target\":{\"@type\":\"EntryPoint\",\"urlTemplate\":\"https:\/\/www.danosa.com\/es-es\/?s={search_term_string}\"},\"query-input\":\"required name=search_term_string\"}],\"inLanguage\":\"es\"},{\"@type\":\"WebPage\",\"@id\":\"https:\/\/www.danosa.com\/es-es\/producto\/self-dan-al-pro\/#webpage\",\"url\":\"https:\/\/www.danosa.com\/es-es\/producto\/self-dan-al-pro\/\",\"name\":\"L\u00e1mina autoadhesiva con autoprotecci\u00f3n met\u00e1lica | SELF-DAN AL PRO Danosa\",\"isPartOf\":{\"@id\":\"https:\/\/www.danosa.com\/es-es\/#website\"},\"datePublished\":\"2026-04-09T12:26:05+00:00\",\"dateModified\":\"2026-04-09T12:26:09+00:00\",\"description\":\"L\u00e1mina autoadhesiva con autoprotecci\u00f3n met\u00e1lica para la impermeabilizaci\u00f3n y sellado de chimeneas, tubos, claraboyas, grietas, etc.\",\"breadcrumb\":{\"@id\":\"https:\/\/www.danosa.com\/es-es\/producto\/self-dan-al-pro\/#breadcrumb\"},\"inLanguage\":\"es\",\"potentialAction\":[{\"@type\":\"ReadAction\",\"target\":[\"https:\/\/www.danosa.com\/es-es\/producto\/self-dan-al-pro\/\"]}]},{\"@type\":\"BreadcrumbList\",\"@id\":\"https:\/\/www.danosa.com\/es-es\/producto\/self-dan-al-pro\/#breadcrumb\",\"itemListElement\":[{\"@type\":\"ListItem\",\"position\":1,\"name\":\"Portada\",\"item\":\"https:\/\/www.danosa.com\/es-es\/\"},{\"@type\":\"ListItem\",\"position\":2,\"name\":\"SELF-DAN AL PRO\"}]}]}<\/script>\n<!-- \/ Yoast SEO plugin. -->","yoast_head_json":{"title":"L\u00e1mina autoadhesiva con autoprotecci\u00f3n met\u00e1lica | SELF-DAN AL PRO Danosa","description":"L\u00e1mina autoadhesiva con autoprotecci\u00f3n met\u00e1lica para la impermeabilizaci\u00f3n y sellado de chimeneas, tubos, claraboyas, grietas, etc.","robots":{"index":"index","follow":"follow","max-snippet":"max-snippet:-1","max-image-preview":"max-image-preview:large","max-video-preview":"max-video-preview:-1"},"canonical":"https:\/\/www.danosa.com\/es-es\/producto\/self-dan-al-pro\/","og_locale":"es_ES","og_type":"article","og_title":"L\u00e1mina autoadhesiva con autoprotecci\u00f3n met\u00e1lica | SELF-DAN AL PRO Danosa","og_description":"L\u00e1mina autoadhesiva con autoprotecci\u00f3n met\u00e1lica para la impermeabilizaci\u00f3n y sellado de chimeneas, tubos, claraboyas, grietas, etc.","og_url":"https:\/\/www.danosa.com\/es-es\/producto\/self-dan-al-pro\/","og_site_name":"Danosa | Soluciones para la construcci\u00f3n","article_publisher":"https:\/\/www.facebook.com\/aislamientoeimpermeabilizacion\/","article_modified_time":"2026-04-09T12:26:09+00:00","twitter_card":"summary_large_image","twitter_site":"@DANOSA_SPAIN","twitter_misc":{"Tiempo de lectura":"1 minuto"},"schema":{"@context":"https:\/\/schema.org","@graph":[{"@type":"WebSite","@id":"https:\/\/www.danosa.com\/es-es\/#website","url":"https:\/\/www.danosa.com\/es-es\/","name":"Danosa | Soluciones para la construcci\u00f3n","description":"Impermeabilizaci\u00f3n, aislamiento ac\u00fastico y t\u00e9rmico","potentialAction":[{"@type":"SearchAction","target":{"@type":"EntryPoint","urlTemplate":"https:\/\/www.danosa.com\/es-es\/?s={search_term_string}"},"query-input":"required name=search_term_string"}],"inLanguage":"es"},{"@type":"WebPage","@id":"https:\/\/www.danosa.com\/es-es\/producto\/self-dan-al-pro\/#webpage","url":"https:\/\/www.danosa.com\/es-es\/producto\/self-dan-al-pro\/","name":"L\u00e1mina autoadhesiva con autoprotecci\u00f3n met\u00e1lica | SELF-DAN AL PRO Danosa","isPartOf":{"@id":"https:\/\/www.danosa.com\/es-es\/#website"},"datePublished":"2026-04-09T12:26:05+00:00","dateModified":"2026-04-09T12:26:09+00:00","description":"L\u00e1mina autoadhesiva con autoprotecci\u00f3n met\u00e1lica para la impermeabilizaci\u00f3n y sellado de chimeneas, tubos, claraboyas, grietas, etc.","breadcrumb":{"@id":"https:\/\/www.danosa.com\/es-es\/producto\/self-dan-al-pro\/#breadcrumb"},"inLanguage":"es","potentialAction":[{"@type":"ReadAction","target":["https:\/\/www.danosa.com\/es-es\/producto\/self-dan-al-pro\/"]}]},{"@type":"BreadcrumbList","@id":"https:\/\/www.danosa.com\/es-es\/producto\/self-dan-al-pro\/#breadcrumb","itemListElement":[{"@type":"ListItem","position":1,"name":"Portada","item":"https:\/\/www.danosa.com\/es-es\/"},{"@type":"ListItem","position":2,"name":"SELF-DAN AL PRO"}]}]}},"_links":{"self":[{"href":"https:\/\/www.danosa.com\/es-es\/wp-json\/wp\/v2\/product\/14367"}],"collection":[{"href":"https:\/\/www.danosa.com\/es-es\/wp-json\/wp\/v2\/product"}],"about":[{"href":"https:\/\/www.danosa.com\/es-es\/wp-json\/wp\/v2\/types\/product"}],"wp:attachment":[{"href":"https:\/\/www.danosa.com\/es-es\/wp-json\/wp\/v2\/media?parent=14367"}],"wp:term":[{"taxonomy":"family","embeddable":true,"href":"https:\/\/www.danosa.com\/es-es\/wp-json\/wp\/v2\/family?post=14367"},{"taxonomy":"product_notice","embeddable":true,"href":"https:\/\/www.danosa.com\/es-es\/wp-json\/wp\/v2\/product_notice?post=14367"},{"taxonomy":"product_icon","embeddable":true,"href":"https:\/\/www.danosa.com\/es-es\/wp-json\/wp\/v2\/product_icon?post=14367"},{"taxonomy":"product_application","embeddable":true,"href":"https:\/\/www.danosa.com\/es-es\/wp-json\/wp\/v2\/product_application?post=14367"},{"taxonomy":"product_standards_certification","embeddable":true,"href":"https:\/\/www.danosa.com\/es-es\/wp-json\/wp\/v2\/product_standards_certification?post=14367"},{"taxonomy":"product_benefits","embeddable":true,"href":"https:\/\/www.danosa.com\/es-es\/wp-json\/wp\/v2\/product_benefits?post=14367"},{"taxonomy":"product_support","embeddable":true,"href":"https:\/\/www.danosa.com\/es-es\/wp-json\/wp\/v2\/product_support?post=14367"},{"taxonomy":"product_substrate_preparation","embeddable":true,"href":"https:\/\/www.danosa.com\/es-es\/wp-json\/wp\/v2\/product_substrate_preparation?post=14367"},{"taxonomy":"product_important_indications","embeddable":true,"href":"https:\/\/www.danosa.com\/es-es\/wp-json\/wp\/v2\/product_important_indications?post=14367"},{"taxonomy":"product_conservation","embeddable":true,"href":"https:\/\/www.danosa.com\/es-es\/wp-json\/wp\/v2\/product_conservation?post=14367"},{"taxonomy":"product_warning","embeddable":true,"href":"https:\/\/www.danosa.com\/es-es\/wp-json\/wp\/v2\/product_warning?post=14367"},{"taxonomy":"product_safety_hygiene","embeddable":true,"href":"https:\/\/www.danosa.com\/es-es\/wp-json\/wp\/v2\/product_safety_hygiene?post=14367"},{"taxonomy":"system_certification","embeddable":true,"href":"https:\/\/www.danosa.com\/es-es\/wp-json\/wp\/v2\/system_certification?post=14367"},{"taxonomy":"product_maintenance","embeddable":true,"href":"https:\/\/www.danosa.com\/es-es\/wp-json\/wp\/v2\/product_maintenance?post=14367"},{"taxonomy":"product_safety_datasheet","embeddable":true,"href":"https:\/\/www.danosa.com\/es-es\/wp-json\/wp\/v2\/product_safety_datasheet?post=14367"},{"taxonomy":"filter_special_uses","embeddable":true,"href":"https:\/\/www.danosa.com\/es-es\/wp-json\/wp\/v2\/filter_special_uses?post=14367"}],"curies":[{"name":"wp","href":"https:\/\/api.w.org\/{rel}","templated":true}]}}