{"id":4000,"date":"2026-04-09T02:21:25","date_gmt":"2026-04-09T00:21:25","guid":{"rendered":"https:\/\/www.danosa.com\/es-es\/blog\/product\/danoprimer-pu2k\/"},"modified":"2026-04-09T02:21:28","modified_gmt":"2026-04-09T00:21:28","slug":"danoprimer-pu2k","status":"publish","type":"product","link":"https:\/\/www.danosa.com\/es-es\/producto\/danoprimer-pu2k\/","title":{"rendered":"DANOPRIMER PU2K"},"content":{"rendered":"<p>Imprimaci\u00f3n y consolidante de poliuretano bicomponente exenta de disolventes y de baja viscosidad, el\u00e1stica y resistente al impacto, adecuada para soportes bituminosos y minerales, y compatible con sistemas DANOCOAT\u00ae y DANOPUR\u00ae.<\/p>\n","protected":false},"excerpt":{"rendered":"<p>Imprimaci\u00f3n de poliuretano de elevada adherencia para soporte bituminoso y mineral<\/p>\n","protected":false},"featured_media":0,"parent":0,"menu_order":0,"template":"","meta":{"inline_featured_image":false,"site-sidebar-layout":"default","site-content-layout":"default","ast-main-header-display":"","ast-hfb-above-header-display":"","ast-hfb-below-header-display":"","ast-hfb-mobile-header-display":"","site-post-title":"","ast-breadcrumbs-content":"","ast-featured-img":"","footer-sml-layout":"","theme-transparent-header-meta":"","adv-header-id-meta":"","stick-header-meta":"","header-above-stick-meta":"","header-main-stick-meta":"","header-below-stick-meta":""},"family":[5699],"product_notice":[12157],"product_icon":[],"product_application":[10902,10917],"product_standards_certification":[],"product_benefits":[10307,10347,10356,10364,10371,10677],"product_support":[11933,11943,11973,11976],"product_substrate_preparation":[],"product_important_indications":[],"product_conservation":[11623],"product_warning":[11802,11826,11842],"product_safety_hygiene":[],"system_certification":[2466],"product_maintenance":[],"product_safety_datasheet":[2683,2684],"filter_special_uses":[],"acf":[],"yoast_head":"<!-- This site is optimized with the Yoast SEO plugin v18.1 - https:\/\/yoast.com\/wordpress\/plugins\/seo\/ -->\n<title>Imprimaci\u00f3n poliuretano soporte bituminoso y mineral | Danoprimer PU2K<\/title>\n<meta name=\"description\" content=\"Imprimaci\u00f3n poliuretano bicomponente para soporte bituminoso y mineral. Exenta de disolventes, baja viscosidad, el\u00e1stica, resistente al impacto. Garant\u00eda Danosa\" \/>\n<meta name=\"robots\" content=\"index, follow, max-snippet:-1, max-image-preview:large, max-video-preview:-1\" \/>\n<link rel=\"canonical\" href=\"https:\/\/www.danosa.com\/es-es\/producto\/danoprimer-pu2k\/\" \/>\n<meta property=\"og:locale\" content=\"es_ES\" \/>\n<meta property=\"og:type\" content=\"article\" \/>\n<meta property=\"og:title\" content=\"Imprimaci\u00f3n poliuretano soporte bituminoso y mineral | Danoprimer PU2K\" \/>\n<meta property=\"og:description\" content=\"Imprimaci\u00f3n poliuretano bicomponente para soporte bituminoso y mineral. Exenta de disolventes, baja viscosidad, el\u00e1stica, resistente al impacto. Garant\u00eda Danosa\" \/>\n<meta property=\"og:url\" content=\"https:\/\/www.danosa.com\/es-es\/producto\/danoprimer-pu2k\/\" \/>\n<meta property=\"og:site_name\" content=\"Danosa | Soluciones para la construcci\u00f3n\" \/>\n<meta property=\"article:publisher\" content=\"https:\/\/www.facebook.com\/aislamientoeimpermeabilizacion\/\" \/>\n<meta property=\"article:modified_time\" content=\"2026-04-09T00:21:28+00:00\" \/>\n<meta name=\"twitter:card\" content=\"summary_large_image\" \/>\n<meta name=\"twitter:site\" content=\"@DANOSA_SPAIN\" \/>\n<script type=\"application\/ld+json\" class=\"yoast-schema-graph\">{\"@context\":\"https:\/\/schema.org\",\"@graph\":[{\"@type\":\"WebSite\",\"@id\":\"https:\/\/www.danosa.com\/es-es\/#website\",\"url\":\"https:\/\/www.danosa.com\/es-es\/\",\"name\":\"Danosa | Soluciones para la construcci\u00f3n\",\"description\":\"Impermeabilizaci\u00f3n, aislamiento ac\u00fastico y t\u00e9rmico\",\"potentialAction\":[{\"@type\":\"SearchAction\",\"target\":{\"@type\":\"EntryPoint\",\"urlTemplate\":\"https:\/\/www.danosa.com\/es-es\/?s={search_term_string}\"},\"query-input\":\"required name=search_term_string\"}],\"inLanguage\":\"es\"},{\"@type\":\"WebPage\",\"@id\":\"https:\/\/www.danosa.com\/es-es\/producto\/danoprimer-pu2k\/#webpage\",\"url\":\"https:\/\/www.danosa.com\/es-es\/producto\/danoprimer-pu2k\/\",\"name\":\"Imprimaci\u00f3n poliuretano soporte bituminoso y mineral | Danoprimer PU2K\",\"isPartOf\":{\"@id\":\"https:\/\/www.danosa.com\/es-es\/#website\"},\"datePublished\":\"2026-04-09T00:21:25+00:00\",\"dateModified\":\"2026-04-09T00:21:28+00:00\",\"description\":\"Imprimaci\u00f3n poliuretano bicomponente para soporte bituminoso y mineral. Exenta de disolventes, baja viscosidad, el\u00e1stica, resistente al impacto. Garant\u00eda Danosa\",\"breadcrumb\":{\"@id\":\"https:\/\/www.danosa.com\/es-es\/producto\/danoprimer-pu2k\/#breadcrumb\"},\"inLanguage\":\"es\",\"potentialAction\":[{\"@type\":\"ReadAction\",\"target\":[\"https:\/\/www.danosa.com\/es-es\/producto\/danoprimer-pu2k\/\"]}]},{\"@type\":\"BreadcrumbList\",\"@id\":\"https:\/\/www.danosa.com\/es-es\/producto\/danoprimer-pu2k\/#breadcrumb\",\"itemListElement\":[{\"@type\":\"ListItem\",\"position\":1,\"name\":\"Portada\",\"item\":\"https:\/\/www.danosa.com\/es-es\/\"},{\"@type\":\"ListItem\",\"position\":2,\"name\":\"DANOPRIMER PU2K\"}]}]}<\/script>\n<!-- \/ Yoast SEO plugin. -->","yoast_head_json":{"title":"Imprimaci\u00f3n poliuretano soporte bituminoso y mineral | Danoprimer PU2K","description":"Imprimaci\u00f3n poliuretano bicomponente para soporte bituminoso y mineral. Exenta de disolventes, baja viscosidad, el\u00e1stica, resistente al impacto. Garant\u00eda Danosa","robots":{"index":"index","follow":"follow","max-snippet":"max-snippet:-1","max-image-preview":"max-image-preview:large","max-video-preview":"max-video-preview:-1"},"canonical":"https:\/\/www.danosa.com\/es-es\/producto\/danoprimer-pu2k\/","og_locale":"es_ES","og_type":"article","og_title":"Imprimaci\u00f3n poliuretano soporte bituminoso y mineral | Danoprimer PU2K","og_description":"Imprimaci\u00f3n poliuretano bicomponente para soporte bituminoso y mineral. Exenta de disolventes, baja viscosidad, el\u00e1stica, resistente al impacto. Garant\u00eda Danosa","og_url":"https:\/\/www.danosa.com\/es-es\/producto\/danoprimer-pu2k\/","og_site_name":"Danosa | Soluciones para la construcci\u00f3n","article_publisher":"https:\/\/www.facebook.com\/aislamientoeimpermeabilizacion\/","article_modified_time":"2026-04-09T00:21:28+00:00","twitter_card":"summary_large_image","twitter_site":"@DANOSA_SPAIN","schema":{"@context":"https:\/\/schema.org","@graph":[{"@type":"WebSite","@id":"https:\/\/www.danosa.com\/es-es\/#website","url":"https:\/\/www.danosa.com\/es-es\/","name":"Danosa | Soluciones para la construcci\u00f3n","description":"Impermeabilizaci\u00f3n, aislamiento ac\u00fastico y t\u00e9rmico","potentialAction":[{"@type":"SearchAction","target":{"@type":"EntryPoint","urlTemplate":"https:\/\/www.danosa.com\/es-es\/?s={search_term_string}"},"query-input":"required name=search_term_string"}],"inLanguage":"es"},{"@type":"WebPage","@id":"https:\/\/www.danosa.com\/es-es\/producto\/danoprimer-pu2k\/#webpage","url":"https:\/\/www.danosa.com\/es-es\/producto\/danoprimer-pu2k\/","name":"Imprimaci\u00f3n poliuretano soporte bituminoso y mineral | Danoprimer PU2K","isPartOf":{"@id":"https:\/\/www.danosa.com\/es-es\/#website"},"datePublished":"2026-04-09T00:21:25+00:00","dateModified":"2026-04-09T00:21:28+00:00","description":"Imprimaci\u00f3n poliuretano bicomponente para soporte bituminoso y mineral. Exenta de disolventes, baja viscosidad, el\u00e1stica, resistente al impacto. Garant\u00eda Danosa","breadcrumb":{"@id":"https:\/\/www.danosa.com\/es-es\/producto\/danoprimer-pu2k\/#breadcrumb"},"inLanguage":"es","potentialAction":[{"@type":"ReadAction","target":["https:\/\/www.danosa.com\/es-es\/producto\/danoprimer-pu2k\/"]}]},{"@type":"BreadcrumbList","@id":"https:\/\/www.danosa.com\/es-es\/producto\/danoprimer-pu2k\/#breadcrumb","itemListElement":[{"@type":"ListItem","position":1,"name":"Portada","item":"https:\/\/www.danosa.com\/es-es\/"},{"@type":"ListItem","position":2,"name":"DANOPRIMER PU2K"}]}]}},"_links":{"self":[{"href":"https:\/\/www.danosa.com\/es-es\/wp-json\/wp\/v2\/product\/4000"}],"collection":[{"href":"https:\/\/www.danosa.com\/es-es\/wp-json\/wp\/v2\/product"}],"about":[{"href":"https:\/\/www.danosa.com\/es-es\/wp-json\/wp\/v2\/types\/product"}],"wp:attachment":[{"href":"https:\/\/www.danosa.com\/es-es\/wp-json\/wp\/v2\/media?parent=4000"}],"wp:term":[{"taxonomy":"family","embeddable":true,"href":"https:\/\/www.danosa.com\/es-es\/wp-json\/wp\/v2\/family?post=4000"},{"taxonomy":"product_notice","embeddable":true,"href":"https:\/\/www.danosa.com\/es-es\/wp-json\/wp\/v2\/product_notice?post=4000"},{"taxonomy":"product_icon","embeddable":true,"href":"https:\/\/www.danosa.com\/es-es\/wp-json\/wp\/v2\/product_icon?post=4000"},{"taxonomy":"product_application","embeddable":true,"href":"https:\/\/www.danosa.com\/es-es\/wp-json\/wp\/v2\/product_application?post=4000"},{"taxonomy":"product_standards_certification","embeddable":true,"href":"https:\/\/www.danosa.com\/es-es\/wp-json\/wp\/v2\/product_standards_certification?post=4000"},{"taxonomy":"product_benefits","embeddable":true,"href":"https:\/\/www.danosa.com\/es-es\/wp-json\/wp\/v2\/product_benefits?post=4000"},{"taxonomy":"product_support","embeddable":true,"href":"https:\/\/www.danosa.com\/es-es\/wp-json\/wp\/v2\/product_support?post=4000"},{"taxonomy":"product_substrate_preparation","embeddable":true,"href":"https:\/\/www.danosa.com\/es-es\/wp-json\/wp\/v2\/product_substrate_preparation?post=4000"},{"taxonomy":"product_important_indications","embeddable":true,"href":"https:\/\/www.danosa.com\/es-es\/wp-json\/wp\/v2\/product_important_indications?post=4000"},{"taxonomy":"product_conservation","embeddable":true,"href":"https:\/\/www.danosa.com\/es-es\/wp-json\/wp\/v2\/product_conservation?post=4000"},{"taxonomy":"product_warning","embeddable":true,"href":"https:\/\/www.danosa.com\/es-es\/wp-json\/wp\/v2\/product_warning?post=4000"},{"taxonomy":"product_safety_hygiene","embeddable":true,"href":"https:\/\/www.danosa.com\/es-es\/wp-json\/wp\/v2\/product_safety_hygiene?post=4000"},{"taxonomy":"system_certification","embeddable":true,"href":"https:\/\/www.danosa.com\/es-es\/wp-json\/wp\/v2\/system_certification?post=4000"},{"taxonomy":"product_maintenance","embeddable":true,"href":"https:\/\/www.danosa.com\/es-es\/wp-json\/wp\/v2\/product_maintenance?post=4000"},{"taxonomy":"product_safety_datasheet","embeddable":true,"href":"https:\/\/www.danosa.com\/es-es\/wp-json\/wp\/v2\/product_safety_datasheet?post=4000"},{"taxonomy":"filter_special_uses","embeddable":true,"href":"https:\/\/www.danosa.com\/es-es\/wp-json\/wp\/v2\/filter_special_uses?post=4000"}],"curies":[{"name":"wp","href":"https:\/\/api.w.org\/{rel}","templated":true}]}}