{"id":4048,"date":"2026-04-05T14:21:30","date_gmt":"2026-04-05T12:21:30","guid":{"rendered":"https:\/\/www.danosa.com\/es-es\/blog\/product\/glasdan-30-ap-elast\/"},"modified":"2026-04-05T14:21:31","modified_gmt":"2026-04-05T12:21:31","slug":"glasdan-30-ap-elast","status":"publish","type":"product","link":"https:\/\/www.danosa.com\/es-es\/producto\/glasdan-30-ap-elast\/","title":{"rendered":"GLASDAN 30 AP ELAST"},"content":{"rendered":"<p>L\u00e1mina impermeabilizante bituminosa de superficie no protegida tipo LBM-30-FV.<br \/>\nEst\u00e1 compuesta por una armadura de fieltro de fibra de vidrio, recubierta por ambas caras con un m\u00e1stico de bet\u00fan modificado con elast\u00f3meros (SBS), usando como material antiadherente arena en su cara superior y un film pl\u00e1stico en su cara inferior.<\/p>\n","protected":false},"excerpt":{"rendered":"<p>L\u00e1mina impermeabilizante bituminosa de superficie enarenada tipo LBM-30-FV.<\/p>\n","protected":false},"featured_media":0,"parent":0,"menu_order":0,"template":"","meta":{"inline_featured_image":false,"site-sidebar-layout":"default","site-content-layout":"default","ast-main-header-display":"","ast-hfb-above-header-display":"","ast-hfb-below-header-display":"","ast-hfb-mobile-header-display":"","site-post-title":"","ast-breadcrumbs-content":"","ast-featured-img":"","footer-sml-layout":"","theme-transparent-header-meta":"","adv-header-id-meta":"","stick-header-meta":"","header-above-stick-meta":"","header-main-stick-meta":"","header-below-stick-meta":""},"family":[3053],"product_notice":[12157],"product_icon":[],"product_application":[],"product_standards_certification":[12017,12030,12044,12051,12890],"product_benefits":[10280,10360,10401,10417,10418,10452,10477,10487],"product_support":[],"product_substrate_preparation":[],"product_important_indications":[11279,11281,11283,11311,11357,11377,11382,11416,11427,11432,11456,11516],"product_conservation":[11529,11555,11562,11563,11590,11591,11640,11647,11651,11652,11718,11719,11721],"product_warning":[],"product_safety_hygiene":[],"system_certification":[8104,8106,3277,2473,9098],"product_maintenance":[4203],"product_safety_datasheet":[2693],"filter_special_uses":[],"acf":[],"yoast_head":"<!-- This site is optimized with the Yoast SEO plugin v18.1 - https:\/\/yoast.com\/wordpress\/plugins\/seo\/ -->\n<title>L\u00e1mina bituminosa de superficie enarenada | GLASDAN 30 AP ELAST<\/title>\n<meta name=\"description\" content=\"L\u00e1mina bituminosa impermeabilizante de superficie enarenada LBM-30-FV. Armadura fieltro fibra vidrio. Escasa variaci\u00f3n t\u00e9rmica. Apta con asfalto fundido.\" \/>\n<meta name=\"robots\" content=\"index, follow, max-snippet:-1, max-image-preview:large, max-video-preview:-1\" \/>\n<link rel=\"canonical\" href=\"https:\/\/www.danosa.com\/es-es\/producto\/glasdan-30-ap-elast\/\" \/>\n<meta property=\"og:locale\" content=\"es_ES\" \/>\n<meta property=\"og:type\" content=\"article\" \/>\n<meta property=\"og:title\" content=\"L\u00e1mina bituminosa de superficie enarenada | GLASDAN 30 AP ELAST\" \/>\n<meta property=\"og:description\" content=\"L\u00e1mina bituminosa impermeabilizante de superficie enarenada LBM-30-FV. Armadura fieltro fibra vidrio. Escasa variaci\u00f3n t\u00e9rmica. Apta con asfalto fundido.\" \/>\n<meta property=\"og:url\" content=\"https:\/\/www.danosa.com\/es-es\/producto\/glasdan-30-ap-elast\/\" \/>\n<meta property=\"og:site_name\" content=\"Danosa | Soluciones para la construcci\u00f3n\" \/>\n<meta property=\"article:publisher\" content=\"https:\/\/www.facebook.com\/aislamientoeimpermeabilizacion\/\" \/>\n<meta property=\"article:modified_time\" content=\"2026-04-05T12:21:31+00:00\" \/>\n<meta name=\"twitter:card\" content=\"summary_large_image\" \/>\n<meta name=\"twitter:site\" content=\"@DANOSA_SPAIN\" \/>\n<script type=\"application\/ld+json\" class=\"yoast-schema-graph\">{\"@context\":\"https:\/\/schema.org\",\"@graph\":[{\"@type\":\"WebSite\",\"@id\":\"https:\/\/www.danosa.com\/es-es\/#website\",\"url\":\"https:\/\/www.danosa.com\/es-es\/\",\"name\":\"Danosa | Soluciones para la construcci\u00f3n\",\"description\":\"Impermeabilizaci\u00f3n, aislamiento ac\u00fastico y t\u00e9rmico\",\"potentialAction\":[{\"@type\":\"SearchAction\",\"target\":{\"@type\":\"EntryPoint\",\"urlTemplate\":\"https:\/\/www.danosa.com\/es-es\/?s={search_term_string}\"},\"query-input\":\"required name=search_term_string\"}],\"inLanguage\":\"es\"},{\"@type\":\"WebPage\",\"@id\":\"https:\/\/www.danosa.com\/es-es\/producto\/glasdan-30-ap-elast\/#webpage\",\"url\":\"https:\/\/www.danosa.com\/es-es\/producto\/glasdan-30-ap-elast\/\",\"name\":\"L\u00e1mina bituminosa de superficie enarenada | GLASDAN 30 AP ELAST\",\"isPartOf\":{\"@id\":\"https:\/\/www.danosa.com\/es-es\/#website\"},\"datePublished\":\"2026-04-05T12:21:30+00:00\",\"dateModified\":\"2026-04-05T12:21:31+00:00\",\"description\":\"L\u00e1mina bituminosa impermeabilizante de superficie enarenada LBM-30-FV. Armadura fieltro fibra vidrio. Escasa variaci\u00f3n t\u00e9rmica. Apta con asfalto fundido.\",\"breadcrumb\":{\"@id\":\"https:\/\/www.danosa.com\/es-es\/producto\/glasdan-30-ap-elast\/#breadcrumb\"},\"inLanguage\":\"es\",\"potentialAction\":[{\"@type\":\"ReadAction\",\"target\":[\"https:\/\/www.danosa.com\/es-es\/producto\/glasdan-30-ap-elast\/\"]}]},{\"@type\":\"BreadcrumbList\",\"@id\":\"https:\/\/www.danosa.com\/es-es\/producto\/glasdan-30-ap-elast\/#breadcrumb\",\"itemListElement\":[{\"@type\":\"ListItem\",\"position\":1,\"name\":\"Portada\",\"item\":\"https:\/\/www.danosa.com\/es-es\/\"},{\"@type\":\"ListItem\",\"position\":2,\"name\":\"GLASDAN 30 AP ELAST\"}]}]}<\/script>\n<!-- \/ Yoast SEO plugin. -->","yoast_head_json":{"title":"L\u00e1mina bituminosa de superficie enarenada | GLASDAN 30 AP ELAST","description":"L\u00e1mina bituminosa impermeabilizante de superficie enarenada LBM-30-FV. Armadura fieltro fibra vidrio. Escasa variaci\u00f3n t\u00e9rmica. Apta con asfalto fundido.","robots":{"index":"index","follow":"follow","max-snippet":"max-snippet:-1","max-image-preview":"max-image-preview:large","max-video-preview":"max-video-preview:-1"},"canonical":"https:\/\/www.danosa.com\/es-es\/producto\/glasdan-30-ap-elast\/","og_locale":"es_ES","og_type":"article","og_title":"L\u00e1mina bituminosa de superficie enarenada | GLASDAN 30 AP ELAST","og_description":"L\u00e1mina bituminosa impermeabilizante de superficie enarenada LBM-30-FV. Armadura fieltro fibra vidrio. Escasa variaci\u00f3n t\u00e9rmica. Apta con asfalto fundido.","og_url":"https:\/\/www.danosa.com\/es-es\/producto\/glasdan-30-ap-elast\/","og_site_name":"Danosa | Soluciones para la construcci\u00f3n","article_publisher":"https:\/\/www.facebook.com\/aislamientoeimpermeabilizacion\/","article_modified_time":"2026-04-05T12:21:31+00:00","twitter_card":"summary_large_image","twitter_site":"@DANOSA_SPAIN","schema":{"@context":"https:\/\/schema.org","@graph":[{"@type":"WebSite","@id":"https:\/\/www.danosa.com\/es-es\/#website","url":"https:\/\/www.danosa.com\/es-es\/","name":"Danosa | Soluciones para la construcci\u00f3n","description":"Impermeabilizaci\u00f3n, aislamiento ac\u00fastico y t\u00e9rmico","potentialAction":[{"@type":"SearchAction","target":{"@type":"EntryPoint","urlTemplate":"https:\/\/www.danosa.com\/es-es\/?s={search_term_string}"},"query-input":"required name=search_term_string"}],"inLanguage":"es"},{"@type":"WebPage","@id":"https:\/\/www.danosa.com\/es-es\/producto\/glasdan-30-ap-elast\/#webpage","url":"https:\/\/www.danosa.com\/es-es\/producto\/glasdan-30-ap-elast\/","name":"L\u00e1mina bituminosa de superficie enarenada | GLASDAN 30 AP ELAST","isPartOf":{"@id":"https:\/\/www.danosa.com\/es-es\/#website"},"datePublished":"2026-04-05T12:21:30+00:00","dateModified":"2026-04-05T12:21:31+00:00","description":"L\u00e1mina bituminosa impermeabilizante de superficie enarenada LBM-30-FV. Armadura fieltro fibra vidrio. Escasa variaci\u00f3n t\u00e9rmica. Apta con asfalto fundido.","breadcrumb":{"@id":"https:\/\/www.danosa.com\/es-es\/producto\/glasdan-30-ap-elast\/#breadcrumb"},"inLanguage":"es","potentialAction":[{"@type":"ReadAction","target":["https:\/\/www.danosa.com\/es-es\/producto\/glasdan-30-ap-elast\/"]}]},{"@type":"BreadcrumbList","@id":"https:\/\/www.danosa.com\/es-es\/producto\/glasdan-30-ap-elast\/#breadcrumb","itemListElement":[{"@type":"ListItem","position":1,"name":"Portada","item":"https:\/\/www.danosa.com\/es-es\/"},{"@type":"ListItem","position":2,"name":"GLASDAN 30 AP ELAST"}]}]}},"_links":{"self":[{"href":"https:\/\/www.danosa.com\/es-es\/wp-json\/wp\/v2\/product\/4048"}],"collection":[{"href":"https:\/\/www.danosa.com\/es-es\/wp-json\/wp\/v2\/product"}],"about":[{"href":"https:\/\/www.danosa.com\/es-es\/wp-json\/wp\/v2\/types\/product"}],"wp:attachment":[{"href":"https:\/\/www.danosa.com\/es-es\/wp-json\/wp\/v2\/media?parent=4048"}],"wp:term":[{"taxonomy":"family","embeddable":true,"href":"https:\/\/www.danosa.com\/es-es\/wp-json\/wp\/v2\/family?post=4048"},{"taxonomy":"product_notice","embeddable":true,"href":"https:\/\/www.danosa.com\/es-es\/wp-json\/wp\/v2\/product_notice?post=4048"},{"taxonomy":"product_icon","embeddable":true,"href":"https:\/\/www.danosa.com\/es-es\/wp-json\/wp\/v2\/product_icon?post=4048"},{"taxonomy":"product_application","embeddable":true,"href":"https:\/\/www.danosa.com\/es-es\/wp-json\/wp\/v2\/product_application?post=4048"},{"taxonomy":"product_standards_certification","embeddable":true,"href":"https:\/\/www.danosa.com\/es-es\/wp-json\/wp\/v2\/product_standards_certification?post=4048"},{"taxonomy":"product_benefits","embeddable":true,"href":"https:\/\/www.danosa.com\/es-es\/wp-json\/wp\/v2\/product_benefits?post=4048"},{"taxonomy":"product_support","embeddable":true,"href":"https:\/\/www.danosa.com\/es-es\/wp-json\/wp\/v2\/product_support?post=4048"},{"taxonomy":"product_substrate_preparation","embeddable":true,"href":"https:\/\/www.danosa.com\/es-es\/wp-json\/wp\/v2\/product_substrate_preparation?post=4048"},{"taxonomy":"product_important_indications","embeddable":true,"href":"https:\/\/www.danosa.com\/es-es\/wp-json\/wp\/v2\/product_important_indications?post=4048"},{"taxonomy":"product_conservation","embeddable":true,"href":"https:\/\/www.danosa.com\/es-es\/wp-json\/wp\/v2\/product_conservation?post=4048"},{"taxonomy":"product_warning","embeddable":true,"href":"https:\/\/www.danosa.com\/es-es\/wp-json\/wp\/v2\/product_warning?post=4048"},{"taxonomy":"product_safety_hygiene","embeddable":true,"href":"https:\/\/www.danosa.com\/es-es\/wp-json\/wp\/v2\/product_safety_hygiene?post=4048"},{"taxonomy":"system_certification","embeddable":true,"href":"https:\/\/www.danosa.com\/es-es\/wp-json\/wp\/v2\/system_certification?post=4048"},{"taxonomy":"product_maintenance","embeddable":true,"href":"https:\/\/www.danosa.com\/es-es\/wp-json\/wp\/v2\/product_maintenance?post=4048"},{"taxonomy":"product_safety_datasheet","embeddable":true,"href":"https:\/\/www.danosa.com\/es-es\/wp-json\/wp\/v2\/product_safety_datasheet?post=4048"},{"taxonomy":"filter_special_uses","embeddable":true,"href":"https:\/\/www.danosa.com\/es-es\/wp-json\/wp\/v2\/filter_special_uses?post=4048"}],"curies":[{"name":"wp","href":"https:\/\/api.w.org\/{rel}","templated":true}]}}