{"id":4057,"date":"2026-04-05T02:21:34","date_gmt":"2026-04-05T00:21:34","guid":{"rendered":"https:\/\/www.danosa.com\/es-es\/blog\/product\/glasdan-40-gp-pol\/"},"modified":"2026-04-05T02:21:34","modified_gmt":"2026-04-05T00:21:34","slug":"glasdan-40-gp-pol","status":"publish","type":"product","link":"https:\/\/www.danosa.com\/es-es\/producto\/glasdan-40-gp-pol\/","title":{"rendered":"GLASDAN 40\/GP POL"},"content":{"rendered":"<p>L\u00e1mina bituminosa de superficie autoprotegida tipo LBM-40\/G-FV (APP -15 \u00baC).<br \/>\nEst\u00e1 compuesta por una armadura de fieltro de fibra de vidrio, recubierta por ambas caras con un m\u00e1stico de bet\u00fan modificado con plast\u00f3meros, acabada en su cara externa en gr\u00e1nulos de pizarra de color gris (negro), como material de protecci\u00f3n. En su cara interna, como material antiadherente, incorpora un film pl\u00e1stico de terminaci\u00f3n.<\/p>\n","protected":false},"excerpt":{"rendered":"<p>Membrana impermeable de bet\u00fan plastom\u00e9rico APP autoprotegida tipo LBM-40\/G-FV.<\/p>\n","protected":false},"featured_media":0,"parent":0,"menu_order":0,"template":"","meta":{"inline_featured_image":false,"site-sidebar-layout":"default","site-content-layout":"default","ast-main-header-display":"","ast-hfb-above-header-display":"","ast-hfb-below-header-display":"","ast-hfb-mobile-header-display":"","site-post-title":"","ast-breadcrumbs-content":"","ast-featured-img":"","footer-sml-layout":"","theme-transparent-header-meta":"","adv-header-id-meta":"","stick-header-meta":"","header-above-stick-meta":"","header-main-stick-meta":"","header-below-stick-meta":""},"family":[3053],"product_notice":[12157],"product_icon":[],"product_application":[10812],"product_standards_certification":[12030,12044,12058,12063,12067],"product_benefits":[10243,10248,10390],"product_support":[],"product_substrate_preparation":[],"product_important_indications":[11280,11281,11285,11311,11332,11333,11334,11357,11364,11377,11416,11432],"product_conservation":[11529,11555,11562,11563,11590,11591,11635,11640,11651,11652,11718,11719],"product_warning":[],"product_safety_hygiene":[],"system_certification":[2441,2464,2473],"product_maintenance":[4203],"product_safety_datasheet":[2693],"filter_special_uses":[],"acf":[],"yoast_head":"<!-- This site is optimized with the Yoast SEO plugin v18.1 - https:\/\/yoast.com\/wordpress\/plugins\/seo\/ -->\n<title>Tela asf\u00e1ltica autoprotegida de bet\u00fan plastom\u00e9rico | GLASDAN 40\/GP POL<\/title>\n<meta name=\"description\" content=\"Tela asf\u00e1ltica autoprotegida de bet\u00fan plastom\u00e9rico tipo LBM-40\/G-FV. Compuesta por una armadura de fieltro de fibra de vidrio. Gran resistencia. Danosa.\" \/>\n<meta name=\"robots\" content=\"index, follow, max-snippet:-1, max-image-preview:large, max-video-preview:-1\" \/>\n<link rel=\"canonical\" href=\"https:\/\/www.danosa.com\/es-es\/producto\/glasdan-40-gp-pol\/\" \/>\n<meta property=\"og:locale\" content=\"es_ES\" \/>\n<meta property=\"og:type\" content=\"article\" \/>\n<meta property=\"og:title\" content=\"Tela asf\u00e1ltica autoprotegida de bet\u00fan plastom\u00e9rico | GLASDAN 40\/GP POL\" \/>\n<meta property=\"og:description\" content=\"Tela asf\u00e1ltica autoprotegida de bet\u00fan plastom\u00e9rico tipo LBM-40\/G-FV. Compuesta por una armadura de fieltro de fibra de vidrio. Gran resistencia. Danosa.\" \/>\n<meta property=\"og:url\" content=\"https:\/\/www.danosa.com\/es-es\/producto\/glasdan-40-gp-pol\/\" \/>\n<meta property=\"og:site_name\" content=\"Danosa | Soluciones para la construcci\u00f3n\" \/>\n<meta property=\"article:publisher\" content=\"https:\/\/www.facebook.com\/aislamientoeimpermeabilizacion\/\" \/>\n<meta name=\"twitter:card\" content=\"summary_large_image\" \/>\n<meta name=\"twitter:site\" content=\"@DANOSA_SPAIN\" \/>\n<script type=\"application\/ld+json\" class=\"yoast-schema-graph\">{\"@context\":\"https:\/\/schema.org\",\"@graph\":[{\"@type\":\"WebSite\",\"@id\":\"https:\/\/www.danosa.com\/es-es\/#website\",\"url\":\"https:\/\/www.danosa.com\/es-es\/\",\"name\":\"Danosa | Soluciones para la construcci\u00f3n\",\"description\":\"Impermeabilizaci\u00f3n, aislamiento ac\u00fastico y t\u00e9rmico\",\"potentialAction\":[{\"@type\":\"SearchAction\",\"target\":{\"@type\":\"EntryPoint\",\"urlTemplate\":\"https:\/\/www.danosa.com\/es-es\/?s={search_term_string}\"},\"query-input\":\"required name=search_term_string\"}],\"inLanguage\":\"es\"},{\"@type\":\"WebPage\",\"@id\":\"https:\/\/www.danosa.com\/es-es\/producto\/glasdan-40-gp-pol\/#webpage\",\"url\":\"https:\/\/www.danosa.com\/es-es\/producto\/glasdan-40-gp-pol\/\",\"name\":\"Tela asf\u00e1ltica autoprotegida de bet\u00fan plastom\u00e9rico | GLASDAN 40\/GP POL\",\"isPartOf\":{\"@id\":\"https:\/\/www.danosa.com\/es-es\/#website\"},\"datePublished\":\"2026-04-05T00:21:34+00:00\",\"dateModified\":\"2026-04-05T00:21:34+00:00\",\"description\":\"Tela asf\u00e1ltica autoprotegida de bet\u00fan plastom\u00e9rico tipo LBM-40\/G-FV. Compuesta por una armadura de fieltro de fibra de vidrio. Gran resistencia. Danosa.\",\"breadcrumb\":{\"@id\":\"https:\/\/www.danosa.com\/es-es\/producto\/glasdan-40-gp-pol\/#breadcrumb\"},\"inLanguage\":\"es\",\"potentialAction\":[{\"@type\":\"ReadAction\",\"target\":[\"https:\/\/www.danosa.com\/es-es\/producto\/glasdan-40-gp-pol\/\"]}]},{\"@type\":\"BreadcrumbList\",\"@id\":\"https:\/\/www.danosa.com\/es-es\/producto\/glasdan-40-gp-pol\/#breadcrumb\",\"itemListElement\":[{\"@type\":\"ListItem\",\"position\":1,\"name\":\"Portada\",\"item\":\"https:\/\/www.danosa.com\/es-es\/\"},{\"@type\":\"ListItem\",\"position\":2,\"name\":\"GLASDAN 40\/GP POL\"}]}]}<\/script>\n<!-- \/ Yoast SEO plugin. -->","yoast_head_json":{"title":"Tela asf\u00e1ltica autoprotegida de bet\u00fan plastom\u00e9rico | GLASDAN 40\/GP POL","description":"Tela asf\u00e1ltica autoprotegida de bet\u00fan plastom\u00e9rico tipo LBM-40\/G-FV. Compuesta por una armadura de fieltro de fibra de vidrio. Gran resistencia. Danosa.","robots":{"index":"index","follow":"follow","max-snippet":"max-snippet:-1","max-image-preview":"max-image-preview:large","max-video-preview":"max-video-preview:-1"},"canonical":"https:\/\/www.danosa.com\/es-es\/producto\/glasdan-40-gp-pol\/","og_locale":"es_ES","og_type":"article","og_title":"Tela asf\u00e1ltica autoprotegida de bet\u00fan plastom\u00e9rico | GLASDAN 40\/GP POL","og_description":"Tela asf\u00e1ltica autoprotegida de bet\u00fan plastom\u00e9rico tipo LBM-40\/G-FV. Compuesta por una armadura de fieltro de fibra de vidrio. Gran resistencia. Danosa.","og_url":"https:\/\/www.danosa.com\/es-es\/producto\/glasdan-40-gp-pol\/","og_site_name":"Danosa | Soluciones para la construcci\u00f3n","article_publisher":"https:\/\/www.facebook.com\/aislamientoeimpermeabilizacion\/","twitter_card":"summary_large_image","twitter_site":"@DANOSA_SPAIN","schema":{"@context":"https:\/\/schema.org","@graph":[{"@type":"WebSite","@id":"https:\/\/www.danosa.com\/es-es\/#website","url":"https:\/\/www.danosa.com\/es-es\/","name":"Danosa | Soluciones para la construcci\u00f3n","description":"Impermeabilizaci\u00f3n, aislamiento ac\u00fastico y t\u00e9rmico","potentialAction":[{"@type":"SearchAction","target":{"@type":"EntryPoint","urlTemplate":"https:\/\/www.danosa.com\/es-es\/?s={search_term_string}"},"query-input":"required name=search_term_string"}],"inLanguage":"es"},{"@type":"WebPage","@id":"https:\/\/www.danosa.com\/es-es\/producto\/glasdan-40-gp-pol\/#webpage","url":"https:\/\/www.danosa.com\/es-es\/producto\/glasdan-40-gp-pol\/","name":"Tela asf\u00e1ltica autoprotegida de bet\u00fan plastom\u00e9rico | GLASDAN 40\/GP POL","isPartOf":{"@id":"https:\/\/www.danosa.com\/es-es\/#website"},"datePublished":"2026-04-05T00:21:34+00:00","dateModified":"2026-04-05T00:21:34+00:00","description":"Tela asf\u00e1ltica autoprotegida de bet\u00fan plastom\u00e9rico tipo LBM-40\/G-FV. Compuesta por una armadura de fieltro de fibra de vidrio. Gran resistencia. Danosa.","breadcrumb":{"@id":"https:\/\/www.danosa.com\/es-es\/producto\/glasdan-40-gp-pol\/#breadcrumb"},"inLanguage":"es","potentialAction":[{"@type":"ReadAction","target":["https:\/\/www.danosa.com\/es-es\/producto\/glasdan-40-gp-pol\/"]}]},{"@type":"BreadcrumbList","@id":"https:\/\/www.danosa.com\/es-es\/producto\/glasdan-40-gp-pol\/#breadcrumb","itemListElement":[{"@type":"ListItem","position":1,"name":"Portada","item":"https:\/\/www.danosa.com\/es-es\/"},{"@type":"ListItem","position":2,"name":"GLASDAN 40\/GP POL"}]}]}},"_links":{"self":[{"href":"https:\/\/www.danosa.com\/es-es\/wp-json\/wp\/v2\/product\/4057"}],"collection":[{"href":"https:\/\/www.danosa.com\/es-es\/wp-json\/wp\/v2\/product"}],"about":[{"href":"https:\/\/www.danosa.com\/es-es\/wp-json\/wp\/v2\/types\/product"}],"wp:attachment":[{"href":"https:\/\/www.danosa.com\/es-es\/wp-json\/wp\/v2\/media?parent=4057"}],"wp:term":[{"taxonomy":"family","embeddable":true,"href":"https:\/\/www.danosa.com\/es-es\/wp-json\/wp\/v2\/family?post=4057"},{"taxonomy":"product_notice","embeddable":true,"href":"https:\/\/www.danosa.com\/es-es\/wp-json\/wp\/v2\/product_notice?post=4057"},{"taxonomy":"product_icon","embeddable":true,"href":"https:\/\/www.danosa.com\/es-es\/wp-json\/wp\/v2\/product_icon?post=4057"},{"taxonomy":"product_application","embeddable":true,"href":"https:\/\/www.danosa.com\/es-es\/wp-json\/wp\/v2\/product_application?post=4057"},{"taxonomy":"product_standards_certification","embeddable":true,"href":"https:\/\/www.danosa.com\/es-es\/wp-json\/wp\/v2\/product_standards_certification?post=4057"},{"taxonomy":"product_benefits","embeddable":true,"href":"https:\/\/www.danosa.com\/es-es\/wp-json\/wp\/v2\/product_benefits?post=4057"},{"taxonomy":"product_support","embeddable":true,"href":"https:\/\/www.danosa.com\/es-es\/wp-json\/wp\/v2\/product_support?post=4057"},{"taxonomy":"product_substrate_preparation","embeddable":true,"href":"https:\/\/www.danosa.com\/es-es\/wp-json\/wp\/v2\/product_substrate_preparation?post=4057"},{"taxonomy":"product_important_indications","embeddable":true,"href":"https:\/\/www.danosa.com\/es-es\/wp-json\/wp\/v2\/product_important_indications?post=4057"},{"taxonomy":"product_conservation","embeddable":true,"href":"https:\/\/www.danosa.com\/es-es\/wp-json\/wp\/v2\/product_conservation?post=4057"},{"taxonomy":"product_warning","embeddable":true,"href":"https:\/\/www.danosa.com\/es-es\/wp-json\/wp\/v2\/product_warning?post=4057"},{"taxonomy":"product_safety_hygiene","embeddable":true,"href":"https:\/\/www.danosa.com\/es-es\/wp-json\/wp\/v2\/product_safety_hygiene?post=4057"},{"taxonomy":"system_certification","embeddable":true,"href":"https:\/\/www.danosa.com\/es-es\/wp-json\/wp\/v2\/system_certification?post=4057"},{"taxonomy":"product_maintenance","embeddable":true,"href":"https:\/\/www.danosa.com\/es-es\/wp-json\/wp\/v2\/product_maintenance?post=4057"},{"taxonomy":"product_safety_datasheet","embeddable":true,"href":"https:\/\/www.danosa.com\/es-es\/wp-json\/wp\/v2\/product_safety_datasheet?post=4057"},{"taxonomy":"filter_special_uses","embeddable":true,"href":"https:\/\/www.danosa.com\/es-es\/wp-json\/wp\/v2\/filter_special_uses?post=4057"}],"curies":[{"name":"wp","href":"https:\/\/api.w.org\/{rel}","templated":true}]}}