{"id":4152,"date":"2026-04-09T02:25:35","date_gmt":"2026-04-09T00:25:35","guid":{"rendered":"https:\/\/www.danosa.com\/es-es\/blog\/product\/revestidan-sate-mineral\/"},"modified":"2026-04-09T02:25:37","modified_gmt":"2026-04-09T00:25:37","slug":"revestidan-sate-mineral","status":"publish","type":"product","link":"https:\/\/www.danosa.com\/es-es\/producto\/revestidan-sate-mineral\/","title":{"rendered":"REVESTIDAN SATE MINERAL"},"content":{"rendered":"<p>Mortero de revoco y enlucido mixto a base de cemento portland blanco y cal a\u00e9rea, resinas polim\u00e9ricas, \u00e1ridos seleccionados y aditivos qu\u00edmicos que le otorgan un extraordinario comportamiento para la realizaci\u00f3n de acabados decorativos como revestimiento de acabado para sistemas SATE.<\/p>\n","protected":false},"excerpt":{"rendered":"<p>Mortero y revoco para enlucido del Sistema SATE<\/p>\n","protected":false},"featured_media":0,"parent":0,"menu_order":0,"template":"","meta":{"inline_featured_image":false,"site-sidebar-layout":"default","site-content-layout":"default","ast-main-header-display":"","ast-hfb-above-header-display":"","ast-hfb-below-header-display":"","ast-hfb-mobile-header-display":"","site-post-title":"","ast-breadcrumbs-content":"","ast-featured-img":"","footer-sml-layout":"","theme-transparent-header-meta":"","adv-header-id-meta":"","stick-header-meta":"","header-above-stick-meta":"","header-main-stick-meta":"","header-below-stick-meta":""},"family":[3160],"product_notice":[12157],"product_icon":[],"product_application":[10823,11024,11036],"product_standards_certification":[],"product_benefits":[10157,10228,10261,10311,10350,10373,10553,10569,10596],"product_support":[11901,11962,11976],"product_substrate_preparation":[],"product_important_indications":[],"product_conservation":[11579],"product_warning":[11731,11770,11776,11791,11792,11808,11840,11863,12457],"product_safety_hygiene":[],"system_certification":[],"product_maintenance":[],"product_safety_datasheet":[3240],"filter_special_uses":[],"acf":[],"yoast_head":"<!-- This site is optimized with the Yoast SEO plugin v18.1 - https:\/\/yoast.com\/wordpress\/plugins\/seo\/ -->\n<title>Mortero para SATE | REVESTIDAN | Aislamiento t\u00e9rmico exterior fachadas<\/title>\n<meta name=\"description\" content=\"Mortero de enlucido y revoco a base de cemento blanco, resinas polim\u00e9ricas, \u00e1ridos y aditivos qu\u00edmicos para fachadas con sistema SATE. Garant\u00eda Danosa\" \/>\n<meta name=\"robots\" content=\"index, follow, max-snippet:-1, max-image-preview:large, max-video-preview:-1\" \/>\n<link rel=\"canonical\" href=\"https:\/\/www.danosa.com\/es-es\/producto\/revestidan-sate-mineral\/\" \/>\n<meta property=\"og:locale\" content=\"es_ES\" \/>\n<meta property=\"og:type\" content=\"article\" \/>\n<meta property=\"og:title\" content=\"Mortero para SATE | REVESTIDAN | Aislamiento t\u00e9rmico exterior fachadas\" \/>\n<meta property=\"og:description\" content=\"Mortero de enlucido y revoco a base de cemento blanco, resinas polim\u00e9ricas, \u00e1ridos y aditivos qu\u00edmicos para fachadas con sistema SATE. Garant\u00eda Danosa\" \/>\n<meta property=\"og:url\" content=\"https:\/\/www.danosa.com\/es-es\/producto\/revestidan-sate-mineral\/\" \/>\n<meta property=\"og:site_name\" content=\"Danosa | Soluciones para la construcci\u00f3n\" \/>\n<meta property=\"article:publisher\" content=\"https:\/\/www.facebook.com\/aislamientoeimpermeabilizacion\/\" \/>\n<meta property=\"article:modified_time\" content=\"2026-04-09T00:25:37+00:00\" \/>\n<meta name=\"twitter:card\" content=\"summary_large_image\" \/>\n<meta name=\"twitter:site\" content=\"@DANOSA_SPAIN\" \/>\n<script type=\"application\/ld+json\" class=\"yoast-schema-graph\">{\"@context\":\"https:\/\/schema.org\",\"@graph\":[{\"@type\":\"WebSite\",\"@id\":\"https:\/\/www.danosa.com\/es-es\/#website\",\"url\":\"https:\/\/www.danosa.com\/es-es\/\",\"name\":\"Danosa | Soluciones para la construcci\u00f3n\",\"description\":\"Impermeabilizaci\u00f3n, aislamiento ac\u00fastico y t\u00e9rmico\",\"potentialAction\":[{\"@type\":\"SearchAction\",\"target\":{\"@type\":\"EntryPoint\",\"urlTemplate\":\"https:\/\/www.danosa.com\/es-es\/?s={search_term_string}\"},\"query-input\":\"required name=search_term_string\"}],\"inLanguage\":\"es\"},{\"@type\":\"WebPage\",\"@id\":\"https:\/\/www.danosa.com\/es-es\/producto\/revestidan-sate-mineral\/#webpage\",\"url\":\"https:\/\/www.danosa.com\/es-es\/producto\/revestidan-sate-mineral\/\",\"name\":\"Mortero para SATE | REVESTIDAN | Aislamiento t\u00e9rmico exterior fachadas\",\"isPartOf\":{\"@id\":\"https:\/\/www.danosa.com\/es-es\/#website\"},\"datePublished\":\"2026-04-09T00:25:35+00:00\",\"dateModified\":\"2026-04-09T00:25:37+00:00\",\"description\":\"Mortero de enlucido y revoco a base de cemento blanco, resinas polim\u00e9ricas, \u00e1ridos y aditivos qu\u00edmicos para fachadas con sistema SATE. Garant\u00eda Danosa\",\"breadcrumb\":{\"@id\":\"https:\/\/www.danosa.com\/es-es\/producto\/revestidan-sate-mineral\/#breadcrumb\"},\"inLanguage\":\"es\",\"potentialAction\":[{\"@type\":\"ReadAction\",\"target\":[\"https:\/\/www.danosa.com\/es-es\/producto\/revestidan-sate-mineral\/\"]}]},{\"@type\":\"BreadcrumbList\",\"@id\":\"https:\/\/www.danosa.com\/es-es\/producto\/revestidan-sate-mineral\/#breadcrumb\",\"itemListElement\":[{\"@type\":\"ListItem\",\"position\":1,\"name\":\"Portada\",\"item\":\"https:\/\/www.danosa.com\/es-es\/\"},{\"@type\":\"ListItem\",\"position\":2,\"name\":\"REVESTIDAN SATE MINERAL\"}]}]}<\/script>\n<!-- \/ Yoast SEO plugin. -->","yoast_head_json":{"title":"Mortero para SATE | REVESTIDAN | Aislamiento t\u00e9rmico exterior fachadas","description":"Mortero de enlucido y revoco a base de cemento blanco, resinas polim\u00e9ricas, \u00e1ridos y aditivos qu\u00edmicos para fachadas con sistema SATE. Garant\u00eda Danosa","robots":{"index":"index","follow":"follow","max-snippet":"max-snippet:-1","max-image-preview":"max-image-preview:large","max-video-preview":"max-video-preview:-1"},"canonical":"https:\/\/www.danosa.com\/es-es\/producto\/revestidan-sate-mineral\/","og_locale":"es_ES","og_type":"article","og_title":"Mortero para SATE | REVESTIDAN | Aislamiento t\u00e9rmico exterior fachadas","og_description":"Mortero de enlucido y revoco a base de cemento blanco, resinas polim\u00e9ricas, \u00e1ridos y aditivos qu\u00edmicos para fachadas con sistema SATE. Garant\u00eda Danosa","og_url":"https:\/\/www.danosa.com\/es-es\/producto\/revestidan-sate-mineral\/","og_site_name":"Danosa | Soluciones para la construcci\u00f3n","article_publisher":"https:\/\/www.facebook.com\/aislamientoeimpermeabilizacion\/","article_modified_time":"2026-04-09T00:25:37+00:00","twitter_card":"summary_large_image","twitter_site":"@DANOSA_SPAIN","schema":{"@context":"https:\/\/schema.org","@graph":[{"@type":"WebSite","@id":"https:\/\/www.danosa.com\/es-es\/#website","url":"https:\/\/www.danosa.com\/es-es\/","name":"Danosa | Soluciones para la construcci\u00f3n","description":"Impermeabilizaci\u00f3n, aislamiento ac\u00fastico y t\u00e9rmico","potentialAction":[{"@type":"SearchAction","target":{"@type":"EntryPoint","urlTemplate":"https:\/\/www.danosa.com\/es-es\/?s={search_term_string}"},"query-input":"required name=search_term_string"}],"inLanguage":"es"},{"@type":"WebPage","@id":"https:\/\/www.danosa.com\/es-es\/producto\/revestidan-sate-mineral\/#webpage","url":"https:\/\/www.danosa.com\/es-es\/producto\/revestidan-sate-mineral\/","name":"Mortero para SATE | REVESTIDAN | Aislamiento t\u00e9rmico exterior fachadas","isPartOf":{"@id":"https:\/\/www.danosa.com\/es-es\/#website"},"datePublished":"2026-04-09T00:25:35+00:00","dateModified":"2026-04-09T00:25:37+00:00","description":"Mortero de enlucido y revoco a base de cemento blanco, resinas polim\u00e9ricas, \u00e1ridos y aditivos qu\u00edmicos para fachadas con sistema SATE. Garant\u00eda Danosa","breadcrumb":{"@id":"https:\/\/www.danosa.com\/es-es\/producto\/revestidan-sate-mineral\/#breadcrumb"},"inLanguage":"es","potentialAction":[{"@type":"ReadAction","target":["https:\/\/www.danosa.com\/es-es\/producto\/revestidan-sate-mineral\/"]}]},{"@type":"BreadcrumbList","@id":"https:\/\/www.danosa.com\/es-es\/producto\/revestidan-sate-mineral\/#breadcrumb","itemListElement":[{"@type":"ListItem","position":1,"name":"Portada","item":"https:\/\/www.danosa.com\/es-es\/"},{"@type":"ListItem","position":2,"name":"REVESTIDAN SATE MINERAL"}]}]}},"_links":{"self":[{"href":"https:\/\/www.danosa.com\/es-es\/wp-json\/wp\/v2\/product\/4152"}],"collection":[{"href":"https:\/\/www.danosa.com\/es-es\/wp-json\/wp\/v2\/product"}],"about":[{"href":"https:\/\/www.danosa.com\/es-es\/wp-json\/wp\/v2\/types\/product"}],"wp:attachment":[{"href":"https:\/\/www.danosa.com\/es-es\/wp-json\/wp\/v2\/media?parent=4152"}],"wp:term":[{"taxonomy":"family","embeddable":true,"href":"https:\/\/www.danosa.com\/es-es\/wp-json\/wp\/v2\/family?post=4152"},{"taxonomy":"product_notice","embeddable":true,"href":"https:\/\/www.danosa.com\/es-es\/wp-json\/wp\/v2\/product_notice?post=4152"},{"taxonomy":"product_icon","embeddable":true,"href":"https:\/\/www.danosa.com\/es-es\/wp-json\/wp\/v2\/product_icon?post=4152"},{"taxonomy":"product_application","embeddable":true,"href":"https:\/\/www.danosa.com\/es-es\/wp-json\/wp\/v2\/product_application?post=4152"},{"taxonomy":"product_standards_certification","embeddable":true,"href":"https:\/\/www.danosa.com\/es-es\/wp-json\/wp\/v2\/product_standards_certification?post=4152"},{"taxonomy":"product_benefits","embeddable":true,"href":"https:\/\/www.danosa.com\/es-es\/wp-json\/wp\/v2\/product_benefits?post=4152"},{"taxonomy":"product_support","embeddable":true,"href":"https:\/\/www.danosa.com\/es-es\/wp-json\/wp\/v2\/product_support?post=4152"},{"taxonomy":"product_substrate_preparation","embeddable":true,"href":"https:\/\/www.danosa.com\/es-es\/wp-json\/wp\/v2\/product_substrate_preparation?post=4152"},{"taxonomy":"product_important_indications","embeddable":true,"href":"https:\/\/www.danosa.com\/es-es\/wp-json\/wp\/v2\/product_important_indications?post=4152"},{"taxonomy":"product_conservation","embeddable":true,"href":"https:\/\/www.danosa.com\/es-es\/wp-json\/wp\/v2\/product_conservation?post=4152"},{"taxonomy":"product_warning","embeddable":true,"href":"https:\/\/www.danosa.com\/es-es\/wp-json\/wp\/v2\/product_warning?post=4152"},{"taxonomy":"product_safety_hygiene","embeddable":true,"href":"https:\/\/www.danosa.com\/es-es\/wp-json\/wp\/v2\/product_safety_hygiene?post=4152"},{"taxonomy":"system_certification","embeddable":true,"href":"https:\/\/www.danosa.com\/es-es\/wp-json\/wp\/v2\/system_certification?post=4152"},{"taxonomy":"product_maintenance","embeddable":true,"href":"https:\/\/www.danosa.com\/es-es\/wp-json\/wp\/v2\/product_maintenance?post=4152"},{"taxonomy":"product_safety_datasheet","embeddable":true,"href":"https:\/\/www.danosa.com\/es-es\/wp-json\/wp\/v2\/product_safety_datasheet?post=4152"},{"taxonomy":"filter_special_uses","embeddable":true,"href":"https:\/\/www.danosa.com\/es-es\/wp-json\/wp\/v2\/filter_special_uses?post=4152"}],"curies":[{"name":"wp","href":"https:\/\/api.w.org\/{rel}","templated":true}]}}