{"id":8361,"date":"2026-04-05T02:21:21","date_gmt":"2026-04-05T00:21:21","guid":{"rendered":"https:\/\/www.danosa.com\/es-es\/producto\/esterdan-50-gp-pol-jardin-verde-3\/"},"modified":"2026-04-05T02:21:25","modified_gmt":"2026-04-05T00:21:25","slug":"esterdan-50-gp-pol-jardin-verde","status":"publish","type":"product","link":"https:\/\/www.danosa.com\/es-es\/producto\/esterdan-50-gp-pol-jardin-verde\/","title":{"rendered":"ESTERDAN 50\/GP POL JARDIN VERDE."},"content":{"rendered":"<p>L\u00e1mina bituminosa de superficie autoprotegida tipo LBM-50\/G-FP.<br \/>\nEst\u00e1 compuesta por una armadura de fieltro de poli\u00e9ster reforzado, recubierta por ambas caras con un m\u00e1stico de bet\u00fan modificado con plast\u00f3meros (APP -15\u00baC), acabada en su cara externa en gr\u00e1nulos de pizarra de color verde, como material de protecci\u00f3n. En su cara interna, como material antiadherente, incorpora un film pl\u00e1stico de terminaci\u00f3n.<br \/>\nLleva incorporados en su masa productos repelentes a las ra\u00edces.<\/p>\n","protected":false},"excerpt":{"rendered":"<p>Membrana impermeable de bet\u00fan plastom\u00e9rico APP autoprotegida  tipo LBM-50\/G-FP. Anti &#8211; Ra\u00edz, especial para cubiertas ajardinadas.<\/p>\n","protected":false},"featured_media":0,"parent":0,"menu_order":0,"template":"","meta":{"inline_featured_image":false,"site-sidebar-layout":"default","site-content-layout":"default","ast-main-header-display":"","ast-hfb-above-header-display":"","ast-hfb-below-header-display":"","ast-hfb-mobile-header-display":"","site-post-title":"","ast-breadcrumbs-content":"","ast-featured-img":"","footer-sml-layout":"","theme-transparent-header-meta":"","adv-header-id-meta":"","stick-header-meta":"","header-above-stick-meta":"","header-main-stick-meta":"","header-below-stick-meta":""},"family":[3053],"product_notice":[12157],"product_icon":[],"product_application":[10736,10948,10966,13054],"product_standards_certification":[12030,12034,12044,12047],"product_benefits":[10101,10208,10210,10220,10290,10360,10367,10370,10372,10383,10402,10416,10455,10502],"product_support":[],"product_substrate_preparation":[],"product_important_indications":[11279,11281,11283,11290,11311,11333,11334,11357,11373,11387,11416,11427,11429,11432,11456,11516],"product_conservation":[11529,11555,11562,11563,11590,11591,11640,11647,11651,11652,11718,11719,11721],"product_warning":[],"product_safety_hygiene":[],"system_certification":[2441,2473],"product_maintenance":[4203],"product_safety_datasheet":[2693],"filter_special_uses":[],"acf":[],"yoast_head":"<!-- This site is optimized with the Yoast SEO plugin v18.1 - https:\/\/yoast.com\/wordpress\/plugins\/seo\/ -->\n<title>Tela asf\u00e1ltica para jardin | Esterdan 50\/GP POL JARDIN VERDE | Danosa<\/title>\n<meta name=\"description\" content=\"Tela asf\u00e1ltica autoprotegida impermeabilizante de bet\u00fan plastom\u00e9rico APP. L\u00e1mina antiraices especial para jardines y cubiertas ajardinadas. Danosa.\" \/>\n<meta name=\"robots\" content=\"index, follow, max-snippet:-1, max-image-preview:large, max-video-preview:-1\" \/>\n<link rel=\"canonical\" href=\"https:\/\/www.danosa.com\/es-es\/producto\/esterdan-50-gp-pol-jardin-verde\/\" \/>\n<meta property=\"og:locale\" content=\"es_ES\" \/>\n<meta property=\"og:type\" content=\"article\" \/>\n<meta property=\"og:title\" content=\"Tela asf\u00e1ltica para jardin | Esterdan 50\/GP POL JARDIN VERDE | Danosa\" \/>\n<meta property=\"og:description\" content=\"Tela asf\u00e1ltica autoprotegida impermeabilizante de bet\u00fan plastom\u00e9rico APP. L\u00e1mina antiraices especial para jardines y cubiertas ajardinadas. Danosa.\" \/>\n<meta property=\"og:url\" content=\"https:\/\/www.danosa.com\/es-es\/producto\/esterdan-50-gp-pol-jardin-verde\/\" \/>\n<meta property=\"og:site_name\" content=\"Danosa | Soluciones para la construcci\u00f3n\" \/>\n<meta property=\"article:publisher\" content=\"https:\/\/www.facebook.com\/aislamientoeimpermeabilizacion\/\" \/>\n<meta property=\"article:modified_time\" content=\"2026-04-05T00:21:25+00:00\" \/>\n<meta name=\"twitter:card\" content=\"summary_large_image\" \/>\n<meta name=\"twitter:site\" content=\"@DANOSA_SPAIN\" \/>\n<script type=\"application\/ld+json\" class=\"yoast-schema-graph\">{\"@context\":\"https:\/\/schema.org\",\"@graph\":[{\"@type\":\"WebSite\",\"@id\":\"https:\/\/www.danosa.com\/es-es\/#website\",\"url\":\"https:\/\/www.danosa.com\/es-es\/\",\"name\":\"Danosa | Soluciones para la construcci\u00f3n\",\"description\":\"Impermeabilizaci\u00f3n, aislamiento ac\u00fastico y t\u00e9rmico\",\"potentialAction\":[{\"@type\":\"SearchAction\",\"target\":{\"@type\":\"EntryPoint\",\"urlTemplate\":\"https:\/\/www.danosa.com\/es-es\/?s={search_term_string}\"},\"query-input\":\"required name=search_term_string\"}],\"inLanguage\":\"es\"},{\"@type\":\"WebPage\",\"@id\":\"https:\/\/www.danosa.com\/es-es\/producto\/esterdan-50-gp-pol-jardin-verde\/#webpage\",\"url\":\"https:\/\/www.danosa.com\/es-es\/producto\/esterdan-50-gp-pol-jardin-verde\/\",\"name\":\"Tela asf\u00e1ltica para jardin | Esterdan 50\/GP POL JARDIN VERDE | Danosa\",\"isPartOf\":{\"@id\":\"https:\/\/www.danosa.com\/es-es\/#website\"},\"datePublished\":\"2026-04-05T00:21:21+00:00\",\"dateModified\":\"2026-04-05T00:21:25+00:00\",\"description\":\"Tela asf\u00e1ltica autoprotegida impermeabilizante de bet\u00fan plastom\u00e9rico APP. L\u00e1mina antiraices especial para jardines y cubiertas ajardinadas. Danosa.\",\"breadcrumb\":{\"@id\":\"https:\/\/www.danosa.com\/es-es\/producto\/esterdan-50-gp-pol-jardin-verde\/#breadcrumb\"},\"inLanguage\":\"es\",\"potentialAction\":[{\"@type\":\"ReadAction\",\"target\":[\"https:\/\/www.danosa.com\/es-es\/producto\/esterdan-50-gp-pol-jardin-verde\/\"]}]},{\"@type\":\"BreadcrumbList\",\"@id\":\"https:\/\/www.danosa.com\/es-es\/producto\/esterdan-50-gp-pol-jardin-verde\/#breadcrumb\",\"itemListElement\":[{\"@type\":\"ListItem\",\"position\":1,\"name\":\"Portada\",\"item\":\"https:\/\/www.danosa.com\/es-es\/\"},{\"@type\":\"ListItem\",\"position\":2,\"name\":\"ESTERDAN 50\/GP POL JARDIN VERDE.\"}]}]}<\/script>\n<!-- \/ Yoast SEO plugin. -->","yoast_head_json":{"title":"Tela asf\u00e1ltica para jardin | Esterdan 50\/GP POL JARDIN VERDE | Danosa","description":"Tela asf\u00e1ltica autoprotegida impermeabilizante de bet\u00fan plastom\u00e9rico APP. L\u00e1mina antiraices especial para jardines y cubiertas ajardinadas. Danosa.","robots":{"index":"index","follow":"follow","max-snippet":"max-snippet:-1","max-image-preview":"max-image-preview:large","max-video-preview":"max-video-preview:-1"},"canonical":"https:\/\/www.danosa.com\/es-es\/producto\/esterdan-50-gp-pol-jardin-verde\/","og_locale":"es_ES","og_type":"article","og_title":"Tela asf\u00e1ltica para jardin | Esterdan 50\/GP POL JARDIN VERDE | Danosa","og_description":"Tela asf\u00e1ltica autoprotegida impermeabilizante de bet\u00fan plastom\u00e9rico APP. L\u00e1mina antiraices especial para jardines y cubiertas ajardinadas. Danosa.","og_url":"https:\/\/www.danosa.com\/es-es\/producto\/esterdan-50-gp-pol-jardin-verde\/","og_site_name":"Danosa | Soluciones para la construcci\u00f3n","article_publisher":"https:\/\/www.facebook.com\/aislamientoeimpermeabilizacion\/","article_modified_time":"2026-04-05T00:21:25+00:00","twitter_card":"summary_large_image","twitter_site":"@DANOSA_SPAIN","schema":{"@context":"https:\/\/schema.org","@graph":[{"@type":"WebSite","@id":"https:\/\/www.danosa.com\/es-es\/#website","url":"https:\/\/www.danosa.com\/es-es\/","name":"Danosa | Soluciones para la construcci\u00f3n","description":"Impermeabilizaci\u00f3n, aislamiento ac\u00fastico y t\u00e9rmico","potentialAction":[{"@type":"SearchAction","target":{"@type":"EntryPoint","urlTemplate":"https:\/\/www.danosa.com\/es-es\/?s={search_term_string}"},"query-input":"required name=search_term_string"}],"inLanguage":"es"},{"@type":"WebPage","@id":"https:\/\/www.danosa.com\/es-es\/producto\/esterdan-50-gp-pol-jardin-verde\/#webpage","url":"https:\/\/www.danosa.com\/es-es\/producto\/esterdan-50-gp-pol-jardin-verde\/","name":"Tela asf\u00e1ltica para jardin | Esterdan 50\/GP POL JARDIN VERDE | Danosa","isPartOf":{"@id":"https:\/\/www.danosa.com\/es-es\/#website"},"datePublished":"2026-04-05T00:21:21+00:00","dateModified":"2026-04-05T00:21:25+00:00","description":"Tela asf\u00e1ltica autoprotegida impermeabilizante de bet\u00fan plastom\u00e9rico APP. L\u00e1mina antiraices especial para jardines y cubiertas ajardinadas. Danosa.","breadcrumb":{"@id":"https:\/\/www.danosa.com\/es-es\/producto\/esterdan-50-gp-pol-jardin-verde\/#breadcrumb"},"inLanguage":"es","potentialAction":[{"@type":"ReadAction","target":["https:\/\/www.danosa.com\/es-es\/producto\/esterdan-50-gp-pol-jardin-verde\/"]}]},{"@type":"BreadcrumbList","@id":"https:\/\/www.danosa.com\/es-es\/producto\/esterdan-50-gp-pol-jardin-verde\/#breadcrumb","itemListElement":[{"@type":"ListItem","position":1,"name":"Portada","item":"https:\/\/www.danosa.com\/es-es\/"},{"@type":"ListItem","position":2,"name":"ESTERDAN 50\/GP POL JARDIN VERDE."}]}]}},"_links":{"self":[{"href":"https:\/\/www.danosa.com\/es-es\/wp-json\/wp\/v2\/product\/8361"}],"collection":[{"href":"https:\/\/www.danosa.com\/es-es\/wp-json\/wp\/v2\/product"}],"about":[{"href":"https:\/\/www.danosa.com\/es-es\/wp-json\/wp\/v2\/types\/product"}],"wp:attachment":[{"href":"https:\/\/www.danosa.com\/es-es\/wp-json\/wp\/v2\/media?parent=8361"}],"wp:term":[{"taxonomy":"family","embeddable":true,"href":"https:\/\/www.danosa.com\/es-es\/wp-json\/wp\/v2\/family?post=8361"},{"taxonomy":"product_notice","embeddable":true,"href":"https:\/\/www.danosa.com\/es-es\/wp-json\/wp\/v2\/product_notice?post=8361"},{"taxonomy":"product_icon","embeddable":true,"href":"https:\/\/www.danosa.com\/es-es\/wp-json\/wp\/v2\/product_icon?post=8361"},{"taxonomy":"product_application","embeddable":true,"href":"https:\/\/www.danosa.com\/es-es\/wp-json\/wp\/v2\/product_application?post=8361"},{"taxonomy":"product_standards_certification","embeddable":true,"href":"https:\/\/www.danosa.com\/es-es\/wp-json\/wp\/v2\/product_standards_certification?post=8361"},{"taxonomy":"product_benefits","embeddable":true,"href":"https:\/\/www.danosa.com\/es-es\/wp-json\/wp\/v2\/product_benefits?post=8361"},{"taxonomy":"product_support","embeddable":true,"href":"https:\/\/www.danosa.com\/es-es\/wp-json\/wp\/v2\/product_support?post=8361"},{"taxonomy":"product_substrate_preparation","embeddable":true,"href":"https:\/\/www.danosa.com\/es-es\/wp-json\/wp\/v2\/product_substrate_preparation?post=8361"},{"taxonomy":"product_important_indications","embeddable":true,"href":"https:\/\/www.danosa.com\/es-es\/wp-json\/wp\/v2\/product_important_indications?post=8361"},{"taxonomy":"product_conservation","embeddable":true,"href":"https:\/\/www.danosa.com\/es-es\/wp-json\/wp\/v2\/product_conservation?post=8361"},{"taxonomy":"product_warning","embeddable":true,"href":"https:\/\/www.danosa.com\/es-es\/wp-json\/wp\/v2\/product_warning?post=8361"},{"taxonomy":"product_safety_hygiene","embeddable":true,"href":"https:\/\/www.danosa.com\/es-es\/wp-json\/wp\/v2\/product_safety_hygiene?post=8361"},{"taxonomy":"system_certification","embeddable":true,"href":"https:\/\/www.danosa.com\/es-es\/wp-json\/wp\/v2\/system_certification?post=8361"},{"taxonomy":"product_maintenance","embeddable":true,"href":"https:\/\/www.danosa.com\/es-es\/wp-json\/wp\/v2\/product_maintenance?post=8361"},{"taxonomy":"product_safety_datasheet","embeddable":true,"href":"https:\/\/www.danosa.com\/es-es\/wp-json\/wp\/v2\/product_safety_datasheet?post=8361"},{"taxonomy":"filter_special_uses","embeddable":true,"href":"https:\/\/www.danosa.com\/es-es\/wp-json\/wp\/v2\/filter_special_uses?post=8361"}],"curies":[{"name":"wp","href":"https:\/\/api.w.org\/{rel}","templated":true}]}}