{"id":8371,"date":"2026-04-22T14:21:37","date_gmt":"2026-04-22T12:21:37","guid":{"rendered":"https:\/\/www.danosa.com\/es-es\/producto\/glasdan-40-p-pol-3\/"},"modified":"2026-04-22T14:21:40","modified_gmt":"2026-04-22T12:21:40","slug":"glasdan-40-p-pol","status":"publish","type":"product","link":"https:\/\/www.danosa.com\/es-es\/producto\/glasdan-40-p-pol\/","title":{"rendered":"GLASDAN 40 P POL."},"content":{"rendered":"<p>L\u00e1mina impermeabilizante bituminosa de superficie no protegida tipo LBM-40-FV (APP -15 \u00baC).<br \/>\nCompuesta por una armadura de fieltro de fibra de vidrio, recubierta por ambas caras con un m\u00e1stico de bet\u00fan modificado con plast\u00f3meros, usando como material antiadherente un film pl\u00e1stico por ambas caras.<\/p>\n","protected":false},"excerpt":{"rendered":"<p>Membrana impermeable de bet\u00fan plastom\u00e9rico APP tipo LBM-40-FV.<\/p>\n","protected":false},"featured_media":0,"parent":0,"menu_order":0,"template":"","meta":{"inline_featured_image":false,"site-sidebar-layout":"default","site-content-layout":"default","ast-main-header-display":"","ast-hfb-above-header-display":"","ast-hfb-below-header-display":"","ast-hfb-mobile-header-display":"","site-post-title":"","ast-breadcrumbs-content":"","ast-featured-img":"","footer-sml-layout":"","theme-transparent-header-meta":"","adv-header-id-meta":"","stick-header-meta":"","header-above-stick-meta":"","header-main-stick-meta":"","header-below-stick-meta":""},"family":[3053],"product_notice":[12157],"product_icon":[],"product_application":[10768,10943,10944,11028,11029,13054],"product_standards_certification":[12030,12044],"product_benefits":[10280,10360,10376,10417,10418,10477],"product_support":[],"product_substrate_preparation":[],"product_important_indications":[11280,11281,11283,11311,11334,11357,11416,11429,11432,11433,11456,11516],"product_conservation":[11529,11555,11562,11563,11590,11591,11640,11647,11651,11652,11718,11719,11721],"product_warning":[],"product_safety_hygiene":[],"system_certification":[2441,2473],"product_maintenance":[4203],"product_safety_datasheet":[2693],"filter_special_uses":[],"acf":[],"yoast_head":"<!-- This site is optimized with the Yoast SEO plugin v18.1 - https:\/\/yoast.com\/wordpress\/plugins\/seo\/ -->\n<title>L\u00e1mina asf\u00e1ltica de bet\u00fan plastom\u00e9rico | GLASDAN 40 P POL. | Danosa<\/title>\n<meta name=\"description\" content=\"L\u00e1mina asf\u00e1ltica impermeable de bet\u00fan plastom\u00e9rico APP tipo LBM-40-FV. Escasa variaci\u00f3n t\u00e9rmica. Gran estabilidad dimensional. Funde mejor. Danosa.\" \/>\n<meta name=\"robots\" content=\"index, follow, max-snippet:-1, max-image-preview:large, max-video-preview:-1\" \/>\n<link rel=\"canonical\" href=\"https:\/\/www.danosa.com\/es-es\/producto\/glasdan-40-p-pol\/\" \/>\n<meta property=\"og:locale\" content=\"es_ES\" \/>\n<meta property=\"og:type\" content=\"article\" \/>\n<meta property=\"og:title\" content=\"L\u00e1mina asf\u00e1ltica de bet\u00fan plastom\u00e9rico | GLASDAN 40 P POL. | Danosa\" \/>\n<meta property=\"og:description\" content=\"L\u00e1mina asf\u00e1ltica impermeable de bet\u00fan plastom\u00e9rico APP tipo LBM-40-FV. Escasa variaci\u00f3n t\u00e9rmica. Gran estabilidad dimensional. Funde mejor. Danosa.\" \/>\n<meta property=\"og:url\" content=\"https:\/\/www.danosa.com\/es-es\/producto\/glasdan-40-p-pol\/\" \/>\n<meta property=\"og:site_name\" content=\"Danosa | Soluciones para la construcci\u00f3n\" \/>\n<meta property=\"article:publisher\" content=\"https:\/\/www.facebook.com\/aislamientoeimpermeabilizacion\/\" \/>\n<meta property=\"article:modified_time\" content=\"2026-04-22T12:21:40+00:00\" \/>\n<meta name=\"twitter:card\" content=\"summary_large_image\" \/>\n<meta name=\"twitter:site\" content=\"@DANOSA_SPAIN\" \/>\n<script type=\"application\/ld+json\" class=\"yoast-schema-graph\">{\"@context\":\"https:\/\/schema.org\",\"@graph\":[{\"@type\":\"WebSite\",\"@id\":\"https:\/\/www.danosa.com\/es-es\/#website\",\"url\":\"https:\/\/www.danosa.com\/es-es\/\",\"name\":\"Danosa | Soluciones para la construcci\u00f3n\",\"description\":\"Impermeabilizaci\u00f3n, aislamiento ac\u00fastico y t\u00e9rmico\",\"potentialAction\":[{\"@type\":\"SearchAction\",\"target\":{\"@type\":\"EntryPoint\",\"urlTemplate\":\"https:\/\/www.danosa.com\/es-es\/?s={search_term_string}\"},\"query-input\":\"required name=search_term_string\"}],\"inLanguage\":\"es\"},{\"@type\":\"WebPage\",\"@id\":\"https:\/\/www.danosa.com\/es-es\/producto\/glasdan-40-p-pol\/#webpage\",\"url\":\"https:\/\/www.danosa.com\/es-es\/producto\/glasdan-40-p-pol\/\",\"name\":\"L\u00e1mina asf\u00e1ltica de bet\u00fan plastom\u00e9rico | GLASDAN 40 P POL. | Danosa\",\"isPartOf\":{\"@id\":\"https:\/\/www.danosa.com\/es-es\/#website\"},\"datePublished\":\"2026-04-22T12:21:37+00:00\",\"dateModified\":\"2026-04-22T12:21:40+00:00\",\"description\":\"L\u00e1mina asf\u00e1ltica impermeable de bet\u00fan plastom\u00e9rico APP tipo LBM-40-FV. Escasa variaci\u00f3n t\u00e9rmica. Gran estabilidad dimensional. Funde mejor. Danosa.\",\"breadcrumb\":{\"@id\":\"https:\/\/www.danosa.com\/es-es\/producto\/glasdan-40-p-pol\/#breadcrumb\"},\"inLanguage\":\"es\",\"potentialAction\":[{\"@type\":\"ReadAction\",\"target\":[\"https:\/\/www.danosa.com\/es-es\/producto\/glasdan-40-p-pol\/\"]}]},{\"@type\":\"BreadcrumbList\",\"@id\":\"https:\/\/www.danosa.com\/es-es\/producto\/glasdan-40-p-pol\/#breadcrumb\",\"itemListElement\":[{\"@type\":\"ListItem\",\"position\":1,\"name\":\"Portada\",\"item\":\"https:\/\/www.danosa.com\/es-es\/\"},{\"@type\":\"ListItem\",\"position\":2,\"name\":\"GLASDAN 40 P POL.\"}]}]}<\/script>\n<!-- \/ Yoast SEO plugin. -->","yoast_head_json":{"title":"L\u00e1mina asf\u00e1ltica de bet\u00fan plastom\u00e9rico | GLASDAN 40 P POL. | Danosa","description":"L\u00e1mina asf\u00e1ltica impermeable de bet\u00fan plastom\u00e9rico APP tipo LBM-40-FV. Escasa variaci\u00f3n t\u00e9rmica. Gran estabilidad dimensional. Funde mejor. Danosa.","robots":{"index":"index","follow":"follow","max-snippet":"max-snippet:-1","max-image-preview":"max-image-preview:large","max-video-preview":"max-video-preview:-1"},"canonical":"https:\/\/www.danosa.com\/es-es\/producto\/glasdan-40-p-pol\/","og_locale":"es_ES","og_type":"article","og_title":"L\u00e1mina asf\u00e1ltica de bet\u00fan plastom\u00e9rico | GLASDAN 40 P POL. | Danosa","og_description":"L\u00e1mina asf\u00e1ltica impermeable de bet\u00fan plastom\u00e9rico APP tipo LBM-40-FV. Escasa variaci\u00f3n t\u00e9rmica. Gran estabilidad dimensional. Funde mejor. Danosa.","og_url":"https:\/\/www.danosa.com\/es-es\/producto\/glasdan-40-p-pol\/","og_site_name":"Danosa | Soluciones para la construcci\u00f3n","article_publisher":"https:\/\/www.facebook.com\/aislamientoeimpermeabilizacion\/","article_modified_time":"2026-04-22T12:21:40+00:00","twitter_card":"summary_large_image","twitter_site":"@DANOSA_SPAIN","schema":{"@context":"https:\/\/schema.org","@graph":[{"@type":"WebSite","@id":"https:\/\/www.danosa.com\/es-es\/#website","url":"https:\/\/www.danosa.com\/es-es\/","name":"Danosa | Soluciones para la construcci\u00f3n","description":"Impermeabilizaci\u00f3n, aislamiento ac\u00fastico y t\u00e9rmico","potentialAction":[{"@type":"SearchAction","target":{"@type":"EntryPoint","urlTemplate":"https:\/\/www.danosa.com\/es-es\/?s={search_term_string}"},"query-input":"required name=search_term_string"}],"inLanguage":"es"},{"@type":"WebPage","@id":"https:\/\/www.danosa.com\/es-es\/producto\/glasdan-40-p-pol\/#webpage","url":"https:\/\/www.danosa.com\/es-es\/producto\/glasdan-40-p-pol\/","name":"L\u00e1mina asf\u00e1ltica de bet\u00fan plastom\u00e9rico | GLASDAN 40 P POL. | Danosa","isPartOf":{"@id":"https:\/\/www.danosa.com\/es-es\/#website"},"datePublished":"2026-04-22T12:21:37+00:00","dateModified":"2026-04-22T12:21:40+00:00","description":"L\u00e1mina asf\u00e1ltica impermeable de bet\u00fan plastom\u00e9rico APP tipo LBM-40-FV. Escasa variaci\u00f3n t\u00e9rmica. Gran estabilidad dimensional. Funde mejor. Danosa.","breadcrumb":{"@id":"https:\/\/www.danosa.com\/es-es\/producto\/glasdan-40-p-pol\/#breadcrumb"},"inLanguage":"es","potentialAction":[{"@type":"ReadAction","target":["https:\/\/www.danosa.com\/es-es\/producto\/glasdan-40-p-pol\/"]}]},{"@type":"BreadcrumbList","@id":"https:\/\/www.danosa.com\/es-es\/producto\/glasdan-40-p-pol\/#breadcrumb","itemListElement":[{"@type":"ListItem","position":1,"name":"Portada","item":"https:\/\/www.danosa.com\/es-es\/"},{"@type":"ListItem","position":2,"name":"GLASDAN 40 P POL."}]}]}},"_links":{"self":[{"href":"https:\/\/www.danosa.com\/es-es\/wp-json\/wp\/v2\/product\/8371"}],"collection":[{"href":"https:\/\/www.danosa.com\/es-es\/wp-json\/wp\/v2\/product"}],"about":[{"href":"https:\/\/www.danosa.com\/es-es\/wp-json\/wp\/v2\/types\/product"}],"wp:attachment":[{"href":"https:\/\/www.danosa.com\/es-es\/wp-json\/wp\/v2\/media?parent=8371"}],"wp:term":[{"taxonomy":"family","embeddable":true,"href":"https:\/\/www.danosa.com\/es-es\/wp-json\/wp\/v2\/family?post=8371"},{"taxonomy":"product_notice","embeddable":true,"href":"https:\/\/www.danosa.com\/es-es\/wp-json\/wp\/v2\/product_notice?post=8371"},{"taxonomy":"product_icon","embeddable":true,"href":"https:\/\/www.danosa.com\/es-es\/wp-json\/wp\/v2\/product_icon?post=8371"},{"taxonomy":"product_application","embeddable":true,"href":"https:\/\/www.danosa.com\/es-es\/wp-json\/wp\/v2\/product_application?post=8371"},{"taxonomy":"product_standards_certification","embeddable":true,"href":"https:\/\/www.danosa.com\/es-es\/wp-json\/wp\/v2\/product_standards_certification?post=8371"},{"taxonomy":"product_benefits","embeddable":true,"href":"https:\/\/www.danosa.com\/es-es\/wp-json\/wp\/v2\/product_benefits?post=8371"},{"taxonomy":"product_support","embeddable":true,"href":"https:\/\/www.danosa.com\/es-es\/wp-json\/wp\/v2\/product_support?post=8371"},{"taxonomy":"product_substrate_preparation","embeddable":true,"href":"https:\/\/www.danosa.com\/es-es\/wp-json\/wp\/v2\/product_substrate_preparation?post=8371"},{"taxonomy":"product_important_indications","embeddable":true,"href":"https:\/\/www.danosa.com\/es-es\/wp-json\/wp\/v2\/product_important_indications?post=8371"},{"taxonomy":"product_conservation","embeddable":true,"href":"https:\/\/www.danosa.com\/es-es\/wp-json\/wp\/v2\/product_conservation?post=8371"},{"taxonomy":"product_warning","embeddable":true,"href":"https:\/\/www.danosa.com\/es-es\/wp-json\/wp\/v2\/product_warning?post=8371"},{"taxonomy":"product_safety_hygiene","embeddable":true,"href":"https:\/\/www.danosa.com\/es-es\/wp-json\/wp\/v2\/product_safety_hygiene?post=8371"},{"taxonomy":"system_certification","embeddable":true,"href":"https:\/\/www.danosa.com\/es-es\/wp-json\/wp\/v2\/system_certification?post=8371"},{"taxonomy":"product_maintenance","embeddable":true,"href":"https:\/\/www.danosa.com\/es-es\/wp-json\/wp\/v2\/product_maintenance?post=8371"},{"taxonomy":"product_safety_datasheet","embeddable":true,"href":"https:\/\/www.danosa.com\/es-es\/wp-json\/wp\/v2\/product_safety_datasheet?post=8371"},{"taxonomy":"filter_special_uses","embeddable":true,"href":"https:\/\/www.danosa.com\/es-es\/wp-json\/wp\/v2\/filter_special_uses?post=8371"}],"curies":[{"name":"wp","href":"https:\/\/api.w.org\/{rel}","templated":true}]}}