{"id":8792,"date":"2026-04-09T02:20:49","date_gmt":"2026-04-09T00:20:49","guid":{"rendered":"https:\/\/www.danosa.com\/es-es\/producto\/acustidan\/"},"modified":"2026-04-09T02:20:50","modified_gmt":"2026-04-09T00:20:50","slug":"acustidan","status":"publish","type":"product","link":"https:\/\/www.danosa.com\/es-es\/producto\/acustidan\/","title":{"rendered":"ACUSTIDAN"},"content":{"rendered":"<p>El ACUSTIDAN es un compuesto bicapa formado por una l\u00e1mina elastom\u00e9rica de alta densidad y una manta compuesta por fibras de algod\u00f3n y textil reciclado ligados con resina fen\u00f3lica. Ac\u00fasticamente, el ACUSTIDAN funciona como un resonador membrana (aislante a baja frecuencia) con material poroso a un lado (aislante a medias y altas frecuencias).<\/p>\n","protected":false},"excerpt":{"rendered":"<p>Panel multicapa para aislamiento a ruido a\u00e9reo entre elementos porosos<\/p>\n","protected":false},"featured_media":0,"parent":0,"menu_order":0,"template":"","meta":{"inline_featured_image":false,"site-sidebar-layout":"default","site-content-layout":"default","ast-main-header-display":"","ast-hfb-above-header-display":"","ast-hfb-below-header-display":"","ast-hfb-mobile-header-display":"","site-post-title":"","ast-breadcrumbs-content":"","ast-featured-img":"","footer-sml-layout":"","theme-transparent-header-meta":"","adv-header-id-meta":"","stick-header-meta":"","header-above-stick-meta":"","header-main-stick-meta":"","header-below-stick-meta":""},"family":[3102],"product_notice":[12157],"product_icon":[],"product_application":[10723,10726,10727,11037],"product_standards_certification":[12069,12081,12092],"product_benefits":[10114,10124,10137,10142,10213,10264,10491],"product_support":[],"product_substrate_preparation":[],"product_important_indications":[11277,11329,11346,11367,11369,11393,11397,11422,11445,11453,11458],"product_conservation":[11517,11527,11540,11560,11585,11649,11683,11719,11721],"product_warning":[],"product_safety_hygiene":[],"system_certification":[2461],"product_maintenance":[],"product_safety_datasheet":[],"filter_special_uses":[],"acf":[],"yoast_head":"<!-- This site is optimized with the Yoast SEO plugin v18.1 - https:\/\/yoast.com\/wordpress\/plugins\/seo\/ -->\n<title>Manta aislante ac\u00fastica | ACUSTIDAN | Aislamiento Paredes y Bajantes<\/title>\n<meta name=\"description\" content=\"Panel aislante bicapa formado por l\u00e1mina elastom\u00e9rica de alta densidad y manta ac\u00fastica compuesta por fibras de algod\u00f3n y textil reciclado. Danosa.\" \/>\n<meta name=\"robots\" content=\"index, follow, max-snippet:-1, max-image-preview:large, max-video-preview:-1\" \/>\n<link rel=\"canonical\" href=\"https:\/\/www.danosa.com\/es-es\/producto\/acustidan\/\" \/>\n<meta property=\"og:locale\" content=\"es_ES\" \/>\n<meta property=\"og:type\" content=\"article\" \/>\n<meta property=\"og:title\" content=\"Manta aislante ac\u00fastica | ACUSTIDAN | Aislamiento Paredes y Bajantes\" \/>\n<meta property=\"og:description\" content=\"Panel aislante bicapa formado por l\u00e1mina elastom\u00e9rica de alta densidad y manta ac\u00fastica compuesta por fibras de algod\u00f3n y textil reciclado. Danosa.\" \/>\n<meta property=\"og:url\" content=\"https:\/\/www.danosa.com\/es-es\/producto\/acustidan\/\" \/>\n<meta property=\"og:site_name\" content=\"Danosa | Soluciones para la construcci\u00f3n\" \/>\n<meta property=\"article:publisher\" content=\"https:\/\/www.facebook.com\/aislamientoeimpermeabilizacion\/\" \/>\n<meta property=\"article:modified_time\" content=\"2026-04-09T00:20:50+00:00\" \/>\n<meta name=\"twitter:card\" content=\"summary_large_image\" \/>\n<meta name=\"twitter:site\" content=\"@DANOSA_SPAIN\" \/>\n<script type=\"application\/ld+json\" class=\"yoast-schema-graph\">{\"@context\":\"https:\/\/schema.org\",\"@graph\":[{\"@type\":\"WebSite\",\"@id\":\"https:\/\/www.danosa.com\/es-es\/#website\",\"url\":\"https:\/\/www.danosa.com\/es-es\/\",\"name\":\"Danosa | Soluciones para la construcci\u00f3n\",\"description\":\"Impermeabilizaci\u00f3n, aislamiento ac\u00fastico y t\u00e9rmico\",\"potentialAction\":[{\"@type\":\"SearchAction\",\"target\":{\"@type\":\"EntryPoint\",\"urlTemplate\":\"https:\/\/www.danosa.com\/es-es\/?s={search_term_string}\"},\"query-input\":\"required name=search_term_string\"}],\"inLanguage\":\"es\"},{\"@type\":\"WebPage\",\"@id\":\"https:\/\/www.danosa.com\/es-es\/producto\/acustidan\/#webpage\",\"url\":\"https:\/\/www.danosa.com\/es-es\/producto\/acustidan\/\",\"name\":\"Manta aislante ac\u00fastica | ACUSTIDAN | Aislamiento Paredes y Bajantes\",\"isPartOf\":{\"@id\":\"https:\/\/www.danosa.com\/es-es\/#website\"},\"datePublished\":\"2026-04-09T00:20:49+00:00\",\"dateModified\":\"2026-04-09T00:20:50+00:00\",\"description\":\"Panel aislante bicapa formado por l\u00e1mina elastom\u00e9rica de alta densidad y manta ac\u00fastica compuesta por fibras de algod\u00f3n y textil reciclado. Danosa.\",\"breadcrumb\":{\"@id\":\"https:\/\/www.danosa.com\/es-es\/producto\/acustidan\/#breadcrumb\"},\"inLanguage\":\"es\",\"potentialAction\":[{\"@type\":\"ReadAction\",\"target\":[\"https:\/\/www.danosa.com\/es-es\/producto\/acustidan\/\"]}]},{\"@type\":\"BreadcrumbList\",\"@id\":\"https:\/\/www.danosa.com\/es-es\/producto\/acustidan\/#breadcrumb\",\"itemListElement\":[{\"@type\":\"ListItem\",\"position\":1,\"name\":\"Portada\",\"item\":\"https:\/\/www.danosa.com\/es-es\/\"},{\"@type\":\"ListItem\",\"position\":2,\"name\":\"ACUSTIDAN\"}]}]}<\/script>\n<!-- \/ Yoast SEO plugin. -->","yoast_head_json":{"title":"Manta aislante ac\u00fastica | ACUSTIDAN | Aislamiento Paredes y Bajantes","description":"Panel aislante bicapa formado por l\u00e1mina elastom\u00e9rica de alta densidad y manta ac\u00fastica compuesta por fibras de algod\u00f3n y textil reciclado. Danosa.","robots":{"index":"index","follow":"follow","max-snippet":"max-snippet:-1","max-image-preview":"max-image-preview:large","max-video-preview":"max-video-preview:-1"},"canonical":"https:\/\/www.danosa.com\/es-es\/producto\/acustidan\/","og_locale":"es_ES","og_type":"article","og_title":"Manta aislante ac\u00fastica | ACUSTIDAN | Aislamiento Paredes y Bajantes","og_description":"Panel aislante bicapa formado por l\u00e1mina elastom\u00e9rica de alta densidad y manta ac\u00fastica compuesta por fibras de algod\u00f3n y textil reciclado. Danosa.","og_url":"https:\/\/www.danosa.com\/es-es\/producto\/acustidan\/","og_site_name":"Danosa | Soluciones para la construcci\u00f3n","article_publisher":"https:\/\/www.facebook.com\/aislamientoeimpermeabilizacion\/","article_modified_time":"2026-04-09T00:20:50+00:00","twitter_card":"summary_large_image","twitter_site":"@DANOSA_SPAIN","schema":{"@context":"https:\/\/schema.org","@graph":[{"@type":"WebSite","@id":"https:\/\/www.danosa.com\/es-es\/#website","url":"https:\/\/www.danosa.com\/es-es\/","name":"Danosa | Soluciones para la construcci\u00f3n","description":"Impermeabilizaci\u00f3n, aislamiento ac\u00fastico y t\u00e9rmico","potentialAction":[{"@type":"SearchAction","target":{"@type":"EntryPoint","urlTemplate":"https:\/\/www.danosa.com\/es-es\/?s={search_term_string}"},"query-input":"required name=search_term_string"}],"inLanguage":"es"},{"@type":"WebPage","@id":"https:\/\/www.danosa.com\/es-es\/producto\/acustidan\/#webpage","url":"https:\/\/www.danosa.com\/es-es\/producto\/acustidan\/","name":"Manta aislante ac\u00fastica | ACUSTIDAN | Aislamiento Paredes y Bajantes","isPartOf":{"@id":"https:\/\/www.danosa.com\/es-es\/#website"},"datePublished":"2026-04-09T00:20:49+00:00","dateModified":"2026-04-09T00:20:50+00:00","description":"Panel aislante bicapa formado por l\u00e1mina elastom\u00e9rica de alta densidad y manta ac\u00fastica compuesta por fibras de algod\u00f3n y textil reciclado. Danosa.","breadcrumb":{"@id":"https:\/\/www.danosa.com\/es-es\/producto\/acustidan\/#breadcrumb"},"inLanguage":"es","potentialAction":[{"@type":"ReadAction","target":["https:\/\/www.danosa.com\/es-es\/producto\/acustidan\/"]}]},{"@type":"BreadcrumbList","@id":"https:\/\/www.danosa.com\/es-es\/producto\/acustidan\/#breadcrumb","itemListElement":[{"@type":"ListItem","position":1,"name":"Portada","item":"https:\/\/www.danosa.com\/es-es\/"},{"@type":"ListItem","position":2,"name":"ACUSTIDAN"}]}]}},"_links":{"self":[{"href":"https:\/\/www.danosa.com\/es-es\/wp-json\/wp\/v2\/product\/8792"}],"collection":[{"href":"https:\/\/www.danosa.com\/es-es\/wp-json\/wp\/v2\/product"}],"about":[{"href":"https:\/\/www.danosa.com\/es-es\/wp-json\/wp\/v2\/types\/product"}],"wp:attachment":[{"href":"https:\/\/www.danosa.com\/es-es\/wp-json\/wp\/v2\/media?parent=8792"}],"wp:term":[{"taxonomy":"family","embeddable":true,"href":"https:\/\/www.danosa.com\/es-es\/wp-json\/wp\/v2\/family?post=8792"},{"taxonomy":"product_notice","embeddable":true,"href":"https:\/\/www.danosa.com\/es-es\/wp-json\/wp\/v2\/product_notice?post=8792"},{"taxonomy":"product_icon","embeddable":true,"href":"https:\/\/www.danosa.com\/es-es\/wp-json\/wp\/v2\/product_icon?post=8792"},{"taxonomy":"product_application","embeddable":true,"href":"https:\/\/www.danosa.com\/es-es\/wp-json\/wp\/v2\/product_application?post=8792"},{"taxonomy":"product_standards_certification","embeddable":true,"href":"https:\/\/www.danosa.com\/es-es\/wp-json\/wp\/v2\/product_standards_certification?post=8792"},{"taxonomy":"product_benefits","embeddable":true,"href":"https:\/\/www.danosa.com\/es-es\/wp-json\/wp\/v2\/product_benefits?post=8792"},{"taxonomy":"product_support","embeddable":true,"href":"https:\/\/www.danosa.com\/es-es\/wp-json\/wp\/v2\/product_support?post=8792"},{"taxonomy":"product_substrate_preparation","embeddable":true,"href":"https:\/\/www.danosa.com\/es-es\/wp-json\/wp\/v2\/product_substrate_preparation?post=8792"},{"taxonomy":"product_important_indications","embeddable":true,"href":"https:\/\/www.danosa.com\/es-es\/wp-json\/wp\/v2\/product_important_indications?post=8792"},{"taxonomy":"product_conservation","embeddable":true,"href":"https:\/\/www.danosa.com\/es-es\/wp-json\/wp\/v2\/product_conservation?post=8792"},{"taxonomy":"product_warning","embeddable":true,"href":"https:\/\/www.danosa.com\/es-es\/wp-json\/wp\/v2\/product_warning?post=8792"},{"taxonomy":"product_safety_hygiene","embeddable":true,"href":"https:\/\/www.danosa.com\/es-es\/wp-json\/wp\/v2\/product_safety_hygiene?post=8792"},{"taxonomy":"system_certification","embeddable":true,"href":"https:\/\/www.danosa.com\/es-es\/wp-json\/wp\/v2\/system_certification?post=8792"},{"taxonomy":"product_maintenance","embeddable":true,"href":"https:\/\/www.danosa.com\/es-es\/wp-json\/wp\/v2\/product_maintenance?post=8792"},{"taxonomy":"product_safety_datasheet","embeddable":true,"href":"https:\/\/www.danosa.com\/es-es\/wp-json\/wp\/v2\/product_safety_datasheet?post=8792"},{"taxonomy":"filter_special_uses","embeddable":true,"href":"https:\/\/www.danosa.com\/es-es\/wp-json\/wp\/v2\/filter_special_uses?post=8792"}],"curies":[{"name":"wp","href":"https:\/\/api.w.org\/{rel}","templated":true}]}}