{"id":8806,"date":"2026-04-09T02:20:54","date_gmt":"2026-04-09T00:20:54","guid":{"rendered":"https:\/\/www.danosa.com\/es-es\/producto\/argotec-grout-50-elite\/"},"modified":"2026-04-09T02:20:57","modified_gmt":"2026-04-09T00:20:57","slug":"argotec-grout-50-elite","status":"publish","type":"product","link":"https:\/\/www.danosa.com\/es-es\/producto\/argotec-grout-50-elite\/","title":{"rendered":"ARGOTEC GROUT 50 ELITE"},"content":{"rendered":"<p>ARGOTEC GROUT 50 \u00c9LITE es un mortero cementoso (CC), monocomponente, autonivelante, de altas resistencias y de retracci\u00f3n compensada para la realizaci\u00f3n de todo tipo de rellenos y anclajes, formulado a base de mezcla de conglomerantes hidr\u00e1ulicos, \u00e1ridos seleccionados y aditivos que le proporcionan una excelente adherencia y una gran capacidad de anclaje.<\/p>\n","protected":false},"excerpt":{"rendered":"<p>Mortero de relleno y anclaje para armaduras de acero<\/p>\n","protected":false},"featured_media":0,"parent":0,"menu_order":0,"template":"","meta":{"inline_featured_image":false,"site-sidebar-layout":"default","site-content-layout":"default","ast-main-header-display":"","ast-hfb-above-header-display":"","ast-hfb-below-header-display":"","ast-hfb-mobile-header-display":"","site-post-title":"","ast-breadcrumbs-content":"","ast-featured-img":"","footer-sml-layout":"","theme-transparent-header-meta":"","adv-header-id-meta":"","stick-header-meta":"","header-above-stick-meta":"","header-main-stick-meta":"","header-below-stick-meta":""},"family":[3388],"product_notice":[12157],"product_icon":[],"product_application":[10738,10850,10856,10910,11042,11043,11045],"product_standards_certification":[],"product_benefits":[10173,10261,10297,10308,10328,10568,10570,10571],"product_support":[11976],"product_substrate_preparation":[12104,12114,12115,12116,12117,12130],"product_important_indications":[],"product_conservation":[11669],"product_warning":[11776,11784,11791,11793,11804,11835],"product_safety_hygiene":[],"system_certification":[],"product_maintenance":[],"product_safety_datasheet":[3220],"filter_special_uses":[],"acf":[],"yoast_head":"<!-- This site is optimized with the Yoast SEO plugin v18.1 - https:\/\/yoast.com\/wordpress\/plugins\/seo\/ -->\n<title>Mortero Grout sin retracci\u00f3n autonivelante | ARGOTEC GROUT 50 ELITE<\/title>\n<meta name=\"description\" content=\"Mortero Grout sin retracci\u00f3n de relleno y anclaje para armaduras de acero en construcci\u00f3n. Monocomponente, autonivelante y de altas resistencias. Danosa.\" \/>\n<meta name=\"robots\" content=\"index, follow, max-snippet:-1, max-image-preview:large, max-video-preview:-1\" \/>\n<link rel=\"canonical\" href=\"https:\/\/www.danosa.com\/es-es\/producto\/argotec-grout-50-elite\/\" \/>\n<meta property=\"og:locale\" content=\"es_ES\" \/>\n<meta property=\"og:type\" content=\"article\" \/>\n<meta property=\"og:title\" content=\"Mortero Grout sin retracci\u00f3n autonivelante | ARGOTEC GROUT 50 ELITE\" \/>\n<meta property=\"og:description\" content=\"Mortero Grout sin retracci\u00f3n de relleno y anclaje para armaduras de acero en construcci\u00f3n. Monocomponente, autonivelante y de altas resistencias. Danosa.\" \/>\n<meta property=\"og:url\" content=\"https:\/\/www.danosa.com\/es-es\/producto\/argotec-grout-50-elite\/\" \/>\n<meta property=\"og:site_name\" content=\"Danosa | Soluciones para la construcci\u00f3n\" \/>\n<meta property=\"article:publisher\" content=\"https:\/\/www.facebook.com\/aislamientoeimpermeabilizacion\/\" \/>\n<meta property=\"article:modified_time\" content=\"2026-04-09T00:20:57+00:00\" \/>\n<meta name=\"twitter:card\" content=\"summary_large_image\" \/>\n<meta name=\"twitter:site\" content=\"@DANOSA_SPAIN\" \/>\n<script type=\"application\/ld+json\" class=\"yoast-schema-graph\">{\"@context\":\"https:\/\/schema.org\",\"@graph\":[{\"@type\":\"WebSite\",\"@id\":\"https:\/\/www.danosa.com\/es-es\/#website\",\"url\":\"https:\/\/www.danosa.com\/es-es\/\",\"name\":\"Danosa | Soluciones para la construcci\u00f3n\",\"description\":\"Impermeabilizaci\u00f3n, aislamiento ac\u00fastico y t\u00e9rmico\",\"potentialAction\":[{\"@type\":\"SearchAction\",\"target\":{\"@type\":\"EntryPoint\",\"urlTemplate\":\"https:\/\/www.danosa.com\/es-es\/?s={search_term_string}\"},\"query-input\":\"required name=search_term_string\"}],\"inLanguage\":\"es\"},{\"@type\":\"WebPage\",\"@id\":\"https:\/\/www.danosa.com\/es-es\/producto\/argotec-grout-50-elite\/#webpage\",\"url\":\"https:\/\/www.danosa.com\/es-es\/producto\/argotec-grout-50-elite\/\",\"name\":\"Mortero Grout sin retracci\u00f3n autonivelante | ARGOTEC GROUT 50 ELITE\",\"isPartOf\":{\"@id\":\"https:\/\/www.danosa.com\/es-es\/#website\"},\"datePublished\":\"2026-04-09T00:20:54+00:00\",\"dateModified\":\"2026-04-09T00:20:57+00:00\",\"description\":\"Mortero Grout sin retracci\u00f3n de relleno y anclaje para armaduras de acero en construcci\u00f3n. Monocomponente, autonivelante y de altas resistencias. Danosa.\",\"breadcrumb\":{\"@id\":\"https:\/\/www.danosa.com\/es-es\/producto\/argotec-grout-50-elite\/#breadcrumb\"},\"inLanguage\":\"es\",\"potentialAction\":[{\"@type\":\"ReadAction\",\"target\":[\"https:\/\/www.danosa.com\/es-es\/producto\/argotec-grout-50-elite\/\"]}]},{\"@type\":\"BreadcrumbList\",\"@id\":\"https:\/\/www.danosa.com\/es-es\/producto\/argotec-grout-50-elite\/#breadcrumb\",\"itemListElement\":[{\"@type\":\"ListItem\",\"position\":1,\"name\":\"Portada\",\"item\":\"https:\/\/www.danosa.com\/es-es\/\"},{\"@type\":\"ListItem\",\"position\":2,\"name\":\"ARGOTEC GROUT 50 ELITE\"}]}]}<\/script>\n<!-- \/ Yoast SEO plugin. -->","yoast_head_json":{"title":"Mortero Grout sin retracci\u00f3n autonivelante | ARGOTEC GROUT 50 ELITE","description":"Mortero Grout sin retracci\u00f3n de relleno y anclaje para armaduras de acero en construcci\u00f3n. Monocomponente, autonivelante y de altas resistencias. Danosa.","robots":{"index":"index","follow":"follow","max-snippet":"max-snippet:-1","max-image-preview":"max-image-preview:large","max-video-preview":"max-video-preview:-1"},"canonical":"https:\/\/www.danosa.com\/es-es\/producto\/argotec-grout-50-elite\/","og_locale":"es_ES","og_type":"article","og_title":"Mortero Grout sin retracci\u00f3n autonivelante | ARGOTEC GROUT 50 ELITE","og_description":"Mortero Grout sin retracci\u00f3n de relleno y anclaje para armaduras de acero en construcci\u00f3n. Monocomponente, autonivelante y de altas resistencias. Danosa.","og_url":"https:\/\/www.danosa.com\/es-es\/producto\/argotec-grout-50-elite\/","og_site_name":"Danosa | Soluciones para la construcci\u00f3n","article_publisher":"https:\/\/www.facebook.com\/aislamientoeimpermeabilizacion\/","article_modified_time":"2026-04-09T00:20:57+00:00","twitter_card":"summary_large_image","twitter_site":"@DANOSA_SPAIN","schema":{"@context":"https:\/\/schema.org","@graph":[{"@type":"WebSite","@id":"https:\/\/www.danosa.com\/es-es\/#website","url":"https:\/\/www.danosa.com\/es-es\/","name":"Danosa | Soluciones para la construcci\u00f3n","description":"Impermeabilizaci\u00f3n, aislamiento ac\u00fastico y t\u00e9rmico","potentialAction":[{"@type":"SearchAction","target":{"@type":"EntryPoint","urlTemplate":"https:\/\/www.danosa.com\/es-es\/?s={search_term_string}"},"query-input":"required name=search_term_string"}],"inLanguage":"es"},{"@type":"WebPage","@id":"https:\/\/www.danosa.com\/es-es\/producto\/argotec-grout-50-elite\/#webpage","url":"https:\/\/www.danosa.com\/es-es\/producto\/argotec-grout-50-elite\/","name":"Mortero Grout sin retracci\u00f3n autonivelante | ARGOTEC GROUT 50 ELITE","isPartOf":{"@id":"https:\/\/www.danosa.com\/es-es\/#website"},"datePublished":"2026-04-09T00:20:54+00:00","dateModified":"2026-04-09T00:20:57+00:00","description":"Mortero Grout sin retracci\u00f3n de relleno y anclaje para armaduras de acero en construcci\u00f3n. Monocomponente, autonivelante y de altas resistencias. Danosa.","breadcrumb":{"@id":"https:\/\/www.danosa.com\/es-es\/producto\/argotec-grout-50-elite\/#breadcrumb"},"inLanguage":"es","potentialAction":[{"@type":"ReadAction","target":["https:\/\/www.danosa.com\/es-es\/producto\/argotec-grout-50-elite\/"]}]},{"@type":"BreadcrumbList","@id":"https:\/\/www.danosa.com\/es-es\/producto\/argotec-grout-50-elite\/#breadcrumb","itemListElement":[{"@type":"ListItem","position":1,"name":"Portada","item":"https:\/\/www.danosa.com\/es-es\/"},{"@type":"ListItem","position":2,"name":"ARGOTEC GROUT 50 ELITE"}]}]}},"_links":{"self":[{"href":"https:\/\/www.danosa.com\/es-es\/wp-json\/wp\/v2\/product\/8806"}],"collection":[{"href":"https:\/\/www.danosa.com\/es-es\/wp-json\/wp\/v2\/product"}],"about":[{"href":"https:\/\/www.danosa.com\/es-es\/wp-json\/wp\/v2\/types\/product"}],"wp:attachment":[{"href":"https:\/\/www.danosa.com\/es-es\/wp-json\/wp\/v2\/media?parent=8806"}],"wp:term":[{"taxonomy":"family","embeddable":true,"href":"https:\/\/www.danosa.com\/es-es\/wp-json\/wp\/v2\/family?post=8806"},{"taxonomy":"product_notice","embeddable":true,"href":"https:\/\/www.danosa.com\/es-es\/wp-json\/wp\/v2\/product_notice?post=8806"},{"taxonomy":"product_icon","embeddable":true,"href":"https:\/\/www.danosa.com\/es-es\/wp-json\/wp\/v2\/product_icon?post=8806"},{"taxonomy":"product_application","embeddable":true,"href":"https:\/\/www.danosa.com\/es-es\/wp-json\/wp\/v2\/product_application?post=8806"},{"taxonomy":"product_standards_certification","embeddable":true,"href":"https:\/\/www.danosa.com\/es-es\/wp-json\/wp\/v2\/product_standards_certification?post=8806"},{"taxonomy":"product_benefits","embeddable":true,"href":"https:\/\/www.danosa.com\/es-es\/wp-json\/wp\/v2\/product_benefits?post=8806"},{"taxonomy":"product_support","embeddable":true,"href":"https:\/\/www.danosa.com\/es-es\/wp-json\/wp\/v2\/product_support?post=8806"},{"taxonomy":"product_substrate_preparation","embeddable":true,"href":"https:\/\/www.danosa.com\/es-es\/wp-json\/wp\/v2\/product_substrate_preparation?post=8806"},{"taxonomy":"product_important_indications","embeddable":true,"href":"https:\/\/www.danosa.com\/es-es\/wp-json\/wp\/v2\/product_important_indications?post=8806"},{"taxonomy":"product_conservation","embeddable":true,"href":"https:\/\/www.danosa.com\/es-es\/wp-json\/wp\/v2\/product_conservation?post=8806"},{"taxonomy":"product_warning","embeddable":true,"href":"https:\/\/www.danosa.com\/es-es\/wp-json\/wp\/v2\/product_warning?post=8806"},{"taxonomy":"product_safety_hygiene","embeddable":true,"href":"https:\/\/www.danosa.com\/es-es\/wp-json\/wp\/v2\/product_safety_hygiene?post=8806"},{"taxonomy":"system_certification","embeddable":true,"href":"https:\/\/www.danosa.com\/es-es\/wp-json\/wp\/v2\/system_certification?post=8806"},{"taxonomy":"product_maintenance","embeddable":true,"href":"https:\/\/www.danosa.com\/es-es\/wp-json\/wp\/v2\/product_maintenance?post=8806"},{"taxonomy":"product_safety_datasheet","embeddable":true,"href":"https:\/\/www.danosa.com\/es-es\/wp-json\/wp\/v2\/product_safety_datasheet?post=8806"},{"taxonomy":"filter_special_uses","embeddable":true,"href":"https:\/\/www.danosa.com\/es-es\/wp-json\/wp\/v2\/filter_special_uses?post=8806"}],"curies":[{"name":"wp","href":"https:\/\/api.w.org\/{rel}","templated":true}]}}