{"id":8820,"date":"2026-04-09T02:21:03","date_gmt":"2026-04-09T00:21:03","guid":{"rendered":"https:\/\/www.danosa.com\/es-es\/producto\/banda-refuerzo-e-30-p-elast\/"},"modified":"2026-04-09T02:21:04","modified_gmt":"2026-04-09T00:21:04","slug":"banda-refuerzo-e-30-p-elast","status":"publish","type":"product","link":"https:\/\/www.danosa.com\/es-es\/producto\/banda-refuerzo-e-30-p-elast\/","title":{"rendered":"BANDA REFUERZO E 30 P ELAST"},"content":{"rendered":"<p>La BANDA DE REFUERZO E 30 P ELAST es una tira con un ancho uniforme de 32 cm, procedente de una l\u00e1mina bituminosa de superficie no protegida tipo LBM(SBS)-30-FP. Est\u00e1 compuesta por una armadura de fieltro de poli\u00e9ster no tejido de, recubierta por ambas caras con un m\u00e1stico de bet\u00fan modificado con elast\u00f3meros (SBS), usando como material antiadherente un film pl\u00e1stico.<\/p>\n","protected":false},"excerpt":{"rendered":"<p>Banda de bet\u00fan elastom\u00e9rico SBS tipo LBM-30-FP para refuerzo de impermeabilizaciones asf\u00e1lticas<\/p>\n","protected":false},"featured_media":0,"parent":0,"menu_order":0,"template":"","meta":{"inline_featured_image":false,"site-sidebar-layout":"default","site-content-layout":"default","ast-main-header-display":"","ast-hfb-above-header-display":"","ast-hfb-below-header-display":"","ast-hfb-mobile-header-display":"","site-post-title":"","ast-breadcrumbs-content":"","ast-featured-img":"","footer-sml-layout":"","theme-transparent-header-meta":"","adv-header-id-meta":"","stick-header-meta":"","header-above-stick-meta":"","header-main-stick-meta":"","header-below-stick-meta":""},"family":[3056],"product_notice":[12157],"product_icon":[],"product_application":[10768,10836,10837,10838],"product_standards_certification":[12030,12044],"product_benefits":[10146,10172,10367,10370,10376,10455],"product_support":[],"product_substrate_preparation":[],"product_important_indications":[11279,11281,11283,11311,11416,11432,11456,11516],"product_conservation":[11529,11555,11562,11614,11647],"product_warning":[11794],"product_safety_hygiene":[],"system_certification":[2464],"product_maintenance":[4203],"product_safety_datasheet":[2693],"filter_special_uses":[],"acf":[],"yoast_head":"<!-- This site is optimized with the Yoast SEO plugin v18.1 - https:\/\/yoast.com\/wordpress\/plugins\/seo\/ -->\n<title>Banda elastom\u00e9rica refuerzo impermeabilizaci\u00f3n asf\u00e1ltica | E30 P ELAST<\/title>\n<meta name=\"description\" content=\"Banda elastom\u00e9rica de bet\u00fan elastom\u00e9rico SBS tipo LBM-30-FP para refuerzo de impermeabilizaciones asf\u00e1lticas. Reduce el riesgo de fisuraci\u00f3n.\" \/>\n<meta name=\"robots\" content=\"index, follow, max-snippet:-1, max-image-preview:large, max-video-preview:-1\" \/>\n<link rel=\"canonical\" href=\"https:\/\/www.danosa.com\/es-es\/producto\/banda-refuerzo-e-30-p-elast\/\" \/>\n<meta property=\"og:locale\" content=\"es_ES\" \/>\n<meta property=\"og:type\" content=\"article\" \/>\n<meta property=\"og:title\" content=\"Banda elastom\u00e9rica refuerzo impermeabilizaci\u00f3n asf\u00e1ltica | E30 P ELAST\" \/>\n<meta property=\"og:description\" content=\"Banda elastom\u00e9rica de bet\u00fan elastom\u00e9rico SBS tipo LBM-30-FP para refuerzo de impermeabilizaciones asf\u00e1lticas. Reduce el riesgo de fisuraci\u00f3n.\" \/>\n<meta property=\"og:url\" content=\"https:\/\/www.danosa.com\/es-es\/producto\/banda-refuerzo-e-30-p-elast\/\" \/>\n<meta property=\"og:site_name\" content=\"Danosa | Soluciones para la construcci\u00f3n\" \/>\n<meta property=\"article:publisher\" content=\"https:\/\/www.facebook.com\/aislamientoeimpermeabilizacion\/\" \/>\n<meta property=\"article:modified_time\" content=\"2026-04-09T00:21:04+00:00\" \/>\n<meta name=\"twitter:card\" content=\"summary_large_image\" \/>\n<meta name=\"twitter:site\" content=\"@DANOSA_SPAIN\" \/>\n<script type=\"application\/ld+json\" class=\"yoast-schema-graph\">{\"@context\":\"https:\/\/schema.org\",\"@graph\":[{\"@type\":\"WebSite\",\"@id\":\"https:\/\/www.danosa.com\/es-es\/#website\",\"url\":\"https:\/\/www.danosa.com\/es-es\/\",\"name\":\"Danosa | Soluciones para la construcci\u00f3n\",\"description\":\"Impermeabilizaci\u00f3n, aislamiento ac\u00fastico y t\u00e9rmico\",\"potentialAction\":[{\"@type\":\"SearchAction\",\"target\":{\"@type\":\"EntryPoint\",\"urlTemplate\":\"https:\/\/www.danosa.com\/es-es\/?s={search_term_string}\"},\"query-input\":\"required name=search_term_string\"}],\"inLanguage\":\"es\"},{\"@type\":\"WebPage\",\"@id\":\"https:\/\/www.danosa.com\/es-es\/producto\/banda-refuerzo-e-30-p-elast\/#webpage\",\"url\":\"https:\/\/www.danosa.com\/es-es\/producto\/banda-refuerzo-e-30-p-elast\/\",\"name\":\"Banda elastom\u00e9rica refuerzo impermeabilizaci\u00f3n asf\u00e1ltica | E30 P ELAST\",\"isPartOf\":{\"@id\":\"https:\/\/www.danosa.com\/es-es\/#website\"},\"datePublished\":\"2026-04-09T00:21:03+00:00\",\"dateModified\":\"2026-04-09T00:21:04+00:00\",\"description\":\"Banda elastom\u00e9rica de bet\u00fan elastom\u00e9rico SBS tipo LBM-30-FP para refuerzo de impermeabilizaciones asf\u00e1lticas. Reduce el riesgo de fisuraci\u00f3n.\",\"breadcrumb\":{\"@id\":\"https:\/\/www.danosa.com\/es-es\/producto\/banda-refuerzo-e-30-p-elast\/#breadcrumb\"},\"inLanguage\":\"es\",\"potentialAction\":[{\"@type\":\"ReadAction\",\"target\":[\"https:\/\/www.danosa.com\/es-es\/producto\/banda-refuerzo-e-30-p-elast\/\"]}]},{\"@type\":\"BreadcrumbList\",\"@id\":\"https:\/\/www.danosa.com\/es-es\/producto\/banda-refuerzo-e-30-p-elast\/#breadcrumb\",\"itemListElement\":[{\"@type\":\"ListItem\",\"position\":1,\"name\":\"Portada\",\"item\":\"https:\/\/www.danosa.com\/es-es\/\"},{\"@type\":\"ListItem\",\"position\":2,\"name\":\"BANDA REFUERZO E 30 P ELAST\"}]}]}<\/script>\n<!-- \/ Yoast SEO plugin. -->","yoast_head_json":{"title":"Banda elastom\u00e9rica refuerzo impermeabilizaci\u00f3n asf\u00e1ltica | E30 P ELAST","description":"Banda elastom\u00e9rica de bet\u00fan elastom\u00e9rico SBS tipo LBM-30-FP para refuerzo de impermeabilizaciones asf\u00e1lticas. Reduce el riesgo de fisuraci\u00f3n.","robots":{"index":"index","follow":"follow","max-snippet":"max-snippet:-1","max-image-preview":"max-image-preview:large","max-video-preview":"max-video-preview:-1"},"canonical":"https:\/\/www.danosa.com\/es-es\/producto\/banda-refuerzo-e-30-p-elast\/","og_locale":"es_ES","og_type":"article","og_title":"Banda elastom\u00e9rica refuerzo impermeabilizaci\u00f3n asf\u00e1ltica | E30 P ELAST","og_description":"Banda elastom\u00e9rica de bet\u00fan elastom\u00e9rico SBS tipo LBM-30-FP para refuerzo de impermeabilizaciones asf\u00e1lticas. Reduce el riesgo de fisuraci\u00f3n.","og_url":"https:\/\/www.danosa.com\/es-es\/producto\/banda-refuerzo-e-30-p-elast\/","og_site_name":"Danosa | Soluciones para la construcci\u00f3n","article_publisher":"https:\/\/www.facebook.com\/aislamientoeimpermeabilizacion\/","article_modified_time":"2026-04-09T00:21:04+00:00","twitter_card":"summary_large_image","twitter_site":"@DANOSA_SPAIN","schema":{"@context":"https:\/\/schema.org","@graph":[{"@type":"WebSite","@id":"https:\/\/www.danosa.com\/es-es\/#website","url":"https:\/\/www.danosa.com\/es-es\/","name":"Danosa | Soluciones para la construcci\u00f3n","description":"Impermeabilizaci\u00f3n, aislamiento ac\u00fastico y t\u00e9rmico","potentialAction":[{"@type":"SearchAction","target":{"@type":"EntryPoint","urlTemplate":"https:\/\/www.danosa.com\/es-es\/?s={search_term_string}"},"query-input":"required name=search_term_string"}],"inLanguage":"es"},{"@type":"WebPage","@id":"https:\/\/www.danosa.com\/es-es\/producto\/banda-refuerzo-e-30-p-elast\/#webpage","url":"https:\/\/www.danosa.com\/es-es\/producto\/banda-refuerzo-e-30-p-elast\/","name":"Banda elastom\u00e9rica refuerzo impermeabilizaci\u00f3n asf\u00e1ltica | E30 P ELAST","isPartOf":{"@id":"https:\/\/www.danosa.com\/es-es\/#website"},"datePublished":"2026-04-09T00:21:03+00:00","dateModified":"2026-04-09T00:21:04+00:00","description":"Banda elastom\u00e9rica de bet\u00fan elastom\u00e9rico SBS tipo LBM-30-FP para refuerzo de impermeabilizaciones asf\u00e1lticas. Reduce el riesgo de fisuraci\u00f3n.","breadcrumb":{"@id":"https:\/\/www.danosa.com\/es-es\/producto\/banda-refuerzo-e-30-p-elast\/#breadcrumb"},"inLanguage":"es","potentialAction":[{"@type":"ReadAction","target":["https:\/\/www.danosa.com\/es-es\/producto\/banda-refuerzo-e-30-p-elast\/"]}]},{"@type":"BreadcrumbList","@id":"https:\/\/www.danosa.com\/es-es\/producto\/banda-refuerzo-e-30-p-elast\/#breadcrumb","itemListElement":[{"@type":"ListItem","position":1,"name":"Portada","item":"https:\/\/www.danosa.com\/es-es\/"},{"@type":"ListItem","position":2,"name":"BANDA REFUERZO E 30 P ELAST"}]}]}},"_links":{"self":[{"href":"https:\/\/www.danosa.com\/es-es\/wp-json\/wp\/v2\/product\/8820"}],"collection":[{"href":"https:\/\/www.danosa.com\/es-es\/wp-json\/wp\/v2\/product"}],"about":[{"href":"https:\/\/www.danosa.com\/es-es\/wp-json\/wp\/v2\/types\/product"}],"wp:attachment":[{"href":"https:\/\/www.danosa.com\/es-es\/wp-json\/wp\/v2\/media?parent=8820"}],"wp:term":[{"taxonomy":"family","embeddable":true,"href":"https:\/\/www.danosa.com\/es-es\/wp-json\/wp\/v2\/family?post=8820"},{"taxonomy":"product_notice","embeddable":true,"href":"https:\/\/www.danosa.com\/es-es\/wp-json\/wp\/v2\/product_notice?post=8820"},{"taxonomy":"product_icon","embeddable":true,"href":"https:\/\/www.danosa.com\/es-es\/wp-json\/wp\/v2\/product_icon?post=8820"},{"taxonomy":"product_application","embeddable":true,"href":"https:\/\/www.danosa.com\/es-es\/wp-json\/wp\/v2\/product_application?post=8820"},{"taxonomy":"product_standards_certification","embeddable":true,"href":"https:\/\/www.danosa.com\/es-es\/wp-json\/wp\/v2\/product_standards_certification?post=8820"},{"taxonomy":"product_benefits","embeddable":true,"href":"https:\/\/www.danosa.com\/es-es\/wp-json\/wp\/v2\/product_benefits?post=8820"},{"taxonomy":"product_support","embeddable":true,"href":"https:\/\/www.danosa.com\/es-es\/wp-json\/wp\/v2\/product_support?post=8820"},{"taxonomy":"product_substrate_preparation","embeddable":true,"href":"https:\/\/www.danosa.com\/es-es\/wp-json\/wp\/v2\/product_substrate_preparation?post=8820"},{"taxonomy":"product_important_indications","embeddable":true,"href":"https:\/\/www.danosa.com\/es-es\/wp-json\/wp\/v2\/product_important_indications?post=8820"},{"taxonomy":"product_conservation","embeddable":true,"href":"https:\/\/www.danosa.com\/es-es\/wp-json\/wp\/v2\/product_conservation?post=8820"},{"taxonomy":"product_warning","embeddable":true,"href":"https:\/\/www.danosa.com\/es-es\/wp-json\/wp\/v2\/product_warning?post=8820"},{"taxonomy":"product_safety_hygiene","embeddable":true,"href":"https:\/\/www.danosa.com\/es-es\/wp-json\/wp\/v2\/product_safety_hygiene?post=8820"},{"taxonomy":"system_certification","embeddable":true,"href":"https:\/\/www.danosa.com\/es-es\/wp-json\/wp\/v2\/system_certification?post=8820"},{"taxonomy":"product_maintenance","embeddable":true,"href":"https:\/\/www.danosa.com\/es-es\/wp-json\/wp\/v2\/product_maintenance?post=8820"},{"taxonomy":"product_safety_datasheet","embeddable":true,"href":"https:\/\/www.danosa.com\/es-es\/wp-json\/wp\/v2\/product_safety_datasheet?post=8820"},{"taxonomy":"filter_special_uses","embeddable":true,"href":"https:\/\/www.danosa.com\/es-es\/wp-json\/wp\/v2\/filter_special_uses?post=8820"}],"curies":[{"name":"wp","href":"https:\/\/api.w.org\/{rel}","templated":true}]}}