{"id":8835,"date":"2026-04-09T02:21:08","date_gmt":"2026-04-09T00:21:08","guid":{"rendered":"https:\/\/www.danosa.com\/es-es\/producto\/danocoat-250\/"},"modified":"2026-04-09T02:21:10","modified_gmt":"2026-04-09T00:21:10","slug":"danocoat-250","status":"publish","type":"product","link":"https:\/\/www.danosa.com\/es-es\/producto\/danocoat-250\/","title":{"rendered":"DANOCOAT 250"},"content":{"rendered":"<p>Membrana arom\u00e1tica, de poliurea 100% pura, de dos componentes, libre de disolventes y plastificantes, con 100% de contenido en s\u00f3lidos, que cura en pocos segundos; para una impermeabilizaci\u00f3n con elevada elasticidad, capacidad de puenteo de fisuras, excelente resistencia qu\u00edmica y a la abrasi\u00f3n. Es una membrana vers\u00e1til, apta para la impermeabilizaci\u00f3n, el revestimiento y protecci\u00f3n de diversos tipos de soporte contra impactos, desgaste o abrasi\u00f3n. Se aplica mediante un equipo de proyecci\u00f3n a alta presi\u00f3n y alta temperatura.<\/p>\n","protected":false},"excerpt":{"rendered":"<p>Membrana de poliurea pura continua y sin solapes de alta resistencia mec\u00e1nica, qu\u00edmica y elevada elasticidad.<\/p>\n","protected":false},"featured_media":0,"parent":0,"menu_order":0,"template":"","meta":{"inline_featured_image":false,"site-sidebar-layout":"default","site-content-layout":"default","ast-main-header-display":"","ast-hfb-above-header-display":"","ast-hfb-below-header-display":"","ast-hfb-mobile-header-display":"","site-post-title":"","ast-breadcrumbs-content":"","ast-featured-img":"","footer-sml-layout":"","theme-transparent-header-meta":"","adv-header-id-meta":"","stick-header-meta":"","header-above-stick-meta":"","header-main-stick-meta":"","header-below-stick-meta":""},"family":[5701],"product_notice":[12157],"product_icon":[],"product_application":[10868,10878,11134,11135,11136,11137,11138,11139],"product_standards_certification":[],"product_benefits":[10366,10614,10615,10616,10617,10618,10619,10620,10621,10622,10623],"product_support":[11986],"product_substrate_preparation":[12095,12099,12116],"product_important_indications":[],"product_conservation":[11687],"product_warning":[],"product_safety_hygiene":[12150],"system_certification":[4018,2466,6400],"product_maintenance":[],"product_safety_datasheet":[2645,2649],"filter_special_uses":[],"acf":[],"yoast_head":"<!-- This site is optimized with the Yoast SEO plugin v18.1 - https:\/\/yoast.com\/wordpress\/plugins\/seo\/ -->\n<title>Impermeabilizante poliurea pura continua | DANOCOAT 250 | Danosa<\/title>\n<meta name=\"description\" content=\"Membrana impermeabilizante de poliurea pura continua y sin solapes de alta resistencia mec\u00e1nica, qu\u00edmica y elevada elasticidad. Altas prestaciones.\" \/>\n<meta name=\"robots\" content=\"index, follow, max-snippet:-1, max-image-preview:large, max-video-preview:-1\" \/>\n<link rel=\"canonical\" href=\"https:\/\/www.danosa.com\/es-es\/producto\/danocoat-250\/\" \/>\n<meta property=\"og:locale\" content=\"es_ES\" \/>\n<meta property=\"og:type\" content=\"article\" \/>\n<meta property=\"og:title\" content=\"Impermeabilizante poliurea pura continua | DANOCOAT 250 | Danosa\" \/>\n<meta property=\"og:description\" content=\"Membrana impermeabilizante de poliurea pura continua y sin solapes de alta resistencia mec\u00e1nica, qu\u00edmica y elevada elasticidad. Altas prestaciones.\" \/>\n<meta property=\"og:url\" content=\"https:\/\/www.danosa.com\/es-es\/producto\/danocoat-250\/\" \/>\n<meta property=\"og:site_name\" content=\"Danosa | Soluciones para la construcci\u00f3n\" \/>\n<meta property=\"article:publisher\" content=\"https:\/\/www.facebook.com\/aislamientoeimpermeabilizacion\/\" \/>\n<meta property=\"article:modified_time\" content=\"2026-04-09T00:21:10+00:00\" \/>\n<meta name=\"twitter:card\" content=\"summary_large_image\" \/>\n<meta name=\"twitter:site\" content=\"@DANOSA_SPAIN\" \/>\n<script type=\"application\/ld+json\" class=\"yoast-schema-graph\">{\"@context\":\"https:\/\/schema.org\",\"@graph\":[{\"@type\":\"WebSite\",\"@id\":\"https:\/\/www.danosa.com\/es-es\/#website\",\"url\":\"https:\/\/www.danosa.com\/es-es\/\",\"name\":\"Danosa | Soluciones para la construcci\u00f3n\",\"description\":\"Impermeabilizaci\u00f3n, aislamiento ac\u00fastico y t\u00e9rmico\",\"potentialAction\":[{\"@type\":\"SearchAction\",\"target\":{\"@type\":\"EntryPoint\",\"urlTemplate\":\"https:\/\/www.danosa.com\/es-es\/?s={search_term_string}\"},\"query-input\":\"required name=search_term_string\"}],\"inLanguage\":\"es\"},{\"@type\":\"WebPage\",\"@id\":\"https:\/\/www.danosa.com\/es-es\/producto\/danocoat-250\/#webpage\",\"url\":\"https:\/\/www.danosa.com\/es-es\/producto\/danocoat-250\/\",\"name\":\"Impermeabilizante poliurea pura continua | DANOCOAT 250 | Danosa\",\"isPartOf\":{\"@id\":\"https:\/\/www.danosa.com\/es-es\/#website\"},\"datePublished\":\"2026-04-09T00:21:08+00:00\",\"dateModified\":\"2026-04-09T00:21:10+00:00\",\"description\":\"Membrana impermeabilizante de poliurea pura continua y sin solapes de alta resistencia mec\u00e1nica, qu\u00edmica y elevada elasticidad. Altas prestaciones.\",\"breadcrumb\":{\"@id\":\"https:\/\/www.danosa.com\/es-es\/producto\/danocoat-250\/#breadcrumb\"},\"inLanguage\":\"es\",\"potentialAction\":[{\"@type\":\"ReadAction\",\"target\":[\"https:\/\/www.danosa.com\/es-es\/producto\/danocoat-250\/\"]}]},{\"@type\":\"BreadcrumbList\",\"@id\":\"https:\/\/www.danosa.com\/es-es\/producto\/danocoat-250\/#breadcrumb\",\"itemListElement\":[{\"@type\":\"ListItem\",\"position\":1,\"name\":\"Portada\",\"item\":\"https:\/\/www.danosa.com\/es-es\/\"},{\"@type\":\"ListItem\",\"position\":2,\"name\":\"DANOCOAT 250\"}]}]}<\/script>\n<!-- \/ Yoast SEO plugin. -->","yoast_head_json":{"title":"Impermeabilizante poliurea pura continua | DANOCOAT 250 | Danosa","description":"Membrana impermeabilizante de poliurea pura continua y sin solapes de alta resistencia mec\u00e1nica, qu\u00edmica y elevada elasticidad. Altas prestaciones.","robots":{"index":"index","follow":"follow","max-snippet":"max-snippet:-1","max-image-preview":"max-image-preview:large","max-video-preview":"max-video-preview:-1"},"canonical":"https:\/\/www.danosa.com\/es-es\/producto\/danocoat-250\/","og_locale":"es_ES","og_type":"article","og_title":"Impermeabilizante poliurea pura continua | DANOCOAT 250 | Danosa","og_description":"Membrana impermeabilizante de poliurea pura continua y sin solapes de alta resistencia mec\u00e1nica, qu\u00edmica y elevada elasticidad. Altas prestaciones.","og_url":"https:\/\/www.danosa.com\/es-es\/producto\/danocoat-250\/","og_site_name":"Danosa | Soluciones para la construcci\u00f3n","article_publisher":"https:\/\/www.facebook.com\/aislamientoeimpermeabilizacion\/","article_modified_time":"2026-04-09T00:21:10+00:00","twitter_card":"summary_large_image","twitter_site":"@DANOSA_SPAIN","schema":{"@context":"https:\/\/schema.org","@graph":[{"@type":"WebSite","@id":"https:\/\/www.danosa.com\/es-es\/#website","url":"https:\/\/www.danosa.com\/es-es\/","name":"Danosa | Soluciones para la construcci\u00f3n","description":"Impermeabilizaci\u00f3n, aislamiento ac\u00fastico y t\u00e9rmico","potentialAction":[{"@type":"SearchAction","target":{"@type":"EntryPoint","urlTemplate":"https:\/\/www.danosa.com\/es-es\/?s={search_term_string}"},"query-input":"required name=search_term_string"}],"inLanguage":"es"},{"@type":"WebPage","@id":"https:\/\/www.danosa.com\/es-es\/producto\/danocoat-250\/#webpage","url":"https:\/\/www.danosa.com\/es-es\/producto\/danocoat-250\/","name":"Impermeabilizante poliurea pura continua | DANOCOAT 250 | Danosa","isPartOf":{"@id":"https:\/\/www.danosa.com\/es-es\/#website"},"datePublished":"2026-04-09T00:21:08+00:00","dateModified":"2026-04-09T00:21:10+00:00","description":"Membrana impermeabilizante de poliurea pura continua y sin solapes de alta resistencia mec\u00e1nica, qu\u00edmica y elevada elasticidad. Altas prestaciones.","breadcrumb":{"@id":"https:\/\/www.danosa.com\/es-es\/producto\/danocoat-250\/#breadcrumb"},"inLanguage":"es","potentialAction":[{"@type":"ReadAction","target":["https:\/\/www.danosa.com\/es-es\/producto\/danocoat-250\/"]}]},{"@type":"BreadcrumbList","@id":"https:\/\/www.danosa.com\/es-es\/producto\/danocoat-250\/#breadcrumb","itemListElement":[{"@type":"ListItem","position":1,"name":"Portada","item":"https:\/\/www.danosa.com\/es-es\/"},{"@type":"ListItem","position":2,"name":"DANOCOAT 250"}]}]}},"_links":{"self":[{"href":"https:\/\/www.danosa.com\/es-es\/wp-json\/wp\/v2\/product\/8835"}],"collection":[{"href":"https:\/\/www.danosa.com\/es-es\/wp-json\/wp\/v2\/product"}],"about":[{"href":"https:\/\/www.danosa.com\/es-es\/wp-json\/wp\/v2\/types\/product"}],"wp:attachment":[{"href":"https:\/\/www.danosa.com\/es-es\/wp-json\/wp\/v2\/media?parent=8835"}],"wp:term":[{"taxonomy":"family","embeddable":true,"href":"https:\/\/www.danosa.com\/es-es\/wp-json\/wp\/v2\/family?post=8835"},{"taxonomy":"product_notice","embeddable":true,"href":"https:\/\/www.danosa.com\/es-es\/wp-json\/wp\/v2\/product_notice?post=8835"},{"taxonomy":"product_icon","embeddable":true,"href":"https:\/\/www.danosa.com\/es-es\/wp-json\/wp\/v2\/product_icon?post=8835"},{"taxonomy":"product_application","embeddable":true,"href":"https:\/\/www.danosa.com\/es-es\/wp-json\/wp\/v2\/product_application?post=8835"},{"taxonomy":"product_standards_certification","embeddable":true,"href":"https:\/\/www.danosa.com\/es-es\/wp-json\/wp\/v2\/product_standards_certification?post=8835"},{"taxonomy":"product_benefits","embeddable":true,"href":"https:\/\/www.danosa.com\/es-es\/wp-json\/wp\/v2\/product_benefits?post=8835"},{"taxonomy":"product_support","embeddable":true,"href":"https:\/\/www.danosa.com\/es-es\/wp-json\/wp\/v2\/product_support?post=8835"},{"taxonomy":"product_substrate_preparation","embeddable":true,"href":"https:\/\/www.danosa.com\/es-es\/wp-json\/wp\/v2\/product_substrate_preparation?post=8835"},{"taxonomy":"product_important_indications","embeddable":true,"href":"https:\/\/www.danosa.com\/es-es\/wp-json\/wp\/v2\/product_important_indications?post=8835"},{"taxonomy":"product_conservation","embeddable":true,"href":"https:\/\/www.danosa.com\/es-es\/wp-json\/wp\/v2\/product_conservation?post=8835"},{"taxonomy":"product_warning","embeddable":true,"href":"https:\/\/www.danosa.com\/es-es\/wp-json\/wp\/v2\/product_warning?post=8835"},{"taxonomy":"product_safety_hygiene","embeddable":true,"href":"https:\/\/www.danosa.com\/es-es\/wp-json\/wp\/v2\/product_safety_hygiene?post=8835"},{"taxonomy":"system_certification","embeddable":true,"href":"https:\/\/www.danosa.com\/es-es\/wp-json\/wp\/v2\/system_certification?post=8835"},{"taxonomy":"product_maintenance","embeddable":true,"href":"https:\/\/www.danosa.com\/es-es\/wp-json\/wp\/v2\/product_maintenance?post=8835"},{"taxonomy":"product_safety_datasheet","embeddable":true,"href":"https:\/\/www.danosa.com\/es-es\/wp-json\/wp\/v2\/product_safety_datasheet?post=8835"},{"taxonomy":"filter_special_uses","embeddable":true,"href":"https:\/\/www.danosa.com\/es-es\/wp-json\/wp\/v2\/filter_special_uses?post=8835"}],"curies":[{"name":"wp","href":"https:\/\/api.w.org\/{rel}","templated":true}]}}