{"id":9987,"date":"2026-04-27T14:25:28","date_gmt":"2026-04-27T12:25:28","guid":{"rendered":"https:\/\/www.danosa.com\/es-es\/producto\/sonodan-plus-autoadhesivo-2\/"},"modified":"2026-04-27T14:25:32","modified_gmt":"2026-04-27T12:25:32","slug":"sonodan-plus-autoadhesivo","status":"publish","type":"product","link":"https:\/\/www.danosa.com\/es-es\/producto\/sonodan-plus-autoadhesivo\/","title":{"rendered":"SONODAN PLUS AUTOADHESIVO."},"content":{"rendered":"<p>SONODAN PLUS Autoadhesivo es un producto multicapa que se divide en dos capas diferenciadas. Esta diferenciaci\u00f3n permite el contrapeado durante la puesta en obra, reduciendo el riesgo de falta de estanqueidad:<\/p>\n<p>Primera capa: formada por un polietileno reticulado y una l\u00e1mina bituminosa de alta densidad acabada en una pel\u00edcula autoadhesiva con pl\u00e1stico antiadherente.<br \/>\nSegunda capa: formada por una l\u00e1mina bituminosa de alta densidad acabada en una pel\u00edcula autoadhesiva con pl\u00e1stico antiadherente y un panel absorbente de lana de roca.<br \/>\nAc\u00fasticamente el SONODAN PLUS Autoadhesivo se basa en la vibraci\u00f3n de un resonador membrana (aislante a bajas frecuencias) sobre material el\u00e1stico (anti-impacto).<\/p>\n","protected":false},"excerpt":{"rendered":"<p>Panel multicapa para aislamiento a ruido a\u00e9reo a bajas frecuencias<\/p>\n","protected":false},"featured_media":0,"parent":0,"menu_order":0,"template":"","meta":{"inline_featured_image":false,"site-sidebar-layout":"default","site-content-layout":"default","ast-main-header-display":"","ast-hfb-above-header-display":"","ast-hfb-below-header-display":"","ast-hfb-mobile-header-display":"","site-post-title":"","ast-breadcrumbs-content":"","ast-featured-img":"","footer-sml-layout":"","theme-transparent-header-meta":"","adv-header-id-meta":"","stick-header-meta":"","header-above-stick-meta":"","header-main-stick-meta":"","header-below-stick-meta":""},"family":[3102],"product_notice":[12157],"product_icon":[],"product_application":[10722,10724,11038],"product_standards_certification":[12069,12081,12092],"product_benefits":[10111,10125,10126,10138,10186,10395,10409,10491,10493,10496],"product_support":[],"product_substrate_preparation":[],"product_important_indications":[11277,11292,11330,11346,11351,11363,11367,11369,11421,11443,11453,11458],"product_conservation":[11527,11540,11554,11574,11584,11602,11649,11683,11719,11721],"product_warning":[],"product_safety_hygiene":[],"system_certification":[2461],"product_maintenance":[],"product_safety_datasheet":[],"filter_special_uses":[],"acf":[],"yoast_head":"<!-- This site is optimized with the Yoast SEO plugin v18.1 - https:\/\/yoast.com\/wordpress\/plugins\/seo\/ -->\n<title>Aislamiento ac\u00fastico adhesivo flexible para paredes | SONODAN PLUS<\/title>\n<meta name=\"description\" content=\"Panel multicapa para aislamiento ac\u00fastico de paredes, bajos de locales comerciales y locales musicales. Autoadhesivo. Flexible. Poco espesor. Danosa.\" \/>\n<meta name=\"robots\" content=\"index, follow, max-snippet:-1, max-image-preview:large, max-video-preview:-1\" \/>\n<link rel=\"canonical\" href=\"https:\/\/www.danosa.com\/es-es\/producto\/sonodan-plus-autoadhesivo\/\" \/>\n<meta property=\"og:locale\" content=\"es_ES\" \/>\n<meta property=\"og:type\" content=\"article\" \/>\n<meta property=\"og:title\" content=\"Aislamiento ac\u00fastico adhesivo flexible para paredes | SONODAN PLUS\" \/>\n<meta property=\"og:description\" content=\"Panel multicapa para aislamiento ac\u00fastico de paredes, bajos de locales comerciales y locales musicales. Autoadhesivo. Flexible. Poco espesor. Danosa.\" \/>\n<meta property=\"og:url\" content=\"https:\/\/www.danosa.com\/es-es\/producto\/sonodan-plus-autoadhesivo\/\" \/>\n<meta property=\"og:site_name\" content=\"Danosa | Soluciones para la construcci\u00f3n\" \/>\n<meta property=\"article:publisher\" content=\"https:\/\/www.facebook.com\/aislamientoeimpermeabilizacion\/\" \/>\n<meta property=\"article:modified_time\" content=\"2026-04-27T12:25:32+00:00\" \/>\n<meta name=\"twitter:card\" content=\"summary_large_image\" \/>\n<meta name=\"twitter:site\" content=\"@DANOSA_SPAIN\" \/>\n<meta name=\"twitter:label1\" content=\"Tiempo de lectura\" \/>\n\t<meta name=\"twitter:data1\" content=\"1 minuto\" \/>\n<script type=\"application\/ld+json\" class=\"yoast-schema-graph\">{\"@context\":\"https:\/\/schema.org\",\"@graph\":[{\"@type\":\"WebSite\",\"@id\":\"https:\/\/www.danosa.com\/es-es\/#website\",\"url\":\"https:\/\/www.danosa.com\/es-es\/\",\"name\":\"Danosa | Soluciones para la construcci\u00f3n\",\"description\":\"Impermeabilizaci\u00f3n, aislamiento ac\u00fastico y t\u00e9rmico\",\"potentialAction\":[{\"@type\":\"SearchAction\",\"target\":{\"@type\":\"EntryPoint\",\"urlTemplate\":\"https:\/\/www.danosa.com\/es-es\/?s={search_term_string}\"},\"query-input\":\"required name=search_term_string\"}],\"inLanguage\":\"es\"},{\"@type\":\"WebPage\",\"@id\":\"https:\/\/www.danosa.com\/es-es\/producto\/sonodan-plus-autoadhesivo\/#webpage\",\"url\":\"https:\/\/www.danosa.com\/es-es\/producto\/sonodan-plus-autoadhesivo\/\",\"name\":\"Aislamiento ac\u00fastico adhesivo flexible para paredes | SONODAN PLUS\",\"isPartOf\":{\"@id\":\"https:\/\/www.danosa.com\/es-es\/#website\"},\"datePublished\":\"2026-04-27T12:25:28+00:00\",\"dateModified\":\"2026-04-27T12:25:32+00:00\",\"description\":\"Panel multicapa para aislamiento ac\u00fastico de paredes, bajos de locales comerciales y locales musicales. Autoadhesivo. Flexible. Poco espesor. Danosa.\",\"breadcrumb\":{\"@id\":\"https:\/\/www.danosa.com\/es-es\/producto\/sonodan-plus-autoadhesivo\/#breadcrumb\"},\"inLanguage\":\"es\",\"potentialAction\":[{\"@type\":\"ReadAction\",\"target\":[\"https:\/\/www.danosa.com\/es-es\/producto\/sonodan-plus-autoadhesivo\/\"]}]},{\"@type\":\"BreadcrumbList\",\"@id\":\"https:\/\/www.danosa.com\/es-es\/producto\/sonodan-plus-autoadhesivo\/#breadcrumb\",\"itemListElement\":[{\"@type\":\"ListItem\",\"position\":1,\"name\":\"Portada\",\"item\":\"https:\/\/www.danosa.com\/es-es\/\"},{\"@type\":\"ListItem\",\"position\":2,\"name\":\"SONODAN PLUS AUTOADHESIVO.\"}]}]}<\/script>\n<!-- \/ Yoast SEO plugin. -->","yoast_head_json":{"title":"Aislamiento ac\u00fastico adhesivo flexible para paredes | SONODAN PLUS","description":"Panel multicapa para aislamiento ac\u00fastico de paredes, bajos de locales comerciales y locales musicales. Autoadhesivo. Flexible. Poco espesor. Danosa.","robots":{"index":"index","follow":"follow","max-snippet":"max-snippet:-1","max-image-preview":"max-image-preview:large","max-video-preview":"max-video-preview:-1"},"canonical":"https:\/\/www.danosa.com\/es-es\/producto\/sonodan-plus-autoadhesivo\/","og_locale":"es_ES","og_type":"article","og_title":"Aislamiento ac\u00fastico adhesivo flexible para paredes | SONODAN PLUS","og_description":"Panel multicapa para aislamiento ac\u00fastico de paredes, bajos de locales comerciales y locales musicales. Autoadhesivo. Flexible. Poco espesor. Danosa.","og_url":"https:\/\/www.danosa.com\/es-es\/producto\/sonodan-plus-autoadhesivo\/","og_site_name":"Danosa | Soluciones para la construcci\u00f3n","article_publisher":"https:\/\/www.facebook.com\/aislamientoeimpermeabilizacion\/","article_modified_time":"2026-04-27T12:25:32+00:00","twitter_card":"summary_large_image","twitter_site":"@DANOSA_SPAIN","twitter_misc":{"Tiempo de lectura":"1 minuto"},"schema":{"@context":"https:\/\/schema.org","@graph":[{"@type":"WebSite","@id":"https:\/\/www.danosa.com\/es-es\/#website","url":"https:\/\/www.danosa.com\/es-es\/","name":"Danosa | Soluciones para la construcci\u00f3n","description":"Impermeabilizaci\u00f3n, aislamiento ac\u00fastico y t\u00e9rmico","potentialAction":[{"@type":"SearchAction","target":{"@type":"EntryPoint","urlTemplate":"https:\/\/www.danosa.com\/es-es\/?s={search_term_string}"},"query-input":"required name=search_term_string"}],"inLanguage":"es"},{"@type":"WebPage","@id":"https:\/\/www.danosa.com\/es-es\/producto\/sonodan-plus-autoadhesivo\/#webpage","url":"https:\/\/www.danosa.com\/es-es\/producto\/sonodan-plus-autoadhesivo\/","name":"Aislamiento ac\u00fastico adhesivo flexible para paredes | SONODAN PLUS","isPartOf":{"@id":"https:\/\/www.danosa.com\/es-es\/#website"},"datePublished":"2026-04-27T12:25:28+00:00","dateModified":"2026-04-27T12:25:32+00:00","description":"Panel multicapa para aislamiento ac\u00fastico de paredes, bajos de locales comerciales y locales musicales. Autoadhesivo. Flexible. Poco espesor. Danosa.","breadcrumb":{"@id":"https:\/\/www.danosa.com\/es-es\/producto\/sonodan-plus-autoadhesivo\/#breadcrumb"},"inLanguage":"es","potentialAction":[{"@type":"ReadAction","target":["https:\/\/www.danosa.com\/es-es\/producto\/sonodan-plus-autoadhesivo\/"]}]},{"@type":"BreadcrumbList","@id":"https:\/\/www.danosa.com\/es-es\/producto\/sonodan-plus-autoadhesivo\/#breadcrumb","itemListElement":[{"@type":"ListItem","position":1,"name":"Portada","item":"https:\/\/www.danosa.com\/es-es\/"},{"@type":"ListItem","position":2,"name":"SONODAN PLUS AUTOADHESIVO."}]}]}},"_links":{"self":[{"href":"https:\/\/www.danosa.com\/es-es\/wp-json\/wp\/v2\/product\/9987"}],"collection":[{"href":"https:\/\/www.danosa.com\/es-es\/wp-json\/wp\/v2\/product"}],"about":[{"href":"https:\/\/www.danosa.com\/es-es\/wp-json\/wp\/v2\/types\/product"}],"wp:attachment":[{"href":"https:\/\/www.danosa.com\/es-es\/wp-json\/wp\/v2\/media?parent=9987"}],"wp:term":[{"taxonomy":"family","embeddable":true,"href":"https:\/\/www.danosa.com\/es-es\/wp-json\/wp\/v2\/family?post=9987"},{"taxonomy":"product_notice","embeddable":true,"href":"https:\/\/www.danosa.com\/es-es\/wp-json\/wp\/v2\/product_notice?post=9987"},{"taxonomy":"product_icon","embeddable":true,"href":"https:\/\/www.danosa.com\/es-es\/wp-json\/wp\/v2\/product_icon?post=9987"},{"taxonomy":"product_application","embeddable":true,"href":"https:\/\/www.danosa.com\/es-es\/wp-json\/wp\/v2\/product_application?post=9987"},{"taxonomy":"product_standards_certification","embeddable":true,"href":"https:\/\/www.danosa.com\/es-es\/wp-json\/wp\/v2\/product_standards_certification?post=9987"},{"taxonomy":"product_benefits","embeddable":true,"href":"https:\/\/www.danosa.com\/es-es\/wp-json\/wp\/v2\/product_benefits?post=9987"},{"taxonomy":"product_support","embeddable":true,"href":"https:\/\/www.danosa.com\/es-es\/wp-json\/wp\/v2\/product_support?post=9987"},{"taxonomy":"product_substrate_preparation","embeddable":true,"href":"https:\/\/www.danosa.com\/es-es\/wp-json\/wp\/v2\/product_substrate_preparation?post=9987"},{"taxonomy":"product_important_indications","embeddable":true,"href":"https:\/\/www.danosa.com\/es-es\/wp-json\/wp\/v2\/product_important_indications?post=9987"},{"taxonomy":"product_conservation","embeddable":true,"href":"https:\/\/www.danosa.com\/es-es\/wp-json\/wp\/v2\/product_conservation?post=9987"},{"taxonomy":"product_warning","embeddable":true,"href":"https:\/\/www.danosa.com\/es-es\/wp-json\/wp\/v2\/product_warning?post=9987"},{"taxonomy":"product_safety_hygiene","embeddable":true,"href":"https:\/\/www.danosa.com\/es-es\/wp-json\/wp\/v2\/product_safety_hygiene?post=9987"},{"taxonomy":"system_certification","embeddable":true,"href":"https:\/\/www.danosa.com\/es-es\/wp-json\/wp\/v2\/system_certification?post=9987"},{"taxonomy":"product_maintenance","embeddable":true,"href":"https:\/\/www.danosa.com\/es-es\/wp-json\/wp\/v2\/product_maintenance?post=9987"},{"taxonomy":"product_safety_datasheet","embeddable":true,"href":"https:\/\/www.danosa.com\/es-es\/wp-json\/wp\/v2\/product_safety_datasheet?post=9987"},{"taxonomy":"filter_special_uses","embeddable":true,"href":"https:\/\/www.danosa.com\/es-es\/wp-json\/wp\/v2\/filter_special_uses?post=9987"}],"curies":[{"name":"wp","href":"https:\/\/api.w.org\/{rel}","templated":true}]}}