{"id":1535,"date":"2021-07-14T09:09:19","date_gmt":"2021-07-14T07:09:19","guid":{"rendered":"https:\/\/www.danosa.com\/fr-dz\/?page_id=1535"},"modified":"2023-02-13T09:02:51","modified_gmt":"2023-02-13T08:02:51","slug":"adresses","status":"publish","type":"page","link":"https:\/\/www.danosa.com\/fr-dz\/contact\/adresses\/","title":{"rendered":"Adresses"},"content":{"rendered":"\n<div class=\"wp-block-cover alignfull page-header\" id=\"jobs-header\"><span aria-hidden=\"true\" class=\"wp-block-cover__gradient-background has-background-dim\"><\/span><img loading=\"lazy\" width=\"1920\" height=\"404\" class=\"wp-block-cover__image-background wp-image-6970\" alt=\"\" src=\"https:\/\/www.danosa.com\/fr-dz\/wp-content\/uploads\/sites\/7\/2021\/09\/Danosa-contacto-1.jpg\" data-object-fit=\"cover\" srcset=\"https:\/\/www.danosa.com\/fr-dz\/wp-content\/uploads\/sites\/7\/2021\/09\/Danosa-contacto-1.jpg 1920w, https:\/\/www.danosa.com\/fr-dz\/wp-content\/uploads\/sites\/7\/2021\/09\/Danosa-contacto-1-300x63.jpg 300w, https:\/\/www.danosa.com\/fr-dz\/wp-content\/uploads\/sites\/7\/2021\/09\/Danosa-contacto-1-1024x215.jpg 1024w, https:\/\/www.danosa.com\/fr-dz\/wp-content\/uploads\/sites\/7\/2021\/09\/Danosa-contacto-1-768x162.jpg 768w, https:\/\/www.danosa.com\/fr-dz\/wp-content\/uploads\/sites\/7\/2021\/09\/Danosa-contacto-1-1536x323.jpg 1536w\" sizes=\"(max-width: 1920px) 100vw, 1920px\" \/><div class=\"wp-block-cover__inner-container\">\n<h1 class=\"has-white-color has-text-color\">Adresses&nbsp;<\/h1>\n\n\n\n<p class=\"has-white-color has-text-color\"><\/p>\n<\/div><\/div>\n\n\n<div class=\"menu-contact-container\"><ul id=\"menu-contact\" class=\"menu contact-menu\"><li id=\"menu-item-1534\" class=\"menu-item menu-item-type-post_type menu-item-object-page menu-item-1534\"><a href=\"https:\/\/www.danosa.com\/fr-dz\/contact\/\" class=\"menu-link\">Formulaire de contact<\/a><\/li>\n<li id=\"menu-item-1539\" class=\"menu-item menu-item-type-post_type menu-item-object-page menu-item-1539\"><a href=\"https:\/\/www.danosa.com\/fr-dz\/contact\/adresses\/\" class=\"menu-link\">Adresses<\/a><\/li>\n<li id=\"menu-item-1540\" class=\"menu-item menu-item-type-post_type menu-item-object-page menu-item-1540\"><a href=\"https:\/\/www.danosa.com\/fr-dz\/contact\/reseau-commercial\/\" class=\"menu-link\">R\u00e9seau commercial &#8211; DANOSA Alg\u00e9rie<\/a><\/li>\n<\/ul><\/div>\n\n\n\n<div class=\"wp-container-2 wp-block-group alignfull has-ast-global-color-6-background-color has-background\"><div class=\"wp-block-group__inner-container\">\n<div class=\"wp-container-1 wp-block-group\"><div class=\"wp-block-group__inner-container\">\n<h2>D\u00e9p\u00f4ts<\/h2>\n<\/div><\/div>\n\n\n\n<div class=\"wp-block-columns delegaciones-cols\">\n<div class=\"wp-block-column\">\n<figure class=\"wp-block-image size-full\"><img loading=\"lazy\" width=\"940\" height=\"415\" src=\"https:\/\/www.danosa.com\/fr-dz\/wp-content\/uploads\/sites\/7\/2021\/12\/Danosa_show_room_alger.jpg\" alt=\"\" class=\"wp-image-8761\" srcset=\"https:\/\/www.danosa.com\/fr-dz\/wp-content\/uploads\/sites\/7\/2021\/12\/Danosa_show_room_alger.jpg 940w, https:\/\/www.danosa.com\/fr-dz\/wp-content\/uploads\/sites\/7\/2021\/12\/Danosa_show_room_alger-300x132.jpg 300w, https:\/\/www.danosa.com\/fr-dz\/wp-content\/uploads\/sites\/7\/2021\/12\/Danosa_show_room_alger-768x339.jpg 768w\" sizes=\"(max-width: 940px) 100vw, 940px\" \/><\/figure>\n<\/div>\n<\/div>\n<\/div><\/div>\n\n\n\n<h2 class=\"delegaciones-title\">Si\u00e8ge social<\/h2>\n\n\n\n<div class=\"wp-container-3 wp-block-group\"><div class=\"wp-block-group__inner-container\">\n<div class=\"wp-block-columns delegaciones-cols\">\n<div class=\"wp-block-column\"><div id=\"delegation-block_60f58d9e16381\" class=\"delegation fade-top\">\r\n\r\n\t\t<div>\r\n\t        <h4 class=\"delegation-city\">Danosa Alg\u00e9rie<\/h4>\r\n\t        <span class=\"delegation-address\">15-17 Rue Bouhadja \u2013 BIRTOUTA 16045 \u2013 ALGER<\/span>\r\n\r\n\t        \t        <span class=\"delegation-phone\">Tel: <span>+213 (0) 555 515 565 +213 (0) 555 515 566<\/span><\/span>\r\n\t    \t\t        \r\n\t        \t        <span class=\"delegation-email\">Email: <a href=\"mailto:commercial.algerie@danosa.com\">commercial.algerie@danosa.com<\/a><\/span>\r\n\t        \t    <\/div>\r\n\r\n\r\n        \t\t<div class=\"wp-block-button\"><a href=\"https:\/\/www.google.com\/maps\/search\/?api=1&#038;query=Danosa 15-17 Rue Bouhadja \u2013 BIRTOUTA 16045 \u2013 ALGER\" target=\"_blank\" class=\"wp-block-button__map\">Localiser sur la carte<\/a><\/div>\r\n        \r\n\r\n<\/div><\/div>\n\n\n\n<div class=\"wp-block-column\"><div id=\"delegation-block_60f58d9e1637f\" class=\"delegation fade-top\">\r\n\r\n\t\t<div>\r\n\t        <h4 class=\"delegation-city\">Danosa Espagne<\/h4>\r\n\t        <span class=\"delegation-address\">Poligono Industrial Sector 9 19290 FONTANAR (Guadalajara) ESPA\u00d1A<\/span>\r\n\r\n\t        \t        <span class=\"delegation-phone\">Tel: <span> +34 949 88 82 10<\/span><\/span>\r\n\t    \t\t        \t        <span class=\"delegation-fax\">Fax: <span>+34 949 888 223<\/span><\/span>\r\n\t    \t\r\n\t        \t        <span class=\"delegation-email\">Email: <a href=\"mailto:info@danosa.com\">info@danosa.com<\/a><\/span>\r\n\t        \t    <\/div>\r\n\r\n\r\n        \t\t<div class=\"wp-block-button\"><a href=\"https:\/\/www.google.com\/maps\/search\/?api=1&#038;query=Danosa Poligono Industrial Sector 9 19290 FONTANAR (Guadalajara) ESPA\u00d1A\" target=\"_blank\" class=\"wp-block-button__map\">Localiser sur la carte<\/a><\/div>\r\n        \r\n\r\n<\/div><\/div>\n\n\n\n<div class=\"wp-block-column\"><div id=\"delegation-block_60eebd9cd49a9\" class=\"delegation fade-top\">\r\n\r\n\t\t<div>\r\n\t        <h4 class=\"delegation-city\">Danosa France<\/h4>\r\n\t        <span class=\"delegation-address\">12, avenue Arago 91420 MORANGIS<\/span>\r\n\r\n\t        \t        <span class=\"delegation-phone\">Tel: <span>+33 (0) 178 854 737<\/span><\/span>\r\n\t    \t\t        \t        <span class=\"delegation-fax\">Fax: <span>+33 (0) 141 941 899<\/span><\/span>\r\n\t    \t\r\n\t        \t        <span class=\"delegation-email\">Email: <a href=\"mailto:France@danosa.com adv@danosa.com\">France@danosa.com adv@danosa.com<\/a><\/span>\r\n\t        \t    <\/div>\r\n\r\n\r\n        \t\t<div class=\"wp-block-button\"><a href=\"https:\/\/www.google.com\/maps\/search\/?api=1&#038;query=Danosa 12, avenue Arago 91420 MORANGIS\" target=\"_blank\" class=\"wp-block-button__map\">Localiser sur la carte<\/a><\/div>\r\n        \r\n\r\n<\/div><\/div>\n\n\n\n<div class=\"wp-block-column\"><div id=\"delegation-block_60f58d9e16382\" class=\"delegation fade-top\">\r\n\r\n\t\t<div>\r\n\t        <h4 class=\"delegation-city\">Danosa Colombie<\/h4>\r\n\t        <span class=\"delegation-address\"><\/span>\r\n\r\n\t        \t        <span class=\"delegation-phone\">Tel: <span>+57 317 372 9559<\/span><\/span>\r\n\t    \t\t        \r\n\t        \t        <span class=\"delegation-email\">Email: <a href=\"mailto:andina@danosa.com\">andina@danosa.com<\/a><\/span>\r\n\t        \t    <\/div>\r\n\r\n\r\n        \r\n\r\n<\/div><\/div>\n<\/div>\n<\/div><\/div>\n\n\n\n<div class=\"wp-container-4 wp-block-group alignfull\"><div class=\"wp-block-group__inner-container\">\n<div class=\"wp-block-columns alignwide delegaciones-cols\">\n<div class=\"wp-block-column\"><div id=\"delegation-block_60f590d016384\" class=\"delegation fade-top\">\r\n\r\n\t\t<div>\r\n\t        <h4 class=\"delegation-city\">Danosa Royaume-Uni<\/h4>\r\n\t        <span class=\"delegation-address\">Independence Unit 3, Stanbridge Road Havant, Hampshire, PO9 2NS<\/span>\r\n\r\n\t        \t        <span class=\"delegation-phone\">Tel: <span>+448 450 740 553 <\/span><\/span>\r\n\t    \t\t        \t        <span class=\"delegation-fax\">Fax: <span>+448 450 740 554<\/span><\/span>\r\n\t    \t\r\n\t        \t        <span class=\"delegation-email\">Email: <a href=\"mailto:uksales@danosa.com\">uksales@danosa.com<\/a><\/span>\r\n\t        \t    <\/div>\r\n\r\n\r\n        \t\t<div class=\"wp-block-button\"><a href=\"https:\/\/www.google.com\/maps\/search\/?api=1&#038;query=Danosa Independence Unit 3, Stanbridge Road Havant, Hampshire, PO9 2NS\" target=\"_blank\" class=\"wp-block-button__map\">Localiser sur la carte<\/a><\/div>\r\n        \r\n\r\n<\/div><\/div>\n\n\n\n<div class=\"wp-block-column\"><div id=\"delegation-block_60f5911d16385\" class=\"delegation fade-top\">\r\n\r\n\t\t<div>\r\n\t        <h4 class=\"delegation-city\">Danosa Portugal<\/h4>\r\n\t        <span class=\"delegation-address\">Rua do Norte, Lugar da Quinta do Aduguete. 3100-342 Pombal<\/span>\r\n\r\n\t        \t        <span class=\"delegation-phone\">Tel: <span>+351 236 029 465<\/span><\/span>\r\n\t    \t\t        \r\n\t        \t        <span class=\"delegation-email\">Email: <a href=\"mailto:portugal@danosa.com\">portugal@danosa.com<\/a><\/span>\r\n\t        \t    <\/div>\r\n\r\n\r\n        \t\t<div class=\"wp-block-button\"><a href=\"https:\/\/www.google.com\/maps\/search\/?api=1&#038;query=Danosa Rua do Norte, Lugar da Quinta do Aduguete. 3100-342 Pombal\" target=\"_blank\" class=\"wp-block-button__map\">Localiser sur la carte<\/a><\/div>\r\n        \r\n\r\n<\/div><\/div>\n\n\n\n<div class=\"wp-block-column\"><\/div>\n\n\n\n<div class=\"wp-block-column\"><\/div>\n<\/div>\n<\/div><\/div>\n","protected":false},"excerpt":{"rendered":"<p>D\u00e9p\u00f4ts Si\u00e8ge social<\/p>\n","protected":false},"author":1,"featured_media":0,"parent":90,"menu_order":0,"comment_status":"closed","ping_status":"closed","template":"","meta":{"inline_featured_image":false,"site-sidebar-layout":"default","site-content-layout":"default","ast-main-header-display":"","ast-hfb-above-header-display":"","ast-hfb-below-header-display":"","ast-hfb-mobile-header-display":"","site-post-title":"disabled","ast-breadcrumbs-content":"","ast-featured-img":"","footer-sml-layout":"","theme-transparent-header-meta":"default","adv-header-id-meta":"","stick-header-meta":"default","header-above-stick-meta":"","header-main-stick-meta":"","header-below-stick-meta":""},"acf":[],"yoast_head":"<!-- This site is optimized with the Yoast SEO plugin v18.1 - https:\/\/yoast.com\/wordpress\/plugins\/seo\/ -->\n<title>Adresses - Danosa Algeria<\/title>\n<meta name=\"robots\" content=\"index, follow, max-snippet:-1, max-image-preview:large, max-video-preview:-1\" \/>\n<link rel=\"canonical\" href=\"https:\/\/www.danosa.com\/fr-dz\/contact\/adresses\/\" \/>\n<meta property=\"og:locale\" content=\"fr_FR\" \/>\n<meta property=\"og:type\" content=\"article\" \/>\n<meta property=\"og:title\" content=\"Adresses - Danosa Algeria\" \/>\n<meta property=\"og:description\" content=\"D\u00e9p\u00f4ts Si\u00e8ge social\" \/>\n<meta property=\"og:url\" content=\"https:\/\/www.danosa.com\/fr-dz\/contact\/adresses\/\" \/>\n<meta property=\"og:site_name\" content=\"Danosa Algeria\" \/>\n<meta property=\"article:modified_time\" content=\"2023-02-13T08:02:51+00:00\" \/>\n<meta property=\"og:image\" content=\"https:\/\/www.danosa.com\/fr-dz\/wp-content\/uploads\/sites\/7\/2021\/09\/Danosa-contacto-1.jpg\" \/>\n<meta name=\"twitter:card\" content=\"summary_large_image\" \/>\n<meta name=\"twitter:label1\" content=\"Dur\u00e9e de lecture estim\u00e9e\" \/>\n\t<meta name=\"twitter:data1\" content=\"1 minute\" \/>\n<script type=\"application\/ld+json\" class=\"yoast-schema-graph\">{\"@context\":\"https:\/\/schema.org\",\"@graph\":[{\"@type\":\"WebSite\",\"@id\":\"https:\/\/www.danosa.com\/fr-dz\/#website\",\"url\":\"https:\/\/www.danosa.com\/fr-dz\/\",\"name\":\"Danosa Algeria\",\"description\":\"Danosa\",\"potentialAction\":[{\"@type\":\"SearchAction\",\"target\":{\"@type\":\"EntryPoint\",\"urlTemplate\":\"https:\/\/www.danosa.com\/fr-dz\/?s={search_term_string}\"},\"query-input\":\"required name=search_term_string\"}],\"inLanguage\":\"fr-FR\"},{\"@type\":\"ImageObject\",\"@id\":\"https:\/\/www.danosa.com\/fr-dz\/contact\/adresses\/#primaryimage\",\"inLanguage\":\"fr-FR\",\"url\":\"https:\/\/www.danosa.com\/fr-dz\/wp-content\/uploads\/sites\/7\/2021\/09\/Danosa-contacto-1.jpg\",\"contentUrl\":\"https:\/\/www.danosa.com\/fr-dz\/wp-content\/uploads\/sites\/7\/2021\/09\/Danosa-contacto-1.jpg\",\"width\":1920,\"height\":404},{\"@type\":\"WebPage\",\"@id\":\"https:\/\/www.danosa.com\/fr-dz\/contact\/adresses\/#webpage\",\"url\":\"https:\/\/www.danosa.com\/fr-dz\/contact\/adresses\/\",\"name\":\"Adresses - Danosa Algeria\",\"isPartOf\":{\"@id\":\"https:\/\/www.danosa.com\/fr-dz\/#website\"},\"primaryImageOfPage\":{\"@id\":\"https:\/\/www.danosa.com\/fr-dz\/contact\/adresses\/#primaryimage\"},\"datePublished\":\"2021-07-14T07:09:19+00:00\",\"dateModified\":\"2023-02-13T08:02:51+00:00\",\"breadcrumb\":{\"@id\":\"https:\/\/www.danosa.com\/fr-dz\/contact\/adresses\/#breadcrumb\"},\"inLanguage\":\"fr-FR\",\"potentialAction\":[{\"@type\":\"ReadAction\",\"target\":[\"https:\/\/www.danosa.com\/fr-dz\/contact\/adresses\/\"]}]},{\"@type\":\"BreadcrumbList\",\"@id\":\"https:\/\/www.danosa.com\/fr-dz\/contact\/adresses\/#breadcrumb\",\"itemListElement\":[{\"@type\":\"ListItem\",\"position\":1,\"name\":\"Portada\",\"item\":\"https:\/\/www.danosa.com\/fr-dz\/\"},{\"@type\":\"ListItem\",\"position\":2,\"name\":\"Contact\",\"item\":\"https:\/\/www.danosa.com\/fr-dz\/contact\/\"},{\"@type\":\"ListItem\",\"position\":3,\"name\":\"Adresses\"}]}]}<\/script>\n<!-- \/ Yoast SEO plugin. -->","yoast_head_json":{"title":"Adresses - Danosa Algeria","robots":{"index":"index","follow":"follow","max-snippet":"max-snippet:-1","max-image-preview":"max-image-preview:large","max-video-preview":"max-video-preview:-1"},"canonical":"https:\/\/www.danosa.com\/fr-dz\/contact\/adresses\/","og_locale":"fr_FR","og_type":"article","og_title":"Adresses - Danosa Algeria","og_description":"D\u00e9p\u00f4ts Si\u00e8ge social","og_url":"https:\/\/www.danosa.com\/fr-dz\/contact\/adresses\/","og_site_name":"Danosa Algeria","article_modified_time":"2023-02-13T08:02:51+00:00","og_image":[{"url":"https:\/\/www.danosa.com\/fr-dz\/wp-content\/uploads\/sites\/7\/2021\/09\/Danosa-contacto-1.jpg"}],"twitter_card":"summary_large_image","twitter_misc":{"Dur\u00e9e de lecture estim\u00e9e":"1 minute"},"schema":{"@context":"https:\/\/schema.org","@graph":[{"@type":"WebSite","@id":"https:\/\/www.danosa.com\/fr-dz\/#website","url":"https:\/\/www.danosa.com\/fr-dz\/","name":"Danosa Algeria","description":"Danosa","potentialAction":[{"@type":"SearchAction","target":{"@type":"EntryPoint","urlTemplate":"https:\/\/www.danosa.com\/fr-dz\/?s={search_term_string}"},"query-input":"required name=search_term_string"}],"inLanguage":"fr-FR"},{"@type":"ImageObject","@id":"https:\/\/www.danosa.com\/fr-dz\/contact\/adresses\/#primaryimage","inLanguage":"fr-FR","url":"https:\/\/www.danosa.com\/fr-dz\/wp-content\/uploads\/sites\/7\/2021\/09\/Danosa-contacto-1.jpg","contentUrl":"https:\/\/www.danosa.com\/fr-dz\/wp-content\/uploads\/sites\/7\/2021\/09\/Danosa-contacto-1.jpg","width":1920,"height":404},{"@type":"WebPage","@id":"https:\/\/www.danosa.com\/fr-dz\/contact\/adresses\/#webpage","url":"https:\/\/www.danosa.com\/fr-dz\/contact\/adresses\/","name":"Adresses - Danosa Algeria","isPartOf":{"@id":"https:\/\/www.danosa.com\/fr-dz\/#website"},"primaryImageOfPage":{"@id":"https:\/\/www.danosa.com\/fr-dz\/contact\/adresses\/#primaryimage"},"datePublished":"2021-07-14T07:09:19+00:00","dateModified":"2023-02-13T08:02:51+00:00","breadcrumb":{"@id":"https:\/\/www.danosa.com\/fr-dz\/contact\/adresses\/#breadcrumb"},"inLanguage":"fr-FR","potentialAction":[{"@type":"ReadAction","target":["https:\/\/www.danosa.com\/fr-dz\/contact\/adresses\/"]}]},{"@type":"BreadcrumbList","@id":"https:\/\/www.danosa.com\/fr-dz\/contact\/adresses\/#breadcrumb","itemListElement":[{"@type":"ListItem","position":1,"name":"Portada","item":"https:\/\/www.danosa.com\/fr-dz\/"},{"@type":"ListItem","position":2,"name":"Contact","item":"https:\/\/www.danosa.com\/fr-dz\/contact\/"},{"@type":"ListItem","position":3,"name":"Adresses"}]}]}},"_links":{"self":[{"href":"https:\/\/www.danosa.com\/fr-dz\/wp-json\/wp\/v2\/pages\/1535"}],"collection":[{"href":"https:\/\/www.danosa.com\/fr-dz\/wp-json\/wp\/v2\/pages"}],"about":[{"href":"https:\/\/www.danosa.com\/fr-dz\/wp-json\/wp\/v2\/types\/page"}],"author":[{"embeddable":true,"href":"https:\/\/www.danosa.com\/fr-dz\/wp-json\/wp\/v2\/users\/1"}],"replies":[{"embeddable":true,"href":"https:\/\/www.danosa.com\/fr-dz\/wp-json\/wp\/v2\/comments?post=1535"}],"version-history":[{"count":47,"href":"https:\/\/www.danosa.com\/fr-dz\/wp-json\/wp\/v2\/pages\/1535\/revisions"}],"predecessor-version":[{"id":8893,"href":"https:\/\/www.danosa.com\/fr-dz\/wp-json\/wp\/v2\/pages\/1535\/revisions\/8893"}],"up":[{"embeddable":true,"href":"https:\/\/www.danosa.com\/fr-dz\/wp-json\/wp\/v2\/pages\/90"}],"wp:attachment":[{"href":"https:\/\/www.danosa.com\/fr-dz\/wp-json\/wp\/v2\/media?parent=1535"}],"curies":[{"name":"wp","href":"https:\/\/api.w.org\/{rel}","templated":true}]}}