{"id":1536,"date":"2021-07-14T09:09:18","date_gmt":"2021-07-14T07:09:18","guid":{"rendered":"https:\/\/www.danosa.com\/fr-dz\/?page_id=1536"},"modified":"2021-12-14T14:09:58","modified_gmt":"2021-12-14T13:09:58","slug":"reseau-commercial","status":"publish","type":"page","link":"https:\/\/www.danosa.com\/fr-dz\/contact\/reseau-commercial\/","title":{"rendered":"R\u00e9seau commercial"},"content":{"rendered":"\n<div class=\"wp-block-cover alignfull has-background-dim page-header\" id=\"jobs-header\"><img loading=\"lazy\" width=\"1920\" height=\"404\" class=\"wp-block-cover__image-background wp-image-6970\" alt=\"\" src=\"https:\/\/www.danosa.com\/fr-dz\/wp-content\/uploads\/sites\/7\/2021\/09\/Danosa-contacto-1.jpg\" data-object-fit=\"cover\" srcset=\"https:\/\/www.danosa.com\/fr-dz\/wp-content\/uploads\/sites\/7\/2021\/09\/Danosa-contacto-1.jpg 1920w, https:\/\/www.danosa.com\/fr-dz\/wp-content\/uploads\/sites\/7\/2021\/09\/Danosa-contacto-1-300x63.jpg 300w, https:\/\/www.danosa.com\/fr-dz\/wp-content\/uploads\/sites\/7\/2021\/09\/Danosa-contacto-1-1024x215.jpg 1024w, https:\/\/www.danosa.com\/fr-dz\/wp-content\/uploads\/sites\/7\/2021\/09\/Danosa-contacto-1-768x162.jpg 768w, https:\/\/www.danosa.com\/fr-dz\/wp-content\/uploads\/sites\/7\/2021\/09\/Danosa-contacto-1-1536x323.jpg 1536w\" sizes=\"(max-width: 1920px) 100vw, 1920px\" \/><div class=\"wp-block-cover__inner-container\">\n<h1 class=\"has-white-color has-text-color\">R\u00e9seau commercial<\/h1>\n\n\n\n<p class=\"has-white-color has-text-color\"><\/p>\n<\/div><\/div>\n\n\n<div class=\"menu-contact-container\"><ul id=\"menu-contact\" class=\"menu contact-menu\"><li id=\"menu-item-1534\" class=\"menu-item menu-item-type-post_type menu-item-object-page menu-item-1534\"><a href=\"https:\/\/www.danosa.com\/fr-dz\/contact\/\" class=\"menu-link\">Formulaire de contact<\/a><\/li>\n<li id=\"menu-item-1539\" class=\"menu-item menu-item-type-post_type menu-item-object-page menu-item-1539\"><a href=\"https:\/\/www.danosa.com\/fr-dz\/contact\/adresses\/\" class=\"menu-link\">Adresses<\/a><\/li>\n<li id=\"menu-item-1540\" class=\"menu-item menu-item-type-post_type menu-item-object-page menu-item-1540\"><a href=\"https:\/\/www.danosa.com\/fr-dz\/contact\/reseau-commercial\/\" class=\"menu-link\">R\u00e9seau commercial &#8211; DANOSA Alg\u00e9rie<\/a><\/li>\n<\/ul><\/div>\n\n\n\n<h2 class=\"has-text-align-center delegaciones-title\">R\u00e9seau commercial Danosa Alg\u00e9rie<\/h2>\n\n\n\n<div class=\"wp-container-1 wp-block-group alignfull sales-row sales-row-white\"><div class=\"wp-block-group__inner-container\">\n<div class=\"wp-block-columns sales-cols\">\n<div class=\"wp-block-column\"><div id=\"sales-block_60f5a26606775\" class=\"sales fade-top\">\r\n\r\n\t\t<div>\r\n\t        <h4 class=\"sales-city\">Alger<\/h4>\r\n\t        \r\n\t        \t<div class=\"sales-photo\" alt=\"Eric Gesset\">EG<\/div>\r\n\t    \t\r\n\t        <span class=\"sales-name\">Eric Gesset<\/span>\r\n\r\n\t        \t        <span class=\"sales-phone\">Tel: <span>+34 638 083 173<\/span><\/span>\r\n\t    \t\r\n\r\n\t        \t        <span class=\"sales-email\">Email: <a href=\"mailto:egesset@danosa.com\">egesset@danosa.com<\/a><\/span>\r\n\t        \t    <\/div>\r\n\r\n\r\n\r\n<\/div><\/div>\n<\/div>\n<\/div><\/div>\n","protected":false},"excerpt":{"rendered":"<p>R\u00e9seau commercial Danosa Alg\u00e9rie<\/p>\n","protected":false},"author":1,"featured_media":0,"parent":90,"menu_order":0,"comment_status":"closed","ping_status":"closed","template":"","meta":{"inline_featured_image":false,"site-sidebar-layout":"default","site-content-layout":"default","ast-main-header-display":"","ast-hfb-above-header-display":"","ast-hfb-below-header-display":"","ast-hfb-mobile-header-display":"","site-post-title":"disabled","ast-breadcrumbs-content":"","ast-featured-img":"","footer-sml-layout":"","theme-transparent-header-meta":"default","adv-header-id-meta":"","stick-header-meta":"default","header-above-stick-meta":"","header-main-stick-meta":"","header-below-stick-meta":""},"acf":[],"yoast_head":"<!-- This site is optimized with the Yoast SEO plugin v18.1 - https:\/\/yoast.com\/wordpress\/plugins\/seo\/ -->\n<title>R\u00e9seau commercial - Danosa Algeria<\/title>\n<meta name=\"robots\" content=\"index, follow, max-snippet:-1, max-image-preview:large, max-video-preview:-1\" \/>\n<link rel=\"canonical\" href=\"https:\/\/www.danosa.com\/fr-dz\/contact\/reseau-commercial\/\" \/>\n<meta property=\"og:locale\" content=\"fr_FR\" \/>\n<meta property=\"og:type\" content=\"article\" \/>\n<meta property=\"og:title\" content=\"R\u00e9seau commercial - Danosa Algeria\" \/>\n<meta property=\"og:description\" content=\"R\u00e9seau commercial Danosa Alg\u00e9rie\" \/>\n<meta property=\"og:url\" content=\"https:\/\/www.danosa.com\/fr-dz\/contact\/reseau-commercial\/\" \/>\n<meta property=\"og:site_name\" content=\"Danosa Algeria\" \/>\n<meta property=\"article:modified_time\" content=\"2021-12-14T13:09:58+00:00\" \/>\n<meta property=\"og:image\" content=\"https:\/\/www.danosa.com\/fr-dz\/wp-content\/uploads\/sites\/7\/2021\/09\/Danosa-contacto-1.jpg\" \/>\n<meta name=\"twitter:card\" content=\"summary_large_image\" \/>\n<meta name=\"twitter:label1\" content=\"Dur\u00e9e de lecture estim\u00e9e\" \/>\n\t<meta name=\"twitter:data1\" content=\"1 minute\" \/>\n<script type=\"application\/ld+json\" class=\"yoast-schema-graph\">{\"@context\":\"https:\/\/schema.org\",\"@graph\":[{\"@type\":\"WebSite\",\"@id\":\"https:\/\/www.danosa.com\/fr-dz\/#website\",\"url\":\"https:\/\/www.danosa.com\/fr-dz\/\",\"name\":\"Danosa Algeria\",\"description\":\"Danosa\",\"potentialAction\":[{\"@type\":\"SearchAction\",\"target\":{\"@type\":\"EntryPoint\",\"urlTemplate\":\"https:\/\/www.danosa.com\/fr-dz\/?s={search_term_string}\"},\"query-input\":\"required name=search_term_string\"}],\"inLanguage\":\"fr-FR\"},{\"@type\":\"ImageObject\",\"@id\":\"https:\/\/www.danosa.com\/fr-dz\/contact\/reseau-commercial\/#primaryimage\",\"inLanguage\":\"fr-FR\",\"url\":\"https:\/\/www.danosa.com\/fr-dz\/wp-content\/uploads\/sites\/7\/2021\/09\/Danosa-contacto-1.jpg\",\"contentUrl\":\"https:\/\/www.danosa.com\/fr-dz\/wp-content\/uploads\/sites\/7\/2021\/09\/Danosa-contacto-1.jpg\",\"width\":1920,\"height\":404},{\"@type\":\"WebPage\",\"@id\":\"https:\/\/www.danosa.com\/fr-dz\/contact\/reseau-commercial\/#webpage\",\"url\":\"https:\/\/www.danosa.com\/fr-dz\/contact\/reseau-commercial\/\",\"name\":\"R\u00e9seau commercial - Danosa Algeria\",\"isPartOf\":{\"@id\":\"https:\/\/www.danosa.com\/fr-dz\/#website\"},\"primaryImageOfPage\":{\"@id\":\"https:\/\/www.danosa.com\/fr-dz\/contact\/reseau-commercial\/#primaryimage\"},\"datePublished\":\"2021-07-14T07:09:18+00:00\",\"dateModified\":\"2021-12-14T13:09:58+00:00\",\"breadcrumb\":{\"@id\":\"https:\/\/www.danosa.com\/fr-dz\/contact\/reseau-commercial\/#breadcrumb\"},\"inLanguage\":\"fr-FR\",\"potentialAction\":[{\"@type\":\"ReadAction\",\"target\":[\"https:\/\/www.danosa.com\/fr-dz\/contact\/reseau-commercial\/\"]}]},{\"@type\":\"BreadcrumbList\",\"@id\":\"https:\/\/www.danosa.com\/fr-dz\/contact\/reseau-commercial\/#breadcrumb\",\"itemListElement\":[{\"@type\":\"ListItem\",\"position\":1,\"name\":\"Portada\",\"item\":\"https:\/\/www.danosa.com\/fr-dz\/\"},{\"@type\":\"ListItem\",\"position\":2,\"name\":\"Contact\",\"item\":\"https:\/\/www.danosa.com\/fr-dz\/contact\/\"},{\"@type\":\"ListItem\",\"position\":3,\"name\":\"R\u00e9seau commercial\"}]}]}<\/script>\n<!-- \/ Yoast SEO plugin. -->","yoast_head_json":{"title":"R\u00e9seau commercial - Danosa Algeria","robots":{"index":"index","follow":"follow","max-snippet":"max-snippet:-1","max-image-preview":"max-image-preview:large","max-video-preview":"max-video-preview:-1"},"canonical":"https:\/\/www.danosa.com\/fr-dz\/contact\/reseau-commercial\/","og_locale":"fr_FR","og_type":"article","og_title":"R\u00e9seau commercial - Danosa Algeria","og_description":"R\u00e9seau commercial Danosa Alg\u00e9rie","og_url":"https:\/\/www.danosa.com\/fr-dz\/contact\/reseau-commercial\/","og_site_name":"Danosa Algeria","article_modified_time":"2021-12-14T13:09:58+00:00","og_image":[{"url":"https:\/\/www.danosa.com\/fr-dz\/wp-content\/uploads\/sites\/7\/2021\/09\/Danosa-contacto-1.jpg"}],"twitter_card":"summary_large_image","twitter_misc":{"Dur\u00e9e de lecture estim\u00e9e":"1 minute"},"schema":{"@context":"https:\/\/schema.org","@graph":[{"@type":"WebSite","@id":"https:\/\/www.danosa.com\/fr-dz\/#website","url":"https:\/\/www.danosa.com\/fr-dz\/","name":"Danosa Algeria","description":"Danosa","potentialAction":[{"@type":"SearchAction","target":{"@type":"EntryPoint","urlTemplate":"https:\/\/www.danosa.com\/fr-dz\/?s={search_term_string}"},"query-input":"required name=search_term_string"}],"inLanguage":"fr-FR"},{"@type":"ImageObject","@id":"https:\/\/www.danosa.com\/fr-dz\/contact\/reseau-commercial\/#primaryimage","inLanguage":"fr-FR","url":"https:\/\/www.danosa.com\/fr-dz\/wp-content\/uploads\/sites\/7\/2021\/09\/Danosa-contacto-1.jpg","contentUrl":"https:\/\/www.danosa.com\/fr-dz\/wp-content\/uploads\/sites\/7\/2021\/09\/Danosa-contacto-1.jpg","width":1920,"height":404},{"@type":"WebPage","@id":"https:\/\/www.danosa.com\/fr-dz\/contact\/reseau-commercial\/#webpage","url":"https:\/\/www.danosa.com\/fr-dz\/contact\/reseau-commercial\/","name":"R\u00e9seau commercial - Danosa Algeria","isPartOf":{"@id":"https:\/\/www.danosa.com\/fr-dz\/#website"},"primaryImageOfPage":{"@id":"https:\/\/www.danosa.com\/fr-dz\/contact\/reseau-commercial\/#primaryimage"},"datePublished":"2021-07-14T07:09:18+00:00","dateModified":"2021-12-14T13:09:58+00:00","breadcrumb":{"@id":"https:\/\/www.danosa.com\/fr-dz\/contact\/reseau-commercial\/#breadcrumb"},"inLanguage":"fr-FR","potentialAction":[{"@type":"ReadAction","target":["https:\/\/www.danosa.com\/fr-dz\/contact\/reseau-commercial\/"]}]},{"@type":"BreadcrumbList","@id":"https:\/\/www.danosa.com\/fr-dz\/contact\/reseau-commercial\/#breadcrumb","itemListElement":[{"@type":"ListItem","position":1,"name":"Portada","item":"https:\/\/www.danosa.com\/fr-dz\/"},{"@type":"ListItem","position":2,"name":"Contact","item":"https:\/\/www.danosa.com\/fr-dz\/contact\/"},{"@type":"ListItem","position":3,"name":"R\u00e9seau commercial"}]}]}},"_links":{"self":[{"href":"https:\/\/www.danosa.com\/fr-dz\/wp-json\/wp\/v2\/pages\/1536"}],"collection":[{"href":"https:\/\/www.danosa.com\/fr-dz\/wp-json\/wp\/v2\/pages"}],"about":[{"href":"https:\/\/www.danosa.com\/fr-dz\/wp-json\/wp\/v2\/types\/page"}],"author":[{"embeddable":true,"href":"https:\/\/www.danosa.com\/fr-dz\/wp-json\/wp\/v2\/users\/1"}],"replies":[{"embeddable":true,"href":"https:\/\/www.danosa.com\/fr-dz\/wp-json\/wp\/v2\/comments?post=1536"}],"version-history":[{"count":67,"href":"https:\/\/www.danosa.com\/fr-dz\/wp-json\/wp\/v2\/pages\/1536\/revisions"}],"predecessor-version":[{"id":8754,"href":"https:\/\/www.danosa.com\/fr-dz\/wp-json\/wp\/v2\/pages\/1536\/revisions\/8754"}],"up":[{"embeddable":true,"href":"https:\/\/www.danosa.com\/fr-dz\/wp-json\/wp\/v2\/pages\/90"}],"wp:attachment":[{"href":"https:\/\/www.danosa.com\/fr-dz\/wp-json\/wp\/v2\/media?parent=1536"}],"curies":[{"name":"wp","href":"https:\/\/api.w.org\/{rel}","templated":true}]}}