{"id":263,"date":"2021-07-02T11:48:16","date_gmt":"2021-07-02T09:48:16","guid":{"rendered":"https:\/\/www.danosa.com\/fr-dz\/?page_id=263"},"modified":"2021-12-01T16:31:56","modified_gmt":"2021-12-01T15:31:56","slug":"rehabilitation","status":"publish","type":"page","link":"https:\/\/www.danosa.com\/fr-dz\/rehabilitation\/","title":{"rendered":"R\u00e9habilitation"},"content":{"rendered":"\n<div class=\"wp-block-cover alignfull\" style=\"min-height:804px\" id=\"rehabilitacion-header\"><img loading=\"lazy\" width=\"1980\" height=\"1320\" class=\"wp-block-cover__image-background wp-image-6827\" alt=\"\" src=\"https:\/\/www.danosa.com\/fr-dz\/wp-content\/uploads\/sites\/7\/2021\/09\/8W6B7809-e1632307996761.jpg\" style=\"object-position:31% 38%\" data-object-fit=\"cover\" data-object-position=\"31% 38%\" srcset=\"https:\/\/www.danosa.com\/fr-dz\/wp-content\/uploads\/sites\/7\/2021\/09\/8W6B7809-e1632307996761.jpg 1980w, https:\/\/www.danosa.com\/fr-dz\/wp-content\/uploads\/sites\/7\/2021\/09\/8W6B7809-e1632307996761-300x200.jpg 300w, https:\/\/www.danosa.com\/fr-dz\/wp-content\/uploads\/sites\/7\/2021\/09\/8W6B7809-e1632307996761-1024x683.jpg 1024w, https:\/\/www.danosa.com\/fr-dz\/wp-content\/uploads\/sites\/7\/2021\/09\/8W6B7809-e1632307996761-768x512.jpg 768w, https:\/\/www.danosa.com\/fr-dz\/wp-content\/uploads\/sites\/7\/2021\/09\/8W6B7809-e1632307996761-1536x1024.jpg 1536w\" sizes=\"(max-width: 1980px) 100vw, 1980px\" \/><div class=\"wp-block-cover__inner-container\">\n<div class=\"wp-block-columns\">\n<div class=\"wp-block-column\" style=\"flex-basis:50%\">\n<h1 class=\"has-white-color has-text-color\">La r\u00e9novation l&rsquo;investissement le plus rentable pour un immeuble<\/h1>\n\n\n\n<p>90% de nos vies se passent \u00e0 l&rsquo;int\u00e9rieur des b\u00e2timents. Il est donc prioritaire que ces b\u00e2timents soient dans des conditions d&rsquo;habitabilit\u00e9 ad\u00e9quates pour pr\u00e9server notre bien-\u00eatre, notre sant\u00e9 et notre qualit\u00e9 de vie.<\/p>\n<\/div>\n\n\n\n<div class=\"wp-block-column\" style=\"flex-basis:50%\"><\/div>\n<\/div>\n<\/div><\/div>\n\n\n\n<div id=\"rehabilitacion-azoteas\" class=\"wp-container-1 wp-block-group rehabilitacion-white\"><div class=\"wp-block-group__inner-container\">\n<div class=\"wp-block-media-text is-stacked-on-mobile\" style=\"grid-template-columns:77% auto\" id=\"rehabilitacion-azoteas\"><figure class=\"wp-block-media-text__media\"><img loading=\"lazy\" width=\"720\" height=\"398\" src=\"https:\/\/www.danosa.com\/fr-dz\/wp-content\/uploads\/sites\/7\/2021\/09\/Danosa-rehabilitacion-azoteas-4.jpg\" alt=\"\" class=\"wp-image-6867 size-full\" srcset=\"https:\/\/www.danosa.com\/fr-dz\/wp-content\/uploads\/sites\/7\/2021\/09\/Danosa-rehabilitacion-azoteas-4.jpg 720w, https:\/\/www.danosa.com\/fr-dz\/wp-content\/uploads\/sites\/7\/2021\/09\/Danosa-rehabilitacion-azoteas-4-300x166.jpg 300w\" sizes=\"(max-width: 720px) 100vw, 720px\" \/><\/figure><div class=\"wp-block-media-text__content\">\n<h2>Toits<\/h2>\n\n\n\n<p>Transformez votre toit en un nouvel espace fonctionnel<\/p>\n\n\n<ul class=\"product-landing-list\"><li><a href=\"https:\/\/www.danosa.com\/fr-dz\/produit\/danopren-tr\/\"><span>DANOPREN TR<\/span> <i class=\"danosa-arrow-go\"><\/i><\/a><\/li><li><a href=\"https:\/\/www.danosa.com\/fr-dz\/produit\/danoprimer-ep\/\"><span>DANOPRIMER EP<\/span> <i class=\"danosa-arrow-go\"><\/i><\/a><\/li><li><a href=\"https:\/\/www.danosa.com\/fr-dz\/produit\/danecran-100\/\"><span>DANECRAN 100<\/span> <i class=\"danosa-arrow-go\"><\/i><\/a><\/li><li><a href=\"https:\/\/www.danosa.com\/fr-dz\/produit\/danocoat-250\/\"><span>DANOCOAT 250<\/span> <i class=\"danosa-arrow-go\"><\/i><\/a><\/li><\/ul>\n<\/div><\/div>\n\n\n\n<div class=\"wp-block-columns\">\n<div class=\"wp-block-column\">\n<h3>R\u00e9utilisation des espaces<\/h3>\n\n\n\n<p>Les couvertures ont toujours \u00e9t\u00e9 des endroits oubli\u00e9s, on ne s&rsquo;en souvient que lorsqu&rsquo;il y a un probl\u00e8me d&rsquo;humidit\u00e9 et de fuites. Dans le cas des toits plats, et gr\u00e2ce \u00e0 la r\u00e9habilitation, nous pouvons convertir ces zones en espaces utiles \u00e0 la fois pour l&rsquo;utilisation publics et priv\u00e9s, les transformant en espaces de loisirs, jardins, jardins urbains et espaces communautaires.<\/p>\n<\/div>\n\n\n\n<div class=\"wp-block-column\">\n<h3>Confort thermique et acoustique<\/h3>\n\n\n\n<p>Les toits sont le dernier toit du b\u00e2timent et cela doit nous prot\u00e9ger ad\u00e9quatement des temp\u00e9ratures \u00e9lev\u00e9es et basses \u00e0 l&rsquo;ext\u00e9rieur, ainsi que du bruit provenant des villes et des environnements bruyants. Pour cela, nous utiliserons des syst\u00e8mes d&rsquo;isolation thermique et acoustique qui contribueront \u00e0 un confort ad\u00e9quat \u00e0 l&rsquo;int\u00e9rieur du b\u00e2timent.<\/p>\n<\/div>\n\n\n\n<div class=\"wp-block-column\">\n<h3>Protection des b\u00e2timents<\/h3>\n\n\n\n<p>Pour garder un b\u00e2timent debout, sa structure doit \u00eatre prot\u00e9g\u00e9e contre les intemp\u00e9ries environnementales, pour cela il est n\u00e9cessaire de renouveler l&rsquo;\u00e9tanch\u00e9it\u00e9 des toitures pour garantir une \u00e9tanch\u00e9it\u00e9 correcte, sans quoi les toitures sont un \u00e9chec du point de vue fonctionnel et technique.<\/p>\n<\/div>\n<\/div>\n<\/div><\/div>\n\n\n\n<div class=\"wp-container-3 wp-block-group alignfull rehabilitacion-blue has-background\" id=\"rehabilitacion-fachadas\" style=\"background-color:#eef3f6\"><div class=\"wp-block-group__inner-container\">\n<div class=\"wp-block-media-text alignwide has-media-on-the-right is-stacked-on-mobile\" style=\"grid-template-columns:auto 76%\"><figure class=\"wp-block-media-text__media\"><img loading=\"lazy\" width=\"1024\" height=\"752\" src=\"https:\/\/www.danosa.com\/fr-dz\/wp-content\/uploads\/sites\/7\/2021\/06\/image-3-1-1024x752.jpg\" alt=\"\" class=\"wp-image-117 size-full\" srcset=\"https:\/\/www.danosa.com\/fr-dz\/wp-content\/uploads\/sites\/7\/2021\/06\/image-3-1-1024x752.jpg 1024w, https:\/\/www.danosa.com\/fr-dz\/wp-content\/uploads\/sites\/7\/2021\/06\/image-3-1-300x220.jpg 300w, https:\/\/www.danosa.com\/fr-dz\/wp-content\/uploads\/sites\/7\/2021\/06\/image-3-1-768x564.jpg 768w, https:\/\/www.danosa.com\/fr-dz\/wp-content\/uploads\/sites\/7\/2021\/06\/image-3-1.jpg 1440w\" sizes=\"(max-width: 1024px) 100vw, 1024px\" \/><\/figure><div class=\"wp-block-media-text__content\">\n<h2>Fa\u00e7ades<\/h2>\n\n\n\n<p>R\u00e9duit les co\u00fbts \u00e9nerg\u00e9tiques de chauffage et de refroidissement jusqu&rsquo;\u00e0 70 %.*<\/p>\n\n\n\n<div class=\"wp-container-2 wp-block-buttons\">\n<div class=\"wp-block-button has-custom-width wp-block-button__width-100 is-style-outline\"><a class=\"wp-block-button__link no-border-radius\" href=\"\/fr-fr\/family\/economie-denergie\/\">\u00c9CONOMIE D&rsquo;\u00c9NERGIE<\/a><\/div>\n<\/div>\n<\/div><\/div>\n\n\n\n<div class=\"wp-block-columns\">\n<div class=\"wp-block-column\">\n<h3>Am\u00e9lioration d&rsquo;images<\/h3>\n\n\n\n<p>La fa\u00e7ade est probablement la meilleure lettre de pr\u00e9sentation d&rsquo;un b\u00e2timent, elle nous parle de son architecture, de son histoire et m\u00eame de la culture dans laquelle le b\u00e2timent lui-m\u00eame s&rsquo;inscrit. Pour cette raison, parfois les fa\u00e7ades des b\u00e2timents anciens d\u00e9notent souvent une esth\u00e9tique m\u00e9diocre et d\u00e9grad\u00e9e qui montre g\u00e9n\u00e9ralement peu de valeur immobili\u00e8re.<br>La r\u00e9habilitation des fa\u00e7ades est sans aucun doute la meilleure option pour r\u00e9aliser une revalorisation du b\u00e2timent et en faire un actif d&rsquo;int\u00e9r\u00eat, ainsi que pour obtenir une esth\u00e9tique adapt\u00e9e aux utilisateurs du b\u00e2timent.<\/p>\n<\/div>\n\n\n\n<div class=\"wp-block-column\">\n<h3>Confort thermique et acoustique<\/h3>\n\n\n\n<p>Dans les b\u00e2timents du XXe si\u00e8cle, la fa\u00e7ade pr\u00e9sente normalement de s\u00e9rieux d\u00e9fauts d&rsquo;isolation thermo-acoustique qui ont un impact sur les b\u00e2timents devant consommer de grandes quantit\u00e9s d&rsquo;\u00e9nergie pour maintenir des temp\u00e9ratures int\u00e9rieures confortables, ou bien ils entra\u00eenent<br>de nombreuses nuisances sonores ext\u00e9rieures qui ne permettent pas une intimit\u00e9 suffisante pour effectuer des activit\u00e9s ou se reposer dans le cas des habitations. La r\u00e9habilitation des parties aveugles, ainsi que des fen\u00eatres, \u00e9vite ces d\u00e9sagr\u00e9ments dans les b\u00e2timents anciens.<\/p>\n<\/div>\n\n\n\n<div class=\"wp-block-column\">\n<h3>Protection des b\u00e2timents<\/h3>\n\n\n\n<p>Parfois, les fa\u00e7ades des b\u00e2timents anciens d\u00e9notent une esth\u00e9tique m\u00e9diocre et d\u00e9grad\u00e9e qui pr\u00e9sentent normalement des pathologies d&rsquo;humidit\u00e9 qui affectent la durabilit\u00e9 des mat\u00e9riaux et la structure du b\u00e2timent lui-m\u00eame. De plus, ils affectent leur comportement<br>thermique, provoquant des ponts thermiques et des probl\u00e8mes de condensation. La r\u00e9novation des fa\u00e7ades prot\u00e8ge \u00e0 nouveau les b\u00e2timents des intemp\u00e9ries.<\/p>\n<\/div>\n<\/div>\n<\/div><\/div>\n\n\n\n<div class=\"wp-container-4 wp-block-group alignwide rehabilitacion-white\" id=\"rehabilitacion-zonas-comunes\"><div class=\"wp-block-group__inner-container\">\n<div class=\"wp-block-media-text alignwide is-stacked-on-mobile\" style=\"grid-template-columns:64% auto\"><figure class=\"wp-block-media-text__media\"><img loading=\"lazy\" width=\"701\" height=\"505\" src=\"https:\/\/www.danosa.com\/fr-dz\/wp-content\/uploads\/sites\/7\/2021\/09\/Danosa-rehabilitacion-azoteas-2.jpg\" alt=\"\" class=\"wp-image-6863 size-full\" srcset=\"https:\/\/www.danosa.com\/fr-dz\/wp-content\/uploads\/sites\/7\/2021\/09\/Danosa-rehabilitacion-azoteas-2.jpg 701w, https:\/\/www.danosa.com\/fr-dz\/wp-content\/uploads\/sites\/7\/2021\/09\/Danosa-rehabilitacion-azoteas-2-300x216.jpg 300w\" sizes=\"(max-width: 701px) 100vw, 701px\" \/><\/figure><div class=\"wp-block-media-text__content\">\n<h2>Zones communes<\/h2>\n\n\n\n<p>Renouveler l&rsquo;image des parties communes des immeubles pour revaloriser le b\u00e2timent de 20%.*<\/p>\n\n\n<ul class=\"product-landing-list\"><li><a href=\"https:\/\/www.danosa.com\/fr-dz\/produit\/danocoat-250\/\"><span>DANOCOAT 250<\/span> <i class=\"danosa-arrow-go\"><\/i><\/a><\/li><\/ul>\n<\/div><\/div>\n\n\n\n<div class=\"wp-block-columns\">\n<div class=\"wp-block-column\">\n<h3>Am\u00e9lioration d&rsquo;images<\/h3>\n\n\n\n<p>L&rsquo;un des aspects les plus valoris\u00e9s d&rsquo;un b\u00e2timent est la pr\u00e9sence d&rsquo;espaces communs utiles et attrayants pour ses utilisateurs. En r\u00e9habilitant les espaces communs tels que les parkings, les salles et installations des machines et les zones humides, il est possible de redynamiser un espace condamn\u00e9 \u00e0 la d\u00e9gradation par le temps et de retrouver sa fonctionnalit\u00e9. De cette fa\u00e7on, nous pouvons obtenir une revalorisation de 20% du b\u00e2timent.<\/p>\n<\/div>\n\n\n\n<div class=\"wp-block-column\">\n<h3>Confort acoustique<\/h3>\n\n\n\n<p>Parfois, une isolation acoustique insuffisante des parties communes, notamment des salles des machines et des installations ou encore des parkings ou des espaces de loisirs, est une source d&rsquo;inconfort pour les utilisateurs des b\u00e2timents. Pour maintenir sa fonctionnalit\u00e9 et la valeur propre du b\u00e2timent, nous devons isoler correctement les bruits ind\u00e9sirables de ces zones.<\/p>\n<\/div>\n\n\n\n<div class=\"wp-block-column\">\n<h3>Protection des b\u00e2timents<\/h3>\n\n\n\n<p>Investir dans des syst\u00e8mes \u00e9tanches prot\u00e8ge la structure du b\u00e2timent et prolonge sa dur\u00e9e de vie utile. Les toitures, les parkings, les murs du sous-sol, les salles des machines, les vestiaires et autres zones potentiellement humides doivent \u00eatre r\u00e9habilit\u00e9s pour \u00e9viter des dommages majeurs \u00e0 la structure du b\u00e2timent.<br>Dans le cas des parkings, il sera \u00e9galement possible de disposer de surfaces de roulement adapt\u00e9es au transit des v\u00e9hicules.<\/p>\n<\/div>\n<\/div>\n<\/div><\/div>\n\n\n\n<div class=\"wp-container-6 wp-block-group alignfull rehabilitacion-blue has-background\" id=\"rehabilitacion-interiores\" style=\"background-color:#eef3f6\"><div class=\"wp-block-group__inner-container\">\n<div class=\"wp-block-media-text alignwide has-media-on-the-right is-stacked-on-mobile\" style=\"grid-template-columns:auto 77%\"><figure class=\"wp-block-media-text__media\"><img loading=\"lazy\" width=\"736\" height=\"416\" src=\"https:\/\/www.danosa.com\/fr-dz\/wp-content\/uploads\/sites\/7\/2021\/09\/Danosa-rehabilitacion-interiores-1.jpg\" alt=\"\" class=\"wp-image-6861 size-full\" srcset=\"https:\/\/www.danosa.com\/fr-dz\/wp-content\/uploads\/sites\/7\/2021\/09\/Danosa-rehabilitacion-interiores-1.jpg 736w, https:\/\/www.danosa.com\/fr-dz\/wp-content\/uploads\/sites\/7\/2021\/09\/Danosa-rehabilitacion-interiores-1-300x170.jpg 300w\" sizes=\"(max-width: 736px) 100vw, 736px\" \/><\/figure><div class=\"wp-block-media-text__content\">\n<h2>Int\u00e9rieurs<\/h2>\n\n\n\n<p>Am\u00e9liorez le confort acoustique de votre maison en r\u00e9duisant l&rsquo;isolation de vos voisins jusqu&rsquo;\u00e0 10 db.*<\/p>\n\n\n\n<div class=\"wp-container-5 wp-block-buttons\">\n<div class=\"wp-block-button is-style-outline\"><a class=\"wp-block-button__link\" href=\"\/fr-fr\/family\/protection-contre-le-bruit\/\">PROTECTION CONTRE LE BRUIT<\/a><\/div>\n<\/div>\n<\/div><\/div>\n\n\n\n<div class=\"wp-block-columns\">\n<div class=\"wp-block-column\">\n<h3>Am\u00e9lioration d&rsquo;images<\/h3>\n\n\n\n<p>En plus de son esth\u00e9tique, l&rsquo;aspect int\u00e9rieur d&rsquo;un b\u00e2timent refl\u00e8te \u00e9galement son degr\u00e9 de confort et d&rsquo;habitabilit\u00e9. Les d\u00e9colorations, l&rsquo;humidit\u00e9 et la condensation sur les murs, les plafonds et les sols t\u00e9moignent du temps qui passe et des al\u00e9as subis par le b\u00e2timent. Il est temps de se r\u00e9habiliter; afin qu&rsquo;une nouvelle esth\u00e9tique attrayante et fonctionnelle perdure dans le temps et soit une preuve fiable du confort et de l&rsquo;habitabilit\u00e9 qu&rsquo;offre le b\u00e2timent.<\/p>\n<\/div>\n\n\n\n<div class=\"wp-block-column\">\n<h3>Confort thermique et acoustique<\/h3>\n\n\n\n<p>En plus de soigner l&rsquo;esth\u00e9tique int\u00e9rieure des b\u00e2timents, nous devons pr\u00e9server leur fonctionnalit\u00e9 du point de vue thermo-acoustique. Pour cela, il est n\u00e9cessaire d&rsquo;entreprendre des r\u00e9formes et des r\u00e9novations, qui permettent de r\u00e9pondre aux exigences minimales en termes d&rsquo;isolation thermique et acoustique. Cela contribuera sans aucun doute \u00e0 r\u00e9duire la demande \u00e9nerg\u00e9tique du b\u00e2timent en plus d&rsquo;\u00e9viter les nuisances inconfortables caus\u00e9es par le bruit pouvant parfois m\u00eame entra\u00eener des conflits entre voisins.<\/p>\n<\/div>\n\n\n\n<div class=\"wp-block-column\">\n<h3>Protection des b\u00e2timents<\/h3>\n\n\n\n<p>\u00c0 de nombreuses reprises, la r\u00e9forme int\u00e9rieure ne pr\u00e9voit pas l&rsquo;imperm\u00e9abilisation correcte des zones humides telles que les salles de bains, les cuisines ou les salles de stockage. Il est n\u00e9cessaire de bien imperm\u00e9abiliser ces zones pour assurer l&rsquo;\u00e9tanch\u00e9it\u00e9 de la structure du b\u00e2timent et ainsi ne pas r\u00e9duire sa dur\u00e9e de vie.<\/p>\n<\/div>\n<\/div>\n<\/div><\/div>\n","protected":false},"excerpt":{"rendered":"<p>Toits Transformez votre toit en un nouvel espace fonctionnel R\u00e9utilisation des espaces Les couvertures ont toujours \u00e9t\u00e9 des endroits oubli\u00e9s, on ne s&rsquo;en souvient que lorsqu&rsquo;il y a un probl\u00e8me d&rsquo;humidit\u00e9 et de fuites. Dans le cas des toits plats, et gr\u00e2ce \u00e0 la r\u00e9habilitation, nous pouvons convertir ces zones en espaces utiles \u00e0 la&#8230;<\/p>\n","protected":false},"author":1,"featured_media":0,"parent":0,"menu_order":0,"comment_status":"closed","ping_status":"closed","template":"","meta":{"inline_featured_image":false,"site-sidebar-layout":"no-sidebar","site-content-layout":"plain-container","ast-main-header-display":"","ast-hfb-above-header-display":"","ast-hfb-below-header-display":"","ast-hfb-mobile-header-display":"","site-post-title":"disabled","ast-breadcrumbs-content":"","ast-featured-img":"","footer-sml-layout":"","theme-transparent-header-meta":"default","adv-header-id-meta":"","stick-header-meta":"default","header-above-stick-meta":"","header-main-stick-meta":"","header-below-stick-meta":""},"acf":[],"yoast_head":"<!-- This site is optimized with the Yoast SEO plugin v18.1 - https:\/\/yoast.com\/wordpress\/plugins\/seo\/ -->\n<title>R\u00e9habilitation - Danosa Algeria<\/title>\n<meta name=\"robots\" content=\"index, follow, max-snippet:-1, max-image-preview:large, max-video-preview:-1\" \/>\n<link rel=\"canonical\" href=\"https:\/\/www.danosa.com\/fr-dz\/rehabilitation\/\" \/>\n<meta property=\"og:locale\" content=\"fr_FR\" \/>\n<meta property=\"og:type\" content=\"article\" \/>\n<meta property=\"og:title\" content=\"R\u00e9habilitation - Danosa Algeria\" \/>\n<meta property=\"og:description\" content=\"Toits Transformez votre toit en un nouvel espace fonctionnel R\u00e9utilisation des espaces Les couvertures ont toujours \u00e9t\u00e9 des endroits oubli\u00e9s, on ne s&rsquo;en souvient que lorsqu&rsquo;il y a un probl\u00e8me d&rsquo;humidit\u00e9 et de fuites. Dans le cas des toits plats, et gr\u00e2ce \u00e0 la r\u00e9habilitation, nous pouvons convertir ces zones en espaces utiles \u00e0 la...\" \/>\n<meta property=\"og:url\" content=\"https:\/\/www.danosa.com\/fr-dz\/rehabilitation\/\" \/>\n<meta property=\"og:site_name\" content=\"Danosa Algeria\" \/>\n<meta property=\"article:modified_time\" content=\"2021-12-01T15:31:56+00:00\" \/>\n<meta property=\"og:image\" content=\"https:\/\/www.danosa.com\/fr-dz\/wp-content\/uploads\/sites\/7\/2021\/09\/8W6B7809-e1632307996761.jpg\" \/>\n<meta name=\"twitter:card\" content=\"summary_large_image\" \/>\n<meta name=\"twitter:label1\" content=\"Dur\u00e9e de lecture estim\u00e9e\" \/>\n\t<meta name=\"twitter:data1\" content=\"6 minutes\" \/>\n<script type=\"application\/ld+json\" class=\"yoast-schema-graph\">{\"@context\":\"https:\/\/schema.org\",\"@graph\":[{\"@type\":\"WebSite\",\"@id\":\"https:\/\/www.danosa.com\/fr-dz\/#website\",\"url\":\"https:\/\/www.danosa.com\/fr-dz\/\",\"name\":\"Danosa Algeria\",\"description\":\"Danosa\",\"potentialAction\":[{\"@type\":\"SearchAction\",\"target\":{\"@type\":\"EntryPoint\",\"urlTemplate\":\"https:\/\/www.danosa.com\/fr-dz\/?s={search_term_string}\"},\"query-input\":\"required name=search_term_string\"}],\"inLanguage\":\"fr-FR\"},{\"@type\":\"ImageObject\",\"@id\":\"https:\/\/www.danosa.com\/fr-dz\/rehabilitation\/#primaryimage\",\"inLanguage\":\"fr-FR\",\"url\":\"https:\/\/www.danosa.com\/fr-dz\/wp-content\/uploads\/sites\/7\/2021\/09\/8W6B7809-e1632307996761.jpg\",\"contentUrl\":\"https:\/\/www.danosa.com\/fr-dz\/wp-content\/uploads\/sites\/7\/2021\/09\/8W6B7809-e1632307996761.jpg\",\"width\":1980,\"height\":1320},{\"@type\":\"WebPage\",\"@id\":\"https:\/\/www.danosa.com\/fr-dz\/rehabilitation\/#webpage\",\"url\":\"https:\/\/www.danosa.com\/fr-dz\/rehabilitation\/\",\"name\":\"R\u00e9habilitation - Danosa Algeria\",\"isPartOf\":{\"@id\":\"https:\/\/www.danosa.com\/fr-dz\/#website\"},\"primaryImageOfPage\":{\"@id\":\"https:\/\/www.danosa.com\/fr-dz\/rehabilitation\/#primaryimage\"},\"datePublished\":\"2021-07-02T09:48:16+00:00\",\"dateModified\":\"2021-12-01T15:31:56+00:00\",\"breadcrumb\":{\"@id\":\"https:\/\/www.danosa.com\/fr-dz\/rehabilitation\/#breadcrumb\"},\"inLanguage\":\"fr-FR\",\"potentialAction\":[{\"@type\":\"ReadAction\",\"target\":[\"https:\/\/www.danosa.com\/fr-dz\/rehabilitation\/\"]}]},{\"@type\":\"BreadcrumbList\",\"@id\":\"https:\/\/www.danosa.com\/fr-dz\/rehabilitation\/#breadcrumb\",\"itemListElement\":[{\"@type\":\"ListItem\",\"position\":1,\"name\":\"Portada\",\"item\":\"https:\/\/www.danosa.com\/fr-dz\/\"},{\"@type\":\"ListItem\",\"position\":2,\"name\":\"R\u00e9habilitation\"}]}]}<\/script>\n<!-- \/ Yoast SEO plugin. -->","yoast_head_json":{"title":"R\u00e9habilitation - Danosa Algeria","robots":{"index":"index","follow":"follow","max-snippet":"max-snippet:-1","max-image-preview":"max-image-preview:large","max-video-preview":"max-video-preview:-1"},"canonical":"https:\/\/www.danosa.com\/fr-dz\/rehabilitation\/","og_locale":"fr_FR","og_type":"article","og_title":"R\u00e9habilitation - Danosa Algeria","og_description":"Toits Transformez votre toit en un nouvel espace fonctionnel R\u00e9utilisation des espaces Les couvertures ont toujours \u00e9t\u00e9 des endroits oubli\u00e9s, on ne s&rsquo;en souvient que lorsqu&rsquo;il y a un probl\u00e8me d&rsquo;humidit\u00e9 et de fuites. Dans le cas des toits plats, et gr\u00e2ce \u00e0 la r\u00e9habilitation, nous pouvons convertir ces zones en espaces utiles \u00e0 la...","og_url":"https:\/\/www.danosa.com\/fr-dz\/rehabilitation\/","og_site_name":"Danosa Algeria","article_modified_time":"2021-12-01T15:31:56+00:00","og_image":[{"url":"https:\/\/www.danosa.com\/fr-dz\/wp-content\/uploads\/sites\/7\/2021\/09\/8W6B7809-e1632307996761.jpg"}],"twitter_card":"summary_large_image","twitter_misc":{"Dur\u00e9e de lecture estim\u00e9e":"6 minutes"},"schema":{"@context":"https:\/\/schema.org","@graph":[{"@type":"WebSite","@id":"https:\/\/www.danosa.com\/fr-dz\/#website","url":"https:\/\/www.danosa.com\/fr-dz\/","name":"Danosa Algeria","description":"Danosa","potentialAction":[{"@type":"SearchAction","target":{"@type":"EntryPoint","urlTemplate":"https:\/\/www.danosa.com\/fr-dz\/?s={search_term_string}"},"query-input":"required name=search_term_string"}],"inLanguage":"fr-FR"},{"@type":"ImageObject","@id":"https:\/\/www.danosa.com\/fr-dz\/rehabilitation\/#primaryimage","inLanguage":"fr-FR","url":"https:\/\/www.danosa.com\/fr-dz\/wp-content\/uploads\/sites\/7\/2021\/09\/8W6B7809-e1632307996761.jpg","contentUrl":"https:\/\/www.danosa.com\/fr-dz\/wp-content\/uploads\/sites\/7\/2021\/09\/8W6B7809-e1632307996761.jpg","width":1980,"height":1320},{"@type":"WebPage","@id":"https:\/\/www.danosa.com\/fr-dz\/rehabilitation\/#webpage","url":"https:\/\/www.danosa.com\/fr-dz\/rehabilitation\/","name":"R\u00e9habilitation - Danosa Algeria","isPartOf":{"@id":"https:\/\/www.danosa.com\/fr-dz\/#website"},"primaryImageOfPage":{"@id":"https:\/\/www.danosa.com\/fr-dz\/rehabilitation\/#primaryimage"},"datePublished":"2021-07-02T09:48:16+00:00","dateModified":"2021-12-01T15:31:56+00:00","breadcrumb":{"@id":"https:\/\/www.danosa.com\/fr-dz\/rehabilitation\/#breadcrumb"},"inLanguage":"fr-FR","potentialAction":[{"@type":"ReadAction","target":["https:\/\/www.danosa.com\/fr-dz\/rehabilitation\/"]}]},{"@type":"BreadcrumbList","@id":"https:\/\/www.danosa.com\/fr-dz\/rehabilitation\/#breadcrumb","itemListElement":[{"@type":"ListItem","position":1,"name":"Portada","item":"https:\/\/www.danosa.com\/fr-dz\/"},{"@type":"ListItem","position":2,"name":"R\u00e9habilitation"}]}]}},"_links":{"self":[{"href":"https:\/\/www.danosa.com\/fr-dz\/wp-json\/wp\/v2\/pages\/263"}],"collection":[{"href":"https:\/\/www.danosa.com\/fr-dz\/wp-json\/wp\/v2\/pages"}],"about":[{"href":"https:\/\/www.danosa.com\/fr-dz\/wp-json\/wp\/v2\/types\/page"}],"author":[{"embeddable":true,"href":"https:\/\/www.danosa.com\/fr-dz\/wp-json\/wp\/v2\/users\/1"}],"replies":[{"embeddable":true,"href":"https:\/\/www.danosa.com\/fr-dz\/wp-json\/wp\/v2\/comments?post=263"}],"version-history":[{"count":51,"href":"https:\/\/www.danosa.com\/fr-dz\/wp-json\/wp\/v2\/pages\/263\/revisions"}],"predecessor-version":[{"id":8493,"href":"https:\/\/www.danosa.com\/fr-dz\/wp-json\/wp\/v2\/pages\/263\/revisions\/8493"}],"wp:attachment":[{"href":"https:\/\/www.danosa.com\/fr-dz\/wp-json\/wp\/v2\/media?parent=263"}],"curies":[{"name":"wp","href":"https:\/\/api.w.org\/{rel}","templated":true}]}}