{"id":3926,"date":"2026-04-06T19:21:13","date_gmt":"2026-04-06T17:21:13","guid":{"rendered":"https:\/\/www.danosa.com\/fr-dz\/blog\/product\/asfaldan-r-tipo-3-p-pol-2\/"},"modified":"2026-04-06T19:21:15","modified_gmt":"2026-04-06T17:21:15","slug":"asfaldan-r-tipo-3-p-pol","status":"publish","type":"product","link":"https:\/\/www.danosa.com\/fr-dz\/produit\/asfaldan-r-tipo-3-p-pol\/","title":{"rendered":"ASFALDAN R TIPO 3 P POL"},"content":{"rendered":"<p>L\u00b4ASFALDAN R TIPO 3 P POL est une chape de bitume modifi\u00e9 soudable avec un armature de feuille d\u00b4aluminium. Elle est constitu\u00e9e de deux faces avec film poly\u00e9thyl\u00e8ne.Voir Avis Techniques ou DTA an vigueur.<\/p>\n","protected":false},"excerpt":{"rendered":"<p>L\u00b4ASFALDAN R TIPO 3 P POL est une chape de bitume modifi\u00e9 soudable avec une armature composite. Elle est recouverte sur ses deux faces d&rsquo;un film poly\u00e9thyl\u00e8ne.<\/p>\n","protected":false},"featured_media":0,"parent":0,"menu_order":0,"template":"","meta":{"inline_featured_image":false,"site-sidebar-layout":"default","site-content-layout":"default","ast-main-header-display":"","ast-hfb-above-header-display":"","ast-hfb-below-header-display":"","ast-hfb-mobile-header-display":"","site-post-title":"","ast-breadcrumbs-content":"","ast-featured-img":"","footer-sml-layout":"","theme-transparent-header-meta":"","adv-header-id-meta":"","stick-header-meta":"","header-above-stick-meta":"","header-main-stick-meta":"","header-below-stick-meta":""},"family":[6672,6673],"product_notice":[316818],"product_icon":[],"product_application":[248849,248851],"product_standards_certification":[247795,247804],"product_benefits":[248484],"product_support":[],"product_substrate_preparation":[],"product_important_indications":[247038,247040,247042,247058,247065,247070,247093,247094,247175,247188,247191,247215,247275],"product_conservation":[247288,247314,247321,247410,247411],"product_warning":[],"product_safety_hygiene":[],"system_certification":[216328],"product_maintenance":[101048],"product_safety_datasheet":[2693],"filter_special_uses":[7010,6660],"acf":[],"yoast_head":"<!-- This site is optimized with the Yoast SEO plugin v18.1 - https:\/\/yoast.com\/wordpress\/plugins\/seo\/ -->\n<title>ASFALDAN R TIPO 3 P POL - Danosa Algeria<\/title>\n<meta name=\"robots\" content=\"index, follow, max-snippet:-1, max-image-preview:large, max-video-preview:-1\" \/>\n<link rel=\"canonical\" href=\"https:\/\/www.danosa.com\/fr-dz\/produit\/asfaldan-r-tipo-3-p-pol\/\" \/>\n<meta property=\"og:locale\" content=\"fr_FR\" \/>\n<meta property=\"og:type\" content=\"article\" \/>\n<meta property=\"og:title\" content=\"ASFALDAN R TIPO 3 P POL - Danosa Algeria\" \/>\n<meta property=\"og:description\" content=\"L\u00b4ASFALDAN R TIPO 3 P POL est une chape de bitume modifi\u00e9 soudable avec une armature composite. Elle est recouverte sur ses deux faces d&#039;un film poly\u00e9thyl\u00e8ne.\" \/>\n<meta property=\"og:url\" content=\"https:\/\/www.danosa.com\/fr-dz\/produit\/asfaldan-r-tipo-3-p-pol\/\" \/>\n<meta property=\"og:site_name\" content=\"Danosa Algeria\" \/>\n<meta property=\"article:modified_time\" content=\"2026-04-06T17:21:15+00:00\" \/>\n<meta name=\"twitter:card\" content=\"summary_large_image\" \/>\n<script type=\"application\/ld+json\" class=\"yoast-schema-graph\">{\"@context\":\"https:\/\/schema.org\",\"@graph\":[{\"@type\":\"WebSite\",\"@id\":\"https:\/\/www.danosa.com\/fr-dz\/#website\",\"url\":\"https:\/\/www.danosa.com\/fr-dz\/\",\"name\":\"Danosa Algeria\",\"description\":\"Danosa\",\"potentialAction\":[{\"@type\":\"SearchAction\",\"target\":{\"@type\":\"EntryPoint\",\"urlTemplate\":\"https:\/\/www.danosa.com\/fr-dz\/?s={search_term_string}\"},\"query-input\":\"required name=search_term_string\"}],\"inLanguage\":\"fr-FR\"},{\"@type\":\"WebPage\",\"@id\":\"https:\/\/www.danosa.com\/fr-dz\/produit\/asfaldan-r-tipo-3-p-pol\/#webpage\",\"url\":\"https:\/\/www.danosa.com\/fr-dz\/produit\/asfaldan-r-tipo-3-p-pol\/\",\"name\":\"ASFALDAN R TIPO 3 P POL - Danosa Algeria\",\"isPartOf\":{\"@id\":\"https:\/\/www.danosa.com\/fr-dz\/#website\"},\"datePublished\":\"2026-04-06T17:21:13+00:00\",\"dateModified\":\"2026-04-06T17:21:15+00:00\",\"breadcrumb\":{\"@id\":\"https:\/\/www.danosa.com\/fr-dz\/produit\/asfaldan-r-tipo-3-p-pol\/#breadcrumb\"},\"inLanguage\":\"fr-FR\",\"potentialAction\":[{\"@type\":\"ReadAction\",\"target\":[\"https:\/\/www.danosa.com\/fr-dz\/produit\/asfaldan-r-tipo-3-p-pol\/\"]}]},{\"@type\":\"BreadcrumbList\",\"@id\":\"https:\/\/www.danosa.com\/fr-dz\/produit\/asfaldan-r-tipo-3-p-pol\/#breadcrumb\",\"itemListElement\":[{\"@type\":\"ListItem\",\"position\":1,\"name\":\"Portada\",\"item\":\"https:\/\/www.danosa.com\/fr-dz\/\"},{\"@type\":\"ListItem\",\"position\":2,\"name\":\"ASFALDAN R TIPO 3 P POL\"}]}]}<\/script>\n<!-- \/ Yoast SEO plugin. -->","yoast_head_json":{"title":"ASFALDAN R TIPO 3 P POL - Danosa Algeria","robots":{"index":"index","follow":"follow","max-snippet":"max-snippet:-1","max-image-preview":"max-image-preview:large","max-video-preview":"max-video-preview:-1"},"canonical":"https:\/\/www.danosa.com\/fr-dz\/produit\/asfaldan-r-tipo-3-p-pol\/","og_locale":"fr_FR","og_type":"article","og_title":"ASFALDAN R TIPO 3 P POL - Danosa Algeria","og_description":"L\u00b4ASFALDAN R TIPO 3 P POL est une chape de bitume modifi\u00e9 soudable avec une armature composite. Elle est recouverte sur ses deux faces d'un film poly\u00e9thyl\u00e8ne.","og_url":"https:\/\/www.danosa.com\/fr-dz\/produit\/asfaldan-r-tipo-3-p-pol\/","og_site_name":"Danosa Algeria","article_modified_time":"2026-04-06T17:21:15+00:00","twitter_card":"summary_large_image","schema":{"@context":"https:\/\/schema.org","@graph":[{"@type":"WebSite","@id":"https:\/\/www.danosa.com\/fr-dz\/#website","url":"https:\/\/www.danosa.com\/fr-dz\/","name":"Danosa Algeria","description":"Danosa","potentialAction":[{"@type":"SearchAction","target":{"@type":"EntryPoint","urlTemplate":"https:\/\/www.danosa.com\/fr-dz\/?s={search_term_string}"},"query-input":"required name=search_term_string"}],"inLanguage":"fr-FR"},{"@type":"WebPage","@id":"https:\/\/www.danosa.com\/fr-dz\/produit\/asfaldan-r-tipo-3-p-pol\/#webpage","url":"https:\/\/www.danosa.com\/fr-dz\/produit\/asfaldan-r-tipo-3-p-pol\/","name":"ASFALDAN R TIPO 3 P POL - Danosa Algeria","isPartOf":{"@id":"https:\/\/www.danosa.com\/fr-dz\/#website"},"datePublished":"2026-04-06T17:21:13+00:00","dateModified":"2026-04-06T17:21:15+00:00","breadcrumb":{"@id":"https:\/\/www.danosa.com\/fr-dz\/produit\/asfaldan-r-tipo-3-p-pol\/#breadcrumb"},"inLanguage":"fr-FR","potentialAction":[{"@type":"ReadAction","target":["https:\/\/www.danosa.com\/fr-dz\/produit\/asfaldan-r-tipo-3-p-pol\/"]}]},{"@type":"BreadcrumbList","@id":"https:\/\/www.danosa.com\/fr-dz\/produit\/asfaldan-r-tipo-3-p-pol\/#breadcrumb","itemListElement":[{"@type":"ListItem","position":1,"name":"Portada","item":"https:\/\/www.danosa.com\/fr-dz\/"},{"@type":"ListItem","position":2,"name":"ASFALDAN R TIPO 3 P POL"}]}]}},"_links":{"self":[{"href":"https:\/\/www.danosa.com\/fr-dz\/wp-json\/wp\/v2\/product\/3926"}],"collection":[{"href":"https:\/\/www.danosa.com\/fr-dz\/wp-json\/wp\/v2\/product"}],"about":[{"href":"https:\/\/www.danosa.com\/fr-dz\/wp-json\/wp\/v2\/types\/product"}],"wp:attachment":[{"href":"https:\/\/www.danosa.com\/fr-dz\/wp-json\/wp\/v2\/media?parent=3926"}],"wp:term":[{"taxonomy":"family","embeddable":true,"href":"https:\/\/www.danosa.com\/fr-dz\/wp-json\/wp\/v2\/family?post=3926"},{"taxonomy":"product_notice","embeddable":true,"href":"https:\/\/www.danosa.com\/fr-dz\/wp-json\/wp\/v2\/product_notice?post=3926"},{"taxonomy":"product_icon","embeddable":true,"href":"https:\/\/www.danosa.com\/fr-dz\/wp-json\/wp\/v2\/product_icon?post=3926"},{"taxonomy":"product_application","embeddable":true,"href":"https:\/\/www.danosa.com\/fr-dz\/wp-json\/wp\/v2\/product_application?post=3926"},{"taxonomy":"product_standards_certification","embeddable":true,"href":"https:\/\/www.danosa.com\/fr-dz\/wp-json\/wp\/v2\/product_standards_certification?post=3926"},{"taxonomy":"product_benefits","embeddable":true,"href":"https:\/\/www.danosa.com\/fr-dz\/wp-json\/wp\/v2\/product_benefits?post=3926"},{"taxonomy":"product_support","embeddable":true,"href":"https:\/\/www.danosa.com\/fr-dz\/wp-json\/wp\/v2\/product_support?post=3926"},{"taxonomy":"product_substrate_preparation","embeddable":true,"href":"https:\/\/www.danosa.com\/fr-dz\/wp-json\/wp\/v2\/product_substrate_preparation?post=3926"},{"taxonomy":"product_important_indications","embeddable":true,"href":"https:\/\/www.danosa.com\/fr-dz\/wp-json\/wp\/v2\/product_important_indications?post=3926"},{"taxonomy":"product_conservation","embeddable":true,"href":"https:\/\/www.danosa.com\/fr-dz\/wp-json\/wp\/v2\/product_conservation?post=3926"},{"taxonomy":"product_warning","embeddable":true,"href":"https:\/\/www.danosa.com\/fr-dz\/wp-json\/wp\/v2\/product_warning?post=3926"},{"taxonomy":"product_safety_hygiene","embeddable":true,"href":"https:\/\/www.danosa.com\/fr-dz\/wp-json\/wp\/v2\/product_safety_hygiene?post=3926"},{"taxonomy":"system_certification","embeddable":true,"href":"https:\/\/www.danosa.com\/fr-dz\/wp-json\/wp\/v2\/system_certification?post=3926"},{"taxonomy":"product_maintenance","embeddable":true,"href":"https:\/\/www.danosa.com\/fr-dz\/wp-json\/wp\/v2\/product_maintenance?post=3926"},{"taxonomy":"product_safety_datasheet","embeddable":true,"href":"https:\/\/www.danosa.com\/fr-dz\/wp-json\/wp\/v2\/product_safety_datasheet?post=3926"},{"taxonomy":"filter_special_uses","embeddable":true,"href":"https:\/\/www.danosa.com\/fr-dz\/wp-json\/wp\/v2\/filter_special_uses?post=3926"}],"curies":[{"name":"wp","href":"https:\/\/api.w.org\/{rel}","templated":true}]}}