{"id":3962,"date":"2026-04-06T19:21:21","date_gmt":"2026-04-06T17:21:21","guid":{"rendered":"https:\/\/www.danosa.com\/fr-dz\/blog\/product\/danodren-r-20\/"},"modified":"2026-04-06T19:21:23","modified_gmt":"2026-04-06T17:21:23","slug":"danodren-r-20","status":"publish","type":"product","link":"https:\/\/www.danosa.com\/fr-dz\/produit\/danodren-r-20\/","title":{"rendered":"DANODREN R-20"},"content":{"rendered":"<p>Le DANODREN R-20 est une feuille \u00e0 structure alv\u00e9olaire, fabriqu\u00e9e en poly\u00e9thyl\u00e8ne de haute densit\u00e9 (PEHD) de couleur verte, dont la hauteur des nodules est de 20 mm.Ce produit permet la r\u00e9tention d\u00b4eau dans les espaces verts et les jardins, sans risque d\u00b4inondation, gr\u00e2ce \u00e0 ses goulottes d\u00b4\u00e9coulement. Il est utilis\u00e9 aussi comme protection de l\u00b4\u00e9tanch\u00e9it\u00e9.<\/p>\n","protected":false},"excerpt":{"rendered":"<p>Feuille \u00e0 structure alv\u00e9olaire pour la r\u00e9tention d&rsquo;eau en terrasses v\u00e9g\u00e9talis\u00e9es.<\/p>\n","protected":false},"featured_media":0,"parent":0,"menu_order":0,"template":"","meta":{"inline_featured_image":false,"site-sidebar-layout":"default","site-content-layout":"default","ast-main-header-display":"","ast-hfb-above-header-display":"","ast-hfb-below-header-display":"","ast-hfb-mobile-header-display":"","site-post-title":"","ast-breadcrumbs-content":"","ast-featured-img":"","footer-sml-layout":"","theme-transparent-header-meta":"","adv-header-id-meta":"","stick-header-meta":"","header-above-stick-meta":"","header-main-stick-meta":"","header-below-stick-meta":""},"family":[6708],"product_notice":[316818],"product_icon":[],"product_application":[248900],"product_standards_certification":[247783,247831],"product_benefits":[248424,248430,248462,248463,248562,248592,248616],"product_support":[],"product_substrate_preparation":[],"product_important_indications":[247001,247035,247221],"product_conservation":[247314,247321,247322,247351,247399,247400,247477,247478,247480],"product_warning":[],"product_safety_hygiene":[],"system_certification":[6810,6811],"product_maintenance":[],"product_safety_datasheet":[],"filter_special_uses":[],"acf":[],"yoast_head":"<!-- This site is optimized with the Yoast SEO plugin v18.1 - https:\/\/yoast.com\/wordpress\/plugins\/seo\/ -->\n<title>DANODREN R-20 - Danosa Algeria<\/title>\n<meta name=\"robots\" content=\"index, follow, max-snippet:-1, max-image-preview:large, max-video-preview:-1\" \/>\n<link rel=\"canonical\" href=\"https:\/\/www.danosa.com\/fr-dz\/produit\/danodren-r-20\/\" \/>\n<meta property=\"og:locale\" content=\"fr_FR\" \/>\n<meta property=\"og:type\" content=\"article\" \/>\n<meta property=\"og:title\" content=\"DANODREN R-20 - Danosa Algeria\" \/>\n<meta property=\"og:description\" content=\"Feuille \u00e0 structure alv\u00e9olaire pour la r\u00e9tention d&#039;eau en terrasses v\u00e9g\u00e9talis\u00e9es.\" \/>\n<meta property=\"og:url\" content=\"https:\/\/www.danosa.com\/fr-dz\/produit\/danodren-r-20\/\" \/>\n<meta property=\"og:site_name\" content=\"Danosa Algeria\" \/>\n<meta property=\"article:modified_time\" content=\"2026-04-06T17:21:23+00:00\" \/>\n<meta name=\"twitter:card\" content=\"summary_large_image\" \/>\n<script type=\"application\/ld+json\" class=\"yoast-schema-graph\">{\"@context\":\"https:\/\/schema.org\",\"@graph\":[{\"@type\":\"WebSite\",\"@id\":\"https:\/\/www.danosa.com\/fr-dz\/#website\",\"url\":\"https:\/\/www.danosa.com\/fr-dz\/\",\"name\":\"Danosa Algeria\",\"description\":\"Danosa\",\"potentialAction\":[{\"@type\":\"SearchAction\",\"target\":{\"@type\":\"EntryPoint\",\"urlTemplate\":\"https:\/\/www.danosa.com\/fr-dz\/?s={search_term_string}\"},\"query-input\":\"required name=search_term_string\"}],\"inLanguage\":\"fr-FR\"},{\"@type\":\"WebPage\",\"@id\":\"https:\/\/www.danosa.com\/fr-dz\/produit\/danodren-r-20\/#webpage\",\"url\":\"https:\/\/www.danosa.com\/fr-dz\/produit\/danodren-r-20\/\",\"name\":\"DANODREN R-20 - Danosa Algeria\",\"isPartOf\":{\"@id\":\"https:\/\/www.danosa.com\/fr-dz\/#website\"},\"datePublished\":\"2026-04-06T17:21:21+00:00\",\"dateModified\":\"2026-04-06T17:21:23+00:00\",\"breadcrumb\":{\"@id\":\"https:\/\/www.danosa.com\/fr-dz\/produit\/danodren-r-20\/#breadcrumb\"},\"inLanguage\":\"fr-FR\",\"potentialAction\":[{\"@type\":\"ReadAction\",\"target\":[\"https:\/\/www.danosa.com\/fr-dz\/produit\/danodren-r-20\/\"]}]},{\"@type\":\"BreadcrumbList\",\"@id\":\"https:\/\/www.danosa.com\/fr-dz\/produit\/danodren-r-20\/#breadcrumb\",\"itemListElement\":[{\"@type\":\"ListItem\",\"position\":1,\"name\":\"Portada\",\"item\":\"https:\/\/www.danosa.com\/fr-dz\/\"},{\"@type\":\"ListItem\",\"position\":2,\"name\":\"DANODREN R-20\"}]}]}<\/script>\n<!-- \/ Yoast SEO plugin. -->","yoast_head_json":{"title":"DANODREN R-20 - Danosa Algeria","robots":{"index":"index","follow":"follow","max-snippet":"max-snippet:-1","max-image-preview":"max-image-preview:large","max-video-preview":"max-video-preview:-1"},"canonical":"https:\/\/www.danosa.com\/fr-dz\/produit\/danodren-r-20\/","og_locale":"fr_FR","og_type":"article","og_title":"DANODREN R-20 - Danosa Algeria","og_description":"Feuille \u00e0 structure alv\u00e9olaire pour la r\u00e9tention d'eau en terrasses v\u00e9g\u00e9talis\u00e9es.","og_url":"https:\/\/www.danosa.com\/fr-dz\/produit\/danodren-r-20\/","og_site_name":"Danosa Algeria","article_modified_time":"2026-04-06T17:21:23+00:00","twitter_card":"summary_large_image","schema":{"@context":"https:\/\/schema.org","@graph":[{"@type":"WebSite","@id":"https:\/\/www.danosa.com\/fr-dz\/#website","url":"https:\/\/www.danosa.com\/fr-dz\/","name":"Danosa Algeria","description":"Danosa","potentialAction":[{"@type":"SearchAction","target":{"@type":"EntryPoint","urlTemplate":"https:\/\/www.danosa.com\/fr-dz\/?s={search_term_string}"},"query-input":"required name=search_term_string"}],"inLanguage":"fr-FR"},{"@type":"WebPage","@id":"https:\/\/www.danosa.com\/fr-dz\/produit\/danodren-r-20\/#webpage","url":"https:\/\/www.danosa.com\/fr-dz\/produit\/danodren-r-20\/","name":"DANODREN R-20 - Danosa Algeria","isPartOf":{"@id":"https:\/\/www.danosa.com\/fr-dz\/#website"},"datePublished":"2026-04-06T17:21:21+00:00","dateModified":"2026-04-06T17:21:23+00:00","breadcrumb":{"@id":"https:\/\/www.danosa.com\/fr-dz\/produit\/danodren-r-20\/#breadcrumb"},"inLanguage":"fr-FR","potentialAction":[{"@type":"ReadAction","target":["https:\/\/www.danosa.com\/fr-dz\/produit\/danodren-r-20\/"]}]},{"@type":"BreadcrumbList","@id":"https:\/\/www.danosa.com\/fr-dz\/produit\/danodren-r-20\/#breadcrumb","itemListElement":[{"@type":"ListItem","position":1,"name":"Portada","item":"https:\/\/www.danosa.com\/fr-dz\/"},{"@type":"ListItem","position":2,"name":"DANODREN R-20"}]}]}},"_links":{"self":[{"href":"https:\/\/www.danosa.com\/fr-dz\/wp-json\/wp\/v2\/product\/3962"}],"collection":[{"href":"https:\/\/www.danosa.com\/fr-dz\/wp-json\/wp\/v2\/product"}],"about":[{"href":"https:\/\/www.danosa.com\/fr-dz\/wp-json\/wp\/v2\/types\/product"}],"wp:attachment":[{"href":"https:\/\/www.danosa.com\/fr-dz\/wp-json\/wp\/v2\/media?parent=3962"}],"wp:term":[{"taxonomy":"family","embeddable":true,"href":"https:\/\/www.danosa.com\/fr-dz\/wp-json\/wp\/v2\/family?post=3962"},{"taxonomy":"product_notice","embeddable":true,"href":"https:\/\/www.danosa.com\/fr-dz\/wp-json\/wp\/v2\/product_notice?post=3962"},{"taxonomy":"product_icon","embeddable":true,"href":"https:\/\/www.danosa.com\/fr-dz\/wp-json\/wp\/v2\/product_icon?post=3962"},{"taxonomy":"product_application","embeddable":true,"href":"https:\/\/www.danosa.com\/fr-dz\/wp-json\/wp\/v2\/product_application?post=3962"},{"taxonomy":"product_standards_certification","embeddable":true,"href":"https:\/\/www.danosa.com\/fr-dz\/wp-json\/wp\/v2\/product_standards_certification?post=3962"},{"taxonomy":"product_benefits","embeddable":true,"href":"https:\/\/www.danosa.com\/fr-dz\/wp-json\/wp\/v2\/product_benefits?post=3962"},{"taxonomy":"product_support","embeddable":true,"href":"https:\/\/www.danosa.com\/fr-dz\/wp-json\/wp\/v2\/product_support?post=3962"},{"taxonomy":"product_substrate_preparation","embeddable":true,"href":"https:\/\/www.danosa.com\/fr-dz\/wp-json\/wp\/v2\/product_substrate_preparation?post=3962"},{"taxonomy":"product_important_indications","embeddable":true,"href":"https:\/\/www.danosa.com\/fr-dz\/wp-json\/wp\/v2\/product_important_indications?post=3962"},{"taxonomy":"product_conservation","embeddable":true,"href":"https:\/\/www.danosa.com\/fr-dz\/wp-json\/wp\/v2\/product_conservation?post=3962"},{"taxonomy":"product_warning","embeddable":true,"href":"https:\/\/www.danosa.com\/fr-dz\/wp-json\/wp\/v2\/product_warning?post=3962"},{"taxonomy":"product_safety_hygiene","embeddable":true,"href":"https:\/\/www.danosa.com\/fr-dz\/wp-json\/wp\/v2\/product_safety_hygiene?post=3962"},{"taxonomy":"system_certification","embeddable":true,"href":"https:\/\/www.danosa.com\/fr-dz\/wp-json\/wp\/v2\/system_certification?post=3962"},{"taxonomy":"product_maintenance","embeddable":true,"href":"https:\/\/www.danosa.com\/fr-dz\/wp-json\/wp\/v2\/product_maintenance?post=3962"},{"taxonomy":"product_safety_datasheet","embeddable":true,"href":"https:\/\/www.danosa.com\/fr-dz\/wp-json\/wp\/v2\/product_safety_datasheet?post=3962"},{"taxonomy":"filter_special_uses","embeddable":true,"href":"https:\/\/www.danosa.com\/fr-dz\/wp-json\/wp\/v2\/filter_special_uses?post=3962"}],"curies":[{"name":"wp","href":"https:\/\/api.w.org\/{rel}","templated":true}]}}