{"id":8122,"date":"2026-04-06T19:21:56","date_gmt":"2026-04-06T17:21:56","guid":{"rendered":"https:\/\/www.danosa.com\/fr-dz\/product\/thf-tetrahidrofurano-3\/"},"modified":"2026-04-06T19:21:58","modified_gmt":"2026-04-06T17:21:58","slug":"thf-tetrahidrofurano","status":"publish","type":"product","link":"https:\/\/www.danosa.com\/fr-dz\/produit\/thf-tetrahidrofurano\/","title":{"rendered":"THF (TETRAHIDROFURANO)."},"content":{"rendered":"<p>Dissolvant TETRAHYDROFURANE (THF) pour la r\u00e9alisation de la soudure chimique avec membranes DANOPOL.<\/p>\n<p>THF sert \u00e9galement pour le nettoyage ponctuel des surfaces d&rsquo;anciennes membranes PVC-P en vue de la pr\u00e9paration des soudures de membranes DANOPOL\u00ae\u00a0pour des reprises d&rsquo;\u00e9tanch\u00e9it\u00e9.<\/p>\n","protected":false},"excerpt":{"rendered":"<p>Dissolvant TETRAHYDROFURANE (THF) pour la r\u00e9alisation de la soudure chimique avec membranes DANOPOL. THF sert \u00e9galement pour le nettoyage ponctuel des surfaces d&rsquo;anciennes membranes PVC-P en vue de la pr\u00e9paration des soudures de membranes DANOPOL\u00ae\u00a0pour des reprises d&rsquo;\u00e9tanch\u00e9it\u00e9.<\/p>\n","protected":false},"featured_media":0,"parent":0,"menu_order":0,"template":"","meta":{"inline_featured_image":false,"site-sidebar-layout":"default","site-content-layout":"default","ast-main-header-display":"","ast-hfb-above-header-display":"","ast-hfb-below-header-display":"","ast-hfb-mobile-header-display":"","site-post-title":"","ast-breadcrumbs-content":"","ast-featured-img":"","footer-sml-layout":"","theme-transparent-header-meta":"","adv-header-id-meta":"","stick-header-meta":"","header-above-stick-meta":"","header-main-stick-meta":"","header-below-stick-meta":""},"family":[6692],"product_notice":[316818],"product_icon":[],"product_application":[249213],"product_standards_certification":[],"product_benefits":[248296,248568,248580,248594],"product_support":[],"product_substrate_preparation":[],"product_important_indications":[247023,247074,247076,247108,247134,247145,247164,247234,247236,247237],"product_conservation":[247284,247287,247289,247339,247376,247387,247389,247390,247391,247401,247416,247437,247441,247477,247478,247480],"product_warning":[],"product_safety_hygiene":[],"system_certification":[],"product_maintenance":[],"product_safety_datasheet":[115134],"filter_special_uses":[],"acf":[],"yoast_head":"<!-- This site is optimized with the Yoast SEO plugin v18.1 - https:\/\/yoast.com\/wordpress\/plugins\/seo\/ -->\n<title>THF (TETRAHIDROFURANO). - Danosa Algeria<\/title>\n<meta name=\"robots\" content=\"index, follow, max-snippet:-1, max-image-preview:large, max-video-preview:-1\" \/>\n<link rel=\"canonical\" href=\"https:\/\/www.danosa.com\/fr-dz\/produit\/thf-tetrahidrofurano\/\" \/>\n<meta property=\"og:locale\" content=\"fr_FR\" \/>\n<meta property=\"og:type\" content=\"article\" \/>\n<meta property=\"og:title\" content=\"THF (TETRAHIDROFURANO). - Danosa Algeria\" \/>\n<meta property=\"og:description\" content=\"Dissolvant TETRAHYDROFURANE (THF) pour la r\u00e9alisation de la soudure chimique avec membranes DANOPOL. THF sert \u00e9galement pour le nettoyage ponctuel des surfaces d&rsquo;anciennes membranes PVC-P en vue de la pr\u00e9paration des soudures de membranes DANOPOL\u00ae\u00a0pour des reprises d&rsquo;\u00e9tanch\u00e9it\u00e9.\" \/>\n<meta property=\"og:url\" content=\"https:\/\/www.danosa.com\/fr-dz\/produit\/thf-tetrahidrofurano\/\" \/>\n<meta property=\"og:site_name\" content=\"Danosa Algeria\" \/>\n<meta property=\"article:modified_time\" content=\"2026-04-06T17:21:58+00:00\" \/>\n<meta name=\"twitter:card\" content=\"summary_large_image\" \/>\n<script type=\"application\/ld+json\" class=\"yoast-schema-graph\">{\"@context\":\"https:\/\/schema.org\",\"@graph\":[{\"@type\":\"WebSite\",\"@id\":\"https:\/\/www.danosa.com\/fr-dz\/#website\",\"url\":\"https:\/\/www.danosa.com\/fr-dz\/\",\"name\":\"Danosa Algeria\",\"description\":\"Danosa\",\"potentialAction\":[{\"@type\":\"SearchAction\",\"target\":{\"@type\":\"EntryPoint\",\"urlTemplate\":\"https:\/\/www.danosa.com\/fr-dz\/?s={search_term_string}\"},\"query-input\":\"required name=search_term_string\"}],\"inLanguage\":\"fr-FR\"},{\"@type\":\"WebPage\",\"@id\":\"https:\/\/www.danosa.com\/fr-dz\/produit\/thf-tetrahidrofurano\/#webpage\",\"url\":\"https:\/\/www.danosa.com\/fr-dz\/produit\/thf-tetrahidrofurano\/\",\"name\":\"THF (TETRAHIDROFURANO). - Danosa Algeria\",\"isPartOf\":{\"@id\":\"https:\/\/www.danosa.com\/fr-dz\/#website\"},\"datePublished\":\"2026-04-06T17:21:56+00:00\",\"dateModified\":\"2026-04-06T17:21:58+00:00\",\"breadcrumb\":{\"@id\":\"https:\/\/www.danosa.com\/fr-dz\/produit\/thf-tetrahidrofurano\/#breadcrumb\"},\"inLanguage\":\"fr-FR\",\"potentialAction\":[{\"@type\":\"ReadAction\",\"target\":[\"https:\/\/www.danosa.com\/fr-dz\/produit\/thf-tetrahidrofurano\/\"]}]},{\"@type\":\"BreadcrumbList\",\"@id\":\"https:\/\/www.danosa.com\/fr-dz\/produit\/thf-tetrahidrofurano\/#breadcrumb\",\"itemListElement\":[{\"@type\":\"ListItem\",\"position\":1,\"name\":\"Portada\",\"item\":\"https:\/\/www.danosa.com\/fr-dz\/\"},{\"@type\":\"ListItem\",\"position\":2,\"name\":\"THF (TETRAHIDROFURANO).\"}]}]}<\/script>\n<!-- \/ Yoast SEO plugin. -->","yoast_head_json":{"title":"THF (TETRAHIDROFURANO). - Danosa Algeria","robots":{"index":"index","follow":"follow","max-snippet":"max-snippet:-1","max-image-preview":"max-image-preview:large","max-video-preview":"max-video-preview:-1"},"canonical":"https:\/\/www.danosa.com\/fr-dz\/produit\/thf-tetrahidrofurano\/","og_locale":"fr_FR","og_type":"article","og_title":"THF (TETRAHIDROFURANO). - Danosa Algeria","og_description":"Dissolvant TETRAHYDROFURANE (THF) pour la r\u00e9alisation de la soudure chimique avec membranes DANOPOL. THF sert \u00e9galement pour le nettoyage ponctuel des surfaces d&rsquo;anciennes membranes PVC-P en vue de la pr\u00e9paration des soudures de membranes DANOPOL\u00ae\u00a0pour des reprises d&rsquo;\u00e9tanch\u00e9it\u00e9.","og_url":"https:\/\/www.danosa.com\/fr-dz\/produit\/thf-tetrahidrofurano\/","og_site_name":"Danosa Algeria","article_modified_time":"2026-04-06T17:21:58+00:00","twitter_card":"summary_large_image","schema":{"@context":"https:\/\/schema.org","@graph":[{"@type":"WebSite","@id":"https:\/\/www.danosa.com\/fr-dz\/#website","url":"https:\/\/www.danosa.com\/fr-dz\/","name":"Danosa Algeria","description":"Danosa","potentialAction":[{"@type":"SearchAction","target":{"@type":"EntryPoint","urlTemplate":"https:\/\/www.danosa.com\/fr-dz\/?s={search_term_string}"},"query-input":"required name=search_term_string"}],"inLanguage":"fr-FR"},{"@type":"WebPage","@id":"https:\/\/www.danosa.com\/fr-dz\/produit\/thf-tetrahidrofurano\/#webpage","url":"https:\/\/www.danosa.com\/fr-dz\/produit\/thf-tetrahidrofurano\/","name":"THF (TETRAHIDROFURANO). - Danosa Algeria","isPartOf":{"@id":"https:\/\/www.danosa.com\/fr-dz\/#website"},"datePublished":"2026-04-06T17:21:56+00:00","dateModified":"2026-04-06T17:21:58+00:00","breadcrumb":{"@id":"https:\/\/www.danosa.com\/fr-dz\/produit\/thf-tetrahidrofurano\/#breadcrumb"},"inLanguage":"fr-FR","potentialAction":[{"@type":"ReadAction","target":["https:\/\/www.danosa.com\/fr-dz\/produit\/thf-tetrahidrofurano\/"]}]},{"@type":"BreadcrumbList","@id":"https:\/\/www.danosa.com\/fr-dz\/produit\/thf-tetrahidrofurano\/#breadcrumb","itemListElement":[{"@type":"ListItem","position":1,"name":"Portada","item":"https:\/\/www.danosa.com\/fr-dz\/"},{"@type":"ListItem","position":2,"name":"THF (TETRAHIDROFURANO)."}]}]}},"_links":{"self":[{"href":"https:\/\/www.danosa.com\/fr-dz\/wp-json\/wp\/v2\/product\/8122"}],"collection":[{"href":"https:\/\/www.danosa.com\/fr-dz\/wp-json\/wp\/v2\/product"}],"about":[{"href":"https:\/\/www.danosa.com\/fr-dz\/wp-json\/wp\/v2\/types\/product"}],"wp:attachment":[{"href":"https:\/\/www.danosa.com\/fr-dz\/wp-json\/wp\/v2\/media?parent=8122"}],"wp:term":[{"taxonomy":"family","embeddable":true,"href":"https:\/\/www.danosa.com\/fr-dz\/wp-json\/wp\/v2\/family?post=8122"},{"taxonomy":"product_notice","embeddable":true,"href":"https:\/\/www.danosa.com\/fr-dz\/wp-json\/wp\/v2\/product_notice?post=8122"},{"taxonomy":"product_icon","embeddable":true,"href":"https:\/\/www.danosa.com\/fr-dz\/wp-json\/wp\/v2\/product_icon?post=8122"},{"taxonomy":"product_application","embeddable":true,"href":"https:\/\/www.danosa.com\/fr-dz\/wp-json\/wp\/v2\/product_application?post=8122"},{"taxonomy":"product_standards_certification","embeddable":true,"href":"https:\/\/www.danosa.com\/fr-dz\/wp-json\/wp\/v2\/product_standards_certification?post=8122"},{"taxonomy":"product_benefits","embeddable":true,"href":"https:\/\/www.danosa.com\/fr-dz\/wp-json\/wp\/v2\/product_benefits?post=8122"},{"taxonomy":"product_support","embeddable":true,"href":"https:\/\/www.danosa.com\/fr-dz\/wp-json\/wp\/v2\/product_support?post=8122"},{"taxonomy":"product_substrate_preparation","embeddable":true,"href":"https:\/\/www.danosa.com\/fr-dz\/wp-json\/wp\/v2\/product_substrate_preparation?post=8122"},{"taxonomy":"product_important_indications","embeddable":true,"href":"https:\/\/www.danosa.com\/fr-dz\/wp-json\/wp\/v2\/product_important_indications?post=8122"},{"taxonomy":"product_conservation","embeddable":true,"href":"https:\/\/www.danosa.com\/fr-dz\/wp-json\/wp\/v2\/product_conservation?post=8122"},{"taxonomy":"product_warning","embeddable":true,"href":"https:\/\/www.danosa.com\/fr-dz\/wp-json\/wp\/v2\/product_warning?post=8122"},{"taxonomy":"product_safety_hygiene","embeddable":true,"href":"https:\/\/www.danosa.com\/fr-dz\/wp-json\/wp\/v2\/product_safety_hygiene?post=8122"},{"taxonomy":"system_certification","embeddable":true,"href":"https:\/\/www.danosa.com\/fr-dz\/wp-json\/wp\/v2\/system_certification?post=8122"},{"taxonomy":"product_maintenance","embeddable":true,"href":"https:\/\/www.danosa.com\/fr-dz\/wp-json\/wp\/v2\/product_maintenance?post=8122"},{"taxonomy":"product_safety_datasheet","embeddable":true,"href":"https:\/\/www.danosa.com\/fr-dz\/wp-json\/wp\/v2\/product_safety_datasheet?post=8122"},{"taxonomy":"filter_special_uses","embeddable":true,"href":"https:\/\/www.danosa.com\/fr-dz\/wp-json\/wp\/v2\/filter_special_uses?post=8122"}],"curies":[{"name":"wp","href":"https:\/\/api.w.org\/{rel}","templated":true}]}}