{"id":8545,"date":"2026-04-03T19:21:16","date_gmt":"2026-04-03T17:21:16","guid":{"rendered":"https:\/\/www.danosa.com\/fr-dz\/produit\/danocoat-250\/"},"modified":"2026-04-03T19:21:18","modified_gmt":"2026-04-03T17:21:18","slug":"danocoat-250","status":"publish","type":"product","link":"https:\/\/www.danosa.com\/fr-dz\/produit\/danocoat-250\/","title":{"rendered":"DANOCOAT 250"},"content":{"rendered":"<p>Membrane aromatique, compos\u00e9e \u00e0 100 % de polyur\u00e9e pure, \u00e0 deux composants, sans solvants ni plastifiants, avec une teneur en solides de 100 %, qui durcit en quelques secondes ; pour l&rsquo;imperm\u00e9abilisation \u00e0 haute \u00e9lasticit\u00e9, capacit\u00e9 de pontage des fissures, excellente r\u00e9sistance chimique et \u00e0 l&rsquo;abrasion. C&rsquo;est une membrane polyvalente, adapt\u00e9e \u00e0 l&rsquo;imperm\u00e9abilisation, \u00e0 l&rsquo;enduction et \u00e0 la protection de divers types de supports contre les chocs, l&rsquo;usure ou l&rsquo;abrasion. Il est appliqu\u00e9 au moyen d&rsquo;un \u00e9quipement de projection haute pression et haute temp\u00e9rature.<\/p>\n","protected":false},"excerpt":{"rendered":"<p>Membrane polyur\u00e9e continue et sans couture \u00e0 haute r\u00e9sistance m\u00e9canique et chimique et haute \u00e9lasticit\u00e9.<\/p>\n","protected":false},"featured_media":0,"parent":0,"menu_order":0,"template":"","meta":{"inline_featured_image":false,"site-sidebar-layout":"default","site-content-layout":"default","ast-main-header-display":"","ast-hfb-above-header-display":"","ast-hfb-below-header-display":"","ast-hfb-mobile-header-display":"","site-post-title":"","ast-breadcrumbs-content":"","ast-featured-img":"","footer-sml-layout":"","theme-transparent-header-meta":"","adv-header-id-meta":"","stick-header-meta":"","header-above-stick-meta":"","header-main-stick-meta":"","header-below-stick-meta":""},"family":[147223],"product_notice":[316818],"product_icon":[],"product_application":[248947,248957],"product_standards_certification":[],"product_benefits":[248445,248700],"product_support":[249426],"product_substrate_preparation":[247869,247873,247890],"product_important_indications":[],"product_conservation":[],"product_warning":[],"product_safety_hygiene":[247926],"system_certification":[80647,6805,164695],"product_maintenance":[],"product_safety_datasheet":[2645,2649],"filter_special_uses":[],"acf":[],"yoast_head":"<!-- This site is optimized with the Yoast SEO plugin v18.1 - https:\/\/yoast.com\/wordpress\/plugins\/seo\/ -->\n<title>DANOCOAT 250 - Danosa Algeria<\/title>\n<meta name=\"robots\" content=\"index, follow, max-snippet:-1, max-image-preview:large, max-video-preview:-1\" \/>\n<link rel=\"canonical\" href=\"https:\/\/www.danosa.com\/fr-dz\/produit\/danocoat-250\/\" \/>\n<meta property=\"og:locale\" content=\"fr_FR\" \/>\n<meta property=\"og:type\" content=\"article\" \/>\n<meta property=\"og:title\" content=\"DANOCOAT 250 - Danosa Algeria\" \/>\n<meta property=\"og:description\" content=\"Membrane polyur\u00e9e continue et sans couture \u00e0 haute r\u00e9sistance m\u00e9canique et chimique et haute \u00e9lasticit\u00e9.\" \/>\n<meta property=\"og:url\" content=\"https:\/\/www.danosa.com\/fr-dz\/produit\/danocoat-250\/\" \/>\n<meta property=\"og:site_name\" content=\"Danosa Algeria\" \/>\n<meta property=\"article:modified_time\" content=\"2026-04-03T17:21:18+00:00\" \/>\n<meta name=\"twitter:card\" content=\"summary_large_image\" \/>\n<script type=\"application\/ld+json\" class=\"yoast-schema-graph\">{\"@context\":\"https:\/\/schema.org\",\"@graph\":[{\"@type\":\"WebSite\",\"@id\":\"https:\/\/www.danosa.com\/fr-dz\/#website\",\"url\":\"https:\/\/www.danosa.com\/fr-dz\/\",\"name\":\"Danosa Algeria\",\"description\":\"Danosa\",\"potentialAction\":[{\"@type\":\"SearchAction\",\"target\":{\"@type\":\"EntryPoint\",\"urlTemplate\":\"https:\/\/www.danosa.com\/fr-dz\/?s={search_term_string}\"},\"query-input\":\"required name=search_term_string\"}],\"inLanguage\":\"fr-FR\"},{\"@type\":\"WebPage\",\"@id\":\"https:\/\/www.danosa.com\/fr-dz\/produit\/danocoat-250\/#webpage\",\"url\":\"https:\/\/www.danosa.com\/fr-dz\/produit\/danocoat-250\/\",\"name\":\"DANOCOAT 250 - Danosa Algeria\",\"isPartOf\":{\"@id\":\"https:\/\/www.danosa.com\/fr-dz\/#website\"},\"datePublished\":\"2026-04-03T17:21:16+00:00\",\"dateModified\":\"2026-04-03T17:21:18+00:00\",\"breadcrumb\":{\"@id\":\"https:\/\/www.danosa.com\/fr-dz\/produit\/danocoat-250\/#breadcrumb\"},\"inLanguage\":\"fr-FR\",\"potentialAction\":[{\"@type\":\"ReadAction\",\"target\":[\"https:\/\/www.danosa.com\/fr-dz\/produit\/danocoat-250\/\"]}]},{\"@type\":\"BreadcrumbList\",\"@id\":\"https:\/\/www.danosa.com\/fr-dz\/produit\/danocoat-250\/#breadcrumb\",\"itemListElement\":[{\"@type\":\"ListItem\",\"position\":1,\"name\":\"Portada\",\"item\":\"https:\/\/www.danosa.com\/fr-dz\/\"},{\"@type\":\"ListItem\",\"position\":2,\"name\":\"DANOCOAT 250\"}]}]}<\/script>\n<!-- \/ Yoast SEO plugin. -->","yoast_head_json":{"title":"DANOCOAT 250 - Danosa Algeria","robots":{"index":"index","follow":"follow","max-snippet":"max-snippet:-1","max-image-preview":"max-image-preview:large","max-video-preview":"max-video-preview:-1"},"canonical":"https:\/\/www.danosa.com\/fr-dz\/produit\/danocoat-250\/","og_locale":"fr_FR","og_type":"article","og_title":"DANOCOAT 250 - Danosa Algeria","og_description":"Membrane polyur\u00e9e continue et sans couture \u00e0 haute r\u00e9sistance m\u00e9canique et chimique et haute \u00e9lasticit\u00e9.","og_url":"https:\/\/www.danosa.com\/fr-dz\/produit\/danocoat-250\/","og_site_name":"Danosa Algeria","article_modified_time":"2026-04-03T17:21:18+00:00","twitter_card":"summary_large_image","schema":{"@context":"https:\/\/schema.org","@graph":[{"@type":"WebSite","@id":"https:\/\/www.danosa.com\/fr-dz\/#website","url":"https:\/\/www.danosa.com\/fr-dz\/","name":"Danosa Algeria","description":"Danosa","potentialAction":[{"@type":"SearchAction","target":{"@type":"EntryPoint","urlTemplate":"https:\/\/www.danosa.com\/fr-dz\/?s={search_term_string}"},"query-input":"required name=search_term_string"}],"inLanguage":"fr-FR"},{"@type":"WebPage","@id":"https:\/\/www.danosa.com\/fr-dz\/produit\/danocoat-250\/#webpage","url":"https:\/\/www.danosa.com\/fr-dz\/produit\/danocoat-250\/","name":"DANOCOAT 250 - Danosa Algeria","isPartOf":{"@id":"https:\/\/www.danosa.com\/fr-dz\/#website"},"datePublished":"2026-04-03T17:21:16+00:00","dateModified":"2026-04-03T17:21:18+00:00","breadcrumb":{"@id":"https:\/\/www.danosa.com\/fr-dz\/produit\/danocoat-250\/#breadcrumb"},"inLanguage":"fr-FR","potentialAction":[{"@type":"ReadAction","target":["https:\/\/www.danosa.com\/fr-dz\/produit\/danocoat-250\/"]}]},{"@type":"BreadcrumbList","@id":"https:\/\/www.danosa.com\/fr-dz\/produit\/danocoat-250\/#breadcrumb","itemListElement":[{"@type":"ListItem","position":1,"name":"Portada","item":"https:\/\/www.danosa.com\/fr-dz\/"},{"@type":"ListItem","position":2,"name":"DANOCOAT 250"}]}]}},"_links":{"self":[{"href":"https:\/\/www.danosa.com\/fr-dz\/wp-json\/wp\/v2\/product\/8545"}],"collection":[{"href":"https:\/\/www.danosa.com\/fr-dz\/wp-json\/wp\/v2\/product"}],"about":[{"href":"https:\/\/www.danosa.com\/fr-dz\/wp-json\/wp\/v2\/types\/product"}],"wp:attachment":[{"href":"https:\/\/www.danosa.com\/fr-dz\/wp-json\/wp\/v2\/media?parent=8545"}],"wp:term":[{"taxonomy":"family","embeddable":true,"href":"https:\/\/www.danosa.com\/fr-dz\/wp-json\/wp\/v2\/family?post=8545"},{"taxonomy":"product_notice","embeddable":true,"href":"https:\/\/www.danosa.com\/fr-dz\/wp-json\/wp\/v2\/product_notice?post=8545"},{"taxonomy":"product_icon","embeddable":true,"href":"https:\/\/www.danosa.com\/fr-dz\/wp-json\/wp\/v2\/product_icon?post=8545"},{"taxonomy":"product_application","embeddable":true,"href":"https:\/\/www.danosa.com\/fr-dz\/wp-json\/wp\/v2\/product_application?post=8545"},{"taxonomy":"product_standards_certification","embeddable":true,"href":"https:\/\/www.danosa.com\/fr-dz\/wp-json\/wp\/v2\/product_standards_certification?post=8545"},{"taxonomy":"product_benefits","embeddable":true,"href":"https:\/\/www.danosa.com\/fr-dz\/wp-json\/wp\/v2\/product_benefits?post=8545"},{"taxonomy":"product_support","embeddable":true,"href":"https:\/\/www.danosa.com\/fr-dz\/wp-json\/wp\/v2\/product_support?post=8545"},{"taxonomy":"product_substrate_preparation","embeddable":true,"href":"https:\/\/www.danosa.com\/fr-dz\/wp-json\/wp\/v2\/product_substrate_preparation?post=8545"},{"taxonomy":"product_important_indications","embeddable":true,"href":"https:\/\/www.danosa.com\/fr-dz\/wp-json\/wp\/v2\/product_important_indications?post=8545"},{"taxonomy":"product_conservation","embeddable":true,"href":"https:\/\/www.danosa.com\/fr-dz\/wp-json\/wp\/v2\/product_conservation?post=8545"},{"taxonomy":"product_warning","embeddable":true,"href":"https:\/\/www.danosa.com\/fr-dz\/wp-json\/wp\/v2\/product_warning?post=8545"},{"taxonomy":"product_safety_hygiene","embeddable":true,"href":"https:\/\/www.danosa.com\/fr-dz\/wp-json\/wp\/v2\/product_safety_hygiene?post=8545"},{"taxonomy":"system_certification","embeddable":true,"href":"https:\/\/www.danosa.com\/fr-dz\/wp-json\/wp\/v2\/system_certification?post=8545"},{"taxonomy":"product_maintenance","embeddable":true,"href":"https:\/\/www.danosa.com\/fr-dz\/wp-json\/wp\/v2\/product_maintenance?post=8545"},{"taxonomy":"product_safety_datasheet","embeddable":true,"href":"https:\/\/www.danosa.com\/fr-dz\/wp-json\/wp\/v2\/product_safety_datasheet?post=8545"},{"taxonomy":"filter_special_uses","embeddable":true,"href":"https:\/\/www.danosa.com\/fr-dz\/wp-json\/wp\/v2\/filter_special_uses?post=8545"}],"curies":[{"name":"wp","href":"https:\/\/api.w.org\/{rel}","templated":true}]}}