{"id":8877,"date":"2026-04-06T19:21:51","date_gmt":"2026-04-06T17:21:51","guid":{"rendered":"https:\/\/www.danosa.com\/fr-dz\/produit\/polydan-plus-fm-180-60-gp-elast\/"},"modified":"2026-04-06T19:21:54","modified_gmt":"2026-04-06T17:21:54","slug":"polydan-plus-fm-180-60-gp-elast","status":"publish","type":"product","link":"https:\/\/www.danosa.com\/fr-dz\/produit\/polydan-plus-fm-180-60-gp-elast\/","title":{"rendered":"POLYDAN PLUS FM 180-60\/GP ELAST"},"content":{"rendered":"<p>Le POLYDAN Plus FM 180-60\/GP ELAST est une chape de bitume \u00e9lastom\u00e8re SBS soudable, autoprot\u00e9g\u00e9e, avec armature de polyester non tiss\u00e9, renforc\u00e9 et stabilis\u00e9. Elle est surfac\u00e9e avec des paillettes d\u00b4ardoise de couleur gris clair. La sous-face est constitu\u00e9e d\u00b4un film de poly\u00e9thyl\u00e8ne.<\/p>\n","protected":false},"excerpt":{"rendered":"<p>Membrane d&rsquo;\u00e9tanch\u00e9it\u00e9 en bitume modifi\u00e9 avec des \u00e9lastom\u00e8res (SBS) avec autoprotection min\u00e9rale.<\/p>\n","protected":false},"featured_media":0,"parent":0,"menu_order":0,"template":"","meta":{"inline_featured_image":false,"site-sidebar-layout":"default","site-content-layout":"default","ast-main-header-display":"","ast-hfb-above-header-display":"","ast-hfb-below-header-display":"","ast-hfb-mobile-header-display":"","site-post-title":"","ast-breadcrumbs-content":"","ast-featured-img":"","footer-sml-layout":"","theme-transparent-header-meta":"","adv-header-id-meta":"","stick-header-meta":"","header-above-stick-meta":"","header-main-stick-meta":"","header-below-stick-meta":""},"family":[6672],"product_notice":[316818],"product_icon":[],"product_application":[249040],"product_standards_certification":[247774,247790,247804,247822,257590],"product_benefits":[248179,248289,248299,248314,248317,248326,248357,248439,248446,248449,248451,248462,248480,248493,248518,248534,248581],"product_support":[],"product_substrate_preparation":[],"product_important_indications":[247038,247040,247042,247044,247070,247091,247092,247136,247175,247188,247191,247215,247275],"product_conservation":[247288,247314,247321,247322,247349,247350,247399,247406,247410,247411,247477,247478,247480],"product_warning":[],"product_safety_hygiene":[],"system_certification":[212567,7052,6802,6823,220791],"product_maintenance":[101048],"product_safety_datasheet":[2693],"filter_special_uses":[],"acf":[],"yoast_head":"<!-- This site is optimized with the Yoast SEO plugin v18.1 - https:\/\/yoast.com\/wordpress\/plugins\/seo\/ -->\n<title>POLYDAN PLUS FM 180-60\/GP ELAST - Danosa Algeria<\/title>\n<meta name=\"robots\" content=\"index, follow, max-snippet:-1, max-image-preview:large, max-video-preview:-1\" \/>\n<link rel=\"canonical\" href=\"https:\/\/www.danosa.com\/fr-dz\/produit\/polydan-plus-fm-180-60-gp-elast\/\" \/>\n<meta property=\"og:locale\" content=\"fr_FR\" \/>\n<meta property=\"og:type\" content=\"article\" \/>\n<meta property=\"og:title\" content=\"POLYDAN PLUS FM 180-60\/GP ELAST - Danosa Algeria\" \/>\n<meta property=\"og:description\" content=\"Membrane d&#039;\u00e9tanch\u00e9it\u00e9 en bitume modifi\u00e9 avec des \u00e9lastom\u00e8res (SBS) avec autoprotection min\u00e9rale.\" \/>\n<meta property=\"og:url\" content=\"https:\/\/www.danosa.com\/fr-dz\/produit\/polydan-plus-fm-180-60-gp-elast\/\" \/>\n<meta property=\"og:site_name\" content=\"Danosa Algeria\" \/>\n<meta property=\"article:modified_time\" content=\"2026-04-06T17:21:54+00:00\" \/>\n<meta name=\"twitter:card\" content=\"summary_large_image\" \/>\n<script type=\"application\/ld+json\" class=\"yoast-schema-graph\">{\"@context\":\"https:\/\/schema.org\",\"@graph\":[{\"@type\":\"WebSite\",\"@id\":\"https:\/\/www.danosa.com\/fr-dz\/#website\",\"url\":\"https:\/\/www.danosa.com\/fr-dz\/\",\"name\":\"Danosa Algeria\",\"description\":\"Danosa\",\"potentialAction\":[{\"@type\":\"SearchAction\",\"target\":{\"@type\":\"EntryPoint\",\"urlTemplate\":\"https:\/\/www.danosa.com\/fr-dz\/?s={search_term_string}\"},\"query-input\":\"required name=search_term_string\"}],\"inLanguage\":\"fr-FR\"},{\"@type\":\"WebPage\",\"@id\":\"https:\/\/www.danosa.com\/fr-dz\/produit\/polydan-plus-fm-180-60-gp-elast\/#webpage\",\"url\":\"https:\/\/www.danosa.com\/fr-dz\/produit\/polydan-plus-fm-180-60-gp-elast\/\",\"name\":\"POLYDAN PLUS FM 180-60\/GP ELAST - Danosa Algeria\",\"isPartOf\":{\"@id\":\"https:\/\/www.danosa.com\/fr-dz\/#website\"},\"datePublished\":\"2026-04-06T17:21:51+00:00\",\"dateModified\":\"2026-04-06T17:21:54+00:00\",\"breadcrumb\":{\"@id\":\"https:\/\/www.danosa.com\/fr-dz\/produit\/polydan-plus-fm-180-60-gp-elast\/#breadcrumb\"},\"inLanguage\":\"fr-FR\",\"potentialAction\":[{\"@type\":\"ReadAction\",\"target\":[\"https:\/\/www.danosa.com\/fr-dz\/produit\/polydan-plus-fm-180-60-gp-elast\/\"]}]},{\"@type\":\"BreadcrumbList\",\"@id\":\"https:\/\/www.danosa.com\/fr-dz\/produit\/polydan-plus-fm-180-60-gp-elast\/#breadcrumb\",\"itemListElement\":[{\"@type\":\"ListItem\",\"position\":1,\"name\":\"Portada\",\"item\":\"https:\/\/www.danosa.com\/fr-dz\/\"},{\"@type\":\"ListItem\",\"position\":2,\"name\":\"POLYDAN PLUS FM 180-60\/GP ELAST\"}]}]}<\/script>\n<!-- \/ Yoast SEO plugin. -->","yoast_head_json":{"title":"POLYDAN PLUS FM 180-60\/GP ELAST - Danosa Algeria","robots":{"index":"index","follow":"follow","max-snippet":"max-snippet:-1","max-image-preview":"max-image-preview:large","max-video-preview":"max-video-preview:-1"},"canonical":"https:\/\/www.danosa.com\/fr-dz\/produit\/polydan-plus-fm-180-60-gp-elast\/","og_locale":"fr_FR","og_type":"article","og_title":"POLYDAN PLUS FM 180-60\/GP ELAST - Danosa Algeria","og_description":"Membrane d'\u00e9tanch\u00e9it\u00e9 en bitume modifi\u00e9 avec des \u00e9lastom\u00e8res (SBS) avec autoprotection min\u00e9rale.","og_url":"https:\/\/www.danosa.com\/fr-dz\/produit\/polydan-plus-fm-180-60-gp-elast\/","og_site_name":"Danosa Algeria","article_modified_time":"2026-04-06T17:21:54+00:00","twitter_card":"summary_large_image","schema":{"@context":"https:\/\/schema.org","@graph":[{"@type":"WebSite","@id":"https:\/\/www.danosa.com\/fr-dz\/#website","url":"https:\/\/www.danosa.com\/fr-dz\/","name":"Danosa Algeria","description":"Danosa","potentialAction":[{"@type":"SearchAction","target":{"@type":"EntryPoint","urlTemplate":"https:\/\/www.danosa.com\/fr-dz\/?s={search_term_string}"},"query-input":"required name=search_term_string"}],"inLanguage":"fr-FR"},{"@type":"WebPage","@id":"https:\/\/www.danosa.com\/fr-dz\/produit\/polydan-plus-fm-180-60-gp-elast\/#webpage","url":"https:\/\/www.danosa.com\/fr-dz\/produit\/polydan-plus-fm-180-60-gp-elast\/","name":"POLYDAN PLUS FM 180-60\/GP ELAST - Danosa Algeria","isPartOf":{"@id":"https:\/\/www.danosa.com\/fr-dz\/#website"},"datePublished":"2026-04-06T17:21:51+00:00","dateModified":"2026-04-06T17:21:54+00:00","breadcrumb":{"@id":"https:\/\/www.danosa.com\/fr-dz\/produit\/polydan-plus-fm-180-60-gp-elast\/#breadcrumb"},"inLanguage":"fr-FR","potentialAction":[{"@type":"ReadAction","target":["https:\/\/www.danosa.com\/fr-dz\/produit\/polydan-plus-fm-180-60-gp-elast\/"]}]},{"@type":"BreadcrumbList","@id":"https:\/\/www.danosa.com\/fr-dz\/produit\/polydan-plus-fm-180-60-gp-elast\/#breadcrumb","itemListElement":[{"@type":"ListItem","position":1,"name":"Portada","item":"https:\/\/www.danosa.com\/fr-dz\/"},{"@type":"ListItem","position":2,"name":"POLYDAN PLUS FM 180-60\/GP ELAST"}]}]}},"_links":{"self":[{"href":"https:\/\/www.danosa.com\/fr-dz\/wp-json\/wp\/v2\/product\/8877"}],"collection":[{"href":"https:\/\/www.danosa.com\/fr-dz\/wp-json\/wp\/v2\/product"}],"about":[{"href":"https:\/\/www.danosa.com\/fr-dz\/wp-json\/wp\/v2\/types\/product"}],"wp:attachment":[{"href":"https:\/\/www.danosa.com\/fr-dz\/wp-json\/wp\/v2\/media?parent=8877"}],"wp:term":[{"taxonomy":"family","embeddable":true,"href":"https:\/\/www.danosa.com\/fr-dz\/wp-json\/wp\/v2\/family?post=8877"},{"taxonomy":"product_notice","embeddable":true,"href":"https:\/\/www.danosa.com\/fr-dz\/wp-json\/wp\/v2\/product_notice?post=8877"},{"taxonomy":"product_icon","embeddable":true,"href":"https:\/\/www.danosa.com\/fr-dz\/wp-json\/wp\/v2\/product_icon?post=8877"},{"taxonomy":"product_application","embeddable":true,"href":"https:\/\/www.danosa.com\/fr-dz\/wp-json\/wp\/v2\/product_application?post=8877"},{"taxonomy":"product_standards_certification","embeddable":true,"href":"https:\/\/www.danosa.com\/fr-dz\/wp-json\/wp\/v2\/product_standards_certification?post=8877"},{"taxonomy":"product_benefits","embeddable":true,"href":"https:\/\/www.danosa.com\/fr-dz\/wp-json\/wp\/v2\/product_benefits?post=8877"},{"taxonomy":"product_support","embeddable":true,"href":"https:\/\/www.danosa.com\/fr-dz\/wp-json\/wp\/v2\/product_support?post=8877"},{"taxonomy":"product_substrate_preparation","embeddable":true,"href":"https:\/\/www.danosa.com\/fr-dz\/wp-json\/wp\/v2\/product_substrate_preparation?post=8877"},{"taxonomy":"product_important_indications","embeddable":true,"href":"https:\/\/www.danosa.com\/fr-dz\/wp-json\/wp\/v2\/product_important_indications?post=8877"},{"taxonomy":"product_conservation","embeddable":true,"href":"https:\/\/www.danosa.com\/fr-dz\/wp-json\/wp\/v2\/product_conservation?post=8877"},{"taxonomy":"product_warning","embeddable":true,"href":"https:\/\/www.danosa.com\/fr-dz\/wp-json\/wp\/v2\/product_warning?post=8877"},{"taxonomy":"product_safety_hygiene","embeddable":true,"href":"https:\/\/www.danosa.com\/fr-dz\/wp-json\/wp\/v2\/product_safety_hygiene?post=8877"},{"taxonomy":"system_certification","embeddable":true,"href":"https:\/\/www.danosa.com\/fr-dz\/wp-json\/wp\/v2\/system_certification?post=8877"},{"taxonomy":"product_maintenance","embeddable":true,"href":"https:\/\/www.danosa.com\/fr-dz\/wp-json\/wp\/v2\/product_maintenance?post=8877"},{"taxonomy":"product_safety_datasheet","embeddable":true,"href":"https:\/\/www.danosa.com\/fr-dz\/wp-json\/wp\/v2\/product_safety_datasheet?post=8877"},{"taxonomy":"filter_special_uses","embeddable":true,"href":"https:\/\/www.danosa.com\/fr-dz\/wp-json\/wp\/v2\/filter_special_uses?post=8877"}],"curies":[{"name":"wp","href":"https:\/\/api.w.org\/{rel}","templated":true}]}}