{"id":9198,"date":"2026-04-06T19:22:05","date_gmt":"2026-04-06T17:22:05","guid":{"rendered":"https:\/\/www.danosa.com\/fr-dz\/produit\/danocoat-pur-2c\/"},"modified":"2026-04-06T19:22:08","modified_gmt":"2026-04-06T17:22:08","slug":"danocoat-pur-2c","status":"publish","type":"product","link":"https:\/\/www.danosa.com\/fr-dz\/produit\/danocoat-pur-2c\/","title":{"rendered":"DANOCOAT PUR 2C"},"content":{"rendered":"<p>Polyur\u00e9thane aliphatique \u00e0 deux composants \u00e0 base de solvant, \u00e9lastique, r\u00e9sistant aux intemp\u00e9ries, \u00e0 la circulation des pi\u00e9tons et des v\u00e9hicules et aux rayons UV. Sp\u00e9cialement formul\u00e9 comme couche de finition pour les syst\u00e8mes DANOCOAT\u00ae et DANOPUR\u00ae.<br \/>\nHaute r\u00e9sistance aux produits chimiques et \u00e0 l&rsquo;abrasion. Appliqu\u00e9 \u00e0 la main \u00e0 froid, ne jaunit pas et est recommand\u00e9 comme rev\u00eatement de protection contre les intemp\u00e9ries pour les syst\u00e8mes de polyur\u00e9e DANOCOAT\u00ae et les membranes de polyur\u00e9thane DANOPUR\u00ae afin d&rsquo;assurer un effet esth\u00e9tique durable.<\/p>\n","protected":false},"excerpt":{"rendered":"<p>Polyur\u00e9thane aliphatique bicomposant \u00e0 base de solvant, r\u00e9sistant aux intemp\u00e9ries, au trafic pi\u00e9tonnier et v\u00e9hicules et aux rayons UV. Sp\u00e9cialement formul\u00e9 comme couche de finition pour les syst\u00e8mes DANOCOAT\u00ae et DANOPUR\u00ae.<\/p>\n","protected":false},"featured_media":0,"parent":0,"menu_order":0,"template":"","meta":{"inline_featured_image":false,"site-sidebar-layout":"default","site-content-layout":"default","ast-main-header-display":"","ast-hfb-above-header-display":"","ast-hfb-below-header-display":"","ast-hfb-mobile-header-display":"","site-post-title":"","ast-breadcrumbs-content":"","ast-featured-img":"","footer-sml-layout":"","theme-transparent-header-meta":"","adv-header-id-meta":"","stick-header-meta":"","header-above-stick-meta":"","header-main-stick-meta":"","header-below-stick-meta":""},"family":[147225],"product_notice":[316818],"product_icon":[],"product_application":[249264,249265,249267],"product_standards_certification":[],"product_benefits":[248444,248619,248700],"product_support":[249376,249377,249435,249436],"product_substrate_preparation":[247911],"product_important_indications":[],"product_conservation":[247457],"product_warning":[247525,247627,247660],"product_safety_hygiene":[],"system_certification":[],"product_maintenance":[],"product_safety_datasheet":[103071,103072],"filter_special_uses":[],"acf":[],"yoast_head":"<!-- This site is optimized with the Yoast SEO plugin v18.1 - https:\/\/yoast.com\/wordpress\/plugins\/seo\/ -->\n<title>DANOCOAT PUR 2C - Danosa Algeria<\/title>\n<meta name=\"robots\" content=\"index, follow, max-snippet:-1, max-image-preview:large, max-video-preview:-1\" \/>\n<link rel=\"canonical\" href=\"https:\/\/www.danosa.com\/fr-dz\/produit\/danocoat-pur-2c\/\" \/>\n<meta property=\"og:locale\" content=\"fr_FR\" \/>\n<meta property=\"og:type\" content=\"article\" \/>\n<meta property=\"og:title\" content=\"DANOCOAT PUR 2C - Danosa Algeria\" \/>\n<meta property=\"og:description\" content=\"Polyur\u00e9thane aliphatique bicomposant \u00e0 base de solvant, r\u00e9sistant aux intemp\u00e9ries, au trafic pi\u00e9tonnier et v\u00e9hicules et aux rayons UV. Sp\u00e9cialement formul\u00e9 comme couche de finition pour les syst\u00e8mes DANOCOAT\u00ae et DANOPUR\u00ae.\" \/>\n<meta property=\"og:url\" content=\"https:\/\/www.danosa.com\/fr-dz\/produit\/danocoat-pur-2c\/\" \/>\n<meta property=\"og:site_name\" content=\"Danosa Algeria\" \/>\n<meta property=\"article:modified_time\" content=\"2026-04-06T17:22:08+00:00\" \/>\n<meta name=\"twitter:card\" content=\"summary_large_image\" \/>\n<script type=\"application\/ld+json\" class=\"yoast-schema-graph\">{\"@context\":\"https:\/\/schema.org\",\"@graph\":[{\"@type\":\"WebSite\",\"@id\":\"https:\/\/www.danosa.com\/fr-dz\/#website\",\"url\":\"https:\/\/www.danosa.com\/fr-dz\/\",\"name\":\"Danosa Algeria\",\"description\":\"Danosa\",\"potentialAction\":[{\"@type\":\"SearchAction\",\"target\":{\"@type\":\"EntryPoint\",\"urlTemplate\":\"https:\/\/www.danosa.com\/fr-dz\/?s={search_term_string}\"},\"query-input\":\"required name=search_term_string\"}],\"inLanguage\":\"fr-FR\"},{\"@type\":\"WebPage\",\"@id\":\"https:\/\/www.danosa.com\/fr-dz\/produit\/danocoat-pur-2c\/#webpage\",\"url\":\"https:\/\/www.danosa.com\/fr-dz\/produit\/danocoat-pur-2c\/\",\"name\":\"DANOCOAT PUR 2C - Danosa Algeria\",\"isPartOf\":{\"@id\":\"https:\/\/www.danosa.com\/fr-dz\/#website\"},\"datePublished\":\"2026-04-06T17:22:05+00:00\",\"dateModified\":\"2026-04-06T17:22:08+00:00\",\"breadcrumb\":{\"@id\":\"https:\/\/www.danosa.com\/fr-dz\/produit\/danocoat-pur-2c\/#breadcrumb\"},\"inLanguage\":\"fr-FR\",\"potentialAction\":[{\"@type\":\"ReadAction\",\"target\":[\"https:\/\/www.danosa.com\/fr-dz\/produit\/danocoat-pur-2c\/\"]}]},{\"@type\":\"BreadcrumbList\",\"@id\":\"https:\/\/www.danosa.com\/fr-dz\/produit\/danocoat-pur-2c\/#breadcrumb\",\"itemListElement\":[{\"@type\":\"ListItem\",\"position\":1,\"name\":\"Portada\",\"item\":\"https:\/\/www.danosa.com\/fr-dz\/\"},{\"@type\":\"ListItem\",\"position\":2,\"name\":\"DANOCOAT PUR 2C\"}]}]}<\/script>\n<!-- \/ Yoast SEO plugin. -->","yoast_head_json":{"title":"DANOCOAT PUR 2C - Danosa Algeria","robots":{"index":"index","follow":"follow","max-snippet":"max-snippet:-1","max-image-preview":"max-image-preview:large","max-video-preview":"max-video-preview:-1"},"canonical":"https:\/\/www.danosa.com\/fr-dz\/produit\/danocoat-pur-2c\/","og_locale":"fr_FR","og_type":"article","og_title":"DANOCOAT PUR 2C - Danosa Algeria","og_description":"Polyur\u00e9thane aliphatique bicomposant \u00e0 base de solvant, r\u00e9sistant aux intemp\u00e9ries, au trafic pi\u00e9tonnier et v\u00e9hicules et aux rayons UV. Sp\u00e9cialement formul\u00e9 comme couche de finition pour les syst\u00e8mes DANOCOAT\u00ae et DANOPUR\u00ae.","og_url":"https:\/\/www.danosa.com\/fr-dz\/produit\/danocoat-pur-2c\/","og_site_name":"Danosa Algeria","article_modified_time":"2026-04-06T17:22:08+00:00","twitter_card":"summary_large_image","schema":{"@context":"https:\/\/schema.org","@graph":[{"@type":"WebSite","@id":"https:\/\/www.danosa.com\/fr-dz\/#website","url":"https:\/\/www.danosa.com\/fr-dz\/","name":"Danosa Algeria","description":"Danosa","potentialAction":[{"@type":"SearchAction","target":{"@type":"EntryPoint","urlTemplate":"https:\/\/www.danosa.com\/fr-dz\/?s={search_term_string}"},"query-input":"required name=search_term_string"}],"inLanguage":"fr-FR"},{"@type":"WebPage","@id":"https:\/\/www.danosa.com\/fr-dz\/produit\/danocoat-pur-2c\/#webpage","url":"https:\/\/www.danosa.com\/fr-dz\/produit\/danocoat-pur-2c\/","name":"DANOCOAT PUR 2C - Danosa Algeria","isPartOf":{"@id":"https:\/\/www.danosa.com\/fr-dz\/#website"},"datePublished":"2026-04-06T17:22:05+00:00","dateModified":"2026-04-06T17:22:08+00:00","breadcrumb":{"@id":"https:\/\/www.danosa.com\/fr-dz\/produit\/danocoat-pur-2c\/#breadcrumb"},"inLanguage":"fr-FR","potentialAction":[{"@type":"ReadAction","target":["https:\/\/www.danosa.com\/fr-dz\/produit\/danocoat-pur-2c\/"]}]},{"@type":"BreadcrumbList","@id":"https:\/\/www.danosa.com\/fr-dz\/produit\/danocoat-pur-2c\/#breadcrumb","itemListElement":[{"@type":"ListItem","position":1,"name":"Portada","item":"https:\/\/www.danosa.com\/fr-dz\/"},{"@type":"ListItem","position":2,"name":"DANOCOAT PUR 2C"}]}]}},"_links":{"self":[{"href":"https:\/\/www.danosa.com\/fr-dz\/wp-json\/wp\/v2\/product\/9198"}],"collection":[{"href":"https:\/\/www.danosa.com\/fr-dz\/wp-json\/wp\/v2\/product"}],"about":[{"href":"https:\/\/www.danosa.com\/fr-dz\/wp-json\/wp\/v2\/types\/product"}],"wp:attachment":[{"href":"https:\/\/www.danosa.com\/fr-dz\/wp-json\/wp\/v2\/media?parent=9198"}],"wp:term":[{"taxonomy":"family","embeddable":true,"href":"https:\/\/www.danosa.com\/fr-dz\/wp-json\/wp\/v2\/family?post=9198"},{"taxonomy":"product_notice","embeddable":true,"href":"https:\/\/www.danosa.com\/fr-dz\/wp-json\/wp\/v2\/product_notice?post=9198"},{"taxonomy":"product_icon","embeddable":true,"href":"https:\/\/www.danosa.com\/fr-dz\/wp-json\/wp\/v2\/product_icon?post=9198"},{"taxonomy":"product_application","embeddable":true,"href":"https:\/\/www.danosa.com\/fr-dz\/wp-json\/wp\/v2\/product_application?post=9198"},{"taxonomy":"product_standards_certification","embeddable":true,"href":"https:\/\/www.danosa.com\/fr-dz\/wp-json\/wp\/v2\/product_standards_certification?post=9198"},{"taxonomy":"product_benefits","embeddable":true,"href":"https:\/\/www.danosa.com\/fr-dz\/wp-json\/wp\/v2\/product_benefits?post=9198"},{"taxonomy":"product_support","embeddable":true,"href":"https:\/\/www.danosa.com\/fr-dz\/wp-json\/wp\/v2\/product_support?post=9198"},{"taxonomy":"product_substrate_preparation","embeddable":true,"href":"https:\/\/www.danosa.com\/fr-dz\/wp-json\/wp\/v2\/product_substrate_preparation?post=9198"},{"taxonomy":"product_important_indications","embeddable":true,"href":"https:\/\/www.danosa.com\/fr-dz\/wp-json\/wp\/v2\/product_important_indications?post=9198"},{"taxonomy":"product_conservation","embeddable":true,"href":"https:\/\/www.danosa.com\/fr-dz\/wp-json\/wp\/v2\/product_conservation?post=9198"},{"taxonomy":"product_warning","embeddable":true,"href":"https:\/\/www.danosa.com\/fr-dz\/wp-json\/wp\/v2\/product_warning?post=9198"},{"taxonomy":"product_safety_hygiene","embeddable":true,"href":"https:\/\/www.danosa.com\/fr-dz\/wp-json\/wp\/v2\/product_safety_hygiene?post=9198"},{"taxonomy":"system_certification","embeddable":true,"href":"https:\/\/www.danosa.com\/fr-dz\/wp-json\/wp\/v2\/system_certification?post=9198"},{"taxonomy":"product_maintenance","embeddable":true,"href":"https:\/\/www.danosa.com\/fr-dz\/wp-json\/wp\/v2\/product_maintenance?post=9198"},{"taxonomy":"product_safety_datasheet","embeddable":true,"href":"https:\/\/www.danosa.com\/fr-dz\/wp-json\/wp\/v2\/product_safety_datasheet?post=9198"},{"taxonomy":"filter_special_uses","embeddable":true,"href":"https:\/\/www.danosa.com\/fr-dz\/wp-json\/wp\/v2\/filter_special_uses?post=9198"}],"curies":[{"name":"wp","href":"https:\/\/api.w.org\/{rel}","templated":true}]}}