{"id":9251,"date":"2026-04-06T19:21:17","date_gmt":"2026-04-06T17:21:17","guid":{"rendered":"https:\/\/www.danosa.com\/fr-dz\/produit\/confordan-al\/"},"modified":"2026-04-06T19:21:17","modified_gmt":"2026-04-06T17:21:17","slug":"confordan-al","status":"publish","type":"product","link":"https:\/\/www.danosa.com\/fr-dz\/produit\/confordan-al\/","title":{"rendered":"CONFORDAN AL"},"content":{"rendered":"<p>Membrane flexible en poly\u00e9thyl\u00e8ne chimiquement r\u00e9ticul\u00e9 et surfac\u00e9e par un film de poly\u00e9thyl\u00e8ne aluminis\u00e9. Le CONFORDAN AL fonctionne comme isolation acoustique et comme protection contre l\u00b4humidit\u00e9 sous parquet flottant.<\/p>\n","protected":false},"excerpt":{"rendered":"<p>Isolation acoustique sous parquet flottant.<\/p>\n","protected":false},"featured_media":0,"parent":0,"menu_order":0,"template":"","meta":{"inline_featured_image":false,"site-sidebar-layout":"default","site-content-layout":"default","ast-main-header-display":"","ast-hfb-above-header-display":"","ast-hfb-below-header-display":"","ast-hfb-mobile-header-display":"","site-post-title":"","ast-breadcrumbs-content":"","ast-featured-img":"","footer-sml-layout":"","theme-transparent-header-meta":"","adv-header-id-meta":"","stick-header-meta":"","header-above-stick-meta":"","header-main-stick-meta":"","header-below-stick-meta":""},"family":[6720],"product_notice":[316818],"product_icon":[],"product_application":[248848,248877,249180],"product_standards_certification":[247828,247852],"product_benefits":[248194,248259,248263,248433,248466,248471,248514,248613],"product_support":[],"product_substrate_preparation":[],"product_important_indications":[247034,247104,247106,247206],"product_conservation":[247286,247299,247303,247317,247376,247405,247478,247480],"product_warning":[],"product_safety_hygiene":[],"system_certification":[],"product_maintenance":[],"product_safety_datasheet":[],"filter_special_uses":[],"acf":[],"yoast_head":"<!-- This site is optimized with the Yoast SEO plugin v18.1 - https:\/\/yoast.com\/wordpress\/plugins\/seo\/ -->\n<title>CONFORDAN AL - Danosa Algeria<\/title>\n<meta name=\"robots\" content=\"index, follow, max-snippet:-1, max-image-preview:large, max-video-preview:-1\" \/>\n<link rel=\"canonical\" href=\"https:\/\/www.danosa.com\/fr-dz\/produit\/confordan-al\/\" \/>\n<meta property=\"og:locale\" content=\"fr_FR\" \/>\n<meta property=\"og:type\" content=\"article\" \/>\n<meta property=\"og:title\" content=\"CONFORDAN AL - Danosa Algeria\" \/>\n<meta property=\"og:description\" content=\"Isolation acoustique sous parquet flottant.\" \/>\n<meta property=\"og:url\" content=\"https:\/\/www.danosa.com\/fr-dz\/produit\/confordan-al\/\" \/>\n<meta property=\"og:site_name\" content=\"Danosa Algeria\" \/>\n<meta name=\"twitter:card\" content=\"summary_large_image\" \/>\n<script type=\"application\/ld+json\" class=\"yoast-schema-graph\">{\"@context\":\"https:\/\/schema.org\",\"@graph\":[{\"@type\":\"WebSite\",\"@id\":\"https:\/\/www.danosa.com\/fr-dz\/#website\",\"url\":\"https:\/\/www.danosa.com\/fr-dz\/\",\"name\":\"Danosa Algeria\",\"description\":\"Danosa\",\"potentialAction\":[{\"@type\":\"SearchAction\",\"target\":{\"@type\":\"EntryPoint\",\"urlTemplate\":\"https:\/\/www.danosa.com\/fr-dz\/?s={search_term_string}\"},\"query-input\":\"required name=search_term_string\"}],\"inLanguage\":\"fr-FR\"},{\"@type\":\"WebPage\",\"@id\":\"https:\/\/www.danosa.com\/fr-dz\/produit\/confordan-al\/#webpage\",\"url\":\"https:\/\/www.danosa.com\/fr-dz\/produit\/confordan-al\/\",\"name\":\"CONFORDAN AL - Danosa Algeria\",\"isPartOf\":{\"@id\":\"https:\/\/www.danosa.com\/fr-dz\/#website\"},\"datePublished\":\"2026-04-06T17:21:17+00:00\",\"dateModified\":\"2026-04-06T17:21:17+00:00\",\"breadcrumb\":{\"@id\":\"https:\/\/www.danosa.com\/fr-dz\/produit\/confordan-al\/#breadcrumb\"},\"inLanguage\":\"fr-FR\",\"potentialAction\":[{\"@type\":\"ReadAction\",\"target\":[\"https:\/\/www.danosa.com\/fr-dz\/produit\/confordan-al\/\"]}]},{\"@type\":\"BreadcrumbList\",\"@id\":\"https:\/\/www.danosa.com\/fr-dz\/produit\/confordan-al\/#breadcrumb\",\"itemListElement\":[{\"@type\":\"ListItem\",\"position\":1,\"name\":\"Portada\",\"item\":\"https:\/\/www.danosa.com\/fr-dz\/\"},{\"@type\":\"ListItem\",\"position\":2,\"name\":\"CONFORDAN AL\"}]}]}<\/script>\n<!-- \/ Yoast SEO plugin. -->","yoast_head_json":{"title":"CONFORDAN AL - Danosa Algeria","robots":{"index":"index","follow":"follow","max-snippet":"max-snippet:-1","max-image-preview":"max-image-preview:large","max-video-preview":"max-video-preview:-1"},"canonical":"https:\/\/www.danosa.com\/fr-dz\/produit\/confordan-al\/","og_locale":"fr_FR","og_type":"article","og_title":"CONFORDAN AL - Danosa Algeria","og_description":"Isolation acoustique sous parquet flottant.","og_url":"https:\/\/www.danosa.com\/fr-dz\/produit\/confordan-al\/","og_site_name":"Danosa Algeria","twitter_card":"summary_large_image","schema":{"@context":"https:\/\/schema.org","@graph":[{"@type":"WebSite","@id":"https:\/\/www.danosa.com\/fr-dz\/#website","url":"https:\/\/www.danosa.com\/fr-dz\/","name":"Danosa Algeria","description":"Danosa","potentialAction":[{"@type":"SearchAction","target":{"@type":"EntryPoint","urlTemplate":"https:\/\/www.danosa.com\/fr-dz\/?s={search_term_string}"},"query-input":"required name=search_term_string"}],"inLanguage":"fr-FR"},{"@type":"WebPage","@id":"https:\/\/www.danosa.com\/fr-dz\/produit\/confordan-al\/#webpage","url":"https:\/\/www.danosa.com\/fr-dz\/produit\/confordan-al\/","name":"CONFORDAN AL - Danosa Algeria","isPartOf":{"@id":"https:\/\/www.danosa.com\/fr-dz\/#website"},"datePublished":"2026-04-06T17:21:17+00:00","dateModified":"2026-04-06T17:21:17+00:00","breadcrumb":{"@id":"https:\/\/www.danosa.com\/fr-dz\/produit\/confordan-al\/#breadcrumb"},"inLanguage":"fr-FR","potentialAction":[{"@type":"ReadAction","target":["https:\/\/www.danosa.com\/fr-dz\/produit\/confordan-al\/"]}]},{"@type":"BreadcrumbList","@id":"https:\/\/www.danosa.com\/fr-dz\/produit\/confordan-al\/#breadcrumb","itemListElement":[{"@type":"ListItem","position":1,"name":"Portada","item":"https:\/\/www.danosa.com\/fr-dz\/"},{"@type":"ListItem","position":2,"name":"CONFORDAN AL"}]}]}},"_links":{"self":[{"href":"https:\/\/www.danosa.com\/fr-dz\/wp-json\/wp\/v2\/product\/9251"}],"collection":[{"href":"https:\/\/www.danosa.com\/fr-dz\/wp-json\/wp\/v2\/product"}],"about":[{"href":"https:\/\/www.danosa.com\/fr-dz\/wp-json\/wp\/v2\/types\/product"}],"wp:attachment":[{"href":"https:\/\/www.danosa.com\/fr-dz\/wp-json\/wp\/v2\/media?parent=9251"}],"wp:term":[{"taxonomy":"family","embeddable":true,"href":"https:\/\/www.danosa.com\/fr-dz\/wp-json\/wp\/v2\/family?post=9251"},{"taxonomy":"product_notice","embeddable":true,"href":"https:\/\/www.danosa.com\/fr-dz\/wp-json\/wp\/v2\/product_notice?post=9251"},{"taxonomy":"product_icon","embeddable":true,"href":"https:\/\/www.danosa.com\/fr-dz\/wp-json\/wp\/v2\/product_icon?post=9251"},{"taxonomy":"product_application","embeddable":true,"href":"https:\/\/www.danosa.com\/fr-dz\/wp-json\/wp\/v2\/product_application?post=9251"},{"taxonomy":"product_standards_certification","embeddable":true,"href":"https:\/\/www.danosa.com\/fr-dz\/wp-json\/wp\/v2\/product_standards_certification?post=9251"},{"taxonomy":"product_benefits","embeddable":true,"href":"https:\/\/www.danosa.com\/fr-dz\/wp-json\/wp\/v2\/product_benefits?post=9251"},{"taxonomy":"product_support","embeddable":true,"href":"https:\/\/www.danosa.com\/fr-dz\/wp-json\/wp\/v2\/product_support?post=9251"},{"taxonomy":"product_substrate_preparation","embeddable":true,"href":"https:\/\/www.danosa.com\/fr-dz\/wp-json\/wp\/v2\/product_substrate_preparation?post=9251"},{"taxonomy":"product_important_indications","embeddable":true,"href":"https:\/\/www.danosa.com\/fr-dz\/wp-json\/wp\/v2\/product_important_indications?post=9251"},{"taxonomy":"product_conservation","embeddable":true,"href":"https:\/\/www.danosa.com\/fr-dz\/wp-json\/wp\/v2\/product_conservation?post=9251"},{"taxonomy":"product_warning","embeddable":true,"href":"https:\/\/www.danosa.com\/fr-dz\/wp-json\/wp\/v2\/product_warning?post=9251"},{"taxonomy":"product_safety_hygiene","embeddable":true,"href":"https:\/\/www.danosa.com\/fr-dz\/wp-json\/wp\/v2\/product_safety_hygiene?post=9251"},{"taxonomy":"system_certification","embeddable":true,"href":"https:\/\/www.danosa.com\/fr-dz\/wp-json\/wp\/v2\/system_certification?post=9251"},{"taxonomy":"product_maintenance","embeddable":true,"href":"https:\/\/www.danosa.com\/fr-dz\/wp-json\/wp\/v2\/product_maintenance?post=9251"},{"taxonomy":"product_safety_datasheet","embeddable":true,"href":"https:\/\/www.danosa.com\/fr-dz\/wp-json\/wp\/v2\/product_safety_datasheet?post=9251"},{"taxonomy":"filter_special_uses","embeddable":true,"href":"https:\/\/www.danosa.com\/fr-dz\/wp-json\/wp\/v2\/filter_special_uses?post=9251"}],"curies":[{"name":"wp","href":"https:\/\/api.w.org\/{rel}","templated":true}]}}