{"id":9373,"date":"2026-04-05T07:22:13","date_gmt":"2026-04-05T05:22:13","guid":{"rendered":"https:\/\/www.danosa.com\/fr-dz\/produit\/danopol-hs-1-2-cool-roofing\/"},"modified":"2026-04-05T07:22:15","modified_gmt":"2026-04-05T05:22:15","slug":"danopol-hs-1-2-cool-roofing","status":"publish","type":"product","link":"https:\/\/www.danosa.com\/fr-dz\/produit\/danopol-hs-1-2-cool-roofing\/","title":{"rendered":"DANOPOL HS 1.2 COOL ROOFING"},"content":{"rendered":"<p>DANOPOL HS 1.2 COOL ROOFING est une membrane synth\u00e9tique \u00e0 base de PVC plastifi\u00e9, fabriqu\u00e9e moyennant un proc\u00e9d\u00e9 de calandrage et renforc\u00e9e avec une armature en maille de fibre polyester. Cette membrane est r\u00e9sistante aux intemp\u00e9ries et aux rayons ultra-violets.<\/p>\n","protected":false},"excerpt":{"rendered":"<p>Membrane synth\u00e9tique \u00e0 base de PVC plastifi\u00e9.<\/p>\n","protected":false},"featured_media":0,"parent":0,"menu_order":0,"template":"","meta":{"inline_featured_image":false,"site-sidebar-layout":"default","site-content-layout":"default","ast-main-header-display":"","ast-hfb-above-header-display":"","ast-hfb-below-header-display":"","ast-hfb-mobile-header-display":"","site-post-title":"","ast-breadcrumbs-content":"","ast-featured-img":"","footer-sml-layout":"","theme-transparent-header-meta":"","adv-header-id-meta":"","stick-header-meta":"","header-above-stick-meta":"","header-main-stick-meta":"","header-below-stick-meta":""},"family":[6678],"product_notice":[316818],"product_icon":[],"product_application":[248949,248955,248959,248977],"product_standards_certification":[],"product_benefits":[248266,248338,248339,248422,248435,248449,248556,248619,248652,248654],"product_support":[249359,249380,249393,249413,249414,249415],"product_substrate_preparation":[],"product_important_indications":[247002,247003,247021,247029,247033,247053,247070,247073,247084,247147,247187,247188,247189],"product_conservation":[247314,247322,247350,247354,247399,247400,247419,247477,247478,247480],"product_warning":[],"product_safety_hygiene":[],"system_certification":[253621,6810,322312,6796,6804,32019,6813],"product_maintenance":[],"product_safety_datasheet":[2695],"filter_special_uses":[],"acf":[],"yoast_head":"<!-- This site is optimized with the Yoast SEO plugin v18.1 - https:\/\/yoast.com\/wordpress\/plugins\/seo\/ -->\n<title>DANOPOL HS 1.2 COOL ROOFING - Danosa Algeria<\/title>\n<meta name=\"robots\" content=\"index, follow, max-snippet:-1, max-image-preview:large, max-video-preview:-1\" \/>\n<link rel=\"canonical\" href=\"https:\/\/www.danosa.com\/fr-dz\/produit\/danopol-hs-1-2-cool-roofing\/\" \/>\n<meta property=\"og:locale\" content=\"fr_FR\" \/>\n<meta property=\"og:type\" content=\"article\" \/>\n<meta property=\"og:title\" content=\"DANOPOL HS 1.2 COOL ROOFING - Danosa Algeria\" \/>\n<meta property=\"og:description\" content=\"Membrane synth\u00e9tique \u00e0 base de PVC plastifi\u00e9.\" \/>\n<meta property=\"og:url\" content=\"https:\/\/www.danosa.com\/fr-dz\/produit\/danopol-hs-1-2-cool-roofing\/\" \/>\n<meta property=\"og:site_name\" content=\"Danosa Algeria\" \/>\n<meta property=\"article:modified_time\" content=\"2026-04-05T05:22:15+00:00\" \/>\n<meta name=\"twitter:card\" content=\"summary_large_image\" \/>\n<script type=\"application\/ld+json\" class=\"yoast-schema-graph\">{\"@context\":\"https:\/\/schema.org\",\"@graph\":[{\"@type\":\"WebSite\",\"@id\":\"https:\/\/www.danosa.com\/fr-dz\/#website\",\"url\":\"https:\/\/www.danosa.com\/fr-dz\/\",\"name\":\"Danosa Algeria\",\"description\":\"Danosa\",\"potentialAction\":[{\"@type\":\"SearchAction\",\"target\":{\"@type\":\"EntryPoint\",\"urlTemplate\":\"https:\/\/www.danosa.com\/fr-dz\/?s={search_term_string}\"},\"query-input\":\"required name=search_term_string\"}],\"inLanguage\":\"fr-FR\"},{\"@type\":\"WebPage\",\"@id\":\"https:\/\/www.danosa.com\/fr-dz\/produit\/danopol-hs-1-2-cool-roofing\/#webpage\",\"url\":\"https:\/\/www.danosa.com\/fr-dz\/produit\/danopol-hs-1-2-cool-roofing\/\",\"name\":\"DANOPOL HS 1.2 COOL ROOFING - Danosa Algeria\",\"isPartOf\":{\"@id\":\"https:\/\/www.danosa.com\/fr-dz\/#website\"},\"datePublished\":\"2026-04-05T05:22:13+00:00\",\"dateModified\":\"2026-04-05T05:22:15+00:00\",\"breadcrumb\":{\"@id\":\"https:\/\/www.danosa.com\/fr-dz\/produit\/danopol-hs-1-2-cool-roofing\/#breadcrumb\"},\"inLanguage\":\"fr-FR\",\"potentialAction\":[{\"@type\":\"ReadAction\",\"target\":[\"https:\/\/www.danosa.com\/fr-dz\/produit\/danopol-hs-1-2-cool-roofing\/\"]}]},{\"@type\":\"BreadcrumbList\",\"@id\":\"https:\/\/www.danosa.com\/fr-dz\/produit\/danopol-hs-1-2-cool-roofing\/#breadcrumb\",\"itemListElement\":[{\"@type\":\"ListItem\",\"position\":1,\"name\":\"Portada\",\"item\":\"https:\/\/www.danosa.com\/fr-dz\/\"},{\"@type\":\"ListItem\",\"position\":2,\"name\":\"DANOPOL HS 1.2 COOL ROOFING\"}]}]}<\/script>\n<!-- \/ Yoast SEO plugin. -->","yoast_head_json":{"title":"DANOPOL HS 1.2 COOL ROOFING - Danosa Algeria","robots":{"index":"index","follow":"follow","max-snippet":"max-snippet:-1","max-image-preview":"max-image-preview:large","max-video-preview":"max-video-preview:-1"},"canonical":"https:\/\/www.danosa.com\/fr-dz\/produit\/danopol-hs-1-2-cool-roofing\/","og_locale":"fr_FR","og_type":"article","og_title":"DANOPOL HS 1.2 COOL ROOFING - Danosa Algeria","og_description":"Membrane synth\u00e9tique \u00e0 base de PVC plastifi\u00e9.","og_url":"https:\/\/www.danosa.com\/fr-dz\/produit\/danopol-hs-1-2-cool-roofing\/","og_site_name":"Danosa Algeria","article_modified_time":"2026-04-05T05:22:15+00:00","twitter_card":"summary_large_image","schema":{"@context":"https:\/\/schema.org","@graph":[{"@type":"WebSite","@id":"https:\/\/www.danosa.com\/fr-dz\/#website","url":"https:\/\/www.danosa.com\/fr-dz\/","name":"Danosa Algeria","description":"Danosa","potentialAction":[{"@type":"SearchAction","target":{"@type":"EntryPoint","urlTemplate":"https:\/\/www.danosa.com\/fr-dz\/?s={search_term_string}"},"query-input":"required name=search_term_string"}],"inLanguage":"fr-FR"},{"@type":"WebPage","@id":"https:\/\/www.danosa.com\/fr-dz\/produit\/danopol-hs-1-2-cool-roofing\/#webpage","url":"https:\/\/www.danosa.com\/fr-dz\/produit\/danopol-hs-1-2-cool-roofing\/","name":"DANOPOL HS 1.2 COOL ROOFING - Danosa Algeria","isPartOf":{"@id":"https:\/\/www.danosa.com\/fr-dz\/#website"},"datePublished":"2026-04-05T05:22:13+00:00","dateModified":"2026-04-05T05:22:15+00:00","breadcrumb":{"@id":"https:\/\/www.danosa.com\/fr-dz\/produit\/danopol-hs-1-2-cool-roofing\/#breadcrumb"},"inLanguage":"fr-FR","potentialAction":[{"@type":"ReadAction","target":["https:\/\/www.danosa.com\/fr-dz\/produit\/danopol-hs-1-2-cool-roofing\/"]}]},{"@type":"BreadcrumbList","@id":"https:\/\/www.danosa.com\/fr-dz\/produit\/danopol-hs-1-2-cool-roofing\/#breadcrumb","itemListElement":[{"@type":"ListItem","position":1,"name":"Portada","item":"https:\/\/www.danosa.com\/fr-dz\/"},{"@type":"ListItem","position":2,"name":"DANOPOL HS 1.2 COOL ROOFING"}]}]}},"_links":{"self":[{"href":"https:\/\/www.danosa.com\/fr-dz\/wp-json\/wp\/v2\/product\/9373"}],"collection":[{"href":"https:\/\/www.danosa.com\/fr-dz\/wp-json\/wp\/v2\/product"}],"about":[{"href":"https:\/\/www.danosa.com\/fr-dz\/wp-json\/wp\/v2\/types\/product"}],"wp:attachment":[{"href":"https:\/\/www.danosa.com\/fr-dz\/wp-json\/wp\/v2\/media?parent=9373"}],"wp:term":[{"taxonomy":"family","embeddable":true,"href":"https:\/\/www.danosa.com\/fr-dz\/wp-json\/wp\/v2\/family?post=9373"},{"taxonomy":"product_notice","embeddable":true,"href":"https:\/\/www.danosa.com\/fr-dz\/wp-json\/wp\/v2\/product_notice?post=9373"},{"taxonomy":"product_icon","embeddable":true,"href":"https:\/\/www.danosa.com\/fr-dz\/wp-json\/wp\/v2\/product_icon?post=9373"},{"taxonomy":"product_application","embeddable":true,"href":"https:\/\/www.danosa.com\/fr-dz\/wp-json\/wp\/v2\/product_application?post=9373"},{"taxonomy":"product_standards_certification","embeddable":true,"href":"https:\/\/www.danosa.com\/fr-dz\/wp-json\/wp\/v2\/product_standards_certification?post=9373"},{"taxonomy":"product_benefits","embeddable":true,"href":"https:\/\/www.danosa.com\/fr-dz\/wp-json\/wp\/v2\/product_benefits?post=9373"},{"taxonomy":"product_support","embeddable":true,"href":"https:\/\/www.danosa.com\/fr-dz\/wp-json\/wp\/v2\/product_support?post=9373"},{"taxonomy":"product_substrate_preparation","embeddable":true,"href":"https:\/\/www.danosa.com\/fr-dz\/wp-json\/wp\/v2\/product_substrate_preparation?post=9373"},{"taxonomy":"product_important_indications","embeddable":true,"href":"https:\/\/www.danosa.com\/fr-dz\/wp-json\/wp\/v2\/product_important_indications?post=9373"},{"taxonomy":"product_conservation","embeddable":true,"href":"https:\/\/www.danosa.com\/fr-dz\/wp-json\/wp\/v2\/product_conservation?post=9373"},{"taxonomy":"product_warning","embeddable":true,"href":"https:\/\/www.danosa.com\/fr-dz\/wp-json\/wp\/v2\/product_warning?post=9373"},{"taxonomy":"product_safety_hygiene","embeddable":true,"href":"https:\/\/www.danosa.com\/fr-dz\/wp-json\/wp\/v2\/product_safety_hygiene?post=9373"},{"taxonomy":"system_certification","embeddable":true,"href":"https:\/\/www.danosa.com\/fr-dz\/wp-json\/wp\/v2\/system_certification?post=9373"},{"taxonomy":"product_maintenance","embeddable":true,"href":"https:\/\/www.danosa.com\/fr-dz\/wp-json\/wp\/v2\/product_maintenance?post=9373"},{"taxonomy":"product_safety_datasheet","embeddable":true,"href":"https:\/\/www.danosa.com\/fr-dz\/wp-json\/wp\/v2\/product_safety_datasheet?post=9373"},{"taxonomy":"filter_special_uses","embeddable":true,"href":"https:\/\/www.danosa.com\/fr-dz\/wp-json\/wp\/v2\/filter_special_uses?post=9373"}],"curies":[{"name":"wp","href":"https:\/\/api.w.org\/{rel}","templated":true}]}}