{"id":9427,"date":"2026-04-06T19:22:05","date_gmt":"2026-04-06T17:22:05","guid":{"rendered":"https:\/\/www.danosa.com\/fr-dz\/produit\/self-dan-al-pro\/"},"modified":"2026-04-06T19:22:07","modified_gmt":"2026-04-06T17:22:07","slug":"self-dan-al-pro","status":"publish","type":"product","link":"https:\/\/www.danosa.com\/fr-dz\/produit\/self-dan-al-pro\/","title":{"rendered":"SELF-DAN AL PRO"},"content":{"rendered":"<p>Innovante couche auto-adh\u00e9sive de contr\u00f4le de l&rsquo;air et de la vapeur renforc\u00e9e avec de l&rsquo;\u00e9lastom\u00e8re et du bitume (AVCL). Elle est \u00e9quip\u00e9e d&rsquo;un rev\u00eatement en feuille d&rsquo;aluminium pour garantir l&rsquo;imperm\u00e9abilit\u00e9 \u00e0 la vapeur. Contrairement \u00e0 d&rsquo;autres couches de contr\u00f4le de l&rsquo;air et de la vapeur, elle est plus fine et plus l\u00e9g\u00e8re. Lorsqu&rsquo;elle est utilis\u00e9e dans un syst\u00e8me enti\u00e8rement coll\u00e9, un appr\u00eat pourrait \u00eatre n\u00e9cessaire. De plus, ce produit offre des avantages tels qu&rsquo;une installation plus propre, plus s\u00fbre et plus rapide par rapport aux membranes traditionnelles appliqu\u00e9es au chalumeau. Il peut \u00eatre appliqu\u00e9 directement sur des plateformes m\u00e9talliques.<\/p>\n","protected":false},"excerpt":{"rendered":"<p>Feuille autoadh\u00e9sive de contr\u00f4le de l&rsquo;air et de la vapeur (AVCL)<\/p>\n","protected":false},"featured_media":0,"parent":0,"menu_order":0,"template":"","meta":{"inline_featured_image":false,"site-sidebar-layout":"default","site-content-layout":"default","ast-main-header-display":"","ast-hfb-above-header-display":"","ast-hfb-below-header-display":"","ast-hfb-mobile-header-display":"","site-post-title":"","ast-breadcrumbs-content":"","ast-featured-img":"","footer-sml-layout":"","theme-transparent-header-meta":"","adv-header-id-meta":"","stick-header-meta":"","header-above-stick-meta":"","header-main-stick-meta":"","header-below-stick-meta":""},"family":[6672,6676],"product_notice":[316818],"product_icon":[],"product_application":[248851,248853],"product_standards_certification":[247790,247794],"product_benefits":[248202,248350,248376,248418,248556,248676],"product_support":[249359,249414,249437],"product_substrate_preparation":[],"product_important_indications":[247040,247041,247045,247056,247070,247080,247150,247191,247194,247198,247220,247275],"product_conservation":[247309,247314,247320,247322,247334,247347,247350,247399,247406,247410,247411,247477,247478,247480],"product_warning":[],"product_safety_hygiene":[],"system_certification":[],"product_maintenance":[101048],"product_safety_datasheet":[2693],"filter_special_uses":[7010,227195],"acf":[],"yoast_head":"<!-- This site is optimized with the Yoast SEO plugin v18.1 - https:\/\/yoast.com\/wordpress\/plugins\/seo\/ -->\n<title>SELF-DAN AL PRO - Danosa Algeria<\/title>\n<meta name=\"robots\" content=\"index, follow, max-snippet:-1, max-image-preview:large, max-video-preview:-1\" \/>\n<link rel=\"canonical\" href=\"https:\/\/www.danosa.com\/fr-dz\/produit\/self-dan-al-pro\/\" \/>\n<meta property=\"og:locale\" content=\"fr_FR\" \/>\n<meta property=\"og:type\" content=\"article\" \/>\n<meta property=\"og:title\" content=\"SELF-DAN AL PRO - Danosa Algeria\" \/>\n<meta property=\"og:description\" content=\"Feuille autoadh\u00e9sive de contr\u00f4le de l&#039;air et de la vapeur (AVCL)\" \/>\n<meta property=\"og:url\" content=\"https:\/\/www.danosa.com\/fr-dz\/produit\/self-dan-al-pro\/\" \/>\n<meta property=\"og:site_name\" content=\"Danosa Algeria\" \/>\n<meta property=\"article:modified_time\" content=\"2026-04-06T17:22:07+00:00\" \/>\n<meta name=\"twitter:card\" content=\"summary_large_image\" \/>\n<meta name=\"twitter:label1\" content=\"Dur\u00e9e de lecture estim\u00e9e\" \/>\n\t<meta name=\"twitter:data1\" content=\"1 minute\" \/>\n<script type=\"application\/ld+json\" class=\"yoast-schema-graph\">{\"@context\":\"https:\/\/schema.org\",\"@graph\":[{\"@type\":\"WebSite\",\"@id\":\"https:\/\/www.danosa.com\/fr-dz\/#website\",\"url\":\"https:\/\/www.danosa.com\/fr-dz\/\",\"name\":\"Danosa Algeria\",\"description\":\"Danosa\",\"potentialAction\":[{\"@type\":\"SearchAction\",\"target\":{\"@type\":\"EntryPoint\",\"urlTemplate\":\"https:\/\/www.danosa.com\/fr-dz\/?s={search_term_string}\"},\"query-input\":\"required name=search_term_string\"}],\"inLanguage\":\"fr-FR\"},{\"@type\":\"WebPage\",\"@id\":\"https:\/\/www.danosa.com\/fr-dz\/produit\/self-dan-al-pro\/#webpage\",\"url\":\"https:\/\/www.danosa.com\/fr-dz\/produit\/self-dan-al-pro\/\",\"name\":\"SELF-DAN AL PRO - Danosa Algeria\",\"isPartOf\":{\"@id\":\"https:\/\/www.danosa.com\/fr-dz\/#website\"},\"datePublished\":\"2026-04-06T17:22:05+00:00\",\"dateModified\":\"2026-04-06T17:22:07+00:00\",\"breadcrumb\":{\"@id\":\"https:\/\/www.danosa.com\/fr-dz\/produit\/self-dan-al-pro\/#breadcrumb\"},\"inLanguage\":\"fr-FR\",\"potentialAction\":[{\"@type\":\"ReadAction\",\"target\":[\"https:\/\/www.danosa.com\/fr-dz\/produit\/self-dan-al-pro\/\"]}]},{\"@type\":\"BreadcrumbList\",\"@id\":\"https:\/\/www.danosa.com\/fr-dz\/produit\/self-dan-al-pro\/#breadcrumb\",\"itemListElement\":[{\"@type\":\"ListItem\",\"position\":1,\"name\":\"Portada\",\"item\":\"https:\/\/www.danosa.com\/fr-dz\/\"},{\"@type\":\"ListItem\",\"position\":2,\"name\":\"SELF-DAN AL PRO\"}]}]}<\/script>\n<!-- \/ Yoast SEO plugin. -->","yoast_head_json":{"title":"SELF-DAN AL PRO - Danosa Algeria","robots":{"index":"index","follow":"follow","max-snippet":"max-snippet:-1","max-image-preview":"max-image-preview:large","max-video-preview":"max-video-preview:-1"},"canonical":"https:\/\/www.danosa.com\/fr-dz\/produit\/self-dan-al-pro\/","og_locale":"fr_FR","og_type":"article","og_title":"SELF-DAN AL PRO - Danosa Algeria","og_description":"Feuille autoadh\u00e9sive de contr\u00f4le de l'air et de la vapeur (AVCL)","og_url":"https:\/\/www.danosa.com\/fr-dz\/produit\/self-dan-al-pro\/","og_site_name":"Danosa Algeria","article_modified_time":"2026-04-06T17:22:07+00:00","twitter_card":"summary_large_image","twitter_misc":{"Dur\u00e9e de lecture estim\u00e9e":"1 minute"},"schema":{"@context":"https:\/\/schema.org","@graph":[{"@type":"WebSite","@id":"https:\/\/www.danosa.com\/fr-dz\/#website","url":"https:\/\/www.danosa.com\/fr-dz\/","name":"Danosa Algeria","description":"Danosa","potentialAction":[{"@type":"SearchAction","target":{"@type":"EntryPoint","urlTemplate":"https:\/\/www.danosa.com\/fr-dz\/?s={search_term_string}"},"query-input":"required name=search_term_string"}],"inLanguage":"fr-FR"},{"@type":"WebPage","@id":"https:\/\/www.danosa.com\/fr-dz\/produit\/self-dan-al-pro\/#webpage","url":"https:\/\/www.danosa.com\/fr-dz\/produit\/self-dan-al-pro\/","name":"SELF-DAN AL PRO - Danosa Algeria","isPartOf":{"@id":"https:\/\/www.danosa.com\/fr-dz\/#website"},"datePublished":"2026-04-06T17:22:05+00:00","dateModified":"2026-04-06T17:22:07+00:00","breadcrumb":{"@id":"https:\/\/www.danosa.com\/fr-dz\/produit\/self-dan-al-pro\/#breadcrumb"},"inLanguage":"fr-FR","potentialAction":[{"@type":"ReadAction","target":["https:\/\/www.danosa.com\/fr-dz\/produit\/self-dan-al-pro\/"]}]},{"@type":"BreadcrumbList","@id":"https:\/\/www.danosa.com\/fr-dz\/produit\/self-dan-al-pro\/#breadcrumb","itemListElement":[{"@type":"ListItem","position":1,"name":"Portada","item":"https:\/\/www.danosa.com\/fr-dz\/"},{"@type":"ListItem","position":2,"name":"SELF-DAN AL PRO"}]}]}},"_links":{"self":[{"href":"https:\/\/www.danosa.com\/fr-dz\/wp-json\/wp\/v2\/product\/9427"}],"collection":[{"href":"https:\/\/www.danosa.com\/fr-dz\/wp-json\/wp\/v2\/product"}],"about":[{"href":"https:\/\/www.danosa.com\/fr-dz\/wp-json\/wp\/v2\/types\/product"}],"wp:attachment":[{"href":"https:\/\/www.danosa.com\/fr-dz\/wp-json\/wp\/v2\/media?parent=9427"}],"wp:term":[{"taxonomy":"family","embeddable":true,"href":"https:\/\/www.danosa.com\/fr-dz\/wp-json\/wp\/v2\/family?post=9427"},{"taxonomy":"product_notice","embeddable":true,"href":"https:\/\/www.danosa.com\/fr-dz\/wp-json\/wp\/v2\/product_notice?post=9427"},{"taxonomy":"product_icon","embeddable":true,"href":"https:\/\/www.danosa.com\/fr-dz\/wp-json\/wp\/v2\/product_icon?post=9427"},{"taxonomy":"product_application","embeddable":true,"href":"https:\/\/www.danosa.com\/fr-dz\/wp-json\/wp\/v2\/product_application?post=9427"},{"taxonomy":"product_standards_certification","embeddable":true,"href":"https:\/\/www.danosa.com\/fr-dz\/wp-json\/wp\/v2\/product_standards_certification?post=9427"},{"taxonomy":"product_benefits","embeddable":true,"href":"https:\/\/www.danosa.com\/fr-dz\/wp-json\/wp\/v2\/product_benefits?post=9427"},{"taxonomy":"product_support","embeddable":true,"href":"https:\/\/www.danosa.com\/fr-dz\/wp-json\/wp\/v2\/product_support?post=9427"},{"taxonomy":"product_substrate_preparation","embeddable":true,"href":"https:\/\/www.danosa.com\/fr-dz\/wp-json\/wp\/v2\/product_substrate_preparation?post=9427"},{"taxonomy":"product_important_indications","embeddable":true,"href":"https:\/\/www.danosa.com\/fr-dz\/wp-json\/wp\/v2\/product_important_indications?post=9427"},{"taxonomy":"product_conservation","embeddable":true,"href":"https:\/\/www.danosa.com\/fr-dz\/wp-json\/wp\/v2\/product_conservation?post=9427"},{"taxonomy":"product_warning","embeddable":true,"href":"https:\/\/www.danosa.com\/fr-dz\/wp-json\/wp\/v2\/product_warning?post=9427"},{"taxonomy":"product_safety_hygiene","embeddable":true,"href":"https:\/\/www.danosa.com\/fr-dz\/wp-json\/wp\/v2\/product_safety_hygiene?post=9427"},{"taxonomy":"system_certification","embeddable":true,"href":"https:\/\/www.danosa.com\/fr-dz\/wp-json\/wp\/v2\/system_certification?post=9427"},{"taxonomy":"product_maintenance","embeddable":true,"href":"https:\/\/www.danosa.com\/fr-dz\/wp-json\/wp\/v2\/product_maintenance?post=9427"},{"taxonomy":"product_safety_datasheet","embeddable":true,"href":"https:\/\/www.danosa.com\/fr-dz\/wp-json\/wp\/v2\/product_safety_datasheet?post=9427"},{"taxonomy":"filter_special_uses","embeddable":true,"href":"https:\/\/www.danosa.com\/fr-dz\/wp-json\/wp\/v2\/filter_special_uses?post=9427"}],"curies":[{"name":"wp","href":"https:\/\/api.w.org\/{rel}","templated":true}]}}