{"id":1535,"date":"2021-07-14T09:09:19","date_gmt":"2021-07-14T07:09:19","guid":{"rendered":"https:\/\/www.danosa.com\/fr-fr\/?page_id=1535"},"modified":"2025-02-06T13:14:01","modified_gmt":"2025-02-06T12:14:01","slug":"adresses","status":"publish","type":"page","link":"https:\/\/www.danosa.com\/fr-fr\/contact\/adresses\/","title":{"rendered":"Adresses"},"content":{"rendered":"\n<div class=\"wp-block-cover alignfull page-header\" id=\"jobs-header\"><span aria-hidden=\"true\" class=\"wp-block-cover__gradient-background has-background-dim\"><\/span><img loading=\"lazy\" width=\"1920\" height=\"404\" class=\"wp-block-cover__image-background wp-image-6970\" alt=\"\" src=\"https:\/\/www.danosa.com\/fr-fr\/wp-content\/uploads\/sites\/4\/2021\/09\/Danosa-contacto-1.jpg\" data-object-fit=\"cover\" srcset=\"https:\/\/www.danosa.com\/fr-fr\/wp-content\/uploads\/sites\/4\/2021\/09\/Danosa-contacto-1.jpg 1920w, https:\/\/www.danosa.com\/fr-fr\/wp-content\/uploads\/sites\/4\/2021\/09\/Danosa-contacto-1-300x63.jpg 300w, https:\/\/www.danosa.com\/fr-fr\/wp-content\/uploads\/sites\/4\/2021\/09\/Danosa-contacto-1-1024x215.jpg 1024w, https:\/\/www.danosa.com\/fr-fr\/wp-content\/uploads\/sites\/4\/2021\/09\/Danosa-contacto-1-768x162.jpg 768w, https:\/\/www.danosa.com\/fr-fr\/wp-content\/uploads\/sites\/4\/2021\/09\/Danosa-contacto-1-1536x323.jpg 1536w\" sizes=\"(max-width: 1920px) 100vw, 1920px\" \/><div class=\"wp-block-cover__inner-container\">\n<h1 class=\"has-white-color has-text-color\">Adresses&nbsp;<\/h1>\n\n\n\n<p class=\"has-white-color has-text-color\"><\/p>\n<\/div><\/div>\n\n\n<div class=\"menu-contact-container\"><ul id=\"menu-contact\" class=\"menu contact-menu\"><li id=\"menu-item-1534\" class=\"menu-item menu-item-type-post_type menu-item-object-page menu-item-1534\"><a href=\"https:\/\/www.danosa.com\/fr-fr\/contact\/\" class=\"menu-link\">Formulaire de contact<\/a><\/li>\n<li id=\"menu-item-1539\" class=\"menu-item menu-item-type-post_type menu-item-object-page menu-item-1539\"><a href=\"https:\/\/www.danosa.com\/fr-fr\/contact\/adresses\/\" class=\"menu-link\">Adresses<\/a><\/li>\n<li id=\"menu-item-1540\" class=\"menu-item menu-item-type-post_type menu-item-object-page menu-item-1540\"><a href=\"https:\/\/www.danosa.com\/fr-fr\/contact\/reseau-commercial\/\" class=\"menu-link\">R\u00e9seau commercial &#8211; DANOSA FRANCE S.A.<\/a><\/li>\n<\/ul><\/div>\n\n\n\n<div class=\"wp-container-2 wp-block-group alignfull has-ast-global-color-6-background-color has-background\"><div class=\"wp-block-group__inner-container\">\n<div class=\"wp-container-1 wp-block-group\"><div class=\"wp-block-group__inner-container\">\n<h2>D\u00e9p\u00f4ts<\/h2>\n<\/div><\/div>\n\n\n\n<div class=\"wp-block-columns delegaciones-cols\">\n<div class=\"wp-block-column\"><div id=\"delegation-block_afc6ad5f182299a2794fc51c488d6c8f\" class=\"delegation fade-top\">\r\n\r\n\t\t<div>\r\n\t        <h4 class=\"delegation-city\">DANOSA FRANCE S.A<\/h4>\r\n\t        <span class=\"delegation-address\">12, avenue Arago 91420 MORANGIS<\/span>\r\n\r\n\t        \t        <span class=\"delegation-phone\">Tel: <span>+33 (0) 178 854 737<\/span><\/span>\r\n\t    \t\t        \t        <span class=\"delegation-fax\">Fax: <span>+33 (0) 141 941 899<\/span><\/span>\r\n\t    \t\r\n\t        \t        <span class=\"delegation-email\">Email: <a href=\"mailto:France@danosa.com adv@danosa.com\">France@danosa.com adv@danosa.com<\/a><\/span>\r\n\t        \t    <\/div>\r\n\r\n\r\n        \t\t<div class=\"wp-block-button\"><a href=\"https:\/\/www.google.com\/maps\/search\/?api=1&#038;query=Danosa 12, avenue Arago 91420 MORANGIS\" target=\"_blank\" class=\"wp-block-button__map\">Localiser sur la carte<\/a><\/div>\r\n        \r\n\r\n<\/div><\/div>\n\n\n\n<div class=\"wp-block-column\"><div id=\"delegation-block_d9663c591ebd13372204db6db86f822f\" class=\"delegation fade-top\">\r\n\r\n\t\t<div>\r\n\t        <h4 class=\"delegation-city\">MARSEILLE<\/h4>\r\n\t        <span class=\"delegation-address\">151 Avenue Ibrahim Ali, 13015 Marseille<\/span>\r\n\r\n\t        \t        <span class=\"delegation-phone\">Tel: <span>04.91.30.00.41  &#8211;  04.91.30.00.41<\/span><\/span>\r\n\t    \t\t        \r\n\t        \t        <span class=\"delegation-email\">Email: <a href=\"mailto:France@danosa.com\">France@danosa.com<\/a><\/span>\r\n\t        \t    <\/div>\r\n\r\n\r\n        \t\t<div class=\"wp-block-button\"><a href=\"https:\/\/www.google.com\/maps\/search\/?api=1&#038;query=Danosa 151 Avenue Ibrahim Ali, 13015 Marseille\" target=\"_blank\" class=\"wp-block-button__map\">Localiser sur la carte<\/a><\/div>\r\n        \r\n\r\n<\/div><\/div>\n\n\n\n<div class=\"wp-block-column\"><div id=\"delegation-block_f91e3be9d25c5705b1694b460edce4c4\" class=\"delegation fade-top\">\r\n\r\n\t\t<div>\r\n\t        <h4 class=\"delegation-city\">TEPM<\/h4>\r\n\t        <span class=\"delegation-address\">49 Boulevard de l\u2019Europe, Zone des Estroublans, 13127 Vitrolles <\/span>\r\n\r\n\t        \t        <span class=\"delegation-phone\">Tel: <span>+33 (0) 178 854 737<\/span><\/span>\r\n\t    \t\t        \t        <span class=\"delegation-fax\">Fax: <span>+33 (0) 141 941 899<\/span><\/span>\r\n\t    \t\r\n\t        \t        <span class=\"delegation-email\">Email: <a href=\"mailto:France@danosa.com\">France@danosa.com<\/a><\/span>\r\n\t        \t    <\/div>\r\n\r\n\r\n        \t\t<div class=\"wp-block-button\"><a href=\"https:\/\/www.google.com\/maps\/search\/?api=1&#038;query=Danosa 49 Boulevard de l\u2019Europe, Zone des Estroublans, 13127 Vitrolles \" target=\"_blank\" class=\"wp-block-button__map\">Localiser sur la carte<\/a><\/div>\r\n        \r\n\r\n<\/div><\/div>\n\n\n\n<div class=\"wp-block-column\"><div id=\"delegation-block_fdfcea4d2ec9a6af14fa102efdf12a48\" class=\"delegation fade-top\">\r\n\r\n\t\t<div>\r\n\t        <h4 class=\"delegation-city\">BORDEAUX<\/h4>\r\n\t        <span class=\"delegation-address\">9 Rue Gustave Eiffel 33290 Blanquefort<\/span>\r\n\r\n\t        \t        <span class=\"delegation-phone\">Tel: <span>+33 (0) 556 050 054<\/span><\/span>\r\n\t    \t\t        \r\n\t        \t        <span class=\"delegation-email\">Email: <a href=\"mailto:France@danosa.com adv@danosa.com\">France@danosa.com adv@danosa.com<\/a><\/span>\r\n\t        \t    <\/div>\r\n\r\n\r\n        \t\t<div class=\"wp-block-button\"><a href=\"https:\/\/www.google.com\/maps\/search\/?api=1&#038;query=Danosa 9 Rue Gustave Eiffel 33290 Blanquefort\" target=\"_blank\" class=\"wp-block-button__map\">Localiser sur la carte<\/a><\/div>\r\n        \r\n\r\n<\/div><\/div>\n<\/div>\n<\/div><\/div>\n\n\n\n<h2 class=\"delegaciones-title\">Si\u00e8ge social<\/h2>\n\n\n\n<div class=\"wp-container-3 wp-block-group\"><div class=\"wp-block-group__inner-container\">\n<div class=\"wp-block-columns delegaciones-cols\">\n<div class=\"wp-block-column\"><div id=\"delegation-block_afc6ad5f182299a2794fc51c488d6c8f\" class=\"delegation fade-top\">\r\n\r\n\t\t<div>\r\n\t        <h4 class=\"delegation-city\">DANOSA FRANCE S.A<\/h4>\r\n\t        <span class=\"delegation-address\">12, avenue Arago 91420 MORANGIS<\/span>\r\n\r\n\t        \t        <span class=\"delegation-phone\">Tel: <span>+33 (0) 178 854 737<\/span><\/span>\r\n\t    \t\t        \t        <span class=\"delegation-fax\">Fax: <span>+33 (0) 141 941 899<\/span><\/span>\r\n\t    \t\r\n\t        \t        <span class=\"delegation-email\">Email: <a href=\"mailto:France@danosa.com adv@danosa.com\">France@danosa.com adv@danosa.com<\/a><\/span>\r\n\t        \t    <\/div>\r\n\r\n\r\n        \t\t<div class=\"wp-block-button\"><a href=\"https:\/\/www.google.com\/maps\/search\/?api=1&#038;query=Danosa 12, avenue Arago 91420 MORANGIS\" target=\"_blank\" class=\"wp-block-button__map\">Localiser sur la carte<\/a><\/div>\r\n        \r\n\r\n<\/div><\/div>\n\n\n\n<div class=\"wp-block-column\"><div id=\"delegation-block_0ddddae206254113b43ccaf63fcd0f00\" class=\"delegation fade-top\">\r\n\r\n\t\t<div>\r\n\t        <h4 class=\"delegation-city\">Danosa Espagne<\/h4>\r\n\t        <span class=\"delegation-address\">Poligono Industrial Sector 9 19290 FONTANAR (Guadalajara) ESPA\u00d1A<\/span>\r\n\r\n\t        \t        <span class=\"delegation-phone\">Tel: <span> +34 949 88 82 10<\/span><\/span>\r\n\t    \t\t        \t        <span class=\"delegation-fax\">Fax: <span>+34 949 888 223<\/span><\/span>\r\n\t    \t\r\n\t        \t        <span class=\"delegation-email\">Email: <a href=\"mailto:info@danosa.com\">info@danosa.com<\/a><\/span>\r\n\t        \t    <\/div>\r\n\r\n\r\n        \t\t<div class=\"wp-block-button\"><a href=\"https:\/\/www.google.com\/maps\/search\/?api=1&#038;query=Danosa Poligono Industrial Sector 9 19290 FONTANAR (Guadalajara) ESPA\u00d1A\" target=\"_blank\" class=\"wp-block-button__map\">Localiser sur la carte<\/a><\/div>\r\n        \r\n\r\n<\/div><\/div>\n\n\n\n<div class=\"wp-block-column\"><div id=\"delegation-block_72916c34fd12423961edc01ab957742f\" class=\"delegation fade-top\">\r\n\r\n\t\t<div>\r\n\t        <h4 class=\"delegation-city\">Danosa Maroc<\/h4>\r\n\t        <span class=\"delegation-address\">14, Bd de Paris, Premier \u00e9tage, bureau num\u00e9ro 9 &#8211; Casablanca<\/span>\r\n\r\n\t        \t        <span class=\"delegation-phone\">Tel: <span>+212522482057<\/span><\/span>\r\n\t    \t\t        \r\n\t        \t        <span class=\"delegation-email\">Email: <a href=\"mailto:maroc@danosa.com\">maroc@danosa.com<\/a><\/span>\r\n\t        \t    <\/div>\r\n\r\n\r\n        \t\t<div class=\"wp-block-button\"><a href=\"https:\/\/www.google.com\/maps\/search\/?api=1&#038;query=Danosa 14, Bd de Paris, Premier \u00e9tage, bureau num\u00e9ro 9 - Casablanca\" target=\"_blank\" class=\"wp-block-button__map\">Localiser sur la carte<\/a><\/div>\r\n        \r\n\r\n<\/div><\/div>\n\n\n\n<div class=\"wp-block-column\"><div id=\"delegation-block_7b68437d4edef7c8e6bb19dacd1db224\" class=\"delegation fade-top\">\r\n\r\n\t\t<div>\r\n\t        <h4 class=\"delegation-city\">Danosa Colombie<\/h4>\r\n\t        <span class=\"delegation-address\"><\/span>\r\n\r\n\t        \t        <span class=\"delegation-phone\">Tel: <span>+57 317 372 9559<\/span><\/span>\r\n\t    \t\t        \r\n\t        \t        <span class=\"delegation-email\">Email: <a href=\"mailto:andina@danosa.com\">andina@danosa.com<\/a><\/span>\r\n\t        \t    <\/div>\r\n\r\n\r\n        \r\n\r\n<\/div><\/div>\n<\/div>\n<\/div><\/div>\n\n\n\n<div class=\"wp-container-4 wp-block-group alignfull\"><div class=\"wp-block-group__inner-container\">\n<div class=\"wp-block-columns alignwide delegaciones-cols\">\n<div class=\"wp-block-column\"><div id=\"delegation-block_7f85512e7cd80011eed3aacebcf1aed2\" class=\"delegation fade-top\">\r\n\r\n\t\t<div>\r\n\t        <h4 class=\"delegation-city\">Danosa Royaume-Uni<\/h4>\r\n\t        <span class=\"delegation-address\">Independence Unit 3, Stanbridge Road Havant, Hampshire, PO9 2NS<\/span>\r\n\r\n\t        \t        <span class=\"delegation-phone\">Tel: <span>+448 450 740 553 <\/span><\/span>\r\n\t    \t\t        \t        <span class=\"delegation-fax\">Fax: <span>+448 450 740 554<\/span><\/span>\r\n\t    \t\r\n\t        \t        <span class=\"delegation-email\">Email: <a href=\"mailto:uksales@danosa.com\">uksales@danosa.com<\/a><\/span>\r\n\t        \t    <\/div>\r\n\r\n\r\n        \t\t<div class=\"wp-block-button\"><a href=\"https:\/\/www.google.com\/maps\/search\/?api=1&#038;query=Danosa Independence Unit 3, Stanbridge Road Havant, Hampshire, PO9 2NS\" target=\"_blank\" class=\"wp-block-button__map\">Localiser sur la carte<\/a><\/div>\r\n        \r\n\r\n<\/div><\/div>\n\n\n\n<div class=\"wp-block-column\"><div id=\"delegation-block_3df20a7ae32d11547316a10bbd7886ab\" class=\"delegation fade-top\">\r\n\r\n\t\t<div>\r\n\t        <h4 class=\"delegation-city\">Danosa Portugal<\/h4>\r\n\t        <span class=\"delegation-address\">Rua do Norte, Lugar da Quinta do Aduguete. 3100-342 Pombal, Portugal<\/span>\r\n\r\n\t        \t        <span class=\"delegation-phone\">Tel: <span>+351 236 029 465<\/span><\/span>\r\n\t    \t\t        \r\n\t        \t        <span class=\"delegation-email\">Email: <a href=\"mailto:portugal@danosa.com\">portugal@danosa.com<\/a><\/span>\r\n\t        \t    <\/div>\r\n\r\n\r\n        \t\t<div class=\"wp-block-button\"><a href=\"https:\/\/www.google.com\/maps\/search\/?api=1&#038;query=Danosa Rua do Norte, Lugar da Quinta do Aduguete. 3100-342 Pombal, Portugal\" target=\"_blank\" class=\"wp-block-button__map\">Localiser sur la carte<\/a><\/div>\r\n        \r\n\r\n<\/div><\/div>\n\n\n\n<div class=\"wp-block-column\"><\/div>\n\n\n\n<div class=\"wp-block-column\"><\/div>\n<\/div>\n<\/div><\/div>\n","protected":false},"excerpt":{"rendered":"<p>D\u00e9p\u00f4ts Si\u00e8ge social<\/p>\n","protected":false},"author":1,"featured_media":0,"parent":90,"menu_order":0,"comment_status":"closed","ping_status":"closed","template":"","meta":{"inline_featured_image":false,"site-sidebar-layout":"default","site-content-layout":"default","ast-main-header-display":"","ast-hfb-above-header-display":"","ast-hfb-below-header-display":"","ast-hfb-mobile-header-display":"","site-post-title":"disabled","ast-breadcrumbs-content":"","ast-featured-img":"","footer-sml-layout":"","theme-transparent-header-meta":"default","adv-header-id-meta":"","stick-header-meta":"default","header-above-stick-meta":"","header-main-stick-meta":"","header-below-stick-meta":""},"acf":[],"yoast_head":"<!-- This site is optimized with the Yoast SEO plugin v18.1 - https:\/\/yoast.com\/wordpress\/plugins\/seo\/ -->\n<title>Bureaux et d\u00e9p\u00f4ts de Danosa en France | Adresses et coordonn\u00e9es<\/title>\n<meta name=\"description\" content=\"Coordonn\u00e9es (adresse, e-mail, t\u00e9l\u00e9phone) de tous les bureaux et d\u00e9p\u00f4ts de Danosa dans les diff\u00e9rentes r\u00e9gions de France. Contactez-nous.\" \/>\n<meta name=\"robots\" content=\"index, follow, max-snippet:-1, max-image-preview:large, max-video-preview:-1\" \/>\n<link rel=\"canonical\" href=\"https:\/\/www.danosa.com\/fr-fr\/contact\/adresses\/\" \/>\n<meta property=\"og:locale\" content=\"fr_FR\" \/>\n<meta property=\"og:type\" content=\"article\" \/>\n<meta property=\"og:title\" content=\"Bureaux et d\u00e9p\u00f4ts de Danosa en France | Adresses et coordonn\u00e9es\" \/>\n<meta property=\"og:description\" content=\"Coordonn\u00e9es (adresse, e-mail, t\u00e9l\u00e9phone) de tous les bureaux et d\u00e9p\u00f4ts de Danosa dans les diff\u00e9rentes r\u00e9gions de France. Contactez-nous.\" \/>\n<meta property=\"og:url\" content=\"https:\/\/www.danosa.com\/fr-fr\/contact\/adresses\/\" \/>\n<meta property=\"og:site_name\" content=\"Produits pour la construction | Danosa France\" \/>\n<meta property=\"article:modified_time\" content=\"2025-02-06T12:14:01+00:00\" \/>\n<meta property=\"og:image\" content=\"https:\/\/www.danosa.com\/fr-fr\/wp-content\/uploads\/sites\/4\/2021\/09\/Danosa-contacto-1.jpg\" \/>\n<meta name=\"twitter:card\" content=\"summary_large_image\" \/>\n<meta name=\"twitter:label1\" content=\"Dur\u00e9e de lecture estim\u00e9e\" \/>\n\t<meta name=\"twitter:data1\" content=\"1 minute\" \/>\n<script type=\"application\/ld+json\" class=\"yoast-schema-graph\">{\"@context\":\"https:\/\/schema.org\",\"@graph\":[{\"@type\":\"WebSite\",\"@id\":\"https:\/\/www.danosa.com\/fr-fr\/#website\",\"url\":\"https:\/\/www.danosa.com\/fr-fr\/\",\"name\":\"Produits pour la construction | Danosa France\",\"description\":\"Fabricant de produits, syst\u00e8mes et solutions pour la construction\",\"potentialAction\":[{\"@type\":\"SearchAction\",\"target\":{\"@type\":\"EntryPoint\",\"urlTemplate\":\"https:\/\/www.danosa.com\/fr-fr\/?s={search_term_string}\"},\"query-input\":\"required name=search_term_string\"}],\"inLanguage\":\"fr-FR\"},{\"@type\":\"ImageObject\",\"@id\":\"https:\/\/www.danosa.com\/fr-fr\/contact\/adresses\/#primaryimage\",\"inLanguage\":\"fr-FR\",\"url\":\"https:\/\/www.danosa.com\/fr-fr\/wp-content\/uploads\/sites\/4\/2021\/09\/Danosa-contacto-1.jpg\",\"contentUrl\":\"https:\/\/www.danosa.com\/fr-fr\/wp-content\/uploads\/sites\/4\/2021\/09\/Danosa-contacto-1.jpg\",\"width\":1920,\"height\":404},{\"@type\":\"WebPage\",\"@id\":\"https:\/\/www.danosa.com\/fr-fr\/contact\/adresses\/#webpage\",\"url\":\"https:\/\/www.danosa.com\/fr-fr\/contact\/adresses\/\",\"name\":\"Bureaux et d\u00e9p\u00f4ts de Danosa en France | Adresses et coordonn\u00e9es\",\"isPartOf\":{\"@id\":\"https:\/\/www.danosa.com\/fr-fr\/#website\"},\"primaryImageOfPage\":{\"@id\":\"https:\/\/www.danosa.com\/fr-fr\/contact\/adresses\/#primaryimage\"},\"datePublished\":\"2021-07-14T07:09:19+00:00\",\"dateModified\":\"2025-02-06T12:14:01+00:00\",\"description\":\"Coordonn\u00e9es (adresse, e-mail, t\u00e9l\u00e9phone) de tous les bureaux et d\u00e9p\u00f4ts de Danosa dans les diff\u00e9rentes r\u00e9gions de France. Contactez-nous.\",\"breadcrumb\":{\"@id\":\"https:\/\/www.danosa.com\/fr-fr\/contact\/adresses\/#breadcrumb\"},\"inLanguage\":\"fr-FR\",\"potentialAction\":[{\"@type\":\"ReadAction\",\"target\":[\"https:\/\/www.danosa.com\/fr-fr\/contact\/adresses\/\"]}]},{\"@type\":\"BreadcrumbList\",\"@id\":\"https:\/\/www.danosa.com\/fr-fr\/contact\/adresses\/#breadcrumb\",\"itemListElement\":[{\"@type\":\"ListItem\",\"position\":1,\"name\":\"Portada\",\"item\":\"https:\/\/www.danosa.com\/fr-fr\/\"},{\"@type\":\"ListItem\",\"position\":2,\"name\":\"Contact\",\"item\":\"https:\/\/www.danosa.com\/fr-fr\/contact\/\"},{\"@type\":\"ListItem\",\"position\":3,\"name\":\"Adresses\"}]}]}<\/script>\n<!-- \/ Yoast SEO plugin. -->","yoast_head_json":{"title":"Bureaux et d\u00e9p\u00f4ts de Danosa en France | Adresses et coordonn\u00e9es","description":"Coordonn\u00e9es (adresse, e-mail, t\u00e9l\u00e9phone) de tous les bureaux et d\u00e9p\u00f4ts de Danosa dans les diff\u00e9rentes r\u00e9gions de France. Contactez-nous.","robots":{"index":"index","follow":"follow","max-snippet":"max-snippet:-1","max-image-preview":"max-image-preview:large","max-video-preview":"max-video-preview:-1"},"canonical":"https:\/\/www.danosa.com\/fr-fr\/contact\/adresses\/","og_locale":"fr_FR","og_type":"article","og_title":"Bureaux et d\u00e9p\u00f4ts de Danosa en France | Adresses et coordonn\u00e9es","og_description":"Coordonn\u00e9es (adresse, e-mail, t\u00e9l\u00e9phone) de tous les bureaux et d\u00e9p\u00f4ts de Danosa dans les diff\u00e9rentes r\u00e9gions de France. Contactez-nous.","og_url":"https:\/\/www.danosa.com\/fr-fr\/contact\/adresses\/","og_site_name":"Produits pour la construction | Danosa France","article_modified_time":"2025-02-06T12:14:01+00:00","og_image":[{"url":"https:\/\/www.danosa.com\/fr-fr\/wp-content\/uploads\/sites\/4\/2021\/09\/Danosa-contacto-1.jpg"}],"twitter_card":"summary_large_image","twitter_misc":{"Dur\u00e9e de lecture estim\u00e9e":"1 minute"},"schema":{"@context":"https:\/\/schema.org","@graph":[{"@type":"WebSite","@id":"https:\/\/www.danosa.com\/fr-fr\/#website","url":"https:\/\/www.danosa.com\/fr-fr\/","name":"Produits pour la construction | Danosa France","description":"Fabricant de produits, syst\u00e8mes et solutions pour la construction","potentialAction":[{"@type":"SearchAction","target":{"@type":"EntryPoint","urlTemplate":"https:\/\/www.danosa.com\/fr-fr\/?s={search_term_string}"},"query-input":"required name=search_term_string"}],"inLanguage":"fr-FR"},{"@type":"ImageObject","@id":"https:\/\/www.danosa.com\/fr-fr\/contact\/adresses\/#primaryimage","inLanguage":"fr-FR","url":"https:\/\/www.danosa.com\/fr-fr\/wp-content\/uploads\/sites\/4\/2021\/09\/Danosa-contacto-1.jpg","contentUrl":"https:\/\/www.danosa.com\/fr-fr\/wp-content\/uploads\/sites\/4\/2021\/09\/Danosa-contacto-1.jpg","width":1920,"height":404},{"@type":"WebPage","@id":"https:\/\/www.danosa.com\/fr-fr\/contact\/adresses\/#webpage","url":"https:\/\/www.danosa.com\/fr-fr\/contact\/adresses\/","name":"Bureaux et d\u00e9p\u00f4ts de Danosa en France | Adresses et coordonn\u00e9es","isPartOf":{"@id":"https:\/\/www.danosa.com\/fr-fr\/#website"},"primaryImageOfPage":{"@id":"https:\/\/www.danosa.com\/fr-fr\/contact\/adresses\/#primaryimage"},"datePublished":"2021-07-14T07:09:19+00:00","dateModified":"2025-02-06T12:14:01+00:00","description":"Coordonn\u00e9es (adresse, e-mail, t\u00e9l\u00e9phone) de tous les bureaux et d\u00e9p\u00f4ts de Danosa dans les diff\u00e9rentes r\u00e9gions de France. Contactez-nous.","breadcrumb":{"@id":"https:\/\/www.danosa.com\/fr-fr\/contact\/adresses\/#breadcrumb"},"inLanguage":"fr-FR","potentialAction":[{"@type":"ReadAction","target":["https:\/\/www.danosa.com\/fr-fr\/contact\/adresses\/"]}]},{"@type":"BreadcrumbList","@id":"https:\/\/www.danosa.com\/fr-fr\/contact\/adresses\/#breadcrumb","itemListElement":[{"@type":"ListItem","position":1,"name":"Portada","item":"https:\/\/www.danosa.com\/fr-fr\/"},{"@type":"ListItem","position":2,"name":"Contact","item":"https:\/\/www.danosa.com\/fr-fr\/contact\/"},{"@type":"ListItem","position":3,"name":"Adresses"}]}]}},"_links":{"self":[{"href":"https:\/\/www.danosa.com\/fr-fr\/wp-json\/wp\/v2\/pages\/1535"}],"collection":[{"href":"https:\/\/www.danosa.com\/fr-fr\/wp-json\/wp\/v2\/pages"}],"about":[{"href":"https:\/\/www.danosa.com\/fr-fr\/wp-json\/wp\/v2\/types\/page"}],"author":[{"embeddable":true,"href":"https:\/\/www.danosa.com\/fr-fr\/wp-json\/wp\/v2\/users\/1"}],"replies":[{"embeddable":true,"href":"https:\/\/www.danosa.com\/fr-fr\/wp-json\/wp\/v2\/comments?post=1535"}],"version-history":[{"count":52,"href":"https:\/\/www.danosa.com\/fr-fr\/wp-json\/wp\/v2\/pages\/1535\/revisions"}],"predecessor-version":[{"id":9379,"href":"https:\/\/www.danosa.com\/fr-fr\/wp-json\/wp\/v2\/pages\/1535\/revisions\/9379"}],"up":[{"embeddable":true,"href":"https:\/\/www.danosa.com\/fr-fr\/wp-json\/wp\/v2\/pages\/90"}],"wp:attachment":[{"href":"https:\/\/www.danosa.com\/fr-fr\/wp-json\/wp\/v2\/media?parent=1535"}],"curies":[{"name":"wp","href":"https:\/\/api.w.org\/{rel}","templated":true}]}}